{"id":10536,"date":"2025-09-29T15:00:17","date_gmt":"2025-09-29T15:00:17","guid":{"rendered":"https:\/\/dersuessestopp.com\/?post_type=product&#038;p=10536"},"modified":"2025-10-08T20:32:03","modified_gmt":"2025-10-08T20:32:03","slug":"cw-355-g3tb","status":"publish","type":"product","link":"https:\/\/dersuessestopp.com\/hu\/product\/cw-355-g3tb\/","title":{"rendered":"CW 355 G3TB"},"content":{"rendered":"<p data-start=\"229\" data-end=\"615\"><img fetchpriority=\"high\" decoding=\"async\" class=\"alignnone wp-image-11668 size-full\" src=\"https:\/\/dersuessestopp.com\/wp-content\/uploads\/2025\/09\/CW355-G2TB_CW-355-G3TB_CW-355-G4TB-Dettagli.jpg\" alt=\"\" width=\"2000\" height=\"600\" srcset=\"https:\/\/dersuessestopp.com\/wp-content\/uploads\/2025\/09\/CW355-G2TB_CW-355-G3TB_CW-355-G4TB-Dettagli.jpg 2000w, https:\/\/dersuessestopp.com\/wp-content\/uploads\/2025\/09\/CW355-G2TB_CW-355-G3TB_CW-355-G4TB-Dettagli-300x90.jpg 300w, https:\/\/dersuessestopp.com\/wp-content\/uploads\/2025\/09\/CW355-G2TB_CW-355-G3TB_CW-355-G4TB-Dettagli-1024x307.jpg 1024w, https:\/\/dersuessestopp.com\/wp-content\/uploads\/2025\/09\/CW355-G2TB_CW-355-G3TB_CW-355-G4TB-Dettagli-768x230.jpg 768w, https:\/\/dersuessestopp.com\/wp-content\/uploads\/2025\/09\/CW355-G2TB_CW-355-G3TB_CW-355-G4TB-Dettagli-1536x461.jpg 1536w, https:\/\/dersuessestopp.com\/wp-content\/uploads\/2025\/09\/CW355-G2TB_CW-355-G3TB_CW-355-G4TB-Dettagli-250x75.jpg 250w, https:\/\/dersuessestopp.com\/wp-content\/uploads\/2025\/09\/CW355-G2TB_CW-355-G3TB_CW-355-G4TB-Dettagli-600x180.jpg 600w\" sizes=\"(max-width: 2000px) 100vw, 2000px\" \/><\/p>\n<p data-start=\"229\" data-end=\"615\">A <strong data-start=\"233\" data-end=\"248\">CW 355 G3TB<\/strong> egy professzion\u00e1lis min\u0151s\u00e9g\u0171, k\u00e9tajt\u00f3s borh\u0171t\u0151, amely egyes\u00edti a <strong data-start=\"312\" data-end=\"330\">nagy kapacit\u00e1s<\/strong>, <strong data-start=\"332\" data-end=\"349\">modern design<\/strong>, \u00e9s <strong data-start=\"355\" data-end=\"386\">pontos h\u0151m\u00e9rs\u00e9klet-szab\u00e1lyoz\u00e1s<\/strong> a  oldalon kereszt\u00fcl <strong data-start=\"394\" data-end=\"421\">h\u00e1rom f\u00fcggetlen z\u00f3na<\/strong>. Egy <strong data-start=\"430\" data-end=\"467\">keret n\u00e9lk\u00fcli teljes fekete \u00fcveg kivitelben<\/strong>, <strong data-start=\"469\" data-end=\"502\">Z alak\u00fa cs\u00fasz\u00f3 f\u00e9m polcok<\/strong>, \u00e9s <strong data-start=\"508\" data-end=\"532\">eleg\u00e1ns LED vil\u00e1g\u00edt\u00e1s<\/strong>, egyszerre ny\u00fajt st\u00edlust \u00e9s kiv\u00e1l\u00f3 teljes\u00edtm\u00e9nyt az ig\u00e9nyes borrajong\u00f3k sz\u00e1m\u00e1ra.<\/p>\n<p data-start=\"617\" data-end=\"981\">Az optim\u00e1lis meg\u0151rz\u00e9sre tervezett <strong data-start=\"656\" data-end=\"732\">h\u00e1rom h\u0151m\u00e9rs\u00e9kleti z\u00f3na (+2\u00b0C-t\u00f3l +12\u00b0C-ig \/ +12\u00b0C-t\u00f3l +20\u00b0C-ig \/ +2\u00b0C-t\u00f3l +20\u00b0C-ig)<\/strong> lehet\u0151v\u00e9 teszik a k\u00fcl\u00f6nb\u00f6z\u0151 bort\u00edpusok - a ropog\u00f3s feh\u00e9rekt\u0151l a gazdag v\u00f6r\u00f6sborokig - ide\u00e1lis k\u00f6r\u00fclm\u00e9nyek k\u00f6z\u00f6tt t\u00f6rt\u00e9n\u0151 t\u00e1rol\u00e1s\u00e1t. A <strong data-start=\"839\" data-end=\"866\">\u00e9rint\u0151k\u00e9perny\u0151s termoszt\u00e1t<\/strong>, <strong data-start=\"868\" data-end=\"889\">axi\u00e1lis ventil\u00e1toros h\u0171t\u00e9s<\/strong>, \u00e9s <strong data-start=\"895\" data-end=\"923\">automatikus leolvaszt\u00f3 rendszer<\/strong> egyenletes h\u0151m\u00e9rs\u00e9kletet \u00e9s f\u00e1rads\u00e1gmentes m\u0171k\u00f6d\u00e9st biztos\u00edt.<\/p>\n<p data-start=\"983\" data-end=\"1002\"><strong data-start=\"983\" data-end=\"1000\">Kulcsfontoss\u00e1g\u00fa jellemz\u0151k:<\/strong><\/p>\n<ul data-start=\"1003\" data-end=\"1434\">\n<li data-start=\"1003\" data-end=\"1087\">\n<p data-start=\"1005\" data-end=\"1087\">H\u00e1romz\u00f3n\u00e1s h\u0151m\u00e9rs\u00e9klet-szab\u00e1lyoz\u00e1s (+2\u00b0C-t\u00f3l +12\u00b0C-ig \/ +12\u00b0C-t\u00f3l +20\u00b0C-ig \/ +2\u00b0C-t\u00f3l +20\u00b0C-ig)<\/p>\n<\/li>\n<li data-start=\"1088\" data-end=\"1148\">\n<p data-start=\"1090\" data-end=\"1148\">K\u00e9tajt\u00f3s kialak\u00edt\u00e1s elektronikus \u00e9rint\u0151k\u00e9perny\u0151s termoszt\u00e1ttal<\/p>\n<\/li>\n<li data-start=\"1149\" data-end=\"1205\">\n<p data-start=\"1151\" data-end=\"1205\">Z alak\u00fa cs\u00fasz\u00f3 f\u00e9m polcok fi\u00f3kos kih\u00faz\u00e1ssal<\/p>\n<\/li>\n<li data-start=\"1206\" data-end=\"1249\">\n<p data-start=\"1208\" data-end=\"1249\">Egyenletes leveg\u0151eloszt\u00e1s axi\u00e1lis ventil\u00e1torok seg\u00edts\u00e9g\u00e9vel<\/p>\n<\/li>\n<li data-start=\"1250\" data-end=\"1278\">\n<p data-start=\"1252\" data-end=\"1278\">Automatikus leolvaszt\u00f3 rendszer<\/p>\n<\/li>\n<li data-start=\"1279\" data-end=\"1323\">\n<p data-start=\"1281\" data-end=\"1323\">LED vil\u00e1g\u00edt\u00e1s (4 f\u00fcgg\u0151leges + 3 v\u00edzszintes)<\/p>\n<\/li>\n<li data-start=\"1324\" data-end=\"1378\">\n<p data-start=\"1326\" data-end=\"1378\">Megford\u00edthat\u00f3 keret n\u00e9lk\u00fcli \u00fcvegajt\u00f3k z\u00e1rral \u00e9s kulccsal<\/p>\n<\/li>\n<li data-start=\"1379\" data-end=\"1434\">\n<p data-start=\"1381\" data-end=\"1434\">El\u0151re festett korr\u00f3zi\u00f3\u00e1ll\u00f3 test ABS bels\u0151 b\u00e9l\u00e9ssel<\/p>\n<\/li>\n<\/ul>\n<p data-start=\"1436\" data-end=\"1618\">Kifinomult, sokoldal\u00fa \u00e9s er\u0151teljes - a <strong data-start=\"1475\" data-end=\"1490\">CW 355 G3TB<\/strong> ide\u00e1lis professzion\u00e1lis bort\u00e1rol\u00f3k, \u00e9ttermek vagy szenved\u00e9lyes gy\u0171jt\u0151k sz\u00e1m\u00e1ra, akik minden r\u00e9szlet\u00e9ben precizit\u00e1st \u00e9s eleganci\u00e1t keresnek.<\/p>\n<table cellspacing=\"0\">\n<tbody>\n<tr>\n<td bgcolor=\"#FFFFFF\">\n<p class=\"s7\"><span dir=\"auto\">M\u00e9retek mm<\/span><\/p>\n<\/td>\n<td bgcolor=\"#FFFFFF\">\n<p class=\"s7\"><span dir=\"auto\">CW 355 G2TB<\/span><\/p>\n<\/td>\n<td bgcolor=\"#FFFFFF\">\n<p class=\"s7\"><span dir=\"auto\">CW 355 G3TB<\/span><\/p>\n<\/td>\n<td bgcolor=\"#FFFFFF\">\n<p class=\"s7\"><span dir=\"auto\">CW 355 G4TB<\/span><\/p>\n<\/td>\n<\/tr>\n<tr>\n<td>\n<p class=\"s8\"><span dir=\"auto\">K\u00fcls\u0151 m\u00e9retek (\u00a0<\/span><span dir=\"auto\">WxDxH)<\/span><\/p>\n<\/td>\n<td>\n<p class=\"s8\"><span dir=\"auto\">1210 x 700 x 1804<\/span><\/p>\n<\/td>\n<td>\n<p class=\"s8\"><span dir=\"auto\">1210 x 700 x 1804<\/span><\/p>\n<\/td>\n<td>\n<p class=\"s8\"><span dir=\"auto\">1210 x 700 x 1804<\/span><\/p>\n<\/td>\n<\/tr>\n<tr>\n<td>\n<p class=\"s8\"><span dir=\"auto\">Csomagol\u00e1s<\/span><span dir=\"auto\">\u00a0M\u00e9retek (WxDxH) Szerel\u0151k\u00e9szlet (WxDxH)\u00a0<\/span><span dir=\"auto\">)<\/span><\/p>\n<\/td>\n<td>\n<p class=\"s8\"><span dir=\"auto\">(2x) 645 x 770 x 1996<\/span><\/p>\n<p class=\"s8\"><span dir=\"auto\">1200 x 300 x 300<\/span><\/p>\n<\/td>\n<td>\n<p class=\"s8\"><span dir=\"auto\">(2x) 645 x 770 x 1996<\/span><\/p>\n<p class=\"s8\"><span dir=\"auto\">1200 x 300 x 300<\/span><\/p>\n<\/td>\n<td>\n<p class=\"s8\"><span dir=\"auto\">(2x) 645 x 770 x 1996<\/span><\/p>\n<p class=\"s8\"><span dir=\"auto\">1200 x 300 x 300<\/span><\/p>\n<\/td>\n<\/tr>\n<tr>\n<td>\n<p class=\"s8\"><span dir=\"auto\">Sz\u00e9less\u00e9g<\/span><\/p>\n<\/td>\n<td>\n<p class=\"s8\"><span dir=\"auto\">500 + 500<\/span><\/p>\n<\/td>\n<td>\n<p class=\"s8\"><span dir=\"auto\">500 + 500<\/span><\/p>\n<\/td>\n<td>\n<p class=\"s8\"><span dir=\"auto\">500 + 500<\/span><\/p>\n<\/td>\n<\/tr>\n<tr>\n<td>\n<p class=\"s8\"><span dir=\"auto\">M\u00e9lys\u00e9g<\/span><\/p>\n<\/td>\n<td>\n<p class=\"s8\"><span dir=\"auto\">540<\/span><\/p>\n<\/td>\n<td>\n<p class=\"s8\"><span dir=\"auto\">540<\/span><\/p>\n<\/td>\n<td>\n<p class=\"s8\"><span dir=\"auto\">540<\/span><\/p>\n<\/td>\n<\/tr>\n<tr>\n<td>\n<p class=\"s8\"><span dir=\"auto\">\u00a0<\/span><span dir=\"auto\">Magass\u00e1g<\/span><\/p>\n<\/td>\n<td>\n<p class=\"s8\"><span dir=\"auto\">1630<\/span><\/p>\n<\/td>\n<td>\n<p class=\"s8\"><span dir=\"auto\">1630<\/span><\/p>\n<\/td>\n<td>\n<p class=\"s8\"><span dir=\"auto\">1630<\/span><\/p>\n<\/td>\n<\/tr>\n<tr>\n<td>\n<p class=\"s8\"><span dir=\"auto\">\u00a0<\/span><span dir=\"auto\">Min. M\u00e9lys\u00e9g<\/span><\/p>\n<\/td>\n<td>\n<p class=\"s8\"><span dir=\"auto\">380<\/span><\/p>\n<\/td>\n<td>\n<p class=\"s8\"><span dir=\"auto\">380<\/span><\/p>\n<\/td>\n<td>\n<p class=\"s8\"><span dir=\"auto\">380<\/span><\/p>\n<\/td>\n<\/tr>\n<tr>\n<td>\n<p class=\"s8\"><span dir=\"auto\">\u00a0<\/span><span dir=\"auto\">Min. Magass\u00e1g<\/span><\/p>\n<\/td>\n<td>\n<p class=\"s8\"><span dir=\"auto\">1420<\/span><\/p>\n<\/td>\n<td>\n<p class=\"s8\"><span dir=\"auto\">1420<\/span><\/p>\n<\/td>\n<td>\n<p class=\"s8\"><span dir=\"auto\">1420<\/span><\/p>\n<\/td>\n<\/tr>\n<tr>\n<td>\n<p class=\"s8\"><span dir=\"auto\">Oldal\u00a0<\/span><span dir=\"auto\">Matrica<\/span><\/p>\n<\/td>\n<td>\n<p class=\"s8\"><span dir=\"auto\">648 x 1785<\/span><\/p>\n<\/td>\n<td>\n<p class=\"s8\"><span dir=\"auto\">648 x 1785<\/span><\/p>\n<\/td>\n<td>\n<p class=\"s8\"><span dir=\"auto\">648 x 1785<\/span><\/p>\n<\/td>\n<\/tr>\n<tr>\n<td>\n<p class=\"s8\"><span dir=\"auto\">\u00dcveg matrica<\/span><\/p>\n<\/td>\n<td>\n<p class=\"s8\"><span dir=\"auto\">(2x) 462 x 1540<\/span><\/p>\n<\/td>\n<td>\n<p class=\"s8\"><span dir=\"auto\">(2x) 462 x 1540<\/span><\/p>\n<\/td>\n<td>\n<p class=\"s8\"><span dir=\"auto\">(2x) 462 x 1540<\/span><\/p>\n<\/td>\n<\/tr>\n<\/tbody>\n<\/table>\n<p>&nbsp;<\/p>\n<table style=\"height: 1406px;\" width=\"1348\" cellspacing=\"0\">\n<tbody>\n<tr>\n<td bgcolor=\"#FFFFFF\">\n<p class=\"s7\"><span dir=\"auto\">M\u0171szaki jellemz\u0151k<\/span><\/p>\n<\/td>\n<td bgcolor=\"#FFFFFF\">\n<p class=\"s7\"><span dir=\"auto\">CW 355 G2TB<\/span><\/p>\n<\/td>\n<td bgcolor=\"#FFFFFF\">\n<p class=\"s7\"><span dir=\"auto\">CW 355 G3TB<\/span><\/p>\n<\/td>\n<td bgcolor=\"#FFFFFF\">\n<p class=\"s7\"><span dir=\"auto\">CW 355 G4TB<\/span><\/p>\n<\/td>\n<\/tr>\n<tr>\n<td>\n<p class=\"s8\"><span dir=\"auto\">\u00a0<\/span><span dir=\"auto\">H\u0151m\u00e9rs\u00e9klet tartom\u00e1ny<\/span><\/p>\n<\/td>\n<td>\n<p class=\"s8\"><span dir=\"auto\">+2 \u00b0C \/ +20 \u00b0C<\/span><\/p>\n<p class=\"s8\"><span dir=\"auto\">+2 \u00b0C \/ +20 \u00b0C<\/span><\/p>\n<\/td>\n<td>\n<p class=\"s8\"><span dir=\"auto\">+2 \u00b0C \/ +20 \u00b0C<\/span><\/p>\n<p class=\"s8\"><span dir=\"auto\">+2\u00b0C \/+12\u00b0C - +12\u00b0C\/+20\u00b0C<\/span><\/p>\n<\/td>\n<td>\n<p class=\"s8\"><span dir=\"auto\">+2\u00b0C \/+12\u00b0C - +12\u00b0C\/+20\u00b0C<\/span><\/p>\n<p class=\"s8\"><span dir=\"auto\">+2\u00b0C \/+12\u00b0C - +12\u00b0C\/+20\u00b0C<\/span><\/p>\n<\/td>\n<\/tr>\n<tr>\n<td>\n<p class=\"s8\"><span dir=\"auto\">\u00c9ghajlat\u00a0<\/span><span dir=\"auto\">Oszt\u00e1ly<\/span><\/p>\n<\/td>\n<td>\n<p class=\"s8\"><span dir=\"auto\">N-ST<\/span><\/p>\n<\/td>\n<td>\n<p class=\"s8\"><span dir=\"auto\">N-ST<\/span><\/p>\n<\/td>\n<td>\n<p class=\"s8\"><span dir=\"auto\">N-ST<\/span><\/p>\n<\/td>\n<\/tr>\n<tr>\n<td>\n<p class=\"s8\"><span dir=\"auto\">\u00a0<\/span><span dir=\"auto\">Nett\u00f3-brutt\u00f3 volumen<\/span><\/p>\n<\/td>\n<td>\n<p class=\"s8\"><span dir=\"auto\">818 \/ 850 hadnagy<\/span><\/p>\n<\/td>\n<td>\n<p class=\"s8\"><span dir=\"auto\">809 \/ 848 hadnagy<\/span><\/p>\n<\/td>\n<td>\n<p class=\"s8\"><span dir=\"auto\">800 \/ 846-os hadnagy<\/span><\/p>\n<\/td>\n<\/tr>\n<tr>\n<td>\n<p class=\"s8\"><span dir=\"auto\">K\u00fcls\u0151 fel\u00fclet \/\u00a0<\/span><span dir=\"auto\">Test<\/span><\/p>\n<\/td>\n<td>\n<p class=\"s8\"><span dir=\"auto\">El\u0151re festett lemez korr\u00f3zi\u00f3g\u00e1tl\u00f3 kezel\u00e9ssel<\/span><\/p>\n<\/td>\n<td>\n<p class=\"s8\"><span dir=\"auto\">El\u0151re festett lemez korr\u00f3zi\u00f3g\u00e1tl\u00f3 kezel\u00e9ssel<\/span><\/p>\n<\/td>\n<td>\n<p class=\"s8\"><span dir=\"auto\">El\u0151re festett lemez korr\u00f3zi\u00f3g\u00e1tl\u00f3 kezel\u00e9ssel<\/span><\/p>\n<\/td>\n<\/tr>\n<tr>\n<td>\n<p class=\"s8\"><span dir=\"auto\">Ajt\u00f3<\/span><span dir=\"auto\">\u200b<\/span><\/p>\n<\/td>\n<td colspan=\"2\">\n<p class=\"s8\"><span dir=\"auto\">Fekete \u00fcveg keret n\u00e9lk\u00fcl \/\u00a0<\/span><span dir=\"auto\">Fekete teljes \u00fcveg<\/span><\/p>\n<\/td>\n<td><\/td>\n<\/tr>\n<tr>\n<td>\n<p class=\"s8\"><span dir=\"auto\">Bels\u0151 fel\u00fclet\u00a0<\/span><\/p>\n<\/td>\n<td>\n<p class=\"s8\"><span dir=\"auto\">ABS<\/span><\/p>\n<\/td>\n<td>\n<p class=\"s8\"><span dir=\"auto\">ABS<\/span><\/p>\n<\/td>\n<td>\n<p class=\"s8\"><span dir=\"auto\">ABS<\/span><\/p>\n<\/td>\n<\/tr>\n<tr>\n<td>\n<p class=\"s8\"><span dir=\"auto\">Termoszt\u00e1t<\/span><span dir=\"auto\">\u200b<\/span><\/p>\n<\/td>\n<td>\n<p class=\"s8\"><span dir=\"auto\"> Elektronikus \/<\/span><span dir=\"auto\">Elektronikus<\/span><span dir=\"auto\">\u00a0\u00c9rint\u0151k\u00e9perny\u0151<\/span><\/p>\n<\/td>\n<td>\n<p class=\"s8\"><span dir=\"auto\">Elektronikus \/\u00a0<\/span><span dir=\"auto\">Elektronikus<\/span><span dir=\"auto\">\u00a0\u00c9rint\u0151k\u00e9perny\u0151<\/span><\/p>\n<\/td>\n<td>\n<p class=\"s8\"><span dir=\"auto\">Elektronikus \/\u00a0<\/span><span dir=\"auto\">Elektronikus<\/span><span dir=\"auto\">\u00a0\u00c9rint\u0151k\u00e9perny\u0151<\/span><\/p>\n<\/td>\n<\/tr>\n<tr>\n<td>\n<p class=\"s8\"><span dir=\"auto\">Zaj\u00a0<\/span><span dir=\"auto\">szint<\/span><\/p>\n<\/td>\n<td>\n<p class=\"s8\"><span dir=\"auto\">dB 38 + dB 38<\/span><\/p>\n<p class=\"s8\"><span dir=\"auto\">Az egyes h\u0171t\u0151egys\u00e9gekre vonatkoz\u00f3an\u00a0<\/span><span dir=\"auto\">Minden egyes h\u0171t\u0151egys\u00e9ghez<\/span><\/p>\n<\/td>\n<td>\n<p class=\"s8\"><span dir=\"auto\">dB 44 + dB 38<\/span><\/p>\n<p class=\"s8\"><span dir=\"auto\">Az egyes h\u0171t\u0151egys\u00e9gekre vonatkoz\u00f3an\u00a0<\/span><span dir=\"auto\">Minden egyes h\u0171t\u0151egys\u00e9ghez<\/span><\/p>\n<\/td>\n<td>\n<p class=\"s8\"><span dir=\"auto\">dB 44 + dB 44<\/span><\/p>\n<p class=\"s8\"><span dir=\"auto\">Az egyes h\u0171t\u0151egys\u00e9gekre vonatkoz\u00f3an\u00a0<\/span><span dir=\"auto\">Minden egyes h\u0171t\u0151egys\u00e9ghez<\/span><\/p>\n<\/td>\n<\/tr>\n<tr>\n<td>\n<p class=\"s8\"><span dir=\"auto\">Szigetel\u00e9s\u00a0<\/span><span dir=\"auto\">vastags\u00e1g<\/span><\/p>\n<\/td>\n<td>\n<p class=\"s8\"><span dir=\"auto\">55 mm<\/span><\/p>\n<\/td>\n<td>\n<p class=\"s8\"><span dir=\"auto\">55 mm<\/span><\/p>\n<\/td>\n<td>\n<p class=\"s8\"><span dir=\"auto\">55 mm<\/span><\/p>\n<\/td>\n<\/tr>\n<tr>\n<td>\n<p class=\"s8\"><span dir=\"auto\">Leolvaszt\u00e1s<\/span><\/p>\n<\/td>\n<td colspan=\"2\">\n<p class=\"s8\"><span dir=\"auto\">Automatikus kompresszor\u00a0<\/span><span dir=\"auto\">ciklus<\/span><\/p>\n<\/td>\n<td><\/td>\n<\/tr>\n<tr>\n<td>\n<p class=\"s8\"><span dir=\"auto\">Vil\u00e1g\u00edt\u00e1s<\/span><span dir=\"auto\">\u200b<\/span><\/p>\n<\/td>\n<td>\n<p class=\"s8\"><span dir=\"auto\">LED-ek: 4 f\u00fcgg\u0151leges + 2 v\u00edzszintes<\/span><\/p>\n<\/td>\n<td>\n<p class=\"s8\"><span dir=\"auto\">LED-ek: 4 f\u00fcgg\u0151leges + 3 v\u00edzszintes<\/span><\/p>\n<\/td>\n<td>\n<p class=\"s8\"><span dir=\"auto\">LED-ek: 4 f\u00fcgg\u0151leges + 4 v\u00edzszintes<\/span><\/p>\n<\/td>\n<\/tr>\n<tr>\n<td>\n<p class=\"s8\"><span dir=\"auto\">Lock\u00a0<\/span><span dir=\"auto\">\u00e9s a kulcs<\/span><\/p>\n<\/td>\n<td>\n<p class=\"s8\"><span dir=\"auto\">Igen<\/span><span dir=\"auto\">\u200b<\/span><\/p>\n<\/td>\n<td>\n<p class=\"s8\"><span dir=\"auto\">Igen<\/span><span dir=\"auto\">\u200b<\/span><\/p>\n<\/td>\n<td>\n<p class=\"s8\"><span dir=\"auto\">Igen<\/span><span dir=\"auto\">\u200b<\/span><\/p>\n<\/td>\n<\/tr>\n<tr>\n<td>\n<p class=\"s8\"><span dir=\"auto\">Z\u00a0<\/span><span dir=\"auto\">-alak\u00fa cs\u00fasz\u00f3 polcok (WxD)<\/span><\/p>\n<\/td>\n<td>\n<p class=\"s8\"><span dir=\"auto\">No. 20 - mm 452 x 535<\/span><\/p>\n<p class=\"s8\"><span dir=\"auto\">No. 2 - mm 452 x 380<\/span><\/p>\n<\/td>\n<td>\n<p class=\"s8\"><span dir=\"auto\">19. sz. - mm 452 x 535<\/span><\/p>\n<p class=\"s8\"><span dir=\"auto\">No. 2 - mm 452 x 380<\/span><\/p>\n<\/td>\n<td>\n<p class=\"s8\"><span dir=\"auto\">No. 18 - mm 452 x 535<\/span><\/p>\n<p class=\"s8\"><span dir=\"auto\">No. 2 - mm 452 x 380<\/span><\/p>\n<\/td>\n<\/tr>\n<tr>\n<td>\n<p class=\"s8\"><span dir=\"auto\">G\u00f6rg\u0151k\u00a0<\/span><span dir=\"auto\">-Feet<\/span><\/p>\n<\/td>\n<td>\n<p class=\"s8\"><span dir=\"auto\">8 l\u00e1b<\/span><\/p>\n<\/td>\n<td>\n<p class=\"s8\"><span dir=\"auto\">8 l\u00e1b<\/span><\/p>\n<\/td>\n<td>\n<p class=\"s8\"><span dir=\"auto\">8 l\u00e1b<\/span><\/p>\n<\/td>\n<\/tr>\n<tr>\n<td>\n<p class=\"s8\"><span dir=\"auto\">Net-\u00a0<\/span><span dir=\"auto\">Brutt\u00f3 t\u00f6meg<\/span><\/p>\n<\/td>\n<td>\n<p class=\"s8\"><span dir=\"auto\">Kg 218 \/ 234<\/span><\/p>\n<\/td>\n<td>\n<p class=\"s8\"><span dir=\"auto\">Kg 220 \/ 236<\/span><\/p>\n<\/td>\n<td>\n<p class=\"s8\"><span dir=\"auto\">Kg 222 \/ 238<\/span><\/p>\n<\/td>\n<\/tr>\n<tr>\n<td>\n<p class=\"s8\"><span dir=\"auto\">Fesz\u00fclts\u00e9g<\/span><span dir=\"auto\">\u200b<\/span><\/p>\n<\/td>\n<td>\n<p class=\"s8\"><span dir=\"auto\">V 220<\/span><\/p>\n<\/td>\n<td>\n<p class=\"s8\"><span dir=\"auto\">V 220<\/span><\/p>\n<\/td>\n<td>\n<p class=\"s8\"><span dir=\"auto\">V 220<\/span><\/p>\n<\/td>\n<\/tr>\n<tr>\n<td>\n<p class=\"s8\"><span dir=\"auto\">Frekvencia<\/span><span dir=\"auto\">\u200b<\/span><\/p>\n<\/td>\n<td>\n<p class=\"s8\"><span dir=\"auto\">Hz 50<\/span><\/p>\n<\/td>\n<td>\n<p class=\"s8\"><span dir=\"auto\">Hz 50<\/span><\/p>\n<\/td>\n<td>\n<p class=\"s8\"><span dir=\"auto\">Hz 50<\/span><\/p>\n<\/td>\n<\/tr>\n<tr>\n<td>\n<p class=\"s8\"><span dir=\"auto\">H\u0171t\u0151k\u00f6zeg<\/span><span dir=\"auto\">\u200b<\/span><\/p>\n<\/td>\n<td>\n<p class=\"s8\"><span dir=\"auto\">R600A<\/span><\/p>\n<\/td>\n<td>\n<p class=\"s8\"><span dir=\"auto\">R600A<\/span><\/p>\n<\/td>\n<td>\n<p class=\"s8\"><span dir=\"auto\">R600A<\/span><\/p>\n<\/td>\n<\/tr>\n<tr>\n<td>\n<p class=\"s8\"><span dir=\"auto\">Abszorpci\u00f3<\/span><span dir=\"auto\">\u200b<\/span><\/p>\n<\/td>\n<td>\n<p class=\"s8\"><span dir=\"auto\">W 260<\/span><\/p>\n<\/td>\n<td>\n<p class=\"s8\"><span dir=\"auto\">W 260<\/span><\/p>\n<\/td>\n<td>\n<p class=\"s8\"><span dir=\"auto\">W 260<\/span><\/p>\n<\/td>\n<\/tr>\n<tr>\n<td>\n<p class=\"s8\"><span dir=\"auto\">Energiafogyaszt\u00e1s\u00a0<\/span><\/p>\n<\/td>\n<td>\n<p class=\"s8\"><span dir=\"auto\">KwH\/24H 0.85<\/span><\/p>\n<\/td>\n<td>\n<p class=\"s8\"><span dir=\"auto\">KwH\/24H 0,925<\/span><\/p>\n<\/td>\n<td>\n<p class=\"s8\"><span dir=\"auto\">KwH\/24H 1.00<\/span><\/p>\n<\/td>\n<\/tr>\n<\/tbody>\n<\/table>","protected":false},"excerpt":{"rendered":"<p>H\u0171t\u0151szekr\u00e9ny vini k\u00e9tajt\u00f3s 3 zone di temperatura szell\u0151ztetett<\/p>","protected":false},"featured_media":10577,"comment_status":"open","ping_status":"closed","template":"","meta":[],"product_brand":[],"product_cat":[49],"product_tag":[],"class_list":{"0":"post-10536","1":"product","2":"type-product","3":"status-publish","4":"has-post-thumbnail","6":"product_cat-wine-fridges","8":"first","9":"instock","10":"shipping-taxable","11":"purchasable","12":"product-type-simple"},"_links":{"self":[{"href":"https:\/\/dersuessestopp.com\/hu\/wp-json\/wp\/v2\/product\/10536","targetHints":{"allow":["GET"]}}],"collection":[{"href":"https:\/\/dersuessestopp.com\/hu\/wp-json\/wp\/v2\/product"}],"about":[{"href":"https:\/\/dersuessestopp.com\/hu\/wp-json\/wp\/v2\/types\/product"}],"replies":[{"embeddable":true,"href":"https:\/\/dersuessestopp.com\/hu\/wp-json\/wp\/v2\/comments?post=10536"}],"version-history":[{"count":4,"href":"https:\/\/dersuessestopp.com\/hu\/wp-json\/wp\/v2\/product\/10536\/revisions"}],"predecessor-version":[{"id":11708,"href":"https:\/\/dersuessestopp.com\/hu\/wp-json\/wp\/v2\/product\/10536\/revisions\/11708"}],"wp:featuredmedia":[{"embeddable":true,"href":"https:\/\/dersuessestopp.com\/hu\/wp-json\/wp\/v2\/media\/10577"}],"wp:attachment":[{"href":"https:\/\/dersuessestopp.com\/hu\/wp-json\/wp\/v2\/media?parent=10536"}],"wp:term":[{"taxonomy":"product_brand","embeddable":true,"href":"https:\/\/dersuessestopp.com\/hu\/wp-json\/wp\/v2\/product_brand?post=10536"},{"taxonomy":"product_cat","embeddable":true,"href":"https:\/\/dersuessestopp.com\/hu\/wp-json\/wp\/v2\/product_cat?post=10536"},{"taxonomy":"product_tag","embeddable":true,"href":"https:\/\/dersuessestopp.com\/hu\/wp-json\/wp\/v2\/product_tag?post=10536"}],"curies":[{"name":"wp","href":"https:\/\/api.w.org\/{rel}","templated":true}]}}