{"id":10478,"date":"2025-09-29T14:59:56","date_gmt":"2025-09-29T14:59:56","guid":{"rendered":"https:\/\/dersuessestopp.com\/?post_type=product&#038;p=10478"},"modified":"2025-10-08T21:04:39","modified_gmt":"2025-10-08T21:04:39","slug":"deluxe-92-psv","status":"publish","type":"product","link":"https:\/\/dersuessestopp.com\/hu\/product\/deluxe-92-psv\/","title":{"rendered":"DELUXE 92 PSV"},"content":{"rendered":"<p data-start=\"240\" data-end=\"572\"><img fetchpriority=\"high\" decoding=\"async\" class=\"alignnone wp-image-11722 size-full\" src=\"https:\/\/dersuessestopp.com\/wp-content\/uploads\/2025\/09\/DELUXE-92-PSV.jpg\" alt=\"\" width=\"2000\" height=\"600\" srcset=\"https:\/\/dersuessestopp.com\/wp-content\/uploads\/2025\/09\/DELUXE-92-PSV.jpg 2000w, https:\/\/dersuessestopp.com\/wp-content\/uploads\/2025\/09\/DELUXE-92-PSV-300x90.jpg 300w, https:\/\/dersuessestopp.com\/wp-content\/uploads\/2025\/09\/DELUXE-92-PSV-1024x307.jpg 1024w, https:\/\/dersuessestopp.com\/wp-content\/uploads\/2025\/09\/DELUXE-92-PSV-768x230.jpg 768w, https:\/\/dersuessestopp.com\/wp-content\/uploads\/2025\/09\/DELUXE-92-PSV-1536x461.jpg 1536w, https:\/\/dersuessestopp.com\/wp-content\/uploads\/2025\/09\/DELUXE-92-PSV-250x75.jpg 250w, https:\/\/dersuessestopp.com\/wp-content\/uploads\/2025\/09\/DELUXE-92-PSV-600x180.jpg 600w\" sizes=\"(max-width: 2000px) 100vw, 2000px\" \/><\/p>\n<p data-start=\"240\" data-end=\"572\">A <strong data-start=\"244\" data-end=\"261\">DELUXE 92 PSV<\/strong> egy kifinomult, professzion\u00e1lis min\u0151s\u00e9g\u0171 s\u00fctem\u00e9nyes pult, amelyet \u00fagy terveztek, hogy egyes\u00edtse a st\u00edlust, a teljes\u00edtm\u00e9nyt \u00e9s a praktikumot. A <strong data-start=\"385\" data-end=\"415\">n\u00e9gyoldal\u00fa \u00fcvegszerkezet<\/strong>, <strong data-start=\"417\" data-end=\"455\">t\u00fck\u00f6rf\u00e9nyes rozsdamentes ac\u00e9l test<\/strong>, \u00e9s <strong data-start=\"461\" data-end=\"485\">fekete f\u00e9nyes akcentusok<\/strong>, pr\u00e9mium min\u0151s\u00e9g\u0171 vitrint biztos\u00edt a desszerteknek, s\u00fctem\u00e9nyeknek \u00e9s h\u0171t\u00f6tt finoms\u00e1goknak.<\/p>\n<p data-start=\"574\" data-end=\"905\">Felszerelve egy <strong data-start=\"590\" data-end=\"619\">szell\u0151ztetett h\u0171t\u0151rendszer<\/strong> \u00e9s egy <strong data-start=\"626\" data-end=\"666\">+2\u00b0C \u00e9s +10\u00b0C k\u00f6z\u00f6tti h\u0151m\u00e9rs\u00e9klet-tartom\u00e1ny<\/strong>, a DELUXE 92 PSV biztos\u00edtja a term\u00e9kek t\u00f6k\u00e9letes \u00e9s egyenletes tart\u00f3s\u00edt\u00e1s\u00e1t. A <strong data-start=\"752\" data-end=\"777\">elektronikus termoszt\u00e1t<\/strong> lehet\u0151v\u00e9 teszi a pontos h\u0151m\u00e9rs\u00e9klet-szab\u00e1lyoz\u00e1st, m\u00edg a <strong data-start=\"824\" data-end=\"845\">automatikus leolvaszt\u00e1s<\/strong> rendszer garant\u00e1lja a k\u00f6nnyed karbantart\u00e1st \u00e9s a megb\u00edzhat\u00f3s\u00e1got.<\/p>\n<p data-start=\"907\" data-end=\"926\"><strong data-start=\"907\" data-end=\"924\">Kulcsfontoss\u00e1g\u00fa jellemz\u0151k:<\/strong><\/p>\n<ul data-start=\"927\" data-end=\"1407\">\n<li data-start=\"927\" data-end=\"993\">\n<p data-start=\"929\" data-end=\"993\">Szell\u0151ztetett s\u00fctem\u00e9nyes pult n\u00e9gyoldal\u00fa \u00fcveg kialak\u00edt\u00e1ssal<\/p>\n<\/li>\n<li data-start=\"994\" data-end=\"1030\">\n<p data-start=\"996\" data-end=\"1030\">H\u0151m\u00e9rs\u00e9klet-tartom\u00e1ny: +\u00b0C-t\u00f3l +10 \u00b0C-ig<\/p>\n<\/li>\n<li data-start=\"1031\" data-end=\"1112\">\n<p data-start=\"1033\" data-end=\"1112\">T\u00fck\u00f6rf\u00e9nyes rozsdamentes ac\u00e9l test (AISI 304) \u00e9s fekete, f\u00e9nyes \u00fcveg k\u00fcls\u0151 bor\u00edt\u00e1s<\/p>\n<\/li>\n<li data-start=\"1113\" data-end=\"1175\">\n<p data-start=\"1115\" data-end=\"1175\">K\u00e9t edzett \u00fcvegpolc rozsdamentes ac\u00e9l el\u00fcls\u0151 peremmel<\/p>\n<\/li>\n<li data-start=\"1176\" data-end=\"1233\">\n<p data-start=\"1178\" data-end=\"1233\">Elektronikus termoszt\u00e1t a pontos h\u0151m\u00e9rs\u00e9klet-szab\u00e1lyoz\u00e1shoz<\/p>\n<\/li>\n<li data-start=\"1234\" data-end=\"1262\">\n<p data-start=\"1236\" data-end=\"1262\">Automatikus leolvaszt\u00f3 rendszer<\/p>\n<\/li>\n<li data-start=\"1263\" data-end=\"1310\">\n<p data-start=\"1265\" data-end=\"1310\">LED vil\u00e1g\u00edt\u00e1s a term\u00e9kek optim\u00e1lis l\u00e1that\u00f3s\u00e1ga \u00e9rdek\u00e9ben<\/p>\n<\/li>\n<li data-start=\"1311\" data-end=\"1355\">\n<p data-start=\"1313\" data-end=\"1355\">Opcion\u00e1lis Smart Link Wi-Fi t\u00e1vir\u00e1ny\u00edt\u00f3<\/p>\n<\/li>\n<li data-start=\"1356\" data-end=\"1407\">\n<p data-start=\"1358\" data-end=\"1407\">N\u00e9gy g\u00f6rg\u0151s ker\u00e9kre szerelve a k\u00f6nny\u0171 mobilit\u00e1s \u00e9rdek\u00e9ben<\/p>\n<\/li>\n<\/ul>\n<p data-start=\"1409\" data-end=\"1581\">Eleg\u00e1ns, hat\u00e9kony \u00e9s professzion\u00e1lis teljes\u00edtm\u00e9nyre \u00e9p\u00edtett - a <strong data-start=\"1474\" data-end=\"1491\">DELUXE 92 PSV<\/strong> a t\u00e9szta bemutat\u00e1s\u00e1t, mik\u00f6zben meg\u0151rzi minden alkot\u00e1s t\u00f6k\u00e9letes frissess\u00e9g\u00e9t.<\/p>\n<table style=\"height: 370px;\" width=\"662\" cellspacing=\"0\">\n<tbody>\n<tr>\n<td bgcolor=\"#FFFFFF\">\n<p class=\"s11\"><span dir=\"auto\">\u00a0M\u00e9retek mm<\/span><\/p>\n<\/td>\n<td bgcolor=\"#FFFFFF\">\n<p class=\"s11\"><span dir=\"auto\">DELUXE 92 PSV<\/span><\/p>\n<\/td>\n<td bgcolor=\"#FFFFFF\">\n<p class=\"s11\"><span dir=\"auto\">DELUXE 122 PSV<\/span><\/p>\n<\/td>\n<td bgcolor=\"#FFFFFF\">\n<p class=\"s11\"><span dir=\"auto\">DELUXE 152 PSV<\/span><\/p>\n<\/td>\n<\/tr>\n<tr>\n<td>\n<p class=\"s12\"><span dir=\"auto\">K\u00fcls\u0151 m\u00e9retek (\u00a0<\/span><span dir=\"auto\">WxDxH)<\/span><\/p>\n<\/td>\n<td>\n<p class=\"s12\"><span dir=\"auto\">900 x 740 x 1200<\/span><\/p>\n<\/td>\n<td>\n<p class=\"s12\"><span dir=\"auto\">1200 x 740 x 1200<\/span><\/p>\n<\/td>\n<td>\n<p class=\"s12\"><span dir=\"auto\">1500 x 740 x 1200<\/span><\/p>\n<\/td>\n<\/tr>\n<tr>\n<td>\n<p class=\"s12\"><span dir=\"auto\">Csomagol\u00e1si m\u00e9retek (\u00a0<\/span><span dir=\"auto\">WxDxH)<\/span><\/p>\n<\/td>\n<td>\n<p class=\"s12\"><span dir=\"auto\">980 x 830 x 1350<\/span><\/p>\n<\/td>\n<td>\n<p class=\"s12\"><span dir=\"auto\">1280 x 830 x 1350<\/span><\/p>\n<\/td>\n<td>\n<p class=\"s12\"><span dir=\"auto\">1580 x 830 x 1350<\/span><\/p>\n<\/td>\n<\/tr>\n<tr>\n<td>\n<p class=\"s12\"><span dir=\"auto\">Sz\u00e9less\u00e9g<\/span><\/p>\n<\/td>\n<td>\n<p class=\"s12\"><span dir=\"auto\">840<\/span><\/p>\n<\/td>\n<td>\n<p class=\"s12\"><span dir=\"auto\">1140<\/span><\/p>\n<\/td>\n<td>\n<p class=\"s12\"><span dir=\"auto\">1440<\/span><\/p>\n<\/td>\n<\/tr>\n<tr>\n<td>\n<p class=\"s12\"><span dir=\"auto\">\u00a0<\/span><span dir=\"auto\">M\u00e9lys\u00e9g<\/span><\/p>\n<\/td>\n<td>\n<p class=\"s12\"><span dir=\"auto\">630<\/span><\/p>\n<\/td>\n<td>\n<p class=\"s12\"><span dir=\"auto\">630<\/span><\/p>\n<\/td>\n<td>\n<p class=\"s12\"><span dir=\"auto\">630<\/span><\/p>\n<\/td>\n<\/tr>\n<tr>\n<td>\n<p class=\"s12\"><span dir=\"auto\">Magass\u00e1g<\/span><\/p>\n<\/td>\n<td>\n<p class=\"s12\"><span dir=\"auto\">690<\/span><\/p>\n<\/td>\n<td>\n<p class=\"s12\"><span dir=\"auto\">690<\/span><\/p>\n<\/td>\n<td>\n<p class=\"s12\"><span dir=\"auto\">690<\/span><\/p>\n<\/td>\n<\/tr>\n<\/tbody>\n<\/table>\n<p>&nbsp;<\/p>\n<table style=\"height: 1252px;\" width=\"1109\" cellspacing=\"0\">\n<tbody>\n<tr>\n<td bgcolor=\"#FFFFFF\">\n<p class=\"s11\"><span dir=\"auto\">M\u0171szaki jellemz\u0151k<\/span><\/p>\n<\/td>\n<td bgcolor=\"#FFFFFF\">\n<p class=\"s11\"><span dir=\"auto\">DELUXE 92 PSV<\/span><\/p>\n<\/td>\n<td bgcolor=\"#FFFFFF\">\n<p class=\"s11\"><span dir=\"auto\">DELUXE 122 PSV<\/span><\/p>\n<\/td>\n<td bgcolor=\"#FFFFFF\">\n<p class=\"s11\"><span dir=\"auto\">DELUXE 152 PSV<\/span><\/p>\n<\/td>\n<\/tr>\n<tr>\n<td>\n<p class=\"s12\"><span dir=\"auto\">\u00a0<\/span><span dir=\"auto\">H\u0151m\u00e9rs\u00e9klet tartom\u00e1ny<\/span><\/p>\n<\/td>\n<td>\n<p class=\"s12\"><span dir=\"auto\">+2 \u00b0C \/ +10 \u00b0C<\/span><\/p>\n<\/td>\n<td>\n<p class=\"s12\"><span dir=\"auto\">+2 \u00b0C \/ +10 \u00b0C<\/span><\/p>\n<\/td>\n<td>\n<p class=\"s12\"><span dir=\"auto\">+2 \u00b0C \/ +10 \u00b0C<\/span><\/p>\n<\/td>\n<\/tr>\n<tr>\n<td>\n<p class=\"s12\"><span dir=\"auto\">\u00c9ghajlat\u00a0<\/span><span dir=\"auto\">Oszt\u00e1ly<\/span><\/p>\n<\/td>\n<td>\n<p class=\"s12\"><span dir=\"auto\">4<\/span><\/p>\n<\/td>\n<td>\n<p class=\"s12\"><span dir=\"auto\">4<\/span><\/p>\n<\/td>\n<td>\n<p class=\"s12\"><span dir=\"auto\">4<\/span><\/p>\n<\/td>\n<\/tr>\n<tr>\n<td>\n<p class=\"s12\"><span dir=\"auto\">\u00a0<\/span><span dir=\"auto\">Nett\u00f3-brutt\u00f3 volumen<\/span><\/p>\n<\/td>\n<td>\n<p class=\"s12\"><span dir=\"auto\">370 \/ 415 hadnagy<\/span><\/p>\n<\/td>\n<td>\n<p class=\"s12\"><span dir=\"auto\">495 \/ 555 hadnagy<\/span><\/p>\n<\/td>\n<td>\n<p class=\"s12\"><span dir=\"auto\">Lt.620 \/ 700<\/span><\/p>\n<\/td>\n<\/tr>\n<tr>\n<td>\n<p class=\"s12\"><span dir=\"auto\">K\u00fcls\u0151 testfel\u00fclet<\/span><\/p>\n<\/td>\n<td>\n<p class=\"s12\"><span dir=\"auto\">Rozsdamentes ac\u00e9l AISI 304<\/span><\/p>\n<\/td>\n<td>\n<p class=\"s12\"><span dir=\"auto\">Rozsdamentes ac\u00e9l AISI 304<\/span><\/p>\n<\/td>\n<td>\n<p class=\"s12\"><span dir=\"auto\">Rozsdamentes ac\u00e9l AISI 304<\/span><\/p>\n<\/td>\n<\/tr>\n<tr>\n<td>\n<p class=\"s12\"><span dir=\"auto\">Bels\u0151 fel\u00fclet\u00a0<\/span><span dir=\"auto\">Bels\u0151 b\u00e9l\u00e9s<\/span><\/p>\n<\/td>\n<td>\n<p class=\"s12\"><span dir=\"auto\">Rozsdamentes ac\u00e9l AISI 304<\/span><\/p>\n<\/td>\n<td>\n<p class=\"s12\"><span dir=\"auto\">Rozsdamentes ac\u00e9l AISI 304<\/span><\/p>\n<\/td>\n<td>\n<p class=\"s12\"><span dir=\"auto\">Rozsdamentes ac\u00e9l AISI 304<\/span><\/p>\n<\/td>\n<\/tr>\n<tr>\n<td>\n<p class=\"s12\"><span dir=\"auto\">Termoszt\u00e1t<\/span><span dir=\"auto\">\u200b<\/span><\/p>\n<\/td>\n<td>\n<p class=\"s12\"><span dir=\"auto\">Elektronikus<\/span><span dir=\"auto\">\u200b<\/span><\/p>\n<\/td>\n<td>\n<p class=\"s12\"><span dir=\"auto\">Elektronikus<\/span><span dir=\"auto\">\u200b<\/span><\/p>\n<\/td>\n<td>\n<p class=\"s12\"><span dir=\"auto\">Elektronikus<\/span><span dir=\"auto\">\u200b<\/span><\/p>\n<\/td>\n<\/tr>\n<tr>\n<td>\n<p class=\"s12\"><span dir=\"auto\">Smart Link WiFi | T\u00e1vir\u00e1ny\u00edt\u00f3\u00a0<\/span><span dir=\"auto\">Vez\u00e9rl\u00e9s<\/span><\/p>\n<\/td>\n<td>\n<p class=\"s12\"><span dir=\"auto\">Opcion\u00e1lis<\/span><\/p>\n<\/td>\n<td>\n<p class=\"s12\"><span dir=\"auto\">Opcion\u00e1lis<\/span><\/p>\n<\/td>\n<td>\n<p class=\"s12\"><span dir=\"auto\">Opcion\u00e1lis<\/span><\/p>\n<\/td>\n<\/tr>\n<tr>\n<td>\n<p class=\"s12\"><span dir=\"auto\">Zaj\u00a0<\/span><span dir=\"auto\">szint<\/span><\/p>\n<\/td>\n<td>\n<p class=\"s12\"><span dir=\"auto\">dB 58<\/span><\/p>\n<\/td>\n<td>\n<p class=\"s12\"><span dir=\"auto\">dB 61<\/span><\/p>\n<\/td>\n<td>\n<p class=\"s12\"><span dir=\"auto\">dB 67<\/span><\/p>\n<\/td>\n<\/tr>\n<tr>\n<td>\n<p class=\"s12\"><span dir=\"auto\">Szigetel\u00e9s\u00a0<\/span><span dir=\"auto\">vastags\u00e1g<\/span><\/p>\n<\/td>\n<td>\n<p class=\"s12\"><span dir=\"auto\">45 mm<\/span><\/p>\n<\/td>\n<td>\n<p class=\"s12\"><span dir=\"auto\">45 mm<\/span><\/p>\n<\/td>\n<td>\n<p class=\"s12\"><span dir=\"auto\">45 mm<\/span><\/p>\n<\/td>\n<\/tr>\n<tr>\n<td>\n<p class=\"s12\"><span dir=\"auto\">Leolvaszt\u00e1s\u00a0<\/span><span dir=\"auto\">Leolvaszt\u00e1s<\/span><\/p>\n<\/td>\n<td>\n<p class=\"s12\"><span dir=\"auto\">Automatikus kompresszor\u00a0<\/span><span dir=\"auto\">ciklus<\/span><\/p>\n<\/td>\n<td>\n<p class=\"s12\"><span dir=\"auto\">Automatikus kompresszor\u00a0<\/span><span dir=\"auto\">ciklus<\/span><\/p>\n<\/td>\n<td>\n<p class=\"s12\"><span dir=\"auto\">Automatikus kompresszor\u00a0<\/span><span dir=\"auto\">ciklus<\/span><\/p>\n<\/td>\n<\/tr>\n<tr>\n<td>\n<p class=\"s12\"><span dir=\"auto\">Vil\u00e1g\u00edt\u00e1s<\/span><span dir=\"auto\">\u200b<\/span><\/p>\n<\/td>\n<td>\n<p class=\"s12\"><span dir=\"auto\">3 v\u00edzszintes LED\u00a0<\/span><\/p>\n<\/td>\n<td>\n<p class=\"s12\"><span dir=\"auto\">3 v\u00edzszintes LED\u00a0<\/span><\/p>\n<\/td>\n<td>\n<p class=\"s12\"><span dir=\"auto\">3 v\u00edzszintes LED\u00a0<\/span><\/p>\n<\/td>\n<\/tr>\n<tr>\n<td>\n<p class=\"s12\"><span dir=\"auto\">Edzett \u00fcvegpolcok (SzxM )<\/span><\/p>\n<\/td>\n<td>\n<p class=\"s12\"><span dir=\"auto\">No. 1 mm 738 x 278<\/span><\/p>\n<p class=\"s12\"><span dir=\"auto\">No. 1 mm 738 x 318<\/span><\/p>\n<\/td>\n<td>\n<p class=\"s12\"><span dir=\"auto\">N\u00b01 mm 1038\u00d7278 N\u00b01 mm 1038\u00d7318<\/span><\/p>\n<\/td>\n<td>\n<p class=\"s12\"><span dir=\"auto\">N\u00b01 mm 1338\u00d7278 N\u00b01 mm 1338\u00d7318<\/span><\/p>\n<\/td>\n<\/tr>\n<tr>\n<td>\n<p class=\"s12\"><span dir=\"auto\">G\u00f6rg\u0151k\u00a0<\/span><span dir=\"auto\">-Feet<\/span><\/p>\n<\/td>\n<td>\n<p class=\"s12\"><span dir=\"auto\">4 ker\u00e9k \/\u00a0<\/span><span dir=\"auto\">4 g\u00f6rg\u0151<\/span><\/p>\n<\/td>\n<td>\n<p class=\"s12\"><span dir=\"auto\">4 ker\u00e9k \/\u00a0<\/span><span dir=\"auto\">4 g\u00f6rg\u0151<\/span><\/p>\n<\/td>\n<td>\n<p class=\"s12\"><span dir=\"auto\">4 ker\u00e9k \/\u00a0<\/span><span dir=\"auto\">4 g\u00f6rg\u0151<\/span><\/p>\n<\/td>\n<\/tr>\n<tr>\n<td>\n<p class=\"s12\"><span dir=\"auto\">Net-\u00a0<\/span><span dir=\"auto\">Brutt\u00f3 t\u00f6meg<\/span><\/p>\n<\/td>\n<td>\n<p class=\"s12\"><span dir=\"auto\">155 \/ 195 kg<\/span><\/p>\n<\/td>\n<td>\n<p class=\"s12\"><span dir=\"auto\">185 \/ 230 kg<\/span><\/p>\n<\/td>\n<td>\n<p class=\"s12\"><span dir=\"auto\">Kg 220 \/ 270<\/span><\/p>\n<\/td>\n<\/tr>\n<tr>\n<td>\n<p class=\"s12\"><span dir=\"auto\">Fesz\u00fclts\u00e9g<\/span><span dir=\"auto\">\u200b<\/span><\/p>\n<\/td>\n<td>\n<p class=\"s12\"><span dir=\"auto\">V 220-240<\/span><\/p>\n<\/td>\n<td>\n<p class=\"s12\"><span dir=\"auto\">V 220-240<\/span><\/p>\n<\/td>\n<td>\n<p class=\"s12\"><span dir=\"auto\">V 220-240<\/span><\/p>\n<\/td>\n<\/tr>\n<tr>\n<td>\n<p class=\"s12\"><span dir=\"auto\">Frekvencia<\/span><span dir=\"auto\">\u200b<\/span><\/p>\n<\/td>\n<td>\n<p class=\"s12\"><span dir=\"auto\">Hz 50<\/span><\/p>\n<\/td>\n<td>\n<p class=\"s12\"><span dir=\"auto\">Hz 50<\/span><\/p>\n<\/td>\n<td>\n<p class=\"s12\"><span dir=\"auto\">Hz 50<\/span><\/p>\n<\/td>\n<\/tr>\n<tr>\n<td>\n<p class=\"s12\"><span dir=\"auto\">H\u0171t\u0151k\u00f6zeg<\/span><span dir=\"auto\">\u200b<\/span><\/p>\n<\/td>\n<td>\n<p class=\"s12\"><span dir=\"auto\">R290<\/span><\/p>\n<\/td>\n<td>\n<p class=\"s12\"><span dir=\"auto\">R290<\/span><\/p>\n<\/td>\n<td>\n<p class=\"s12\"><span dir=\"auto\">R290<\/span><\/p>\n<\/td>\n<\/tr>\n<tr>\n<td>\n<p class=\"s12\"><span dir=\"auto\">Abszorpci\u00f3<\/span><span dir=\"auto\">\u200b<\/span><\/p>\n<\/td>\n<td>\n<p class=\"s12\"><span dir=\"auto\">W 400<\/span><\/p>\n<\/td>\n<td>\n<p class=\"s12\"><span dir=\"auto\">W 445<\/span><\/p>\n<\/td>\n<td>\n<p class=\"s12\"><span dir=\"auto\">W 515<\/span><\/p>\n<\/td>\n<\/tr>\n<tr>\n<td>\n<p class=\"s12\"><span dir=\"auto\">\u00a0<\/span><span dir=\"auto\">Energiafogyaszt\u00e1s<\/span><\/p>\n<\/td>\n<td>\n<p class=\"s12\"><span dir=\"auto\">KwH\/24H 6.13<\/span><\/p>\n<\/td>\n<td>\n<p class=\"s12\"><span dir=\"auto\">KwH\/24H 7.56<\/span><\/p>\n<\/td>\n<td>\n<p class=\"s12\"><span dir=\"auto\">KwH\/24H 8.92<\/span><\/p>\n<\/td>\n<\/tr>\n<\/tbody>\n<\/table>","protected":false},"excerpt":{"rendered":"<p>+2 \u00b0C \/ +10 \u00b0C Szell\u0151ztethet\u0151 s\u00fctem\u00e9nyes pult, n\u00e9gy \u00fcvegoldal, tol\u00f3ajt\u00f3k ENERGIAKL\u00c1ZIS ENERGIAoszt\u00e1ly<\/p>","protected":false},"featured_media":10525,"comment_status":"open","ping_status":"closed","template":"","meta":[],"product_brand":[],"product_cat":[119,53],"product_tag":[],"class_list":{"0":"post-10478","1":"product","2":"type-product","3":"status-publish","4":"has-post-thumbnail","6":"product_cat-hot-and-cold-display-cases","7":"product_cat-pastry-bakery-cooling","9":"first","10":"instock","11":"shipping-taxable","12":"purchasable","13":"product-type-simple"},"_links":{"self":[{"href":"https:\/\/dersuessestopp.com\/hu\/wp-json\/wp\/v2\/product\/10478","targetHints":{"allow":["GET"]}}],"collection":[{"href":"https:\/\/dersuessestopp.com\/hu\/wp-json\/wp\/v2\/product"}],"about":[{"href":"https:\/\/dersuessestopp.com\/hu\/wp-json\/wp\/v2\/types\/product"}],"replies":[{"embeddable":true,"href":"https:\/\/dersuessestopp.com\/hu\/wp-json\/wp\/v2\/comments?post=10478"}],"version-history":[{"count":3,"href":"https:\/\/dersuessestopp.com\/hu\/wp-json\/wp\/v2\/product\/10478\/revisions"}],"predecessor-version":[{"id":11726,"href":"https:\/\/dersuessestopp.com\/hu\/wp-json\/wp\/v2\/product\/10478\/revisions\/11726"}],"wp:featuredmedia":[{"embeddable":true,"href":"https:\/\/dersuessestopp.com\/hu\/wp-json\/wp\/v2\/media\/10525"}],"wp:attachment":[{"href":"https:\/\/dersuessestopp.com\/hu\/wp-json\/wp\/v2\/media?parent=10478"}],"wp:term":[{"taxonomy":"product_brand","embeddable":true,"href":"https:\/\/dersuessestopp.com\/hu\/wp-json\/wp\/v2\/product_brand?post=10478"},{"taxonomy":"product_cat","embeddable":true,"href":"https:\/\/dersuessestopp.com\/hu\/wp-json\/wp\/v2\/product_cat?post=10478"},{"taxonomy":"product_tag","embeddable":true,"href":"https:\/\/dersuessestopp.com\/hu\/wp-json\/wp\/v2\/product_tag?post=10478"}],"curies":[{"name":"wp","href":"https:\/\/api.w.org\/{rel}","templated":true}]}}