{"id":10477,"date":"2025-09-29T14:59:56","date_gmt":"2025-09-29T14:59:56","guid":{"rendered":"https:\/\/dersuessestopp.com\/?post_type=product&#038;p=10477"},"modified":"2025-10-08T21:05:09","modified_gmt":"2025-10-08T21:05:09","slug":"deluxe-122-psv","status":"publish","type":"product","link":"https:\/\/dersuessestopp.com\/hu\/product\/deluxe-122-psv\/","title":{"rendered":"DELUXE 122 PSV"},"content":{"rendered":"<p data-start=\"198\" data-end=\"522\"><img fetchpriority=\"high\" decoding=\"async\" class=\"alignnone wp-image-11722 size-full\" src=\"https:\/\/dersuessestopp.com\/wp-content\/uploads\/2025\/09\/DELUXE-92-PSV.jpg\" alt=\"\" width=\"2000\" height=\"600\" srcset=\"https:\/\/dersuessestopp.com\/wp-content\/uploads\/2025\/09\/DELUXE-92-PSV.jpg 2000w, https:\/\/dersuessestopp.com\/wp-content\/uploads\/2025\/09\/DELUXE-92-PSV-300x90.jpg 300w, https:\/\/dersuessestopp.com\/wp-content\/uploads\/2025\/09\/DELUXE-92-PSV-1024x307.jpg 1024w, https:\/\/dersuessestopp.com\/wp-content\/uploads\/2025\/09\/DELUXE-92-PSV-768x230.jpg 768w, https:\/\/dersuessestopp.com\/wp-content\/uploads\/2025\/09\/DELUXE-92-PSV-1536x461.jpg 1536w, https:\/\/dersuessestopp.com\/wp-content\/uploads\/2025\/09\/DELUXE-92-PSV-250x75.jpg 250w, https:\/\/dersuessestopp.com\/wp-content\/uploads\/2025\/09\/DELUXE-92-PSV-600x180.jpg 600w\" sizes=\"(max-width: 2000px) 100vw, 2000px\" \/><\/p>\n<p data-start=\"198\" data-end=\"522\">The <strong data-start=\"202\" data-end=\"220\">DELUXE 122 PSV<\/strong> is a high-capacity, elegant pastry display counter designed for bakeries, patisseries, and upscale caf\u00e9s. Combining premium design with professional refrigeration, it features <strong data-start=\"397\" data-end=\"419\">ventilated cooling<\/strong>, <strong data-start=\"421\" data-end=\"449\">four-sided glass display<\/strong>, and a <strong data-start=\"457\" data-end=\"495\">mirror-finish stainless steel body<\/strong> with black glossy accents.<\/p>\n<p data-start=\"524\" data-end=\"807\">With a temperature range of <strong data-start=\"552\" data-end=\"571\">+2 \u00b0C to +10 \u00b0C<\/strong>, the DELUXE 122 PSV ensures your cakes, desserts, and chilled delicacies remain fresh, stable, and beautifully presented. Its <strong data-start=\"698\" data-end=\"723\">electronic thermostat<\/strong> and <strong data-start=\"728\" data-end=\"756\">automatic defrost system<\/strong> provide precision and low-maintenance performance.<\/p>\n<p data-start=\"809\" data-end=\"828\"><strong data-start=\"809\" data-end=\"826\">Key Features:<\/strong><\/p>\n<ul data-start=\"829\" data-end=\"1450\">\n<li data-start=\"829\" data-end=\"898\">\n<p data-start=\"831\" data-end=\"898\">Ventilated pastry display counter with all-around glass enclosure<\/p>\n<\/li>\n<li data-start=\"899\" data-end=\"975\">\n<p data-start=\"901\" data-end=\"975\">Temperature range: +2 \u00b0C to +10 \u00b0C <span class=\"\" data-state=\"closed\"><span class=\"ms-1 inline-flex max-w-full items-center relative top-[-0.094rem] animate-[show_150ms_ease-in]\" data-testid=\"webpage-citation-pill\"><a class=\"flex h-4.5 overflow-hidden rounded-xl px-2 text-[9px] font-medium transition-colors duration-150 ease-in-out text-token-text-secondary! bg-[#F4F4F4]! dark:bg-[#303030]!\" href=\"https:\/\/www.kitchenpro.gr\/en\/cooler-display-refrigerator-for-pastry-and-snack-120-heigh-deluxe-92-psv-klimaitalia-italy?srsltid=AfmBOooq-ObqHSx80fEOeSdRSobOsvWVQrDZMU4_sTdstGiIoTTeQlcE&amp;utm_source=chatgpt.com\" target=\"_blank\" rel=\"noopener\"><span class=\"relative start-0 bottom-0 flex h-full w-full items-center\"><span class=\"flex h-4 w-full items-center justify-between\"><span class=\"max-w-[15ch] grow truncate overflow-hidden text-center\">KitchenPRO<\/span><span class=\"-me-1 flex h-full items-center rounded-full px-1 text-[#8F8F8F]\">+1<\/span><\/span><\/span><\/a><\/span><\/span><\/p>\n<\/li>\n<li data-start=\"976\" data-end=\"1073\">\n<p data-start=\"978\" data-end=\"1073\">Capacity: approximately <strong data-start=\"1002\" data-end=\"1016\">555 liters<\/strong> (DELUXE 122 PSV) <span class=\"\" data-state=\"closed\"><span class=\"ms-1 inline-flex max-w-full items-center relative top-[-0.094rem] animate-[show_150ms_ease-in]\" data-testid=\"webpage-citation-pill\"><a class=\"flex h-4.5 overflow-hidden rounded-xl px-2 text-[9px] font-medium transition-colors duration-150 ease-in-out text-token-text-secondary! bg-[#F4F4F4]! dark:bg-[#303030]!\" href=\"https:\/\/www.kitchenpro.gr\/en\/cooler-display-refrigerator-for-pastry-and-snack-120-heigh-deluxe-92-psv-klimaitalia-italy?srsltid=AfmBOooq-ObqHSx80fEOeSdRSobOsvWVQrDZMU4_sTdstGiIoTTeQlcE&amp;utm_source=chatgpt.com\" target=\"_blank\" rel=\"noopener\"><span class=\"relative start-0 bottom-0 flex h-full w-full items-center\"><span class=\"flex h-4 w-full items-center justify-between overflow-hidden\"><span class=\"max-w-[15ch] grow truncate overflow-hidden text-center\">KitchenPRO<\/span><\/span><\/span><\/a><\/span><\/span><\/p>\n<\/li>\n<li data-start=\"1074\" data-end=\"1162\">\n<p data-start=\"1076\" data-end=\"1162\">One or two tempered glass shelves (adjustable) <span class=\"\" data-state=\"closed\"><span class=\"ms-1 inline-flex max-w-full items-center relative top-[-0.094rem] animate-[show_150ms_ease-in]\" data-testid=\"webpage-citation-pill\"><a class=\"flex h-4.5 overflow-hidden rounded-xl px-2 text-[9px] font-medium transition-colors duration-150 ease-in-out text-token-text-secondary! bg-[#F4F4F4]! dark:bg-[#303030]!\" href=\"https:\/\/www.kitchenpro.gr\/en\/cooler-display-refrigerator-for-pastry-and-snack-120-heigh-deluxe-92-psv-klimaitalia-italy?srsltid=AfmBOooq-ObqHSx80fEOeSdRSobOsvWVQrDZMU4_sTdstGiIoTTeQlcE&amp;utm_source=chatgpt.com\" target=\"_blank\" rel=\"noopener\"><span class=\"relative start-0 bottom-0 flex h-full w-full items-center\"><span class=\"flex h-4 w-full items-center justify-between overflow-hidden\"><span class=\"max-w-[15ch] grow truncate overflow-hidden text-center\">KitchenPRO<\/span><\/span><\/span><\/a><\/span><\/span><\/p>\n<\/li>\n<li data-start=\"1163\" data-end=\"1197\">\n<p data-start=\"1165\" data-end=\"1197\">Digital thermostat and display<\/p>\n<\/li>\n<li data-start=\"1198\" data-end=\"1219\">\n<p data-start=\"1200\" data-end=\"1219\">Automatic defrost<\/p>\n<\/li>\n<li data-start=\"1220\" data-end=\"1267\">\n<p data-start=\"1222\" data-end=\"1267\">LED lighting for optimal product visibility<\/p>\n<\/li>\n<li data-start=\"1268\" data-end=\"1318\">\n<p data-start=\"1270\" data-end=\"1318\">Four-sided transparent design (panoramic view)<\/p>\n<\/li>\n<li data-start=\"1319\" data-end=\"1360\">\n<p data-start=\"1321\" data-end=\"1360\">Mounted on castor wheels for mobility<\/p>\n<\/li>\n<li data-start=\"1361\" data-end=\"1450\">\n<p data-start=\"1363\" data-end=\"1450\">R290 refrigerant, energy-efficient cooling unit <span class=\"\" data-state=\"closed\"><span class=\"ms-1 inline-flex max-w-full items-center relative top-[-0.094rem] animate-[show_150ms_ease-in]\" data-testid=\"webpage-citation-pill\"><a class=\"flex h-4.5 overflow-hidden rounded-xl px-2 text-[9px] font-medium transition-colors duration-150 ease-in-out text-token-text-secondary! bg-[#F4F4F4]! dark:bg-[#303030]!\" href=\"https:\/\/www.kitchenpro.gr\/en\/cooler-display-refrigerator-for-pastry-and-snack-120-heigh-deluxe-92-psv-klimaitalia-italy?srsltid=AfmBOooq-ObqHSx80fEOeSdRSobOsvWVQrDZMU4_sTdstGiIoTTeQlcE&amp;utm_source=chatgpt.com\" target=\"_blank\" rel=\"noopener\"><span class=\"relative start-0 bottom-0 flex h-full w-full items-center\"><span class=\"flex h-4 w-full items-center justify-between overflow-hidden\"><span class=\"max-w-[15ch] grow truncate overflow-hidden text-center\">KitchenPRO<\/span><\/span><\/span><\/a><\/span><\/span><\/p>\n<\/li>\n<\/ul>\n<p data-start=\"1452\" data-end=\"1602\">Stylish, spacious, and reliable \u2014 the <strong data-start=\"1490\" data-end=\"1508\">DELUXE 122 PSV<\/strong> brings together display aesthetics and refrigeration excellence to help your creations shine.<\/p>\n<table style=\"height: 370px;\" width=\"662\" cellspacing=\"0\">\n<tbody>\n<tr>\n<td bgcolor=\"#FFFFFF\">\n<p class=\"s11\"><span dir=\"auto\">Dimensions mm<\/span><\/p>\n<\/td>\n<td bgcolor=\"#FFFFFF\">\n<p class=\"s11\"><span dir=\"auto\">DELUXE 92 PSV<\/span><\/p>\n<\/td>\n<td bgcolor=\"#FFFFFF\">\n<p class=\"s11\"><span dir=\"auto\">DELUXE 122 PSV<\/span><\/p>\n<\/td>\n<td bgcolor=\"#FFFFFF\">\n<p class=\"s11\"><span dir=\"auto\">DELUXE 152 PSV<\/span><\/p>\n<\/td>\n<\/tr>\n<tr>\n<td>\n<p class=\"s12\"><span dir=\"auto\">External Dimensions (\u00a0<\/span><span dir=\"auto\">WxDxH)<\/span><\/p>\n<\/td>\n<td>\n<p class=\"s12\"><span dir=\"auto\">900 x 740 x 1200<\/span><\/p>\n<\/td>\n<td>\n<p class=\"s12\"><span dir=\"auto\">1200 x 740 x 1200<\/span><\/p>\n<\/td>\n<td>\n<p class=\"s12\"><span dir=\"auto\">1500 x 740 x 1200<\/span><\/p>\n<\/td>\n<\/tr>\n<tr>\n<td>\n<p class=\"s12\"><span dir=\"auto\">Packaging Dimensions (\u00a0<\/span><span dir=\"auto\">WxDxH)<\/span><\/p>\n<\/td>\n<td>\n<p class=\"s12\"><span dir=\"auto\">980 x 830 x 1350<\/span><\/p>\n<\/td>\n<td>\n<p class=\"s12\"><span dir=\"auto\">1280 x 830 x 1350<\/span><\/p>\n<\/td>\n<td>\n<p class=\"s12\"><span dir=\"auto\">1580 x 830 x 1350<\/span><\/p>\n<\/td>\n<\/tr>\n<tr>\n<td>\n<p class=\"s12\"><span dir=\"auto\">Width<\/span><\/p>\n<\/td>\n<td>\n<p class=\"s12\"><span dir=\"auto\">840<\/span><\/p>\n<\/td>\n<td>\n<p class=\"s12\"><span dir=\"auto\">1140<\/span><\/p>\n<\/td>\n<td>\n<p class=\"s12\"><span dir=\"auto\">1440<\/span><\/p>\n<\/td>\n<\/tr>\n<tr>\n<td>\n<p class=\"s12\"><span dir=\"auto\">\u00a0<\/span><span dir=\"auto\">Depth<\/span><\/p>\n<\/td>\n<td>\n<p class=\"s12\"><span dir=\"auto\">630<\/span><\/p>\n<\/td>\n<td>\n<p class=\"s12\"><span dir=\"auto\">630<\/span><\/p>\n<\/td>\n<td>\n<p class=\"s12\"><span dir=\"auto\">630<\/span><\/p>\n<\/td>\n<\/tr>\n<tr>\n<td>\n<p class=\"s12\"><span dir=\"auto\">Height<\/span><\/p>\n<\/td>\n<td>\n<p class=\"s12\"><span dir=\"auto\">690<\/span><\/p>\n<\/td>\n<td>\n<p class=\"s12\"><span dir=\"auto\">690<\/span><\/p>\n<\/td>\n<td>\n<p class=\"s12\"><span dir=\"auto\">690<\/span><\/p>\n<\/td>\n<\/tr>\n<\/tbody>\n<\/table>\n<p>&nbsp;<\/p>\n<table style=\"height: 1252px;\" width=\"1109\" cellspacing=\"0\">\n<tbody>\n<tr>\n<td bgcolor=\"#FFFFFF\">\n<p class=\"s11\"><span dir=\"auto\">Technical Features<\/span><\/p>\n<\/td>\n<td bgcolor=\"#FFFFFF\">\n<p class=\"s11\"><span dir=\"auto\">DELUXE 92 PSV<\/span><\/p>\n<\/td>\n<td bgcolor=\"#FFFFFF\">\n<p class=\"s11\"><span dir=\"auto\">DELUXE 122 PSV<\/span><\/p>\n<\/td>\n<td bgcolor=\"#FFFFFF\">\n<p class=\"s11\"><span dir=\"auto\">DELUXE 152 PSV<\/span><\/p>\n<\/td>\n<\/tr>\n<tr>\n<td>\n<p class=\"s12\"><span dir=\"auto\">\u00a0<\/span><span dir=\"auto\">Temperature Range<\/span><\/p>\n<\/td>\n<td>\n<p class=\"s12\"><span dir=\"auto\">+2 \u00b0C \/ +10 \u00b0C<\/span><\/p>\n<\/td>\n<td>\n<p class=\"s12\"><span dir=\"auto\">+2 \u00b0C \/ +10 \u00b0C<\/span><\/p>\n<\/td>\n<td>\n<p class=\"s12\"><span dir=\"auto\">+2 \u00b0C \/ +10 \u00b0C<\/span><\/p>\n<\/td>\n<\/tr>\n<tr>\n<td>\n<p class=\"s12\"><span dir=\"auto\">Climate\u00a0<\/span><span dir=\"auto\">Class<\/span><\/p>\n<\/td>\n<td>\n<p class=\"s12\"><span dir=\"auto\">4<\/span><\/p>\n<\/td>\n<td>\n<p class=\"s12\"><span dir=\"auto\">4<\/span><\/p>\n<\/td>\n<td>\n<p class=\"s12\"><span dir=\"auto\">4<\/span><\/p>\n<\/td>\n<\/tr>\n<tr>\n<td>\n<p class=\"s12\"><span dir=\"auto\">\u00a0<\/span><span dir=\"auto\">Net-Gross Volume<\/span><\/p>\n<\/td>\n<td>\n<p class=\"s12\"><span dir=\"auto\">Lt. 370 \/ 415<\/span><\/p>\n<\/td>\n<td>\n<p class=\"s12\"><span dir=\"auto\">Lt. 495 \/ 555<\/span><\/p>\n<\/td>\n<td>\n<p class=\"s12\"><span dir=\"auto\">Lt.620 \/ 700<\/span><\/p>\n<\/td>\n<\/tr>\n<tr>\n<td>\n<p class=\"s12\"><span dir=\"auto\">External Body\u00a0Surface<\/span><\/p>\n<\/td>\n<td>\n<p class=\"s12\"><span dir=\"auto\">Stainless steel\u00a0AISI 304<\/span><\/p>\n<\/td>\n<td>\n<p class=\"s12\"><span dir=\"auto\">Stainless steel\u00a0AISI 304<\/span><\/p>\n<\/td>\n<td>\n<p class=\"s12\"><span dir=\"auto\">Stainless steel\u00a0AISI 304<\/span><\/p>\n<\/td>\n<\/tr>\n<tr>\n<td>\n<p class=\"s12\"><span dir=\"auto\">Internal Surface\u00a0<\/span><span dir=\"auto\">Inner Liner<\/span><\/p>\n<\/td>\n<td>\n<p class=\"s12\"><span dir=\"auto\">Stainless steel\u00a0AISI 304<\/span><\/p>\n<\/td>\n<td>\n<p class=\"s12\"><span dir=\"auto\">Stainless steel\u00a0AISI 304<\/span><\/p>\n<\/td>\n<td>\n<p class=\"s12\"><span dir=\"auto\">Stainless steel\u00a0AISI 304<\/span><\/p>\n<\/td>\n<\/tr>\n<tr>\n<td>\n<p class=\"s12\"><span dir=\"auto\">Thermostat<\/span><span dir=\"auto\">\u200b<\/span><\/p>\n<\/td>\n<td>\n<p class=\"s12\"><span dir=\"auto\">Electronic<\/span><span dir=\"auto\">\u200b<\/span><\/p>\n<\/td>\n<td>\n<p class=\"s12\"><span dir=\"auto\">Electronic<\/span><span dir=\"auto\">\u200b<\/span><\/p>\n<\/td>\n<td>\n<p class=\"s12\"><span dir=\"auto\">Electronic<\/span><span dir=\"auto\">\u200b<\/span><\/p>\n<\/td>\n<\/tr>\n<tr>\n<td>\n<p class=\"s12\"><span dir=\"auto\">Smart Link WiFi | Remote\u00a0<\/span><span dir=\"auto\">Control<\/span><\/p>\n<\/td>\n<td>\n<p class=\"s12\"><span dir=\"auto\">Optional<\/span><\/p>\n<\/td>\n<td>\n<p class=\"s12\"><span dir=\"auto\">Optional<\/span><\/p>\n<\/td>\n<td>\n<p class=\"s12\"><span dir=\"auto\">Optional<\/span><\/p>\n<\/td>\n<\/tr>\n<tr>\n<td>\n<p class=\"s12\"><span dir=\"auto\">Noise\u00a0<\/span><span dir=\"auto\">level<\/span><\/p>\n<\/td>\n<td>\n<p class=\"s12\"><span dir=\"auto\">dB 58<\/span><\/p>\n<\/td>\n<td>\n<p class=\"s12\"><span dir=\"auto\">dB 61<\/span><\/p>\n<\/td>\n<td>\n<p class=\"s12\"><span dir=\"auto\">dB 67<\/span><\/p>\n<\/td>\n<\/tr>\n<tr>\n<td>\n<p class=\"s12\"><span dir=\"auto\">Insulation\u00a0<\/span><span dir=\"auto\">thickness<\/span><\/p>\n<\/td>\n<td>\n<p class=\"s12\"><span dir=\"auto\">45 mm<\/span><\/p>\n<\/td>\n<td>\n<p class=\"s12\"><span dir=\"auto\">45 mm<\/span><\/p>\n<\/td>\n<td>\n<p class=\"s12\"><span dir=\"auto\">45 mm<\/span><\/p>\n<\/td>\n<\/tr>\n<tr>\n<td>\n<p class=\"s12\"><span dir=\"auto\">Defrosting\u00a0<\/span><span dir=\"auto\">Defrost<\/span><\/p>\n<\/td>\n<td>\n<p class=\"s12\"><span dir=\"auto\">Automatic compressor\u00a0<\/span><span dir=\"auto\">cycle<\/span><\/p>\n<\/td>\n<td>\n<p class=\"s12\"><span dir=\"auto\">Automatic compressor\u00a0<\/span><span dir=\"auto\">cycle<\/span><\/p>\n<\/td>\n<td>\n<p class=\"s12\"><span dir=\"auto\">Automatic compressor\u00a0<\/span><span dir=\"auto\">cycle<\/span><\/p>\n<\/td>\n<\/tr>\n<tr>\n<td>\n<p class=\"s12\"><span dir=\"auto\">Lighting<\/span><span dir=\"auto\">\u200b<\/span><\/p>\n<\/td>\n<td>\n<p class=\"s12\"><span dir=\"auto\">3 horizontal LEDs\u00a0<\/span><\/p>\n<\/td>\n<td>\n<p class=\"s12\"><span dir=\"auto\">3 horizontal LEDs\u00a0<\/span><\/p>\n<\/td>\n<td>\n<p class=\"s12\"><span dir=\"auto\">3 horizontal LEDs\u00a0<\/span><\/p>\n<\/td>\n<\/tr>\n<tr>\n<td>\n<p class=\"s12\"><span dir=\"auto\">Tempered glass shelves (WxD\u00a0)<\/span><\/p>\n<\/td>\n<td>\n<p class=\"s12\"><span dir=\"auto\">No. 1 mm 738 x 278<\/span><\/p>\n<p class=\"s12\"><span dir=\"auto\">No. 1 mm 738 x 318<\/span><\/p>\n<\/td>\n<td>\n<p class=\"s12\"><span dir=\"auto\">N\u00b01 mm 1038&#215;278 N\u00b01 mm 1038&#215;318<\/span><\/p>\n<\/td>\n<td>\n<p class=\"s12\"><span dir=\"auto\">N\u00b01 mm 1338&#215;278 N\u00b01 mm 1338&#215;318<\/span><\/p>\n<\/td>\n<\/tr>\n<tr>\n<td>\n<p class=\"s12\"><span dir=\"auto\">Castors\u00a0<\/span><span dir=\"auto\">-Feet<\/span><\/p>\n<\/td>\n<td>\n<p class=\"s12\"><span dir=\"auto\">4 Wheels \/\u00a0<\/span><span dir=\"auto\">4 Castors<\/span><\/p>\n<\/td>\n<td>\n<p class=\"s12\"><span dir=\"auto\">4 Wheels \/\u00a0<\/span><span dir=\"auto\">4 Castors<\/span><\/p>\n<\/td>\n<td>\n<p class=\"s12\"><span dir=\"auto\">4 Wheels \/\u00a0<\/span><span dir=\"auto\">4 Castors<\/span><\/p>\n<\/td>\n<\/tr>\n<tr>\n<td>\n<p class=\"s12\"><span dir=\"auto\">Net-\u00a0<\/span><span dir=\"auto\">Gross Weight<\/span><\/p>\n<\/td>\n<td>\n<p class=\"s12\"><span dir=\"auto\">155 \/ 195 kg<\/span><\/p>\n<\/td>\n<td>\n<p class=\"s12\"><span dir=\"auto\">185 \/ 230 kg<\/span><\/p>\n<\/td>\n<td>\n<p class=\"s12\"><span dir=\"auto\">Kg 220 \/ 270<\/span><\/p>\n<\/td>\n<\/tr>\n<tr>\n<td>\n<p class=\"s12\"><span dir=\"auto\">Voltage<\/span><span dir=\"auto\">\u200b<\/span><\/p>\n<\/td>\n<td>\n<p class=\"s12\"><span dir=\"auto\">V 220-240<\/span><\/p>\n<\/td>\n<td>\n<p class=\"s12\"><span dir=\"auto\">V 220-240<\/span><\/p>\n<\/td>\n<td>\n<p class=\"s12\"><span dir=\"auto\">V 220-240<\/span><\/p>\n<\/td>\n<\/tr>\n<tr>\n<td>\n<p class=\"s12\"><span dir=\"auto\">Frequency<\/span><span dir=\"auto\">\u200b<\/span><\/p>\n<\/td>\n<td>\n<p class=\"s12\"><span dir=\"auto\">Hz 50<\/span><\/p>\n<\/td>\n<td>\n<p class=\"s12\"><span dir=\"auto\">Hz 50<\/span><\/p>\n<\/td>\n<td>\n<p class=\"s12\"><span dir=\"auto\">Hz 50<\/span><\/p>\n<\/td>\n<\/tr>\n<tr>\n<td>\n<p class=\"s12\"><span dir=\"auto\">Refrigerant<\/span><span dir=\"auto\">\u200b<\/span><\/p>\n<\/td>\n<td>\n<p class=\"s12\"><span dir=\"auto\">R290<\/span><\/p>\n<\/td>\n<td>\n<p class=\"s12\"><span dir=\"auto\">R290<\/span><\/p>\n<\/td>\n<td>\n<p class=\"s12\"><span dir=\"auto\">R290<\/span><\/p>\n<\/td>\n<\/tr>\n<tr>\n<td>\n<p class=\"s12\"><span dir=\"auto\">Absorption<\/span><span dir=\"auto\">\u200b<\/span><\/p>\n<\/td>\n<td>\n<p class=\"s12\"><span dir=\"auto\">W 400<\/span><\/p>\n<\/td>\n<td>\n<p class=\"s12\"><span dir=\"auto\">W 445<\/span><\/p>\n<\/td>\n<td>\n<p class=\"s12\"><span dir=\"auto\">W 515<\/span><\/p>\n<\/td>\n<\/tr>\n<tr>\n<td>\n<p class=\"s12\"><span dir=\"auto\">\u00a0<\/span><span dir=\"auto\">Energy Consumption<\/span><\/p>\n<\/td>\n<td>\n<p class=\"s12\"><span dir=\"auto\">KwH\/24H 6.13<\/span><\/p>\n<\/td>\n<td>\n<p class=\"s12\"><span dir=\"auto\">KwH\/24H 7.56<\/span><\/p>\n<\/td>\n<td>\n<p class=\"s12\"><span dir=\"auto\">KwH\/24H 8.92<\/span><\/p>\n<\/td>\n<\/tr>\n<\/tbody>\n<\/table>\n","protected":false},"excerpt":{"rendered":"<p>+2 \u00b0C \/ +10 \u00b0C Szell\u0151ztethet\u0151 s\u00fctem\u00e9nyes pult, n\u00e9gy \u00fcvegoldal, tol\u00f3ajt\u00f3k ENERGIAKL\u00c1ZIS ENERGIAoszt\u00e1ly<\/p>","protected":false},"featured_media":10523,"comment_status":"open","ping_status":"closed","template":"","meta":[],"product_brand":[],"product_cat":[119,53],"product_tag":[],"class_list":{"0":"post-10477","1":"product","2":"type-product","3":"status-publish","4":"has-post-thumbnail","6":"product_cat-hot-and-cold-display-cases","7":"product_cat-pastry-bakery-cooling","9":"first","10":"instock","11":"shipping-taxable","12":"purchasable","13":"product-type-simple"},"_links":{"self":[{"href":"https:\/\/dersuessestopp.com\/hu\/wp-json\/wp\/v2\/product\/10477","targetHints":{"allow":["GET"]}}],"collection":[{"href":"https:\/\/dersuessestopp.com\/hu\/wp-json\/wp\/v2\/product"}],"about":[{"href":"https:\/\/dersuessestopp.com\/hu\/wp-json\/wp\/v2\/types\/product"}],"replies":[{"embeddable":true,"href":"https:\/\/dersuessestopp.com\/hu\/wp-json\/wp\/v2\/comments?post=10477"}],"version-history":[{"count":2,"href":"https:\/\/dersuessestopp.com\/hu\/wp-json\/wp\/v2\/product\/10477\/revisions"}],"predecessor-version":[{"id":11732,"href":"https:\/\/dersuessestopp.com\/hu\/wp-json\/wp\/v2\/product\/10477\/revisions\/11732"}],"wp:featuredmedia":[{"embeddable":true,"href":"https:\/\/dersuessestopp.com\/hu\/wp-json\/wp\/v2\/media\/10523"}],"wp:attachment":[{"href":"https:\/\/dersuessestopp.com\/hu\/wp-json\/wp\/v2\/media?parent=10477"}],"wp:term":[{"taxonomy":"product_brand","embeddable":true,"href":"https:\/\/dersuessestopp.com\/hu\/wp-json\/wp\/v2\/product_brand?post=10477"},{"taxonomy":"product_cat","embeddable":true,"href":"https:\/\/dersuessestopp.com\/hu\/wp-json\/wp\/v2\/product_cat?post=10477"},{"taxonomy":"product_tag","embeddable":true,"href":"https:\/\/dersuessestopp.com\/hu\/wp-json\/wp\/v2\/product_tag?post=10477"}],"curies":[{"name":"wp","href":"https:\/\/api.w.org\/{rel}","templated":true}]}}