{"id":10471,"date":"2025-09-29T14:59:56","date_gmt":"2025-09-29T14:59:56","guid":{"rendered":"https:\/\/dersuessestopp.com\/?post_type=product&#038;p=10471"},"modified":"2025-10-08T21:18:42","modified_gmt":"2025-10-08T21:18:42","slug":"dlx-90","status":"publish","type":"product","link":"https:\/\/dersuessestopp.com\/hu\/product\/dlx-90\/","title":{"rendered":"DLX 90"},"content":{"rendered":"<p data-start=\"207\" data-end=\"584\"><img fetchpriority=\"high\" decoding=\"async\" class=\"alignnone wp-image-11760 size-full\" src=\"https:\/\/dersuessestopp.com\/wp-content\/uploads\/2025\/09\/dlx-70.jpg\" alt=\"\" width=\"2000\" height=\"600\" srcset=\"https:\/\/dersuessestopp.com\/wp-content\/uploads\/2025\/09\/dlx-70.jpg 2000w, https:\/\/dersuessestopp.com\/wp-content\/uploads\/2025\/09\/dlx-70-300x90.jpg 300w, https:\/\/dersuessestopp.com\/wp-content\/uploads\/2025\/09\/dlx-70-1024x307.jpg 1024w, https:\/\/dersuessestopp.com\/wp-content\/uploads\/2025\/09\/dlx-70-768x230.jpg 768w, https:\/\/dersuessestopp.com\/wp-content\/uploads\/2025\/09\/dlx-70-1536x461.jpg 1536w, https:\/\/dersuessestopp.com\/wp-content\/uploads\/2025\/09\/dlx-70-250x75.jpg 250w, https:\/\/dersuessestopp.com\/wp-content\/uploads\/2025\/09\/dlx-70-600x180.jpg 600w\" sizes=\"(max-width: 2000px) 100vw, 2000px\" \/><\/p>\n<p data-start=\"207\" data-end=\"584\">A <strong data-start=\"211\" data-end=\"221\">DLX 90<\/strong> st\u00edlusos \u00e9s professzion\u00e1lis <strong data-start=\"252\" data-end=\"285\">szell\u0151ztethet\u0151 pultos kijelz\u0151<\/strong>, ide\u00e1lis a s\u00fctem\u00e9nyek, desszertek \u00e9s snackek eleg\u00e1ns \u00e9s prec\u00edz bemutat\u00e1s\u00e1ra. Pr\u00e9mium min\u0151s\u00e9g\u0171 anyagokkal \u00e9s modern eszt\u00e9tik\u00e1val tervezt\u00e9k, \u00e9s egy <strong data-start=\"437\" data-end=\"467\">n\u00e9gyoldalas \u00fcvegburkolat<\/strong>, <strong data-start=\"469\" data-end=\"491\">h\u00e1ts\u00f3 tol\u00f3ajt\u00f3k<\/strong>, \u00e9s egy <strong data-start=\"499\" data-end=\"539\">robusztus, AISI 304 rozsdamentes ac\u00e9lb\u00f3l k\u00e9sz\u00fclt test<\/strong>, biztos\u00edtva a tart\u00f3ss\u00e1got \u00e9s a k\u00f6nny\u0171 karbantart\u00e1st.<\/p>\n<p data-start=\"586\" data-end=\"865\">Egy <strong data-start=\"593\" data-end=\"632\">0 \u00b0C \u00e9s +18 \u00b0C k\u00f6z\u00f6tti h\u0151m\u00e9rs\u00e9klet-tartom\u00e1ny<\/strong>, a DLX 90 egyenletes, k\u00edm\u00e9letes szell\u0151z\u00e9s mellett frissen \u00e9s t\u00f6k\u00e9letesen megjelen\u00edtve tartja term\u00e9keit. A <strong data-start=\"737\" data-end=\"762\">elektronikus termoszt\u00e1t<\/strong> prec\u00edz vez\u00e9rl\u00e9st tesz lehet\u0151v\u00e9, m\u00edg a <strong data-start=\"797\" data-end=\"825\">automatikus leolvaszt\u00f3 rendszer<\/strong> z\u00f6kken\u0151mentes, gondtalan m\u0171k\u00f6d\u00e9st biztos\u00edt.<\/p>\n<p data-start=\"867\" data-end=\"886\"><strong data-start=\"867\" data-end=\"884\">Kulcsfontoss\u00e1g\u00fa jellemz\u0151k:<\/strong><\/p>\n<ul data-start=\"887\" data-end=\"1369\">\n<li data-start=\"887\" data-end=\"937\">\n<p data-start=\"889\" data-end=\"937\">Szell\u0151ztetett pulton s\u00fctem\u00e9nyek \u00e9s snackek bemutat\u00f3ja<\/p>\n<\/li>\n<li data-start=\"938\" data-end=\"974\">\n<p data-start=\"940\" data-end=\"974\">H\u0151m\u00e9rs\u00e9klet-tartom\u00e1ny: \u00b0C \/ +18 \u00b0C<\/p>\n<\/li>\n<li data-start=\"975\" data-end=\"1029\">\n<p data-start=\"977\" data-end=\"1029\">N\u00e9gyoldalas \u00fcvegszerkezet tol\u00f3ajt\u00f3kkal h\u00e1tul<\/p>\n<\/li>\n<li data-start=\"1030\" data-end=\"1080\">\n<p data-start=\"1032\" data-end=\"1080\">Rozsdamentes ac\u00e9l AISI 304 bels\u0151 \u00e9s k\u00fcls\u0151 r\u00e9szek<\/p>\n<\/li>\n<li data-start=\"1081\" data-end=\"1143\">\n<p data-start=\"1083\" data-end=\"1143\">K\u00e9t edzett \u00fcvegpolc rozsdamentes ac\u00e9l el\u00fcls\u0151 peremmel<\/p>\n<\/li>\n<li data-start=\"1144\" data-end=\"1189\">\n<p data-start=\"1146\" data-end=\"1189\">LED vil\u00e1g\u00edt\u00e1s a term\u00e9kek vil\u00e1gos l\u00e1that\u00f3s\u00e1g\u00e1\u00e9rt<\/p>\n<\/li>\n<li data-start=\"1190\" data-end=\"1248\">\n<p data-start=\"1192\" data-end=\"1248\">Elektronikus termoszt\u00e1t a pontos h\u0151m\u00e9rs\u00e9klet-szab\u00e1lyoz\u00e1shoz<\/p>\n<\/li>\n<li data-start=\"1249\" data-end=\"1293\">\n<p data-start=\"1251\" data-end=\"1293\">Automatikus kompresszor-stop leolvaszt\u00f3 rendszer<\/p>\n<\/li>\n<li data-start=\"1294\" data-end=\"1341\">\n<p data-start=\"1296\" data-end=\"1341\">Opcion\u00e1lis Smart Link Wi-Fi t\u00e1vfel\u00fcgyelet<\/p>\n<\/li>\n<li data-start=\"1342\" data-end=\"1369\">\n<p data-start=\"1344\" data-end=\"1369\">Alacsony zajszint (56 dB)<\/p>\n<\/li>\n<\/ul>\n<p data-start=\"1371\" data-end=\"1557\">Eleg\u00e1ns, praktikus \u00e9s energiatakar\u00e9kos - a <strong data-start=\"1418\" data-end=\"1428\">DLX 90<\/strong> t\u00f6k\u00e9letes v\u00e1laszt\u00e1s a cukr\u00e1szd\u00e1k, k\u00e1v\u00e9z\u00f3k \u00e9s sz\u00e1llod\u00e1k sz\u00e1m\u00e1ra, amelyek megb\u00edzhat\u00f3 h\u0171t\u00e9st \u00e9s pr\u00e9mium min\u0151s\u00e9g\u0171 term\u00e9kbemutat\u00f3t keresnek.<\/p>\n<table style=\"height: 360px;\" width=\"512\" cellspacing=\"0\">\n<tbody>\n<tr>\n<td bgcolor=\"#FFFFFF\">\n<p class=\"s12\"><span dir=\"auto\">\u00a0M\u00e9retek mm<\/span><\/p>\n<\/td>\n<td bgcolor=\"#FFFFFF\">\n<p class=\"s12\"><span dir=\"auto\">DLX 70<\/span><\/p>\n<\/td>\n<td bgcolor=\"#FFFFFF\">\n<p class=\"s12\"><span dir=\"auto\">DLX 90<\/span><\/p>\n<\/td>\n<\/tr>\n<tr>\n<td>\n<p class=\"s13\"><span dir=\"auto\">K\u00fcls\u0151 m\u00e9retek (\u00a0<\/span><span dir=\"auto\">WxDxH)<\/span><\/p>\n<\/td>\n<td>\n<p class=\"s13\"><span dir=\"auto\">700 x 560 x 730<\/span><\/p>\n<\/td>\n<td>\n<p class=\"s13\"><span dir=\"auto\">900 x 560 x 730<\/span><\/p>\n<\/td>\n<\/tr>\n<tr>\n<td>\n<p class=\"s13\"><span dir=\"auto\">Csomagol\u00e1si m\u00e9retek (\u00a0<\/span><span dir=\"auto\">WxDxH)<\/span><\/p>\n<\/td>\n<td>\n<p class=\"s13\"><span dir=\"auto\">785 x 645 x 850<\/span><\/p>\n<\/td>\n<td>\n<p class=\"s13\"><span dir=\"auto\">985 x 645 x 850<\/span><\/p>\n<\/td>\n<\/tr>\n<tr>\n<td>\n<p class=\"s13\"><span dir=\"auto\">\u00a0<\/span><span dir=\"auto\">Sz\u00e9less\u00e9g<\/span><\/p>\n<\/td>\n<td>\n<p class=\"s13\"><span dir=\"auto\">670<\/span><\/p>\n<\/td>\n<td>\n<p class=\"s13\"><span dir=\"auto\">870<\/span><\/p>\n<\/td>\n<\/tr>\n<tr>\n<td>\n<p class=\"s13\"><span dir=\"auto\">M\u00e9lys\u00e9g<\/span><\/p>\n<\/td>\n<td>\n<p class=\"s13\"><span dir=\"auto\">460<\/span><\/p>\n<\/td>\n<td>\n<p class=\"s13\"><span dir=\"auto\">460<\/span><\/p>\n<\/td>\n<\/tr>\n<tr>\n<td>\n<p class=\"s13\"><span dir=\"auto\">\u00a0<\/span><span dir=\"auto\">Magass\u00e1g<\/span><\/p>\n<\/td>\n<td>\n<p class=\"s13\"><span dir=\"auto\">410<\/span><\/p>\n<\/td>\n<td>\n<p class=\"s13\"><span dir=\"auto\">410<\/span><\/p>\n<\/td>\n<\/tr>\n<\/tbody>\n<\/table>\n<p>&nbsp;<\/p>\n<table style=\"height: 1265px;\" width=\"946\" cellspacing=\"0\">\n<tbody>\n<tr>\n<td bgcolor=\"#FFFFFF\">\n<p class=\"s12\"><span dir=\"auto\">M\u0171szaki jellemz\u0151k<\/span><\/p>\n<\/td>\n<td bgcolor=\"#FFFFFF\">\n<p class=\"s12\"><span dir=\"auto\">DLX 70<\/span><\/p>\n<\/td>\n<td bgcolor=\"#FFFFFF\">\n<p class=\"s12\"><span dir=\"auto\">DLX 90<\/span><\/p>\n<\/td>\n<\/tr>\n<tr>\n<td>\n<p class=\"s13\"><span dir=\"auto\">H\u0151m\u00e9rs\u00e9klet tartom\u00e1ny<\/span><\/p>\n<\/td>\n<td>\n<p class=\"s13\"><span dir=\"auto\">0 \u00b0C \/ +18 \u00b0C<\/span><\/p>\n<\/td>\n<td>\n<p class=\"s13\"><span dir=\"auto\">0 \u00b0C \/ +18 \u00b0C<\/span><\/p>\n<\/td>\n<\/tr>\n<tr>\n<td>\n<p class=\"s13\"><span dir=\"auto\">\u00c9ghajlat\u00a0<\/span><span dir=\"auto\">Oszt\u00e1ly<\/span><\/p>\n<\/td>\n<td>\n<p class=\"s13\"><span dir=\"auto\">4<\/span><\/p>\n<\/td>\n<td>\n<p class=\"s13\"><span dir=\"auto\">4<\/span><\/p>\n<\/td>\n<\/tr>\n<tr>\n<td>\n<p class=\"s13\"><span dir=\"auto\">Nett\u00f3-brutt\u00f3 volumen<\/span><\/p>\n<\/td>\n<td>\n<p class=\"s13\"><span dir=\"auto\">120 \/ 130-as hadnagy<\/span><\/p>\n<\/td>\n<td>\n<p class=\"s13\"><span dir=\"auto\">160 \/ 175<\/span><\/p>\n<\/td>\n<\/tr>\n<tr>\n<td>\n<p class=\"s13\"><span dir=\"auto\">K\u00fcls\u0151 fel\u00fclet \/\u00a0<\/span><span dir=\"auto\">Test<\/span><\/p>\n<\/td>\n<td>\n<p class=\"s13\"><span dir=\"auto\">AISI 304 ac\u00e9l \/\u00a0<\/span><span dir=\"auto\">Rozsdamentes ac\u00e9l AISI 304<\/span><\/p>\n<\/td>\n<td>\n<p class=\"s13\"><span dir=\"auto\">AISI 304 ac\u00e9l \/\u00a0<\/span><span dir=\"auto\">Rozsdamentes ac\u00e9l AISI 304<\/span><\/p>\n<\/td>\n<\/tr>\n<tr>\n<td>\n<p class=\"s13\"><span dir=\"auto\">Bels\u0151 fel\u00fclet<\/span><\/p>\n<\/td>\n<td>\n<p class=\"s13\"><span dir=\"auto\">AISI 304 ac\u00e9l \/\u00a0<\/span><span dir=\"auto\">Rozsdamentes ac\u00e9l AISI 304<\/span><\/p>\n<\/td>\n<td>\n<p class=\"s13\"><span dir=\"auto\">AISI 304 ac\u00e9l \/\u00a0<\/span><span dir=\"auto\">Rozsdamentes ac\u00e9l AISI 304<\/span><\/p>\n<\/td>\n<\/tr>\n<tr>\n<td>\n<p class=\"s13\"><span dir=\"auto\">Termoszt\u00e1t<\/span><span dir=\"auto\">\u200b<\/span><\/p>\n<\/td>\n<td>\n<p class=\"s13\"><span dir=\"auto\">Elektronikus<\/span><span dir=\"auto\">\u200b<\/span><\/p>\n<\/td>\n<td>\n<p class=\"s13\"><span dir=\"auto\">Elektronikus<\/span><span dir=\"auto\">\u200b<\/span><\/p>\n<\/td>\n<\/tr>\n<tr>\n<td>\n<p class=\"s13\"><span dir=\"auto\">Smart Link WiFi | T\u00e1vir\u00e1ny\u00edt\u00f3\u00a0<\/span><span dir=\"auto\">Vez\u00e9rl\u00e9s<\/span><\/p>\n<\/td>\n<td>\n<p class=\"s13\"><span dir=\"auto\">Opcion\u00e1lis<\/span><\/p>\n<\/td>\n<td>\n<p class=\"s13\"><span dir=\"auto\">Opcion\u00e1lis<\/span><\/p>\n<\/td>\n<\/tr>\n<tr>\n<td>\n<p class=\"s13\"><span dir=\"auto\">Zaj\u00a0<\/span><span dir=\"auto\">szint<\/span><\/p>\n<\/td>\n<td>\n<p class=\"s13\"><span dir=\"auto\">dB 53<\/span><\/p>\n<\/td>\n<td>\n<p class=\"s13\"><span dir=\"auto\">dB 56<\/span><\/p>\n<\/td>\n<\/tr>\n<tr>\n<td>\n<p class=\"s13\"><span dir=\"auto\">Szigetel\u00e9s\u00a0<\/span><span dir=\"auto\">vastags\u00e1g<\/span><\/p>\n<\/td>\n<td>\n<p class=\"s13\"><span dir=\"auto\">45 mm<\/span><\/p>\n<\/td>\n<td>\n<p class=\"s13\"><span dir=\"auto\">45 mm<\/span><\/p>\n<\/td>\n<\/tr>\n<tr>\n<td>\n<p class=\"s13\"><span dir=\"auto\">Leolvaszt\u00e1s\u00a0<\/span><span dir=\"auto\">Leolvaszt\u00e1s<\/span><\/p>\n<\/td>\n<td>\n<p class=\"s13\"><span dir=\"auto\">Automatikus kompresszor\u00a0<\/span><span dir=\"auto\">ciklus<\/span><\/p>\n<\/td>\n<td>\n<p class=\"s13\"><span dir=\"auto\">Automatikus kompresszor\u00a0<\/span><span dir=\"auto\">ciklus<\/span><\/p>\n<\/td>\n<\/tr>\n<tr>\n<td>\n<p class=\"s13\"><span dir=\"auto\">Vil\u00e1g\u00edt\u00e1s<\/span><span dir=\"auto\">\u200b<\/span><\/p>\n<\/td>\n<td>\n<p class=\"s13\"><span dir=\"auto\">1 v\u00edzszintes LED<\/span><\/p>\n<\/td>\n<td>\n<p class=\"s13\"><span dir=\"auto\">1 v\u00edzszintes LED<\/span><\/p>\n<\/td>\n<\/tr>\n<tr>\n<td>\n<p class=\"s13\"><span dir=\"auto\">Edzett \u00fcvegpolcok (SzxM )<\/span><\/p>\n<\/td>\n<td>\n<p class=\"s13\"><span dir=\"auto\">No. 1 mm 580 x 228<\/span><\/p>\n<p class=\"s13\"><span dir=\"auto\">No. 1 mm 580 x 278<\/span><\/p>\n<\/td>\n<td>\n<p class=\"s13\"><span dir=\"auto\">No. 1 mm 780 x 228<\/span><\/p>\n<p class=\"s13\"><span dir=\"auto\">No. 1 mm 780 x 278<\/span><\/p>\n<\/td>\n<\/tr>\n<tr>\n<td>\n<p class=\"s13\"><span dir=\"auto\">G\u00f6rg\u0151k\u00a0<\/span><span dir=\"auto\">-Feet<\/span><\/p>\n<\/td>\n<td>\n<p class=\"s13\"><span dir=\"auto\">4 l\u00e1b<\/span><\/p>\n<\/td>\n<td>\n<p class=\"s13\"><span dir=\"auto\">4 l\u00e1b<\/span><\/p>\n<\/td>\n<\/tr>\n<tr>\n<td>\n<p class=\"s13\"><span dir=\"auto\">Net-\u00a0<\/span><span dir=\"auto\">Brutt\u00f3 t\u00f6meg<\/span><\/p>\n<\/td>\n<td>\n<p class=\"s13\"><span dir=\"auto\">Kg 70 \/ 93<\/span><\/p>\n<\/td>\n<td>\n<p class=\"s13\"><span dir=\"auto\">80 \/ 103 kg<\/span><\/p>\n<\/td>\n<\/tr>\n<tr>\n<td>\n<p class=\"s13\"><span dir=\"auto\">Fesz\u00fclts\u00e9g<\/span><span dir=\"auto\">\u200b<\/span><\/p>\n<\/td>\n<td>\n<p class=\"s13\"><span dir=\"auto\">V 220-240<\/span><\/p>\n<\/td>\n<td>\n<p class=\"s13\"><span dir=\"auto\">V 220-240<\/span><\/p>\n<\/td>\n<\/tr>\n<tr>\n<td>\n<p class=\"s13\"><span dir=\"auto\">Frekvencia<\/span><span dir=\"auto\">\u200b<\/span><\/p>\n<\/td>\n<td>\n<p class=\"s13\"><span dir=\"auto\">Hz 50<\/span><\/p>\n<\/td>\n<td>\n<p class=\"s13\"><span dir=\"auto\">Hz 50<\/span><\/p>\n<\/td>\n<\/tr>\n<tr>\n<td>\n<p class=\"s13\"><span dir=\"auto\">H\u0171t\u0151k\u00f6zeg<\/span><span dir=\"auto\">\u200b<\/span><\/p>\n<\/td>\n<td>\n<p class=\"s13\"><span dir=\"auto\">R600A<\/span><\/p>\n<\/td>\n<td>\n<p class=\"s13\"><span dir=\"auto\">R600A<\/span><\/p>\n<\/td>\n<\/tr>\n<tr>\n<td>\n<p class=\"s13\"><span dir=\"auto\">Abszorpci\u00f3<\/span><span dir=\"auto\">\u200b<\/span><\/p>\n<\/td>\n<td>\n<p class=\"s13\"><span dir=\"auto\">W 185<\/span><\/p>\n<\/td>\n<td>\n<p class=\"s13\"><span dir=\"auto\">W 200<\/span><\/p>\n<\/td>\n<\/tr>\n<tr>\n<td>\n<p class=\"s13\"><span dir=\"auto\">Energiafogyaszt\u00e1s<\/span><\/p>\n<\/td>\n<td>\n<p class=\"s13\"><span dir=\"auto\">KwH\/24H 3.05<\/span><\/p>\n<\/td>\n<td>\n<p class=\"s13\"><span dir=\"auto\">KwH\/24H 3.72<\/span><\/p>\n<\/td>\n<\/tr>\n<\/tbody>\n<\/table>","protected":false},"excerpt":{"rendered":"<p>0 \u00b0C \/ +18 \u00b0C Pultos vitrin snackek\/s\u00fctem\u00e9nyek sz\u00e1m\u00e1ra, tol\u00f3ajt\u00f3kkal<\/p>","protected":false},"featured_media":10511,"comment_status":"open","ping_status":"closed","template":"","meta":[],"product_brand":[],"product_cat":[119,53],"product_tag":[],"class_list":{"0":"post-10471","1":"product","2":"type-product","3":"status-publish","4":"has-post-thumbnail","6":"product_cat-hot-and-cold-display-cases","7":"product_cat-pastry-bakery-cooling","9":"first","10":"instock","11":"shipping-taxable","12":"purchasable","13":"product-type-simple"},"_links":{"self":[{"href":"https:\/\/dersuessestopp.com\/hu\/wp-json\/wp\/v2\/product\/10471","targetHints":{"allow":["GET"]}}],"collection":[{"href":"https:\/\/dersuessestopp.com\/hu\/wp-json\/wp\/v2\/product"}],"about":[{"href":"https:\/\/dersuessestopp.com\/hu\/wp-json\/wp\/v2\/types\/product"}],"replies":[{"embeddable":true,"href":"https:\/\/dersuessestopp.com\/hu\/wp-json\/wp\/v2\/comments?post=10471"}],"version-history":[{"count":2,"href":"https:\/\/dersuessestopp.com\/hu\/wp-json\/wp\/v2\/product\/10471\/revisions"}],"predecessor-version":[{"id":11762,"href":"https:\/\/dersuessestopp.com\/hu\/wp-json\/wp\/v2\/product\/10471\/revisions\/11762"}],"wp:featuredmedia":[{"embeddable":true,"href":"https:\/\/dersuessestopp.com\/hu\/wp-json\/wp\/v2\/media\/10511"}],"wp:attachment":[{"href":"https:\/\/dersuessestopp.com\/hu\/wp-json\/wp\/v2\/media?parent=10471"}],"wp:term":[{"taxonomy":"product_brand","embeddable":true,"href":"https:\/\/dersuessestopp.com\/hu\/wp-json\/wp\/v2\/product_brand?post=10471"},{"taxonomy":"product_cat","embeddable":true,"href":"https:\/\/dersuessestopp.com\/hu\/wp-json\/wp\/v2\/product_cat?post=10471"},{"taxonomy":"product_tag","embeddable":true,"href":"https:\/\/dersuessestopp.com\/hu\/wp-json\/wp\/v2\/product_tag?post=10471"}],"curies":[{"name":"wp","href":"https:\/\/api.w.org\/{rel}","templated":true}]}}