{"id":10416,"date":"2025-09-29T14:59:34","date_gmt":"2025-09-29T14:59:34","guid":{"rendered":"https:\/\/dersuessestopp.com\/?post_type=product&#038;p=10416"},"modified":"2025-10-08T22:21:19","modified_gmt":"2025-10-08T22:21:19","slug":"fr-372-v-fekete","status":"publish","type":"product","link":"https:\/\/dersuessestopp.com\/hu\/product\/fr-372-v-st-black\/","title":{"rendered":"FR 372 V. FEKETE"},"content":{"rendered":"<p data-start=\"203\" data-end=\"528\"><img fetchpriority=\"high\" decoding=\"async\" class=\"alignnone size-full wp-image-11871\" src=\"https:\/\/dersuessestopp.com\/wp-content\/uploads\/2025\/09\/FR372VGCST_FR372VST-Dettagli.jpg\" alt=\"\" width=\"2000\" height=\"600\" srcset=\"https:\/\/dersuessestopp.com\/wp-content\/uploads\/2025\/09\/FR372VGCST_FR372VST-Dettagli.jpg 2000w, https:\/\/dersuessestopp.com\/wp-content\/uploads\/2025\/09\/FR372VGCST_FR372VST-Dettagli-300x90.jpg 300w, https:\/\/dersuessestopp.com\/wp-content\/uploads\/2025\/09\/FR372VGCST_FR372VST-Dettagli-1024x307.jpg 1024w, https:\/\/dersuessestopp.com\/wp-content\/uploads\/2025\/09\/FR372VGCST_FR372VST-Dettagli-768x230.jpg 768w, https:\/\/dersuessestopp.com\/wp-content\/uploads\/2025\/09\/FR372VGCST_FR372VST-Dettagli-1536x461.jpg 1536w, https:\/\/dersuessestopp.com\/wp-content\/uploads\/2025\/09\/FR372VGCST_FR372VST-Dettagli-250x75.jpg 250w, https:\/\/dersuessestopp.com\/wp-content\/uploads\/2025\/09\/FR372VGCST_FR372VST-Dettagli-600x180.jpg 600w\" sizes=\"(max-width: 2000px) 100vw, 2000px\" \/><\/p>\n<p data-start=\"203\" data-end=\"528\">A <strong data-start=\"207\" data-end=\"222\">FR 372 V ST<\/strong> hivat\u00e1sos <strong data-start=\"241\" data-end=\"268\">statikus f\u00fcgg\u0151leges fagyaszt\u00f3<\/strong> a cukr\u00e1szd\u00e1k, konyh\u00e1k \u00e9s kiskereskedelmi k\u00f6rnyezetek hat\u00e9kony fagyasztott t\u00e1rol\u00e1s\u00e1ra tervezt\u00e9k. A <strong data-start=\"368\" data-end=\"389\">robusztus ac\u00e9ltest<\/strong>, <strong data-start=\"391\" data-end=\"416\">LED-es bels\u0151 vil\u00e1g\u00edt\u00e1s<\/strong>, \u00e9s <strong data-start=\"422\" data-end=\"443\">kompakt helyig\u00e9ny<\/strong>, megb\u00edzhat\u00f3 teljes\u00edtm\u00e9nyt \u00e9s k\u00f6nny\u0171 hozz\u00e1f\u00e9r\u00e9st biztos\u00edt a mindennapi professzion\u00e1lis haszn\u00e1lathoz.<\/p>\n<p data-start=\"530\" data-end=\"844\">M\u0171k\u00f6d\u00e9s egy <strong data-start=\"549\" data-end=\"590\">-24 \u00b0C-t\u00f3l -18 \u00b0C-ig terjed\u0151 h\u0151m\u00e9rs\u00e9klet-tartom\u00e1nyban<\/strong>, az FR 372 V ST biztos\u00edtja a k\u00f6vetkezetes fagyaszt\u00e1st \u00e9s a term\u00e9kek tart\u00f3s\u00edt\u00e1s\u00e1t. A <strong data-start=\"666\" data-end=\"690\">\u00e9rint\u0151leges ventil\u00e1tor motor<\/strong> egyenletes h\u0151m\u00e9rs\u00e9klet-eloszl\u00e1st biztos\u00edt, m\u00edg a <strong data-start=\"744\" data-end=\"769\">mechanikus termoszt\u00e1t<\/strong> \u00e9s <strong data-start=\"774\" data-end=\"799\">k\u00e9zi leolvaszt\u00f3 rendszer<\/strong> egyszer\u0171 \u00e9s alacsony karbantart\u00e1si ig\u00e9ny\u0171 m\u0171k\u00f6d\u00e9st tesznek lehet\u0151v\u00e9.<\/p>\n<p data-start=\"846\" data-end=\"865\"><strong data-start=\"846\" data-end=\"863\">Kulcsfontoss\u00e1g\u00fa jellemz\u0151k:<\/strong><\/p>\n<ul data-start=\"866\" data-end=\"1351\">\n<li data-start=\"866\" data-end=\"906\">\n<p data-start=\"868\" data-end=\"906\">Statikus ventil\u00e1torral seg\u00edtett f\u00fcgg\u0151leges fagyaszt\u00f3<\/p>\n<\/li>\n<li data-start=\"907\" data-end=\"945\">\n<p data-start=\"909\" data-end=\"945\">H\u0151m\u00e9rs\u00e9klet-tartom\u00e1ny: -24 \u00b0C \/ -18 \u00b0C<\/p>\n<\/li>\n<li data-start=\"946\" data-end=\"984\">\n<p data-start=\"948\" data-end=\"984\">Tangenci\u00e1lis ventil\u00e1tor az egyenletes l\u00e9g\u00e1raml\u00e1s\u00e9rt<\/p>\n<\/li>\n<li data-start=\"985\" data-end=\"1045\">\n<p data-start=\"987\" data-end=\"1045\">Mechanikus h\u0151m\u00e9rs\u00e9klet-szab\u00e1lyoz\u00e1s anal\u00f3g h\u0151m\u00e9r\u0151vel<\/p>\n<\/li>\n<li data-start=\"1046\" data-end=\"1071\">\n<p data-start=\"1048\" data-end=\"1071\">K\u00e9zi leolvaszt\u00f3 rendszer<\/p>\n<\/li>\n<li data-start=\"1072\" data-end=\"1111\">\n<p data-start=\"1074\" data-end=\"1111\">5 \u00e1ll\u00edthat\u00f3 polc (488 \u00d7 392 mm)<\/p>\n<\/li>\n<li data-start=\"1112\" data-end=\"1139\">\n<p data-start=\"1114\" data-end=\"1139\">\u00d6nz\u00e1r\u00f3 t\u00f6m\u00f6r ajt\u00f3<\/p>\n<\/li>\n<li data-start=\"1140\" data-end=\"1165\">\n<p data-start=\"1142\" data-end=\"1165\">LED-es bels\u0151 vil\u00e1g\u00edt\u00e1s<\/p>\n<\/li>\n<li data-start=\"1166\" data-end=\"1226\">\n<p data-start=\"1168\" data-end=\"1226\">2 g\u00f6rg\u0151 + 2 \u00e1ll\u00edthat\u00f3 l\u00e1b a mobilit\u00e1s \u00e9s stabilit\u00e1s \u00e9rdek\u00e9ben<\/p>\n<\/li>\n<li data-start=\"1227\" data-end=\"1292\">\n<p data-start=\"1229\" data-end=\"1292\">Tart\u00f3s, el\u0151re festett, korr\u00f3zi\u00f3\u00e1ll\u00f3 ac\u00e9ltest ABS bels\u0151vel<\/p>\n<\/li>\n<li data-start=\"1293\" data-end=\"1320\">\n<p data-start=\"1295\" data-end=\"1320\">Nett\u00f3 kapacit\u00e1s: <strong data-start=\"1309\" data-end=\"1318\">361 L<\/strong><\/p>\n<\/li>\n<li data-start=\"1321\" data-end=\"1351\">\n<p data-start=\"1323\" data-end=\"1351\">Alacsony zajszint: <strong data-start=\"1340\" data-end=\"1349\">54 dB<\/strong><\/p>\n<\/li>\n<\/ul>\n<p data-start=\"1353\" data-end=\"1496\">Megb\u00edzhat\u00f3, funkcion\u00e1lis \u00e9s tart\u00f3san meg\u00e9p\u00edtett - a <strong data-start=\"1399\" data-end=\"1414\">FR 372 V ST<\/strong> konzisztens fagyaszt\u00e1si teljes\u00edtm\u00e9nyt ny\u00fajt a professzion\u00e1lis t\u00e1rol\u00e1si alkalmaz\u00e1sokhoz.<\/p>\n<p data-start=\"1353\" data-end=\"1496\">\n<table style=\"height: 665px;\" width=\"524\" cellspacing=\"0\">\n<tbody>\n<tr>\n<td bgcolor=\"#FFFFFF\">\n<p class=\"s12\">M\u00e9retek mm<\/p>\n<\/td>\n<td bgcolor=\"#FFFFFF\">\n<p class=\"s12\">FR 372 VGC ST<\/p>\n<\/td>\n<td bgcolor=\"#FFFFFF\">\n<p class=\"s12\"><span dir=\"auto\">FR 372 V ST<\/span><\/p>\n<\/td>\n<\/tr>\n<tr>\n<td>\n<p class=\"s13\">K\u00fcls\u0151 m\u00e9retek (WxDxH)<\/p>\n<\/td>\n<td>\n<p class=\"s13\">640 x 670 x 2056<\/p>\n<\/td>\n<td>\n<p class=\"s13\">640 x 670 x 1875<\/p>\n<\/td>\n<\/tr>\n<tr>\n<td>\n<p class=\"s13\"><span dir=\"auto\">Csomagol\u00e1si m\u00e9retek (\u00a0<\/span><span dir=\"auto\">WxDxH)<\/span><\/p>\n<\/td>\n<td>\n<p class=\"s13\">650 x 710 x 2160<\/p>\n<\/td>\n<td>\n<p class=\"s13\">650 x 710 x 1975<\/p>\n<\/td>\n<\/tr>\n<tr>\n<td>\n<p class=\"s13\"><span dir=\"auto\">\u00a0<\/span><span dir=\"auto\">Sz\u00e9less\u00e9g<\/span><\/p>\n<\/td>\n<td>\n<p class=\"s13\">490<\/p>\n<\/td>\n<td>\n<p class=\"s13\"><span dir=\"auto\">490<\/span><\/p>\n<\/td>\n<\/tr>\n<tr>\n<td>\n<p class=\"s13\"><span dir=\"auto\">M\u00e9lys\u00e9g<\/span><\/p>\n<\/td>\n<td>\n<p class=\"s13\">469<\/p>\n<\/td>\n<td>\n<p class=\"s13\"><span dir=\"auto\">469<\/span><\/p>\n<\/td>\n<\/tr>\n<tr>\n<td>\n<p class=\"s13\"><span dir=\"auto\">Magass\u00e1g<\/span><\/p>\n<\/td>\n<td>\n<p class=\"s13\">1570<\/p>\n<\/td>\n<td>\n<p class=\"s13\"><span dir=\"auto\">1570<\/span><\/p>\n<\/td>\n<\/tr>\n<tr>\n<td>\n<p class=\"s13\"><span dir=\"auto\">Min. Magass\u00e1g<\/span><\/p>\n<\/td>\n<td>\n<p class=\"s13\">259<\/p>\n<\/td>\n<td>\n<p class=\"s13\"><span dir=\"auto\">259<\/span><\/p>\n<\/td>\n<\/tr>\n<tr>\n<td>\n<p class=\"s13\"><span dir=\"auto\">\u00a0<\/span><span dir=\"auto\">Min. Sz\u00e9less\u00e9g<\/span><\/p>\n<\/td>\n<td>\n<p class=\"s13\">1470<\/p>\n<\/td>\n<td>\n<p class=\"s13\"><span dir=\"auto\">1470<\/span><\/p>\n<\/td>\n<\/tr>\n<tr>\n<td>\n<p class=\"s13\"><span dir=\"auto\">Oldal\u00a0<\/span><span dir=\"auto\">Matrica<\/span><\/p>\n<\/td>\n<td>\n<p class=\"s13\">537 x 2020<\/p>\n<\/td>\n<td>\n<p class=\"s13\">537 x 1832<\/p>\n<\/td>\n<\/tr>\n<tr>\n<td>\n<p class=\"s13\"><span dir=\"auto\">\u00dcveg matrica<\/span><\/p>\n<\/td>\n<td>\n<p class=\"s13\">548 x 1560<\/p>\n<\/td>\n<td>\n<p class=\"s13\"><span dir=\"auto\">548 x 1560<\/span><\/p>\n<\/td>\n<\/tr>\n<tr>\n<td>\n<p class=\"s13\"><span dir=\"auto\">Baldachin matrica<\/span><\/p>\n<\/td>\n<td>\n<p class=\"s13\">625 x 187<\/p>\n<\/td>\n<td>\n<p class=\"s13\">&#8211;<\/p>\n<\/td>\n<\/tr>\n<\/tbody>\n<\/table>\n<p>&nbsp;<\/p>\n<table style=\"height: 1452px;\" width=\"990\" cellspacing=\"0\">\n<tbody>\n<tr>\n<td bgcolor=\"#FFFFFF\">\n<p class=\"s12\"><span dir=\"auto\">M\u0171szaki jellemz\u0151k<\/span><\/p>\n<\/td>\n<td bgcolor=\"#FFFFFF\">\n<p class=\"s12\"><span dir=\"auto\">FR 372 VGC ST<\/span><\/p>\n<\/td>\n<td bgcolor=\"#FFFFFF\">\n<p class=\"s12\"><span dir=\"auto\">FR 372 V ST<\/span><\/p>\n<\/td>\n<\/tr>\n<tr>\n<td>\n<p class=\"s13\">H\u0151m\u00e9rs\u00e9klet tartom\u00e1ny<\/p>\n<\/td>\n<td>\n<p class=\"s13\">-24 \u00b0C \/ -18 \u00b0C<\/p>\n<\/td>\n<td>\n<p class=\"s13\"><span dir=\"auto\">-24 \u00b0C \/ -18 \u00b0C<\/span><\/p>\n<\/td>\n<\/tr>\n<tr>\n<td>\n<p class=\"s13\"><span dir=\"auto\">\u00c9ghajlat\u00a0<\/span><span dir=\"auto\">Oszt\u00e1ly<\/span><\/p>\n<\/td>\n<td>\n<p class=\"s13\">4<\/p>\n<\/td>\n<td>\n<p class=\"s13\"><span dir=\"auto\">4<\/span><\/p>\n<\/td>\n<\/tr>\n<tr>\n<td>\n<p class=\"s13\">\u00a0Nett\u00f3-brutt\u00f3 volumen<\/p>\n<\/td>\n<td>\n<p class=\"s13\">361 \/ 382 hadnagy<\/p>\n<\/td>\n<td>\n<p class=\"s13\"><span dir=\"auto\">361 \/ 382 hadnagy<\/span><\/p>\n<\/td>\n<\/tr>\n<tr>\n<td>\n<p class=\"s13\"><span dir=\"auto\">K\u00fcls\u0151 testfel\u00fclet<\/span><\/p>\n<\/td>\n<td>\n<p class=\"s13\"><span dir=\"auto\">El\u0151re festett f\u00e9mlemez <\/span><span dir=\"auto\">korr\u00f3zi\u00f3g\u00e1tl\u00f3 kezel\u00e9ssel<\/span><\/p>\n<\/td>\n<td>\n<p class=\"s13\"><span dir=\"auto\">El\u0151re festett f\u00e9mlemez <\/span><span dir=\"auto\">korr\u00f3zi\u00f3g\u00e1tl\u00f3 kezel\u00e9ssel<\/span><\/p>\n<\/td>\n<\/tr>\n<tr>\n<td>\n<p class=\"s13\"><span dir=\"auto\">Bels\u0151\u00a0<\/span><span dir=\"auto\">B\u00e9l\u00e9stest<\/span><\/p>\n<\/td>\n<td>\n<p class=\"s13\"><span dir=\"auto\">ABS<\/span><\/p>\n<\/td>\n<td>\n<p class=\"s13\"><span dir=\"auto\">ABS<\/span><\/p>\n<\/td>\n<\/tr>\n<tr>\n<td>\n<p class=\"s13\">H\u0151m\u00e9r\u0151<\/p>\n<\/td>\n<td>\n<p class=\"s13\"><span dir=\"auto\">Anal\u00f3g<\/span><span dir=\"auto\">\u200b<\/span><\/p>\n<\/td>\n<td>\n<p class=\"s13\"><span dir=\"auto\">Anal\u00f3g<\/span><span dir=\"auto\">\u200b<\/span><\/p>\n<\/td>\n<\/tr>\n<tr>\n<td>\n<p class=\"s13\"><span dir=\"auto\">H\u0151m\u00e9rs\u00e9klet szab\u00e1lyoz\u00f3 \/\u00a0<\/span><span dir=\"auto\">Vez\u00e9rl\u0151<\/span><\/p>\n<\/td>\n<td>\n<p class=\"s13\"><span dir=\"auto\">Mechanikus<\/span><\/p>\n<\/td>\n<td>\n<p class=\"s13\"><span dir=\"auto\">Mechanikus<\/span><\/p>\n<\/td>\n<\/tr>\n<tr>\n<td>\n<p class=\"s13\"><span dir=\"auto\">Zaj\u00a0<\/span><span dir=\"auto\">szint<\/span><\/p>\n<\/td>\n<td>\n<p class=\"s13\">dB 54<\/p>\n<\/td>\n<td>\n<p class=\"s13\"><span dir=\"auto\">dB 54<\/span><\/p>\n<\/td>\n<\/tr>\n<tr>\n<td>\n<p class=\"s13\">Szigetel\u00e9s vastags\u00e1ga<\/p>\n<\/td>\n<td>\n<p class=\"s13\">mm 60<\/p>\n<\/td>\n<td>\n<p class=\"s13\"><span dir=\"auto\">mm 60<\/span><\/p>\n<\/td>\n<\/tr>\n<tr>\n<td>\n<p class=\"s13\"><span dir=\"auto\">Leolvaszt\u00e1s<\/span><\/p>\n<\/td>\n<td>\n<p class=\"s13\"><span dir=\"auto\">\u00a0<\/span><span dir=\"auto\">K\u00e9zi<\/span><\/p>\n<\/td>\n<td>\n<p class=\"s13\"><span dir=\"auto\">K\u00e9zi<\/span><\/p>\n<\/td>\n<\/tr>\n<tr>\n<td>\n<p class=\"s13\"><span dir=\"auto\">Vil\u00e1g\u00edt\u00e1s<\/span><span dir=\"auto\">\u200b<\/span><\/p>\n<\/td>\n<td>\n<p class=\"s13\"><span dir=\"auto\">1 v\u00edzszintes LED<\/span><\/p>\n<\/td>\n<td>\n<p class=\"s13\"><span dir=\"auto\">1 v\u00edzszintes LED<\/span><\/p>\n<\/td>\n<\/tr>\n<tr>\n<td>\n<p class=\"s13\"><span dir=\"auto\">Self-\u00a0<\/span><span dir=\"auto\">z\u00e1r\u00f3d\u00f3 ajt\u00f3<\/span><\/p>\n<\/td>\n<td>\n<p class=\"s13\"><span dir=\"auto\">Igen<\/span><span dir=\"auto\">\u200b<\/span><\/p>\n<\/td>\n<td>\n<p class=\"s13\"><span dir=\"auto\">Igen<\/span><span dir=\"auto\">\u200b<\/span><\/p>\n<\/td>\n<\/tr>\n<tr>\n<td>\n<p class=\"s13\"><span dir=\"auto\">Lock\u00a0<\/span><span dir=\"auto\">\u00e9s a kulcs<\/span><\/p>\n<\/td>\n<td>\n<p class=\"s13\"><span dir=\"auto\">Igen<\/span><span dir=\"auto\">\u200b<\/span><\/p>\n<\/td>\n<td>\n<p class=\"s14\"><span dir=\"auto\">&#8211;<\/span><\/p>\n<\/td>\n<\/tr>\n<tr>\n<td>\n<p class=\"s13\">Polcok (WxD)<\/p>\n<\/td>\n<td>\n<p class=\"s13\">N\u00b0 5 - mm 488 x 392<\/p>\n<\/td>\n<td>\n<p class=\"s13\"><span dir=\"auto\">N\u00b0 5 - mm 488 x 392<\/span><\/p>\n<\/td>\n<\/tr>\n<tr>\n<td>\n<p class=\"s13\"><span dir=\"auto\">G\u00f6rg\u0151k - l\u00e1bak\u00a0<\/span><\/p>\n<\/td>\n<td>\n<p class=\"s14\">2 l\u00e1b - 2 g\u00f6rg\u0151<\/p>\n<\/td>\n<td>\n<p class=\"s14\"><span dir=\"auto\">2 l\u00e1b - 2 g\u00f6rg\u0151<\/span><\/p>\n<\/td>\n<\/tr>\n<tr>\n<td>\n<p class=\"s13\"><span dir=\"auto\">Net-\u00a0<\/span><span dir=\"auto\">Brutt\u00f3 t\u00f6meg<\/span><\/p>\n<\/td>\n<td>\n<p class=\"s13\">Kg 100 \/ 109<\/p>\n<\/td>\n<td>\n<p class=\"s13\">Kg 98 \/ 106<\/p>\n<\/td>\n<\/tr>\n<tr>\n<td>\n<p class=\"s13\"><span dir=\"auto\">Fesz\u00fclts\u00e9g<\/span><span dir=\"auto\">\u200b<\/span><\/p>\n<\/td>\n<td>\n<p class=\"s13\"><span dir=\"auto\">220-240<\/span><\/p>\n<\/td>\n<td>\n<p class=\"s13\"><span dir=\"auto\">220-240<\/span><\/p>\n<\/td>\n<\/tr>\n<tr>\n<td>\n<p class=\"s13\"><span dir=\"auto\">Frekvencia<\/span><span dir=\"auto\">\u200b<\/span><\/p>\n<\/td>\n<td>\n<p class=\"s13\">Hz 50<\/p>\n<\/td>\n<td>\n<p class=\"s13\"><span dir=\"auto\">Hz 50<\/span><\/p>\n<\/td>\n<\/tr>\n<tr>\n<td>\n<p class=\"s13\"><span dir=\"auto\">H\u0171t\u0151k\u00f6zeg<\/span><\/p>\n<\/td>\n<td>\n<p class=\"s13\"><span dir=\"auto\">R290<\/span><\/p>\n<\/td>\n<td>\n<p class=\"s13\"><span dir=\"auto\">R290<\/span><\/p>\n<\/td>\n<\/tr>\n<tr>\n<td>\n<p class=\"s13\"><span dir=\"auto\">Abszorpci\u00f3<\/span><span dir=\"auto\">\u200b<\/span><\/p>\n<\/td>\n<td>\n<p class=\"s13\"><span dir=\"auto\">598-ban<\/span><\/p>\n<\/td>\n<td>\n<p class=\"s13\"><span dir=\"auto\">598-ban<\/span><\/p>\n<\/td>\n<\/tr>\n<tr>\n<td>\n<p class=\"s13\"><span dir=\"auto\">Energia\u00a0<\/span><span dir=\"auto\">Fogyaszt\u00e1s<\/span><\/p>\n<\/td>\n<td>\n<p class=\"s13\"><span dir=\"auto\">KwH\/24H 13,00<\/span><\/p>\n<\/td>\n<td>\n<p class=\"s13\"><span dir=\"auto\">KwH\/24H 13,00<\/span><\/p>\n<\/td>\n<\/tr>\n<\/tbody>\n<\/table>","protected":false},"excerpt":{"rendered":"<p>-24 \u00b0C \/ -18 \u00b0C Statikus \u00e1ll\u00f3fagyaszt\u00f3 kever\u0151vel<\/p>","protected":false},"featured_media":10493,"comment_status":"open","ping_status":"closed","template":"","meta":[],"product_brand":[],"product_cat":[53,99],"product_tag":[],"class_list":{"0":"post-10416","1":"product","2":"type-product","3":"status-publish","4":"has-post-thumbnail","6":"product_cat-pastry-bakery-cooling","7":"product_cat-upright-freezers","9":"first","10":"instock","11":"shipping-taxable","12":"purchasable","13":"product-type-simple"},"_links":{"self":[{"href":"https:\/\/dersuessestopp.com\/hu\/wp-json\/wp\/v2\/product\/10416","targetHints":{"allow":["GET"]}}],"collection":[{"href":"https:\/\/dersuessestopp.com\/hu\/wp-json\/wp\/v2\/product"}],"about":[{"href":"https:\/\/dersuessestopp.com\/hu\/wp-json\/wp\/v2\/types\/product"}],"replies":[{"embeddable":true,"href":"https:\/\/dersuessestopp.com\/hu\/wp-json\/wp\/v2\/comments?post=10416"}],"version-history":[{"count":3,"href":"https:\/\/dersuessestopp.com\/hu\/wp-json\/wp\/v2\/product\/10416\/revisions"}],"predecessor-version":[{"id":11879,"href":"https:\/\/dersuessestopp.com\/hu\/wp-json\/wp\/v2\/product\/10416\/revisions\/11879"}],"wp:featuredmedia":[{"embeddable":true,"href":"https:\/\/dersuessestopp.com\/hu\/wp-json\/wp\/v2\/media\/10493"}],"wp:attachment":[{"href":"https:\/\/dersuessestopp.com\/hu\/wp-json\/wp\/v2\/media?parent=10416"}],"wp:term":[{"taxonomy":"product_brand","embeddable":true,"href":"https:\/\/dersuessestopp.com\/hu\/wp-json\/wp\/v2\/product_brand?post=10416"},{"taxonomy":"product_cat","embeddable":true,"href":"https:\/\/dersuessestopp.com\/hu\/wp-json\/wp\/v2\/product_cat?post=10416"},{"taxonomy":"product_tag","embeddable":true,"href":"https:\/\/dersuessestopp.com\/hu\/wp-json\/wp\/v2\/product_tag?post=10416"}],"curies":[{"name":"wp","href":"https:\/\/api.w.org\/{rel}","templated":true}]}}