{"id":10415,"date":"2025-09-29T14:59:34","date_gmt":"2025-09-29T14:59:34","guid":{"rendered":"https:\/\/dersuessestopp.com\/?post_type=product&#038;p=10415"},"modified":"2025-09-29T14:59:58","modified_gmt":"2025-09-29T14:59:58","slug":"fr-570-vgc-nf","status":"publish","type":"product","link":"https:\/\/dersuessestopp.com\/hu\/product\/fr-570-vgc-nf\/","title":{"rendered":"FR 570 VGC NF"},"content":{"rendered":"<p>-22 \u00b0C \/ -18 \u00b0C Statikus \u00e1ll\u00f3fagyaszt\u00f3 kever\u0151vel<\/p>","protected":false},"excerpt":{"rendered":"<p>-22 \u00b0C \/ -18 \u00b0C Statikus \u00e1ll\u00f3 fagyaszt\u00f3szekr\u00e9ny kever\u0151vel ENERGIAKL\u00c1ZIS ENERGIASZINT\u0170<\/p>","protected":false},"featured_media":10491,"comment_status":"open","ping_status":"closed","template":"","meta":[],"product_brand":[],"product_cat":[99],"product_tag":[],"class_list":{"0":"post-10415","1":"product","2":"type-product","3":"status-publish","4":"has-post-thumbnail","6":"product_cat-upright-freezers","8":"first","9":"instock","10":"shipping-taxable","11":"purchasable","12":"product-type-simple"},"_links":{"self":[{"href":"https:\/\/dersuessestopp.com\/hu\/wp-json\/wp\/v2\/product\/10415","targetHints":{"allow":["GET"]}}],"collection":[{"href":"https:\/\/dersuessestopp.com\/hu\/wp-json\/wp\/v2\/product"}],"about":[{"href":"https:\/\/dersuessestopp.com\/hu\/wp-json\/wp\/v2\/types\/product"}],"replies":[{"embeddable":true,"href":"https:\/\/dersuessestopp.com\/hu\/wp-json\/wp\/v2\/comments?post=10415"}],"version-history":[{"count":1,"href":"https:\/\/dersuessestopp.com\/hu\/wp-json\/wp\/v2\/product\/10415\/revisions"}],"predecessor-version":[{"id":10492,"href":"https:\/\/dersuessestopp.com\/hu\/wp-json\/wp\/v2\/product\/10415\/revisions\/10492"}],"wp:featuredmedia":[{"embeddable":true,"href":"https:\/\/dersuessestopp.com\/hu\/wp-json\/wp\/v2\/media\/10491"}],"wp:attachment":[{"href":"https:\/\/dersuessestopp.com\/hu\/wp-json\/wp\/v2\/media?parent=10415"}],"wp:term":[{"taxonomy":"product_brand","embeddable":true,"href":"https:\/\/dersuessestopp.com\/hu\/wp-json\/wp\/v2\/product_brand?post=10415"},{"taxonomy":"product_cat","embeddable":true,"href":"https:\/\/dersuessestopp.com\/hu\/wp-json\/wp\/v2\/product_cat?post=10415"},{"taxonomy":"product_tag","embeddable":true,"href":"https:\/\/dersuessestopp.com\/hu\/wp-json\/wp\/v2\/product_tag?post=10415"}],"curies":[{"name":"wp","href":"https:\/\/api.w.org\/{rel}","templated":true}]}}