{"id":10412,"date":"2025-09-29T14:59:33","date_gmt":"2025-09-29T14:59:33","guid":{"rendered":"https:\/\/dersuessestopp.com\/?post_type=product&#038;p=10412"},"modified":"2025-10-08T22:11:13","modified_gmt":"2025-10-08T22:11:13","slug":"jeg-8","status":"publish","type":"product","link":"https:\/\/dersuessestopp.com\/hu\/product\/ice-8\/","title":{"rendered":"ICE 8"},"content":{"rendered":"<p data-start=\"160\" data-end=\"459\"><img fetchpriority=\"high\" decoding=\"async\" class=\"alignnone wp-image-11814 size-full\" src=\"https:\/\/dersuessestopp.com\/wp-content\/uploads\/2025\/09\/ICE7_ICE8-Dettagli.jpg\" alt=\"\" width=\"2000\" height=\"600\" srcset=\"https:\/\/dersuessestopp.com\/wp-content\/uploads\/2025\/09\/ICE7_ICE8-Dettagli.jpg 2000w, https:\/\/dersuessestopp.com\/wp-content\/uploads\/2025\/09\/ICE7_ICE8-Dettagli-300x90.jpg 300w, https:\/\/dersuessestopp.com\/wp-content\/uploads\/2025\/09\/ICE7_ICE8-Dettagli-1024x307.jpg 1024w, https:\/\/dersuessestopp.com\/wp-content\/uploads\/2025\/09\/ICE7_ICE8-Dettagli-768x230.jpg 768w, https:\/\/dersuessestopp.com\/wp-content\/uploads\/2025\/09\/ICE7_ICE8-Dettagli-1536x461.jpg 1536w, https:\/\/dersuessestopp.com\/wp-content\/uploads\/2025\/09\/ICE7_ICE8-Dettagli-250x75.jpg 250w, https:\/\/dersuessestopp.com\/wp-content\/uploads\/2025\/09\/ICE7_ICE8-Dettagli-600x180.jpg 600w\" sizes=\"(max-width: 2000px) 100vw, 2000px\" \/><\/p>\n<p data-start=\"160\" data-end=\"459\">A <strong data-start=\"164\" data-end=\"173\">ICE 8<\/strong> egy nagy kapacit\u00e1s\u00fa <strong data-start=\"193\" data-end=\"229\">statikus fagylaltkijelz\u0151 fagyaszt\u00f3<\/strong>, ide\u00e1lis professzion\u00e1lis fagylaltoz\u00f3k, cukr\u00e1szd\u00e1k \u00e9s k\u00e1v\u00e9z\u00f3k sz\u00e1m\u00e1ra. A teljes\u00edtm\u00e9ny \u00e9s a bemutat\u00f3 szempontj\u00e1b\u00f3l egyar\u00e1nt tervezett, a k\u00f6vetkez\u0151 tartom\u00e1nyban m\u0171k\u00f6dik <strong data-start=\"359\" data-end=\"380\">-23 \u00b0C \u00e9s -13 \u00b0C<\/strong>, a fagylalt \u00e9s a fagyasztott desszertek optim\u00e1lis t\u00e1lal\u00e1si h\u0151m\u00e9rs\u00e9klet\u00e9nek fenntart\u00e1sa.<\/p>\n<p data-start=\"461\" data-end=\"748\">Egy <strong data-start=\"473\" data-end=\"503\">n\u00e9gyoldal\u00fa \u00fcvegszerkezet<\/strong>, <strong data-start=\"505\" data-end=\"527\">\u00fcveg tol\u00f3fedelek<\/strong>, \u00e9s <strong data-start=\"533\" data-end=\"549\">LED vil\u00e1g\u00edt\u00e1s<\/strong>, az ICE 8 kiv\u00e1l\u00f3 l\u00e1that\u00f3s\u00e1got \u00e9s megk\u00f6zel\u00edthet\u0151s\u00e9get biztos\u00edt. \u00c9p\u00edtett <strong data-start=\"621\" data-end=\"660\">el\u0151festett korr\u00f3zi\u00f3\u00e1ll\u00f3 ac\u00e9ltest<\/strong> \u00e9s <strong data-start=\"665\" data-end=\"695\">dombornyomott alum\u00ednium bels\u0151 t\u00e9r<\/strong>, biztos\u00edtja a tart\u00f3ss\u00e1got \u00e9s az egyenletes teljes\u00edtm\u00e9nyt.<\/p>\n<p data-start=\"750\" data-end=\"928\"><strong data-start=\"750\" data-end=\"767\">Kulcsfontoss\u00e1g\u00fa jellemz\u0151k:<\/strong> Statikus h\u0171t\u00e9s, LED vil\u00e1g\u00edt\u00e1s, k\u00e9zi leolvaszt\u00e1s, mechanikus termoszt\u00e1t, z\u00e1r \u00e9s kulcs, 4 g\u00f6rg\u0151s kerekek.<br data-start=\"871\" data-end=\"874\" \/><strong data-start=\"874\" data-end=\"887\">Kapacit\u00e1s:<\/strong> 8 szabv\u00e1nyos fagylaltos t\u00e1l (nem tartoz\u00e9k).<\/p>\n<p data-start=\"750\" data-end=\"928\">\n<table style=\"height: 740px;\" width=\"945\" cellspacing=\"0\">\n<tbody>\n<tr>\n<td bgcolor=\"#FFFFFF\">\n<p class=\"s10\"><span dir=\"auto\">M\u00e9retek mm<\/span><\/p>\n<\/td>\n<td bgcolor=\"#FFFFFF\">\n<p class=\"s10\"><span dir=\"auto\">ICE 7<\/span><\/p>\n<\/td>\n<td bgcolor=\"#FFFFFF\">\n<p class=\"s10\"><span dir=\"auto\">ICE 8<\/span><\/p>\n<\/td>\n<\/tr>\n<tr>\n<td>\n<p class=\"s11\"><span dir=\"auto\">K\u00fcls\u0151 m\u00e9retek (\u00a0<\/span><span dir=\"auto\">WxDxH)<\/span><\/p>\n<\/td>\n<td>\n<p class=\"s11\"><span dir=\"auto\">1305 x 635 x 1240<\/span><\/p>\n<\/td>\n<td>\n<p class=\"s11\"><span dir=\"auto\">1555 x 635 x 1240<\/span><\/p>\n<\/td>\n<\/tr>\n<tr>\n<td>\n<p class=\"s11\"><span dir=\"auto\">Csomagol\u00e1s M\u00e9retek - h\u0171t\u00f6tt alap (SzxMxH)\u00a0<\/span><span dir=\"auto\">)<\/span><\/p>\n<\/td>\n<td>\n<p class=\"s11\"><span dir=\"auto\">1355 x 700 x 965<\/span><\/p>\n<\/td>\n<td>\n<p class=\"s11\"><span dir=\"auto\">1610 x 700 x 965<\/span><\/p>\n<\/td>\n<\/tr>\n<tr>\n<td>\n<p class=\"s11\"><span dir=\"auto\">Csomagol\u00e1si m\u00e9retek - \u00dcvegegys\u00e9g (SzxMxH)\u00a0<\/span><\/p>\n<\/td>\n<td>\n<p class=\"s11\"><span dir=\"auto\">1390 x 620 x 250<\/span><\/p>\n<\/td>\n<td>\n<p class=\"s11\"><span dir=\"auto\">1650 x 620 x 250<\/span><\/p>\n<\/td>\n<\/tr>\n<tr>\n<td>\n<p class=\"s11\"><span dir=\"auto\">\u00a0<\/span><span dir=\"auto\">Sz\u00e9less\u00e9g<\/span><\/p>\n<\/td>\n<td>\n<p class=\"s11\"><span dir=\"auto\">1180<\/span><\/p>\n<\/td>\n<td>\n<p class=\"s11\"><span dir=\"auto\">1430<\/span><\/p>\n<\/td>\n<\/tr>\n<tr>\n<td>\n<p class=\"s11\"><span dir=\"auto\">M\u00e9lys\u00e9g<\/span><\/p>\n<\/td>\n<td>\n<p class=\"s11\"><span dir=\"auto\">510<\/span><\/p>\n<\/td>\n<td>\n<p class=\"s11\"><span dir=\"auto\">510<\/span><\/p>\n<\/td>\n<\/tr>\n<tr>\n<td>\n<p class=\"s11\"><span dir=\"auto\">Magass\u00e1g<\/span><\/p>\n<\/td>\n<td>\n<p class=\"s11\"><span dir=\"auto\">560<\/span><\/p>\n<\/td>\n<td>\n<p class=\"s11\"><span dir=\"auto\">560<\/span><\/p>\n<\/td>\n<\/tr>\n<tr>\n<td>\n<p class=\"s11\"><span dir=\"auto\">Min. Magass\u00e1g<\/span><\/p>\n<\/td>\n<td>\n<p class=\"s11\"><span dir=\"auto\">330<\/span><\/p>\n<\/td>\n<td>\n<p class=\"s11\"><span dir=\"auto\">330<\/span><\/p>\n<\/td>\n<\/tr>\n<tr>\n<td>\n<p class=\"s11\"><span dir=\"auto\">\u00a0<\/span><span dir=\"auto\">Min. Sz\u00e9less\u00e9g<\/span><\/p>\n<\/td>\n<td>\n<p class=\"s11\"><span dir=\"auto\">970<\/span><\/p>\n<\/td>\n<td>\n<p class=\"s11\"><span dir=\"auto\">1210<\/span><\/p>\n<\/td>\n<\/tr>\n<tr>\n<td>\n<p class=\"s11\"><span dir=\"auto\">Jobb oldali oldal\u00a0<\/span><span dir=\"auto\">Matrica<\/span><\/p>\n<\/td>\n<td>\n<p class=\"s11\"><span dir=\"auto\">625 x 490\/379<\/span><\/p>\n<\/td>\n<td>\n<p class=\"s11\"><span dir=\"auto\">625 x 490\/379<\/span><\/p>\n<\/td>\n<\/tr>\n<tr>\n<td>\n<p class=\"s11\"><span dir=\"auto\">Bal oldali matrica<\/span><\/p>\n<\/td>\n<td>\n<p class=\"s11\"><span dir=\"auto\">625 x 750\/638<\/span><\/p>\n<\/td>\n<td>\n<p class=\"s11\"><span dir=\"auto\">625 x 750\/638<\/span><\/p>\n<\/td>\n<\/tr>\n<tr>\n<td>\n<p class=\"s11\"><span dir=\"auto\">El\u00f6l\u00a0<\/span><span dir=\"auto\">Matrica<\/span><\/p>\n<\/td>\n<td>\n<p class=\"s11\"><span dir=\"auto\">1295 x 643<\/span><\/p>\n<\/td>\n<td>\n<p class=\"s11\"><span dir=\"auto\">1545 x 643<\/span><\/p>\n<\/td>\n<\/tr>\n<\/tbody>\n<\/table>\n<p>&nbsp;<\/p>\n<table style=\"height: 1437px;\" width=\"1046\" cellspacing=\"0\">\n<tbody>\n<tr>\n<td bgcolor=\"#FFFFFF\">\n<p class=\"s10\"><span dir=\"auto\">M\u0171szaki jellemz\u0151k<\/span><\/p>\n<\/td>\n<td bgcolor=\"#FFFFFF\">\n<p class=\"s10\"><span dir=\"auto\">ICE 7<\/span><\/p>\n<\/td>\n<td bgcolor=\"#FFFFFF\">\n<p class=\"s10\"><span dir=\"auto\">ICE 8<\/span><\/p>\n<\/td>\n<\/tr>\n<tr>\n<td>\n<p class=\"s11\"><span dir=\"auto\">\u00a0<\/span><span dir=\"auto\">H\u0151m\u00e9rs\u00e9klet tartom\u00e1ny<\/span><\/p>\n<\/td>\n<td>\n<p class=\"s11\"><span dir=\"auto\">-23 \u00b0C \/ -13 \u00b0C<\/span><\/p>\n<\/td>\n<td>\n<p class=\"s11\"><span dir=\"auto\">-23 \u00b0C \/ -13 \u00b0C<\/span><\/p>\n<\/td>\n<\/tr>\n<tr>\n<td>\n<p class=\"s11\"><span dir=\"auto\">\u00c9ghajlat\u00a0<\/span><span dir=\"auto\">Oszt\u00e1ly<\/span><\/p>\n<\/td>\n<td>\n<p class=\"s11\"><span dir=\"auto\">4<\/span><\/p>\n<\/td>\n<td>\n<p class=\"s11\"><span dir=\"auto\">4<\/span><\/p>\n<\/td>\n<\/tr>\n<tr>\n<td>\n<p class=\"s11\"><span dir=\"auto\">\u00a0<\/span><span dir=\"auto\">Nett\u00f3-brutt\u00f3 volumen<\/span><\/p>\n<\/td>\n<td>\n<p class=\"s11\"><span dir=\"auto\">337 \/ 381 hadnagy<\/span><\/p>\n<\/td>\n<td>\n<p class=\"s11\"><span dir=\"auto\">414 \/ 467 hadnagy<\/span><\/p>\n<\/td>\n<\/tr>\n<tr>\n<td>\n<p class=\"s11\"><span dir=\"auto\">K\u00fcls\u0151 testfel\u00fclet<\/span><\/p>\n<\/td>\n<td>\n<p class=\"s11\"><span dir=\"auto\">El\u0151re festett f\u00e9mlemez <\/span><span dir=\"auto\">korr\u00f3zi\u00f3g\u00e1tl\u00f3 kezel\u00e9ssel<\/span><\/p>\n<\/td>\n<td>\n<p class=\"s11\"><span dir=\"auto\">El\u0151re festett f\u00e9mlemez <\/span><span dir=\"auto\">korr\u00f3zi\u00f3g\u00e1tl\u00f3 kezel\u00e9ssel<\/span><\/p>\n<\/td>\n<\/tr>\n<tr>\n<td>\n<p class=\"s11\"><span dir=\"auto\">Bels\u0151 fel\u00fclet\u00a0<\/span><span dir=\"auto\">Bels\u0151 b\u00e9l\u00e9s<\/span><\/p>\n<\/td>\n<td>\n<p class=\"s11\"><span dir=\"auto\">Dombornyomott alum\u00ednium<\/span><\/p>\n<\/td>\n<td>\n<p class=\"s11\"><span dir=\"auto\">Dombornyomott alum\u00ednium<\/span><\/p>\n<\/td>\n<\/tr>\n<tr>\n<td>\n<p class=\"s11\"><span dir=\"auto\">H\u0151m\u00e9r\u0151<\/span><span dir=\"auto\">\u200b<\/span><\/p>\n<\/td>\n<td>\n<p class=\"s11\"><span dir=\"auto\">Anal\u00f3g<\/span><span dir=\"auto\">\u200b<\/span><\/p>\n<\/td>\n<td>\n<p class=\"s11\"><span dir=\"auto\">Anal\u00f3g<\/span><span dir=\"auto\">\u200b<\/span><\/p>\n<\/td>\n<\/tr>\n<tr>\n<td>\n<p class=\"s11\"><span dir=\"auto\">H\u0151m\u00e9rs\u00e9klet szab\u00e1lyoz\u00f3 \/\u00a0<\/span><span dir=\"auto\">Vez\u00e9rl\u0151<\/span><\/p>\n<\/td>\n<td>\n<p class=\"s11\"><span dir=\"auto\">\u00a0<\/span><span dir=\"auto\">Mechanikus<\/span><\/p>\n<\/td>\n<td>\n<p class=\"s11\"><span dir=\"auto\">\u00a0<\/span><span dir=\"auto\">Mechanikus<\/span><\/p>\n<\/td>\n<\/tr>\n<tr>\n<td>\n<p class=\"s11\"><span dir=\"auto\">Zaj\u00a0<\/span><span dir=\"auto\">szint<\/span><\/p>\n<\/td>\n<td>\n<p class=\"s11\"><span dir=\"auto\">dB 52<\/span><\/p>\n<\/td>\n<td>\n<p class=\"s11\"><span dir=\"auto\">dB 53<\/span><\/p>\n<\/td>\n<\/tr>\n<tr>\n<td>\n<p class=\"s11\"><span dir=\"auto\">Szigetel\u00e9s\u00a0<\/span><span dir=\"auto\">vastags\u00e1g<\/span><\/p>\n<\/td>\n<td>\n<p class=\"s11\"><span dir=\"auto\">60 mm<\/span><\/p>\n<\/td>\n<td>\n<p class=\"s11\"><span dir=\"auto\">60 mm<\/span><\/p>\n<\/td>\n<\/tr>\n<tr>\n<td>\n<p class=\"s11\"><span dir=\"auto\">Leolvaszt\u00e1s\u00a0<\/span><\/p>\n<\/td>\n<td>\n<p class=\"s11\"><span dir=\"auto\">\u00a0<\/span><span dir=\"auto\">K\u00e9zi<\/span><\/p>\n<\/td>\n<td>\n<p class=\"s11\"><span dir=\"auto\">K\u00e9zi\u00a0<\/span><\/p>\n<\/td>\n<\/tr>\n<tr>\n<td>\n<p class=\"s11\"><span dir=\"auto\">Vil\u00e1g\u00edt\u00e1s\u00a0<\/span><\/p>\n<\/td>\n<td>\n<p class=\"s11\"><span dir=\"auto\">LED<\/span><\/p>\n<\/td>\n<td>\n<p class=\"s11\"><span dir=\"auto\">LED<\/span><\/p>\n<\/td>\n<\/tr>\n<tr>\n<td>\n<p class=\"s11\"><span dir=\"auto\">Lock\u00a0<\/span><span dir=\"auto\">\u00e9s a kulcs<\/span><\/p>\n<\/td>\n<td>\n<p class=\"s11\"><span dir=\"auto\">Igen<\/span><span dir=\"auto\">\u200b<\/span><\/p>\n<\/td>\n<td>\n<p class=\"s11\"><span dir=\"auto\">Igen<\/span><span dir=\"auto\">\u200b<\/span><\/p>\n<\/td>\n<\/tr>\n<tr>\n<td>\n<p class=\"s11\"><span dir=\"auto\">Rozsdamentes ac\u00e9l kosarak \u00e9s m\u00e9retek (SzxBxH)\u00a0<\/span><span dir=\"auto\">)<\/span><\/p>\n<\/td>\n<td>\n<p class=\"s11\"><span dir=\"auto\">Nem\u00a0<\/span><span dir=\"auto\">tartalmazza a  c\u00edmet.<\/span><\/p>\n<p class=\"s11\"><span dir=\"auto\">N\u00b0 7 - mm 165 x 360 x 100 - lt. 4.25<\/span><\/p>\n<p class=\"s11\"><span dir=\"auto\">N\u00b0 7 - 165 x 360 x 120 mm - lt. 5<\/span><\/p>\n<\/td>\n<td>\n<p class=\"s11\"><span dir=\"auto\">Nem\u00a0<\/span><span dir=\"auto\">tartalmazza a  c\u00edmet.<\/span><\/p>\n<p class=\"s11\"><span dir=\"auto\">N\u00b0 8 - mm 165 x 360 x 100 - lt. 4.25<\/span><\/p>\n<p class=\"s11\"><span dir=\"auto\">N\u00b0 8 - 165 x 360 x 120 mm - lt. 5<\/span><\/p>\n<\/td>\n<\/tr>\n<tr>\n<td>\n<p class=\"s11\"><span dir=\"auto\">G\u00f6rg\u0151k\u00a0<\/span><span dir=\"auto\">-Feet<\/span><\/p>\n<\/td>\n<td>\n<p class=\"s11\"><span dir=\"auto\">4 ker\u00e9k \/\u00a0<\/span><span dir=\"auto\">4 g\u00f6rg\u0151<\/span><\/p>\n<\/td>\n<td>\n<p class=\"s11\"><span dir=\"auto\">4 ker\u00e9k \/\u00a0<\/span><span dir=\"auto\">4 g\u00f6rg\u0151<\/span><\/p>\n<\/td>\n<\/tr>\n<tr>\n<td>\n<p class=\"s11\"><span dir=\"auto\">Net-\u00a0<\/span><span dir=\"auto\">Brutt\u00f3 t\u00f6meg<\/span><\/p>\n<\/td>\n<td>\n<p class=\"s11\"><span dir=\"auto\">105 \/ 115 kg<\/span><\/p>\n<\/td>\n<td>\n<p class=\"s11\"><span dir=\"auto\">120 \/ 131 kg<\/span><\/p>\n<\/td>\n<\/tr>\n<tr>\n<td>\n<p class=\"s11\"><span dir=\"auto\">Fesz\u00fclts\u00e9g<\/span><span dir=\"auto\">\u200b<\/span><\/p>\n<\/td>\n<td>\n<p class=\"s11\"><span dir=\"auto\">V 220-240<\/span><\/p>\n<\/td>\n<td>\n<p class=\"s11\"><span dir=\"auto\">V 220-240<\/span><\/p>\n<\/td>\n<\/tr>\n<tr>\n<td>\n<p class=\"s11\"><span dir=\"auto\">Frekvencia<\/span><span dir=\"auto\">\u200b<\/span><\/p>\n<\/td>\n<td>\n<p class=\"s11\"><span dir=\"auto\">Hz 50<\/span><\/p>\n<\/td>\n<td>\n<p class=\"s11\"><span dir=\"auto\">Hz 50<\/span><\/p>\n<\/td>\n<\/tr>\n<tr>\n<td>\n<p class=\"s11\"><span dir=\"auto\">H\u0171t\u0151k\u00f6zeg<\/span><span dir=\"auto\">\u200b<\/span><\/p>\n<\/td>\n<td>\n<p class=\"s11\"><span dir=\"auto\">R290<\/span><\/p>\n<\/td>\n<td>\n<p class=\"s11\"><span dir=\"auto\">R290<\/span><\/p>\n<\/td>\n<\/tr>\n<tr>\n<td>\n<p class=\"s11\"><span dir=\"auto\">Abszorpci\u00f3<\/span><span dir=\"auto\">\u200b<\/span><\/p>\n<\/td>\n<td>\n<p class=\"s11\"><span dir=\"auto\">W 299<\/span><\/p>\n<\/td>\n<td>\n<p class=\"s11\"><span dir=\"auto\">W 293<\/span><\/p>\n<\/td>\n<\/tr>\n<tr>\n<td>\n<p class=\"s11\"><span dir=\"auto\">Energiafogyaszt\u00e1s<\/span><\/p>\n<\/td>\n<td>\n<p class=\"s11\"><span dir=\"auto\">KwH\/24H 4.3<\/span><\/p>\n<\/td>\n<td>\n<p class=\"s11\"><span dir=\"auto\">KwH\/24H 4.65<\/span><\/p>\n<\/td>\n<\/tr>\n<\/tbody>\n<\/table>","protected":false},"excerpt":{"rendered":"<p>-23 \u00b0C \/ -13 \u00b0C Statikus fagylaltos vitrin<\/p>","protected":false},"featured_media":10462,"comment_status":"open","ping_status":"closed","template":"","meta":[],"product_brand":[],"product_cat":[116,53],"product_tag":[],"class_list":{"0":"post-10412","1":"product","2":"type-product","3":"status-publish","4":"has-post-thumbnail","6":"product_cat-gelato-display-cases","7":"product_cat-pastry-bakery-cooling","9":"first","10":"instock","11":"shipping-taxable","12":"purchasable","13":"product-type-simple"},"_links":{"self":[{"href":"https:\/\/dersuessestopp.com\/hu\/wp-json\/wp\/v2\/product\/10412","targetHints":{"allow":["GET"]}}],"collection":[{"href":"https:\/\/dersuessestopp.com\/hu\/wp-json\/wp\/v2\/product"}],"about":[{"href":"https:\/\/dersuessestopp.com\/hu\/wp-json\/wp\/v2\/types\/product"}],"replies":[{"embeddable":true,"href":"https:\/\/dersuessestopp.com\/hu\/wp-json\/wp\/v2\/comments?post=10412"}],"version-history":[{"count":3,"href":"https:\/\/dersuessestopp.com\/hu\/wp-json\/wp\/v2\/product\/10412\/revisions"}],"predecessor-version":[{"id":11869,"href":"https:\/\/dersuessestopp.com\/hu\/wp-json\/wp\/v2\/product\/10412\/revisions\/11869"}],"wp:featuredmedia":[{"embeddable":true,"href":"https:\/\/dersuessestopp.com\/hu\/wp-json\/wp\/v2\/media\/10462"}],"wp:attachment":[{"href":"https:\/\/dersuessestopp.com\/hu\/wp-json\/wp\/v2\/media?parent=10412"}],"wp:term":[{"taxonomy":"product_brand","embeddable":true,"href":"https:\/\/dersuessestopp.com\/hu\/wp-json\/wp\/v2\/product_brand?post=10412"},{"taxonomy":"product_cat","embeddable":true,"href":"https:\/\/dersuessestopp.com\/hu\/wp-json\/wp\/v2\/product_cat?post=10412"},{"taxonomy":"product_tag","embeddable":true,"href":"https:\/\/dersuessestopp.com\/hu\/wp-json\/wp\/v2\/product_tag?post=10412"}],"curies":[{"name":"wp","href":"https:\/\/api.w.org\/{rel}","templated":true}]}}