{"id":10399,"date":"2025-09-29T14:59:33","date_gmt":"2025-09-29T14:59:33","guid":{"rendered":"https:\/\/dersuessestopp.com\/?post_type=product&#038;p=10399"},"modified":"2025-10-08T22:30:32","modified_gmt":"2025-10-08T22:30:32","slug":"fr-500-ps-k","status":"publish","type":"product","link":"https:\/\/dersuessestopp.com\/hu\/product\/fr-500-ps-k\/","title":{"rendered":"FR 500 PS K"},"content":{"rendered":"<p data-start=\"207\" data-end=\"472\"><img fetchpriority=\"high\" decoding=\"async\" class=\"alignnone size-full wp-image-11887\" src=\"https:\/\/dersuessestopp.com\/wp-content\/uploads\/2025\/09\/FR_500_600_PSK-Dettagli.jpg\" alt=\"\" width=\"2000\" height=\"600\" srcset=\"https:\/\/dersuessestopp.com\/wp-content\/uploads\/2025\/09\/FR_500_600_PSK-Dettagli.jpg 2000w, https:\/\/dersuessestopp.com\/wp-content\/uploads\/2025\/09\/FR_500_600_PSK-Dettagli-300x90.jpg 300w, https:\/\/dersuessestopp.com\/wp-content\/uploads\/2025\/09\/FR_500_600_PSK-Dettagli-1024x307.jpg 1024w, https:\/\/dersuessestopp.com\/wp-content\/uploads\/2025\/09\/FR_500_600_PSK-Dettagli-768x230.jpg 768w, https:\/\/dersuessestopp.com\/wp-content\/uploads\/2025\/09\/FR_500_600_PSK-Dettagli-1536x461.jpg 1536w, https:\/\/dersuessestopp.com\/wp-content\/uploads\/2025\/09\/FR_500_600_PSK-Dettagli-250x75.jpg 250w, https:\/\/dersuessestopp.com\/wp-content\/uploads\/2025\/09\/FR_500_600_PSK-Dettagli-600x180.jpg 600w\" sizes=\"(max-width: 2000px) 100vw, 2000px\" \/><\/p>\n<p data-start=\"207\" data-end=\"472\">\n<p data-start=\"207\" data-end=\"472\">A <strong data-start=\"211\" data-end=\"226\">FR 500 PS K<\/strong> tart\u00f3s <strong data-start=\"240\" data-end=\"264\">statikus fagyaszt\u00f3szekr\u00e9ny<\/strong> professzion\u00e1lis konyh\u00e1kba, cukr\u00e1szd\u00e1kba \u00e9s vend\u00e9gl\u00e1t\u00f3ipari k\u00f6rnyezetbe tervezt\u00e9k. A <strong data-start=\"353\" data-end=\"394\">-24 \u00b0C-t\u00f3l -18 \u00b0C-ig terjed\u0151 h\u0151m\u00e9rs\u00e9klet-tartom\u00e1nyban<\/strong>, megb\u00edzhat\u00f3 fagyaszt\u00e1st \u00e9s a term\u00e9kek k\u00f6vetkezetes meg\u0151rz\u00e9s\u00e9t biztos\u00edtja.<\/p>\n<p data-start=\"474\" data-end=\"742\">\u00c9p\u00fclt egy <strong data-start=\"487\" data-end=\"526\">el\u0151festett korr\u00f3zi\u00f3\u00e1ll\u00f3 ac\u00e9ltest<\/strong> \u00e9s <strong data-start=\"531\" data-end=\"561\">dombornyomott alum\u00ednium bels\u0151 t\u00e9r<\/strong>, Az FR 500 PS K egyszerre er\u0151s \u00e9s k\u00f6nnyen karbantarthat\u00f3. Jellemz\u0151i <strong data-start=\"628\" data-end=\"644\">fed\u00e9lvil\u00e1g\u00edt\u00e1s<\/strong>, <strong data-start=\"646\" data-end=\"664\">k\u00e9zi leolvaszt\u00e1s<\/strong>, \u00e9s egy <strong data-start=\"672\" data-end=\"706\">mechanikus h\u0151m\u00e9rs\u00e9klet-szab\u00e1lyoz\u00e1s<\/strong> az egyszer\u0171, megb\u00edzhat\u00f3 m\u0171k\u00f6d\u00e9shez.<\/p>\n<p data-start=\"744\" data-end=\"906\"><strong data-start=\"744\" data-end=\"761\">Kulcsfontoss\u00e1g\u00fa jellemz\u0151k:<\/strong><br data-start=\"761\" data-end=\"764\" \/>Statikus h\u0171t\u00e9s, z\u00e1r \u00e9s kulcs, 3 kos\u00e1r (6-ra b\u0151v\u00edthet\u0151), fed\u00e9lvil\u00e1g\u00edt\u00e1s \u00e9s 4 g\u00f6rg\u0151s kerekek.<br data-start=\"857\" data-end=\"860\" \/><strong data-start=\"860\" data-end=\"873\">Kapacit\u00e1s:<\/strong> 458 L | <strong data-start=\"882\" data-end=\"898\">Zajszint:<\/strong> 40 dB<\/p>\n<table style=\"height: 666px;\" width=\"502\" cellspacing=\"0\">\n<tbody>\n<tr>\n<td bgcolor=\"#FFFFFF\">\n<p class=\"s11\"><span dir=\"auto\">M\u00e9retek mm<\/span><\/p>\n<\/td>\n<td bgcolor=\"#FFFFFF\">\n<p class=\"s11\"><span dir=\"auto\">FR 500 PS K<\/span><\/p>\n<\/td>\n<td bgcolor=\"#FFFFFF\">\n<p class=\"s11\"><span dir=\"auto\">FR 600 PS K<\/span><\/p>\n<\/td>\n<\/tr>\n<tr>\n<td>\n<p class=\"s12\"><span dir=\"auto\">K\u00fcls\u0151 m\u00e9retek (\u00a0<\/span><span dir=\"auto\">WxDxH)<\/span><\/p>\n<\/td>\n<td>\n<p class=\"s12\"><span dir=\"auto\">1555 x 720 x 845<\/span><\/p>\n<\/td>\n<td>\n<p class=\"s12\"><span dir=\"auto\">2055 x 720 x 845<\/span><\/p>\n<\/td>\n<\/tr>\n<tr>\n<td>\n<p class=\"s12\"><span dir=\"auto\">Csomagol\u00e1si m\u00e9retek (\u00a0<\/span><span dir=\"auto\">WxDxH)<\/span><\/p>\n<\/td>\n<td>\n<p class=\"s12\"><span dir=\"auto\">1610 x 760 x 990<\/span><\/p>\n<\/td>\n<td>\n<p class=\"s12\"><span dir=\"auto\">2100 x 760 x 990<\/span><\/p>\n<\/td>\n<\/tr>\n<tr>\n<td>\n<p class=\"s12\"><span dir=\"auto\">Sz\u00e9less\u00e9g<\/span><\/p>\n<\/td>\n<td>\n<p class=\"s12\"><span dir=\"auto\">1430<\/span><\/p>\n<\/td>\n<td>\n<p class=\"s12\"><span dir=\"auto\">1930<\/span><\/p>\n<\/td>\n<\/tr>\n<tr>\n<td>\n<p class=\"s12\"><span dir=\"auto\">M\u00e9lys\u00e9g<\/span><\/p>\n<\/td>\n<td>\n<p class=\"s12\"><span dir=\"auto\">510<\/span><\/p>\n<\/td>\n<td>\n<p class=\"s12\"><span dir=\"auto\">510<\/span><\/p>\n<\/td>\n<\/tr>\n<tr>\n<td>\n<p class=\"s12\"><span dir=\"auto\">Magass\u00e1g<\/span><\/p>\n<\/td>\n<td>\n<p class=\"s12\"><span dir=\"auto\">675<\/span><\/p>\n<\/td>\n<td>\n<p class=\"s12\"><span dir=\"auto\">675<\/span><\/p>\n<\/td>\n<\/tr>\n<tr>\n<td>\n<p class=\"s12\"><span dir=\"auto\">Min. Magass\u00e1g<\/span><\/p>\n<\/td>\n<td>\n<p class=\"s12\"><span dir=\"auto\">445<\/span><\/p>\n<\/td>\n<td>\n<p class=\"s12\"><span dir=\"auto\">445<\/span><\/p>\n<\/td>\n<\/tr>\n<tr>\n<td>\n<p class=\"s12\"><span dir=\"auto\">Min. Sz\u00e9less\u00e9g<\/span><\/p>\n<\/td>\n<td>\n<p class=\"s12\"><span dir=\"auto\">1220<\/span><\/p>\n<\/td>\n<td>\n<p class=\"s12\"><span dir=\"auto\">1720<\/span><\/p>\n<\/td>\n<\/tr>\n<tr>\n<td>\n<p class=\"s12\"><span dir=\"auto\">Jobb oldali oldal\u00a0<\/span><span dir=\"auto\">Matrica<\/span><\/p>\n<\/td>\n<td>\n<p class=\"s12\"><span dir=\"auto\">625 x 487<\/span><\/p>\n<\/td>\n<td>\n<p class=\"s12\"><span dir=\"auto\">625 x 487<\/span><\/p>\n<\/td>\n<\/tr>\n<tr>\n<td>\n<p class=\"s12\"><span dir=\"auto\">Bal oldali matrica<\/span><\/p>\n<\/td>\n<td>\n<p class=\"s12\"><span dir=\"auto\">625 x 750<\/span><\/p>\n<\/td>\n<td>\n<p class=\"s12\"><span dir=\"auto\">625 x 750<\/span><\/p>\n<\/td>\n<\/tr>\n<tr>\n<td>\n<p class=\"s12\"><span dir=\"auto\">El\u00f6l\u00a0<\/span><span dir=\"auto\">Matrica<\/span><\/p>\n<\/td>\n<td>\n<p class=\"s12\"><span dir=\"auto\">1545 x 750<\/span><\/p>\n<\/td>\n<td>\n<p class=\"s12\"><span dir=\"auto\">2045 x 750<\/span><\/p>\n<\/td>\n<\/tr>\n<\/tbody>\n<\/table>\n<p>&nbsp;<\/p>\n<table style=\"height: 1383px;\" width=\"1021\" cellspacing=\"0\">\n<tbody>\n<tr>\n<td bgcolor=\"#FFFFFF\">\n<p class=\"s11\"><span dir=\"auto\">M\u0171szaki jellemz\u0151k<\/span><\/p>\n<\/td>\n<td bgcolor=\"#FFFFFF\">\n<p class=\"s11\"><span dir=\"auto\">FR 500 PS K<\/span><\/p>\n<\/td>\n<td bgcolor=\"#FFFFFF\">\n<p class=\"s11\"><span dir=\"auto\">FR 600 PS K<\/span><\/p>\n<\/td>\n<\/tr>\n<tr>\n<td>\n<p class=\"s12\"><span dir=\"auto\">H\u0151m\u00e9rs\u00e9klet tartom\u00e1ny<\/span><\/p>\n<\/td>\n<td>\n<p class=\"s12\"><span dir=\"auto\">-24 \u00b0C \/ -18 \u00b0C<\/span><\/p>\n<\/td>\n<td>\n<p class=\"s12\"><span dir=\"auto\">-24 \u00b0C \/ -18 \u00b0C<\/span><\/p>\n<\/td>\n<\/tr>\n<tr>\n<td>\n<p class=\"s12\"><span dir=\"auto\">\u00c9ghajlat\u00a0<\/span><span dir=\"auto\">Oszt\u00e1ly<\/span><\/p>\n<\/td>\n<td>\n<p class=\"s12\"><span dir=\"auto\">4<\/span><\/p>\n<\/td>\n<td>\n<p class=\"s12\"><span dir=\"auto\">4<\/span><\/p>\n<\/td>\n<\/tr>\n<tr>\n<td>\n<p class=\"s12\"><span dir=\"auto\">Nett\u00f3-brutt\u00f3 volumen<\/span><\/p>\n<\/td>\n<td>\n<p class=\"s12\"><span dir=\"auto\">458 \/ 479 hadnagy<\/span><\/p>\n<\/td>\n<td>\n<p class=\"s12\"><span dir=\"auto\">607 \/ 655 hadnagy<\/span><\/p>\n<\/td>\n<\/tr>\n<tr>\n<td>\n<p class=\"s12\"><span dir=\"auto\">K\u00fcls\u0151 testfel\u00fclet<\/span><\/p>\n<\/td>\n<td>\n<p class=\"s12\"><span dir=\"auto\">El\u0151re festett f\u00e9mlemez <\/span><span dir=\"auto\">korr\u00f3zi\u00f3g\u00e1tl\u00f3 kezel\u00e9ssel<\/span><\/p>\n<\/td>\n<td>\n<p class=\"s12\"><span dir=\"auto\">El\u0151re festett f\u00e9mlemez <\/span><span dir=\"auto\">korr\u00f3zi\u00f3g\u00e1tl\u00f3 kezel\u00e9ssel<\/span><\/p>\n<\/td>\n<\/tr>\n<tr>\n<td>\n<p class=\"s12\"><span dir=\"auto\">Bels\u0151 fel\u00fclet\u00a0<\/span><span dir=\"auto\">Bels\u0151 b\u00e9l\u00e9s<\/span><\/p>\n<\/td>\n<td>\n<p class=\"s12\"><span dir=\"auto\">Dombornyomott alum\u00ednium<\/span><\/p>\n<\/td>\n<td>\n<p class=\"s12\"><span dir=\"auto\">Dombornyomott alum\u00ednium<\/span><\/p>\n<\/td>\n<\/tr>\n<tr>\n<td>\n<p class=\"s12\"><span dir=\"auto\">Kosarak\u00a0<\/span><span dir=\"auto\">Kosarak<\/span><\/p>\n<\/td>\n<td>\n<p class=\"s12\"><span dir=\"auto\">Standard 3db \/\u00a0<\/span><span dir=\"auto\">3db<\/span><\/p>\n<p class=\"s12\"><span dir=\"auto\">Opcion\u00e1lis (max 6 db \/\u00a0<\/span><span dir=\"auto\">max 6 db<\/span><span dir=\"auto\">\u00a0)<\/span><\/p>\n<\/td>\n<td>\n<p class=\"s12\"><span dir=\"auto\">Standard 3db \/\u00a0<\/span><span dir=\"auto\">3db<\/span><\/p>\n<p class=\"s12\"><span dir=\"auto\">Opcion\u00e1lis (max 8db \/\u00a0<\/span><span dir=\"auto\">max 8db<\/span><span dir=\"auto\">\u00a0)<\/span><\/p>\n<\/td>\n<\/tr>\n<tr>\n<td>\n<p class=\"s12\"><span dir=\"auto\">H\u0151m\u00e9r\u0151<\/span><span dir=\"auto\">\u200b<\/span><\/p>\n<\/td>\n<td>\n<p class=\"s12\"><span dir=\"auto\">Anal\u00f3g<\/span><span dir=\"auto\">\u200b<\/span><\/p>\n<\/td>\n<td>\n<p class=\"s12\"><span dir=\"auto\">Anal\u00f3g<\/span><span dir=\"auto\">\u200b<\/span><\/p>\n<\/td>\n<\/tr>\n<tr>\n<td>\n<p class=\"s12\"><span dir=\"auto\">H\u0151m\u00e9rs\u00e9klet szab\u00e1lyoz\u00f3 \/\u00a0<\/span><span dir=\"auto\">Vez\u00e9rl\u0151<\/span><\/p>\n<\/td>\n<td>\n<p class=\"s12\"><span dir=\"auto\">Mechanikus<\/span><\/p>\n<\/td>\n<td>\n<p class=\"s12\"><span dir=\"auto\">Mechanikus<\/span><\/p>\n<\/td>\n<\/tr>\n<tr>\n<td>\n<p class=\"s12\"><span dir=\"auto\">Zaj\u00a0<\/span><span dir=\"auto\">szint<\/span><\/p>\n<\/td>\n<td>\n<p class=\"s12\"><span dir=\"auto\">dB 40<\/span><\/p>\n<\/td>\n<td>\n<p class=\"s12\"><span dir=\"auto\">dB 53<\/span><\/p>\n<\/td>\n<\/tr>\n<tr>\n<td>\n<p class=\"s12\"><span dir=\"auto\">Szigetel\u00e9s\u00a0<\/span><span dir=\"auto\">vastags\u00e1g<\/span><\/p>\n<\/td>\n<td>\n<p class=\"s12\"><span dir=\"auto\">60 mm<\/span><\/p>\n<\/td>\n<td>\n<p class=\"s12\"><span dir=\"auto\">60 mm<\/span><\/p>\n<\/td>\n<\/tr>\n<tr>\n<td>\n<p class=\"s12\"><span dir=\"auto\">Leolvaszt\u00e1s\u00a0<\/span><\/p>\n<\/td>\n<td>\n<p class=\"s12\"><span dir=\"auto\">K\u00e9zi<\/span><\/p>\n<\/td>\n<td>\n<p class=\"s12\"><span dir=\"auto\">K\u00e9zi<\/span><\/p>\n<\/td>\n<\/tr>\n<tr>\n<td>\n<p class=\"s12\"><span dir=\"auto\">Fed\u00e9lvil\u00e1g\u00edt\u00e1s<\/span><\/p>\n<\/td>\n<td>\n<p class=\"s12\"><span dir=\"auto\">Igen<\/span><span dir=\"auto\">\u200b<\/span><\/p>\n<\/td>\n<td>\n<p class=\"s12\"><span dir=\"auto\">Igen<\/span><span dir=\"auto\">\u200b<\/span><\/p>\n<\/td>\n<\/tr>\n<tr>\n<td>\n<p class=\"s12\"><span dir=\"auto\">Lock\u00a0<\/span><span dir=\"auto\">\u00e9s a kulcs<\/span><\/p>\n<\/td>\n<td>\n<p class=\"s12\"><span dir=\"auto\">Igen<\/span><span dir=\"auto\">\u200b<\/span><\/p>\n<\/td>\n<td>\n<p class=\"s12\"><span dir=\"auto\">&#8211;<\/span><\/p>\n<\/td>\n<\/tr>\n<tr>\n<td>\n<p class=\"s12\"><span dir=\"auto\">G\u00f6rg\u0151k\u00a0<\/span><span dir=\"auto\">-Feet<\/span><\/p>\n<\/td>\n<td>\n<p class=\"s12\"><span dir=\"auto\">\u00a0<\/span><span dir=\"auto\">4 g\u00f6rg\u0151<\/span><\/p>\n<\/td>\n<td>\n<p class=\"s12\"><span dir=\"auto\">6 g\u00f6rg\u0151k<\/span><\/p>\n<\/td>\n<\/tr>\n<tr>\n<td>\n<p class=\"s12\"><span dir=\"auto\">Net-\u00a0<\/span><span dir=\"auto\">Brutt\u00f3 t\u00f6meg<\/span><\/p>\n<\/td>\n<td>\n<p class=\"s12\"><span dir=\"auto\">Kg 67 \/ 76<\/span><\/p>\n<\/td>\n<td>\n<p class=\"s12\"><span dir=\"auto\">Kg 79 \/ 86<\/span><\/p>\n<\/td>\n<\/tr>\n<tr>\n<td>\n<p class=\"s12\"><span dir=\"auto\">Fesz\u00fclts\u00e9g<\/span><span dir=\"auto\">\u200b<\/span><\/p>\n<\/td>\n<td>\n<p class=\"s12\"><span dir=\"auto\">V 220-240<\/span><\/p>\n<\/td>\n<td>\n<p class=\"s12\"><span dir=\"auto\">V 220-240<\/span><\/p>\n<\/td>\n<\/tr>\n<tr>\n<td>\n<p class=\"s12\"><span dir=\"auto\">Frekvencia<\/span><span dir=\"auto\">\u200b<\/span><\/p>\n<\/td>\n<td>\n<p class=\"s12\"><span dir=\"auto\">Hz 50<\/span><\/p>\n<\/td>\n<td>\n<p class=\"s12\"><span dir=\"auto\">Hz 50<\/span><\/p>\n<\/td>\n<\/tr>\n<tr>\n<td>\n<p class=\"s12\"><span dir=\"auto\">H\u0171t\u0151k\u00f6zeg<\/span><span dir=\"auto\">\u200b<\/span><\/p>\n<\/td>\n<td>\n<p class=\"s12\"><span dir=\"auto\">R290<\/span><\/p>\n<\/td>\n<td>\n<p class=\"s12\"><span dir=\"auto\">R290<\/span><\/p>\n<\/td>\n<\/tr>\n<tr>\n<td>\n<p class=\"s12\"><span dir=\"auto\">Abszorpci\u00f3<\/span><span dir=\"auto\">\u200b<\/span><\/p>\n<\/td>\n<td>\n<p class=\"s12\"><span dir=\"auto\">W 255<\/span><\/p>\n<\/td>\n<td>\n<p class=\"s12\"><span dir=\"auto\">W 500<\/span><\/p>\n<\/td>\n<\/tr>\n<tr>\n<td>\n<p class=\"s12\"><span dir=\"auto\">Energiafogyaszt\u00e1s<\/span><\/p>\n<\/td>\n<td>\n<p class=\"s12\"><span dir=\"auto\">KwH\/24H 2.28<\/span><\/p>\n<\/td>\n<td>\n<p class=\"s12\"><span dir=\"auto\">KwH\/24H 6.34<\/span><\/p>\n<\/td>\n<\/tr>\n<\/tbody>\n<\/table>","protected":false},"excerpt":{"rendered":"<p>-24 \u00b0C \/ -18 \u00b0C Statikus fagyaszt\u00f3l\u00e1da t\u00f6m\u00f6r zsan\u00e9ros ajt\u00f3val<\/p>","protected":false},"featured_media":10436,"comment_status":"open","ping_status":"closed","template":"","meta":[],"product_brand":[],"product_cat":[115,53],"product_tag":[],"class_list":{"0":"post-10399","1":"product","2":"type-product","3":"status-publish","4":"has-post-thumbnail","6":"product_cat-chest-freezers","7":"product_cat-pastry-bakery-cooling","9":"first","10":"instock","11":"shipping-taxable","12":"purchasable","13":"product-type-simple"},"_links":{"self":[{"href":"https:\/\/dersuessestopp.com\/hu\/wp-json\/wp\/v2\/product\/10399","targetHints":{"allow":["GET"]}}],"collection":[{"href":"https:\/\/dersuessestopp.com\/hu\/wp-json\/wp\/v2\/product"}],"about":[{"href":"https:\/\/dersuessestopp.com\/hu\/wp-json\/wp\/v2\/types\/product"}],"replies":[{"embeddable":true,"href":"https:\/\/dersuessestopp.com\/hu\/wp-json\/wp\/v2\/comments?post=10399"}],"version-history":[{"count":4,"href":"https:\/\/dersuessestopp.com\/hu\/wp-json\/wp\/v2\/product\/10399\/revisions"}],"predecessor-version":[{"id":11888,"href":"https:\/\/dersuessestopp.com\/hu\/wp-json\/wp\/v2\/product\/10399\/revisions\/11888"}],"wp:featuredmedia":[{"embeddable":true,"href":"https:\/\/dersuessestopp.com\/hu\/wp-json\/wp\/v2\/media\/10436"}],"wp:attachment":[{"href":"https:\/\/dersuessestopp.com\/hu\/wp-json\/wp\/v2\/media?parent=10399"}],"wp:term":[{"taxonomy":"product_brand","embeddable":true,"href":"https:\/\/dersuessestopp.com\/hu\/wp-json\/wp\/v2\/product_brand?post=10399"},{"taxonomy":"product_cat","embeddable":true,"href":"https:\/\/dersuessestopp.com\/hu\/wp-json\/wp\/v2\/product_cat?post=10399"},{"taxonomy":"product_tag","embeddable":true,"href":"https:\/\/dersuessestopp.com\/hu\/wp-json\/wp\/v2\/product_tag?post=10399"}],"curies":[{"name":"wp","href":"https:\/\/api.w.org\/{rel}","templated":true}]}}