{"id":10269,"date":"2025-09-29T14:58:51","date_gmt":"2025-09-29T14:58:51","guid":{"rendered":"https:\/\/dersuessestopp.com\/?post_type=product&#038;p=10269"},"modified":"2025-10-09T00:30:40","modified_gmt":"2025-10-09T00:30:40","slug":"cax-2100-tn-gn1-1","status":"publish","type":"product","link":"https:\/\/dersuessestopp.com\/hu\/product\/cax-2100-tn-gn1-1\/","title":{"rendered":"CXF 2100 TN"},"content":{"rendered":"<p data-start=\"235\" data-end=\"790\"><img decoding=\"async\" src=\"https:\/\/customer.klimaitalia.it\/api\/file\/image\/6646\" \/><\/p>\n<p>&nbsp;<\/p>\n<h2>Term\u00e9k le\u00edr\u00e1sa<\/h2>\n<p data-start=\"235\" data-end=\"790\">A <strong data-start=\"239\" data-end=\"254\">CXF 2100 TN<\/strong> hivat\u00e1sos <strong data-start=\"273\" data-end=\"306\">k\u00e9tajt\u00f3s h\u0171t\u0151pult<\/strong> kereskedelmi konyh\u00e1k, \u00e9ttermek \u00e9s vend\u00e9gl\u00e1t\u00f3ipari tev\u00e9kenys\u00e9gek sz\u00e1m\u00e1ra tervezt\u00e9k. Teljesen a k\u00f6vetkez\u0151kb\u0151l \u00e9p\u00fcl <strong data-start=\"399\" data-end=\"427\">AISI 304 rozsdamentes ac\u00e9l<\/strong>, kiv\u00e1l\u00f3 higi\u00e9ni\u00e1t, tart\u00f3ss\u00e1got \u00e9s k\u00f6nny\u0171 tiszt\u00edthat\u00f3s\u00e1got biztos\u00edt. M\u0171k\u00f6dtet\u00e9se <strong data-start=\"504\" data-end=\"541\">-2\u00b0C \u00e9s +8\u00b0C k\u00f6z\u00f6tti h\u0151m\u00e9rs\u00e9klet-tartom\u00e1ny<\/strong>, hat\u00e9kony szell\u0151ztetett h\u0171t\u00e9st k\u00edn\u00e1l, ide\u00e1lis friss \u00e9lelmiszerek \u00e9s \u00f6sszetev\u0151k t\u00e1rol\u00e1s\u00e1ra. Felszerelve egy <strong data-start=\"645\" data-end=\"670\">elektronikus termoszt\u00e1t<\/strong>, <strong data-start=\"672\" data-end=\"694\">l\u00e1gyan z\u00e1r\u00f3d\u00f3 ajt\u00f3k<\/strong>, \u00e9s <strong data-start=\"700\" data-end=\"721\">automatikus leolvaszt\u00e1s<\/strong>, megb\u00edzhat\u00f3 teljes\u00edtm\u00e9nyt ny\u00fajt a folyamatos professzion\u00e1lis haszn\u00e1lathoz.<\/p>\n<p data-start=\"792\" data-end=\"811\"><strong data-start=\"792\" data-end=\"809\">F\u0151bb jellemz\u0151k:<\/strong><\/p>\n<ul data-start=\"812\" data-end=\"1178\">\n<li data-start=\"812\" data-end=\"851\">\n<p data-start=\"814\" data-end=\"851\"><strong data-start=\"814\" data-end=\"836\">H\u0151m\u00e9rs\u00e9klet-tartom\u00e1ny:<\/strong> -2\u00b0C \u00e9s +8\u00b0C k\u00f6z\u00f6tt<\/p>\n<\/li>\n<li data-start=\"852\" data-end=\"905\">\n<p data-start=\"854\" data-end=\"905\"><strong data-start=\"854\" data-end=\"882\">AISI 304 rozsdamentes ac\u00e9l<\/strong> test \u00e9s bels\u0151 b\u00e9l\u00e9s<\/p>\n<\/li>\n<li data-start=\"906\" data-end=\"966\">\n<p data-start=\"908\" data-end=\"966\"><strong data-start=\"908\" data-end=\"937\">Szell\u0151ztetett h\u0171t\u0151rendszer<\/strong> az \u00e1lland\u00f3 h\u0151m\u00e9rs\u00e9klet\u00e9rt<\/p>\n<\/li>\n<li data-start=\"967\" data-end=\"1007\">\n<p data-start=\"969\" data-end=\"1007\"><strong data-start=\"969\" data-end=\"1005\">L\u00e1gyan z\u00e1r\u00f3d\u00f3, \u00f6nz\u00e1r\u00f3d\u00f3 ajt\u00f3k<\/strong><\/p>\n<\/li>\n<li data-start=\"1008\" data-end=\"1042\">\n<p data-start=\"1010\" data-end=\"1042\"><strong data-start=\"1010\" data-end=\"1040\">Automatikus elektromos leolvaszt\u00e1s<\/strong><\/p>\n<\/li>\n<li data-start=\"1043\" data-end=\"1097\">\n<p data-start=\"1045\" data-end=\"1097\"><strong data-start=\"1045\" data-end=\"1073\">Opcion\u00e1lis Smart Link WiFi<\/strong> t\u00e1vfel\u00fcgyelethez<\/p>\n<\/li>\n<li data-start=\"1098\" data-end=\"1138\">\n<p data-start=\"1100\" data-end=\"1138\"><strong data-start=\"1100\" data-end=\"1123\">Energiafogyaszt\u00e1s:<\/strong> 1,72 kWh\/24h<\/p>\n<\/li>\n<li data-start=\"1139\" data-end=\"1178\">\n<p data-start=\"1141\" data-end=\"1178\"><strong data-start=\"1141\" data-end=\"1156\">M\u00e9retek:<\/strong> 1360 \u00d7 700 \u00d7 860 mm<\/p>\n<\/li>\n<\/ul>\n<h2>M\u0171szaki specifik\u00e1ci\u00f3k<\/h2>\n<table>\n<tbody>\n<tr>\n<td>Dimensioni mm \/ M\u00e9retek mm<\/td>\n<td>CXF 2100 TN<\/td>\n<td>CXF 2200 TN<\/td>\n<td>CXF 2100 BT<\/td>\n<td>CXF 2200 BT<\/td>\n<\/tr>\n<tr>\n<td>Dimensioni Esterne (LxPxH) \/ K\u00fcls\u0151 m\u00e9retek (WxDxH)<\/td>\n<td>1360 x 700 x 860*<\/td>\n<td>1360 x 700 x 960*<\/td>\n<td>1360 x 700 x 860*<\/td>\n<td>1360 x 700 x 960*<\/td>\n<\/tr>\n<tr>\n<td>Dimensioni Imballo (LxPxH) \/ Csomagol\u00e1si m\u00e9retek (WxDxH)<\/td>\n<td>1390 x 730 x 910<\/td>\n<td>1390 x 730 x 1010<\/td>\n<td>1390 x 730 x 910<\/td>\n<td>1390 x 730 x 1010<\/td>\n<\/tr>\n<tr>\n<td>A - Larghezza \/ Sz\u00e9less\u00e9g<\/td>\n<td>795<\/td>\n<td>795<\/td>\n<td>795<\/td>\n<td>795<\/td>\n<\/tr>\n<tr>\n<td>B - Profondit\u00e0 \/ M\u00e9lys\u00e9g<\/td>\n<td>580<\/td>\n<td>580<\/td>\n<td>580<\/td>\n<td>580<\/td>\n<\/tr>\n<tr>\n<td>C - Altezza \/ Magass\u00e1g<\/td>\n<td>560<\/td>\n<td>560<\/td>\n<td>560<\/td>\n<td>560<\/td>\n<\/tr>\n<tr>\n<td>*L'altezza totale \u00e8 comprensiva dei piedi regolati alla minima altezza \/ Az egys\u00e9gek teljes magass\u00e1ga mag\u00e1ban foglalja a minim\u00e1lis magass\u00e1gi szinthez igaz\u00edtott l\u00e1bakat is.<\/td>\n<\/tr>\n<\/tbody>\n<\/table>\n<table>\n<tbody>\n<tr>\n<td>Caratteristiche Tecniche \/ M\u0171szaki jellemz\u0151k<\/td>\n<td>CXF 2100 TN<\/td>\n<td>CXF 2200 TN<\/td>\n<td>CXF 2100 BT<\/td>\n<td>CXF 2200 BT<\/td>\n<\/tr>\n<tr>\n<td>Temperatura \/ H\u0151m\u00e9rs\u00e9klet-tartom\u00e1ny<\/td>\n<td>-2 \u00b0C \/ +8 \u00b0C<\/td>\n<td>-2 \u00b0C \/ +8 \u00b0C<\/td>\n<td>-22 \u00b0C \/ -18 \u00b0C<\/td>\n<td>-22 \u00b0C \/ -18 \u00b0C<\/td>\n<\/tr>\n<tr>\n<td>Classe Climatica \/ \u00c9ghajlati oszt\u00e1ly<\/td>\n<td>5<\/td>\n<td>5<\/td>\n<td>4<\/td>\n<td>4<\/td>\n<\/tr>\n<tr>\n<td>Nett\u00f3-Lordo t\u00e9rfogat \/ Nett\u00f3-brutt\u00f3 t\u00e9rfogat<\/td>\n<td>190 \/ 313,5 ltsz.<\/td>\n<td>190 \/ 313,5 ltsz.<\/td>\n<td>187 \/ 313,5 hadnagy<\/td>\n<td>187 \/ 313,5 hadnagy<\/td>\n<\/tr>\n<tr>\n<td>Superficie Esterna test<\/td>\n<td>Acciaio Inox AISI 304 AISI 304 Rozsdamentes ac\u00e9l<\/td>\n<td>Acciaio Inox AISI 304 AISI 304 Rozsdamentes ac\u00e9l<\/td>\n<td>Acciaio Inox AISI 304 AISI 304 Rozsdamentes ac\u00e9l<\/td>\n<td>Acciaio Inox AISI 304 AISI 304 Rozsdamentes ac\u00e9l<\/td>\n<\/tr>\n<tr>\n<td>Superficie Interna bels\u0151 b\u00e9l\u00e9s<\/td>\n<td>Acciaio Inox AISI 304 AISI 304 Rozsdamentes ac\u00e9l<\/td>\n<td>Acciaio Inox AISI 304 AISI 304 Rozsdamentes ac\u00e9l<\/td>\n<td>Acciaio Inox AISI 304 AISI 304 Rozsdamentes ac\u00e9l<\/td>\n<td>Acciaio Inox AISI 304 AISI 304 Rozsdamentes ac\u00e9l<\/td>\n<\/tr>\n<tr>\n<td>Termoszt\u00e1t \/ termoszt\u00e1t<\/td>\n<td>Elettronico \/ Elektronikus<\/td>\n<td>Elettronico \/ Elektronikus<\/td>\n<td>Elettronico \/ Elektronikus<\/td>\n<td>Elettronico \/ Elektronikus<\/td>\n<\/tr>\n<tr>\n<td>Rumorosit\u00e0 \/ Zajszint<\/td>\n<td>dB 42<\/td>\n<td>dB 42<\/td>\n<td>dB 42<\/td>\n<td>dB 42<\/td>\n<\/tr>\n<tr>\n<td>Smart Link WiFi \/ Controllo remoto \/ T\u00e1vvez\u00e9rl\u0151 \/ T\u00e1vvez\u00e9rl\u0151<\/td>\n<td>Opcion\u00e1lis<\/td>\n<td>Opcion\u00e1lis<\/td>\n<td>Opcion\u00e1lis<\/td>\n<td>Opcion\u00e1lis<\/td>\n<\/tr>\n<tr>\n<td>Spessore isolamento \/ Szigetel\u00e9s vastags\u00e1ga<\/td>\n<td>mm 60<\/td>\n<td>mm 60<\/td>\n<td>mm 60<\/td>\n<td>mm 60<\/td>\n<\/tr>\n<tr>\n<td>&nbsp;<\/p>\n<p>Sbrinamento leolvaszt\u00e1s<\/td>\n<td>Automatico con resistenza elettrica Automatikus elektromos f\u0171t\u0151berendez\u00e9ssel<\/td>\n<td>Automatico con resistenza elettrica Automatikus elektromos f\u0171t\u0151berendez\u00e9ssel<\/td>\n<td>Automatico con resistenza elettrica Automatikus elektromos f\u0171t\u0151berendez\u00e9ssel<\/td>\n<td>Automatico con resistenza elettrica Automatikus elektromos f\u0171t\u0151berendez\u00e9ssel<\/td>\n<\/tr>\n<tr>\n<td>Mensole (LxP) \/ Polcok (WxD)<\/td>\n<td>N\u00b0 2 - mm 335 x 530 +<\/p>\n<p>N\u00b0 2 - mm 390 x 505<\/td>\n<td>N\u00b0 2 - mm 335 x 530 +<\/p>\n<p>N\u00b0 2 - mm 390 x 505<\/td>\n<td>N\u00b0 2 - mm 335 x 530 +<\/p>\n<p>N\u00b0 2 - mm 390 x 505<\/td>\n<td>N\u00b0 2 - mm 335 x 530 +<\/p>\n<p>N\u00b0 2 - mm 390 x 505<\/td>\n<\/tr>\n<tr>\n<td>Chiusura automatica porta \/ \u00d6nz\u00e1r\u00f3 ajt\u00f3<\/td>\n<td>Chiusura ammortizzata L\u00e1gy z\u00e1r\u00e1s<\/td>\n<td>Chiusura ammortizzata L\u00e1gy z\u00e1r\u00e1s<\/td>\n<td>Chiusura ammortizzata L\u00e1gy z\u00e1r\u00e1s<\/td>\n<td>Chiusura ammortizzata L\u00e1gy z\u00e1r\u00e1s<\/td>\n<\/tr>\n<tr>\n<td>Altezza Alzatina \/ Splashback magass\u00e1ga<\/td>\n<td>&#8211;<\/td>\n<td>mm 110<\/td>\n<td>&#8211;<\/td>\n<td>mm 110<\/td>\n<\/tr>\n<tr>\n<td>Ruote-Piedi \/ G\u00f6rg\u0151k-L\u00e1bak<\/td>\n<td>4 Piedi \/ 4 Feet h mm 110\/170<\/td>\n<td>4 Piedi \/ 4 Feet h mm 110\/170<\/td>\n<td>4 Piedi \/ 4 Feet h mm 110\/170<\/td>\n<td>4 Piedi \/ 4 Feet h mm 110\/170<\/td>\n<\/tr>\n<tr>\n<td>Ruote \/ G\u00f6rg\u0151k<\/td>\n<td>V\u00e1laszthat\u00f3 - h mm 140<\/td>\n<td>V\u00e1laszthat\u00f3 - h mm 140<\/td>\n<td>V\u00e1laszthat\u00f3 - h mm 140<\/td>\n<td>V\u00e1laszthat\u00f3 - h mm 140<\/td>\n<\/tr>\n<tr>\n<td>Peso Netto-Lordo \/ Nett\u00f3-brutt\u00f3s\u00faly<\/td>\n<td>Kg 98 \/ 113<\/td>\n<td>Kg 108 \/ 138<\/td>\n<td>Kg 103 \/ 118<\/td>\n<td>Kg 111 \/ 141<\/td>\n<\/tr>\n<tr>\n<td>Voltaggio \/ fesz\u00fclts\u00e9g<\/td>\n<td>V 220-240<\/td>\n<td>V 220-240<\/td>\n<td>V 220-240<\/td>\n<td>V 220-240<\/td>\n<\/tr>\n<tr>\n<td>Frequenza \/ Gyakoris\u00e1g<\/td>\n<td>Hz 50<\/td>\n<td>Hz 50<\/td>\n<td>Hz 50<\/td>\n<td>Hz 50<\/td>\n<\/tr>\n<tr>\n<td>Refrigerante \/ H\u0171t\u0151anyag<\/td>\n<td>R600A<\/td>\n<td>R600A<\/td>\n<td>R290<\/td>\n<td>R290<\/td>\n<\/tr>\n<tr>\n<td>Assorbimento \/ Felsz\u00edv\u00f3d\u00e1s<\/td>\n<td>W 300<\/td>\n<td>W 300<\/td>\n<td>W 470<\/td>\n<td>W 470<\/td>\n<\/tr>\n<tr>\n<td>Consumo Energia \/ Energiafogyaszt\u00e1s<\/td>\n<td>KwH\/24H 1,72<\/td>\n<td>KwH\/24H 1,72<\/td>\n<td>KwH\/24H 5,81<\/td>\n<td>KwH\/24H 5,81<\/td>\n<\/tr>\n<\/tbody>\n<\/table>\n<p>&nbsp;<\/p>","protected":false},"excerpt":{"rendered":"<p>-2 \u00b0C \/ +8 \u00b0C Szell\u0151ztetett h\u0171t\u0151asztal, k\u00e9t ajt\u00f3val. Pozit\u00edv h\u0151m\u00e9rs\u00e9klet<\/p>","protected":false},"featured_media":10318,"comment_status":"open","ping_status":"closed","template":"","meta":[],"product_brand":[],"product_cat":[51],"product_tag":[],"class_list":{"0":"post-10269","1":"product","2":"type-product","3":"status-publish","4":"has-post-thumbnail","6":"product_cat-kitchen-catering-cooling","8":"first","9":"instock","10":"shipping-taxable","11":"purchasable","12":"product-type-simple"},"_links":{"self":[{"href":"https:\/\/dersuessestopp.com\/hu\/wp-json\/wp\/v2\/product\/10269","targetHints":{"allow":["GET"]}}],"collection":[{"href":"https:\/\/dersuessestopp.com\/hu\/wp-json\/wp\/v2\/product"}],"about":[{"href":"https:\/\/dersuessestopp.com\/hu\/wp-json\/wp\/v2\/types\/product"}],"replies":[{"embeddable":true,"href":"https:\/\/dersuessestopp.com\/hu\/wp-json\/wp\/v2\/comments?post=10269"}],"version-history":[{"count":3,"href":"https:\/\/dersuessestopp.com\/hu\/wp-json\/wp\/v2\/product\/10269\/revisions"}],"predecessor-version":[{"id":11994,"href":"https:\/\/dersuessestopp.com\/hu\/wp-json\/wp\/v2\/product\/10269\/revisions\/11994"}],"wp:featuredmedia":[{"embeddable":true,"href":"https:\/\/dersuessestopp.com\/hu\/wp-json\/wp\/v2\/media\/10318"}],"wp:attachment":[{"href":"https:\/\/dersuessestopp.com\/hu\/wp-json\/wp\/v2\/media?parent=10269"}],"wp:term":[{"taxonomy":"product_brand","embeddable":true,"href":"https:\/\/dersuessestopp.com\/hu\/wp-json\/wp\/v2\/product_brand?post=10269"},{"taxonomy":"product_cat","embeddable":true,"href":"https:\/\/dersuessestopp.com\/hu\/wp-json\/wp\/v2\/product_cat?post=10269"},{"taxonomy":"product_tag","embeddable":true,"href":"https:\/\/dersuessestopp.com\/hu\/wp-json\/wp\/v2\/product_tag?post=10269"}],"curies":[{"name":"wp","href":"https:\/\/api.w.org\/{rel}","templated":true}]}}