{"id":10265,"date":"2025-09-29T14:58:51","date_gmt":"2025-09-29T14:58:51","guid":{"rendered":"https:\/\/dersuessestopp.com\/?post_type=product&#038;p=10265"},"modified":"2025-10-09T00:05:06","modified_gmt":"2025-10-09T00:05:06","slug":"cax-3100-bt","status":"publish","type":"product","link":"https:\/\/dersuessestopp.com\/hu\/product\/cax-3100-bt\/","title":{"rendered":"CXF 3100 BT"},"content":{"rendered":"<p data-start=\"189\" data-end=\"763\"><img decoding=\"async\" src=\"https:\/\/customer.klimaitalia.it\/api\/file\/image\/6706\" \/><\/p>\n<p data-start=\"189\" data-end=\"763\">A <strong data-start=\"193\" data-end=\"208\">CXF 3100 BT<\/strong> hivat\u00e1sos <strong data-start=\"227\" data-end=\"257\">szell\u0151ztetett fagyaszt\u00f3pult<\/strong> a  c\u00edmen <strong data-start=\"263\" data-end=\"294\">h\u00e1rom rozsdamentes ac\u00e9l ajt\u00f3<\/strong>, t\u00f6k\u00e9letes \u00e9ttermek, b\u00e1rok \u00e9s vend\u00e9gl\u00e1t\u00f3ipari konyh\u00e1k sz\u00e1m\u00e1ra. Kiv\u00e1l\u00f3 min\u0151s\u00e9g\u0171 <strong data-start=\"374\" data-end=\"402\">AISI 304 rozsdamentes ac\u00e9l<\/strong>, garant\u00e1lja a tart\u00f3ss\u00e1got, a higi\u00e9ni\u00e1t \u00e9s a k\u00f6nny\u0171 karbantart\u00e1st. Ez a <strong data-start=\"466\" data-end=\"494\">kereskedelmi min\u0151s\u00e9g\u0171 fagyaszt\u00f3<\/strong> stabilan fenntartja a <strong data-start=\"514\" data-end=\"555\">h\u0151m\u00e9rs\u00e9klet-tartom\u00e1ny -22\u00b0C \u00e9s -18\u00b0C k\u00f6z\u00f6tt<\/strong>, biztos\u00edtva a fagyasztott \u00e1ruk optim\u00e1lis meg\u0151rz\u00e9s\u00e9t. Felszerelve egy <strong data-start=\"621\" data-end=\"646\">elektronikus termoszt\u00e1t<\/strong>, <strong data-start=\"648\" data-end=\"670\">l\u00e1gyan z\u00e1r\u00f3d\u00f3 ajt\u00f3k<\/strong>, \u00e9s <strong data-start=\"676\" data-end=\"697\">automatikus leolvaszt\u00e1s<\/strong>, megb\u00edzhat\u00f3s\u00e1got \u00e9s k\u00e9nyelmet k\u00edn\u00e1l az intenz\u00edv napi haszn\u00e1lathoz.<\/p>\n<p data-start=\"765\" data-end=\"784\"><strong data-start=\"765\" data-end=\"782\">F\u0151bb jellemz\u0151k:<\/strong><\/p>\n<ul data-start=\"785\" data-end=\"1157\">\n<li data-start=\"785\" data-end=\"826\">\n<p data-start=\"787\" data-end=\"826\"><strong data-start=\"787\" data-end=\"809\">H\u0151m\u00e9rs\u00e9klet-tartom\u00e1ny:<\/strong> -22\u00b0C \u00e9s -18\u00b0C k\u00f6z\u00f6tt<\/p>\n<\/li>\n<li data-start=\"827\" data-end=\"881\">\n<p data-start=\"829\" data-end=\"881\"><strong data-start=\"829\" data-end=\"859\">Szell\u0151ztetett fagyaszt\u00f3rendszer<\/strong> egyenletes h\u0171t\u00e9s<\/p>\n<\/li>\n<li data-start=\"882\" data-end=\"935\">\n<p data-start=\"884\" data-end=\"935\"><strong data-start=\"884\" data-end=\"912\">AISI 304 rozsdamentes ac\u00e9l<\/strong> test \u00e9s bels\u0151 b\u00e9l\u00e9s<\/p>\n<\/li>\n<li data-start=\"936\" data-end=\"989\">\n<p data-start=\"938\" data-end=\"989\"><strong data-start=\"938\" data-end=\"960\">L\u00e1gyan z\u00e1r\u00f3d\u00f3 ajt\u00f3k<\/strong> \u00f6nz\u00e1r\u00f3 funkci\u00f3val<\/p>\n<\/li>\n<li data-start=\"990\" data-end=\"1024\">\n<p data-start=\"992\" data-end=\"1024\"><strong data-start=\"992\" data-end=\"1022\">Automatikus elektromos leolvaszt\u00e1s<\/strong><\/p>\n<\/li>\n<li data-start=\"1025\" data-end=\"1076\">\n<p data-start=\"1027\" data-end=\"1076\"><strong data-start=\"1027\" data-end=\"1055\">Opcion\u00e1lis Smart Link WiFi<\/strong> t\u00e1vir\u00e1ny\u00edt\u00f3hoz<\/p>\n<\/li>\n<li data-start=\"1077\" data-end=\"1117\">\n<p data-start=\"1079\" data-end=\"1117\"><strong data-start=\"1079\" data-end=\"1102\">Energiafogyaszt\u00e1s:<\/strong> 8,11 kWh\/24h<\/p>\n<\/li>\n<li data-start=\"1118\" data-end=\"1157\">\n<p data-start=\"1120\" data-end=\"1157\"><strong data-start=\"1120\" data-end=\"1135\">M\u00e9retek:<\/strong> 1795 \u00d7 700 \u00d7 860 mm<\/p>\n<\/li>\n<\/ul>\n<p>&nbsp;<\/p>\n<table cellspacing=\"0\">\n<tbody>\n<tr>\n<td bgcolor=\"#FFFFFF\">\n<p class=\"s12\">Dimensioni mm \/ M\u00e9retek mm<\/p>\n<\/td>\n<td bgcolor=\"#FFFFFF\">\n<p class=\"s12\"><span dir=\"auto\">CXF 3100 TN<\/span><\/p>\n<\/td>\n<td bgcolor=\"#FFFFFF\">\n<p class=\"s12\"><span dir=\"auto\">CXF 3100 TNG<\/span><\/p>\n<\/td>\n<td bgcolor=\"#FFFFFF\">\n<p class=\"s12\"><span dir=\"auto\">CXF 3140 TN<\/span><\/p>\n<\/td>\n<td bgcolor=\"#FFFFFF\">\n<p class=\"s12\"><span dir=\"auto\">CXF 3100 BT<\/span><\/p>\n<\/td>\n<\/tr>\n<tr>\n<td>\n<p class=\"s13\">K\u00fcls\u0151 m\u00e9retek (LxPxH) K\u00fcls\u0151 m\u00e9retek (WxDxH)<\/p>\n<\/td>\n<td>\n<p class=\"s13\">1795 x 700 x 860*<\/p>\n<\/td>\n<td>\n<p class=\"s13\"><span dir=\"auto\">1795 x 700 x 860*<\/span><\/p>\n<\/td>\n<td>\n<p class=\"s13\"><span dir=\"auto\">1795 x 700 x 860*<\/span><\/p>\n<\/td>\n<td>\n<p class=\"s13\"><span dir=\"auto\">1795 x 700 x 860*<\/span><\/p>\n<\/td>\n<\/tr>\n<tr>\n<td>\n<p class=\"s13\"><span dir=\"auto\">Csomagol\u00e1si m\u00e9retek ( WxDxH)<\/span><\/p>\n<\/td>\n<td>\n<p class=\"s13\">1825 x 730 x 910<\/p>\n<\/td>\n<td>\n<p class=\"s13\"><span dir=\"auto\">1825 x 730 x 910<\/span><\/p>\n<\/td>\n<td>\n<p class=\"s13\"><span dir=\"auto\">1825 x 730 x 910<\/span><\/p>\n<\/td>\n<td>\n<p class=\"s13\"><span dir=\"auto\">1825 x 730 x 910<\/span><\/p>\n<\/td>\n<\/tr>\n<tr>\n<td>\n<p class=\"s13\"><span dir=\"auto\">A -\u00a0<\/span><span dir=\"auto\">Sz\u00e9less\u00e9g<\/span><\/p>\n<\/td>\n<td>\n<p class=\"s13\">1234<\/p>\n<\/td>\n<td>\n<p class=\"s13\"><span dir=\"auto\">1234<\/span><\/p>\n<\/td>\n<td>\n<p class=\"s13\"><span dir=\"auto\">1234<\/span><\/p>\n<\/td>\n<td>\n<p class=\"s13\"><span dir=\"auto\">1234<\/span><\/p>\n<\/td>\n<\/tr>\n<tr>\n<td>\n<p class=\"s13\"><span dir=\"auto\">B -\u00a0<\/span><span dir=\"auto\">M\u00e9lys\u00e9g<\/span><\/p>\n<\/td>\n<td>\n<p class=\"s13\">580<\/p>\n<\/td>\n<td>\n<p class=\"s13\"><span dir=\"auto\">580<\/span><\/p>\n<\/td>\n<td>\n<p class=\"s13\"><span dir=\"auto\">580<\/span><\/p>\n<\/td>\n<td>\n<p class=\"s13\"><span dir=\"auto\">580<\/span><\/p>\n<\/td>\n<\/tr>\n<tr>\n<td>\n<p class=\"s13\"><span dir=\"auto\">C -\u00a0<\/span><span dir=\"auto\">Magass\u00e1g<\/span><\/p>\n<\/td>\n<td>\n<p class=\"s13\">560<\/p>\n<\/td>\n<td>\n<p class=\"s13\"><span dir=\"auto\">560<\/span><\/p>\n<\/td>\n<td>\n<p class=\"s13\"><span dir=\"auto\">560<\/span><\/p>\n<\/td>\n<td>\n<p class=\"s13\"><span dir=\"auto\">560<\/span><\/p>\n<\/td>\n<\/tr>\n<tr>\n<td colspan=\"5\">\n<p class=\"s13\"><span dir=\"auto\">*Az egys\u00e9gek teljes magass\u00e1ga tartalmazza a minim\u00e1lis magass\u00e1gi szinthez igaz\u00edtott l\u00e1bakat is.<\/span><\/p>\n<\/td>\n<\/tr>\n<\/tbody>\n<\/table>\n<table cellspacing=\"0\">\n<tbody>\n<tr>\n<td bgcolor=\"#FFFFFF\">\n<p class=\"s12\"><span dir=\"auto\">M\u0171szaki jellemz\u0151k<\/span><\/p>\n<\/td>\n<td bgcolor=\"#FFFFFF\">\n<p class=\"s12\"><span dir=\"auto\">CXF 3100 TN<\/span><\/p>\n<\/td>\n<td bgcolor=\"#FFFFFF\">\n<p class=\"s12\"><span dir=\"auto\">CXF 3100 TNG<\/span><\/p>\n<\/td>\n<td bgcolor=\"#FFFFFF\">\n<p class=\"s12\"><span dir=\"auto\">CXF 3110 \/ 3130 TN<\/span><\/p>\n<\/td>\n<td bgcolor=\"#FFFFFF\">\n<p class=\"s12\"><span dir=\"auto\">CXF 3140 TN<\/span><\/p>\n<\/td>\n<td bgcolor=\"#FFFFFF\">\n<p class=\"s12\"><span dir=\"auto\">CXF 3100 BT<\/span><\/p>\n<\/td>\n<\/tr>\n<tr>\n<td>\n<p class=\"s13\">Temperatura \/ H\u0151m\u00e9rs\u00e9klet-tartom\u00e1ny<\/p>\n<\/td>\n<td>\n<p class=\"s13\">-2 \u00b0C \/ +8 \u00b0C<\/p>\n<\/td>\n<td>\n<p class=\"s13\">+2 \u00b0C \/ +8 \u00b0C<\/p>\n<\/td>\n<td>\n<p class=\"s13\"><span dir=\"auto\">-2 \u00b0C \/ +8 \u00b0C<\/span><\/p>\n<\/td>\n<td>\n<p class=\"s13\"><span dir=\"auto\">-2 \u00b0C \/ +8 \u00b0C<\/span><\/p>\n<\/td>\n<td>\n<p class=\"s13\">-22 \u00b0C \/ -18 \u00b0C<\/p>\n<\/td>\n<\/tr>\n<tr>\n<td>\n<p class=\"s13\"><span dir=\"auto\">\u00c9ghajlat\u00a0<\/span><span dir=\"auto\">Oszt\u00e1ly<\/span><\/p>\n<\/td>\n<td>\n<p class=\"s13\">5<\/p>\n<\/td>\n<td>\n<p class=\"s13\">4<\/p>\n<\/td>\n<td>\n<p class=\"s13\"><span dir=\"auto\">4<\/span><\/p>\n<\/td>\n<td>\n<p class=\"s13\"><span dir=\"auto\">4<\/span><\/p>\n<\/td>\n<td>\n<p class=\"s13\"><span dir=\"auto\">4<\/span><\/p>\n<\/td>\n<\/tr>\n<tr>\n<td>\n<p class=\"s13\">Nett\u00f3-Lordo t\u00e9rfogat \/ Nett\u00f3-brutt\u00f3 t\u00e9rfogat<\/p>\n<\/td>\n<td>\n<p class=\"s13\">291 \/ 358 hadnagy<\/p>\n<\/td>\n<td>\n<p class=\"s13\">302 \/ 358-as hadnagy<\/p>\n<\/td>\n<td>\n<p class=\"s13\">242 \/ 358 hadnagy<\/p>\n<\/td>\n<td>\n<p class=\"s13\">194 \/ 358 hadnagy<\/p>\n<\/td>\n<td>\n<p class=\"s13\">281 \/ 358 hadnagy<\/p>\n<\/td>\n<\/tr>\n<tr>\n<td>\n<p class=\"s13\"><span dir=\"auto\">K\u00fcls\u0151 fel\u00fclet \/\u00a0<\/span><span dir=\"auto\">Test<\/span><\/p>\n<\/td>\n<td>\n<p class=\"s13\"><span dir=\"auto\">Acciaio Inox AISI 304\u00a0<\/span><span dir=\"auto\">AISI 304 rozsdamentes ac\u00e9l<\/span><\/p>\n<\/td>\n<td>\n<p class=\"s13\"><span dir=\"auto\">Acciaio Inox AISI 304\u00a0<\/span><span dir=\"auto\">AISI 304 rozsdamentes ac\u00e9l<\/span><\/p>\n<\/td>\n<td>\n<p class=\"s13\"><span dir=\"auto\">Acciaio Inox AISI 304\u00a0<\/span><span dir=\"auto\">AISI 304 rozsdamentes ac\u00e9l<\/span><\/p>\n<\/td>\n<td>\n<p class=\"s13\"><span dir=\"auto\">Acciaio Inox AISI 304\u00a0<\/span><span dir=\"auto\">AISI 304 rozsdamentes ac\u00e9l<\/span><\/p>\n<\/td>\n<td>\n<p class=\"s13\"><span dir=\"auto\">Acciaio Inox AISI 304\u00a0<\/span><span dir=\"auto\">AISI 304 rozsdamentes ac\u00e9l<\/span><\/p>\n<\/td>\n<\/tr>\n<tr>\n<td>\n<p class=\"s13\"><span dir=\"auto\">Porta \/\u00a0<\/span><span dir=\"auto\">Ajt\u00f3<\/span><\/p>\n<\/td>\n<td>\n<p class=\"s14\">&#8211;<\/p>\n<\/td>\n<td>\n<p class=\"s13\"><span dir=\"auto\">\u00dcveg<\/span><span dir=\"auto\">\u200b<\/span><\/p>\n<\/td>\n<td>\n<p class=\"s14\"><span dir=\"auto\">&#8211;<\/span><\/p>\n<\/td>\n<td>\n<p class=\"s14\"><span dir=\"auto\">&#8211;<\/span><\/p>\n<\/td>\n<td>\n<p class=\"s14\"><span dir=\"auto\">&#8211;<\/span><\/p>\n<\/td>\n<\/tr>\n<tr>\n<td>\n<p class=\"s13\"><span dir=\"auto\">Bels\u0151\u00a0<\/span><span dir=\"auto\">B\u00e9l\u00e9stest<\/span><\/p>\n<\/td>\n<td>\n<p class=\"s13\"><span dir=\"auto\">Acciaio Inox AISI 304\u00a0<\/span><span dir=\"auto\">AISI 304 rozsdamentes ac\u00e9l<\/span><\/p>\n<\/td>\n<td>\n<p class=\"s13\"><span dir=\"auto\">Acciaio Inox AISI 304\u00a0<\/span><span dir=\"auto\">AISI 304 rozsdamentes ac\u00e9l<\/span><\/p>\n<\/td>\n<td>\n<p class=\"s13\"><span dir=\"auto\">Acciaio Inox AISI 304\u00a0<\/span><span dir=\"auto\">AISI 304 rozsdamentes ac\u00e9l<\/span><\/p>\n<\/td>\n<td>\n<p class=\"s13\"><span dir=\"auto\">Acciaio Inox AISI 304\u00a0<\/span><span dir=\"auto\">AISI 304 rozsdamentes ac\u00e9l<\/span><\/p>\n<\/td>\n<td>\n<p class=\"s13\"><span dir=\"auto\">Acciaio Inox AISI 304\u00a0<\/span><span dir=\"auto\">AISI 304 rozsdamentes ac\u00e9l<\/span><\/p>\n<\/td>\n<\/tr>\n<tr>\n<td>\n<p class=\"s13\"><span dir=\"auto\">Termoszt\u00e1t<\/span><span dir=\"auto\">\u200b<\/span><\/p>\n<\/td>\n<td>\n<p class=\"s13\"><span dir=\"auto\">Elektronikus<\/span><span dir=\"auto\">\u200b<\/span><\/p>\n<\/td>\n<td>\n<p class=\"s13\"><span dir=\"auto\">Elektronikus<\/span><span dir=\"auto\">\u200b<\/span><\/p>\n<\/td>\n<td>\n<p class=\"s13\"><span dir=\"auto\">Elektronikus<\/span><span dir=\"auto\">\u200b<\/span><\/p>\n<\/td>\n<td>\n<p class=\"s13\"><span dir=\"auto\">Elektronikus<\/span><span dir=\"auto\">\u200b<\/span><\/p>\n<\/td>\n<td>\n<p class=\"s13\"><span dir=\"auto\">Elektronikus<\/span><span dir=\"auto\">\u200b<\/span><\/p>\n<\/td>\n<\/tr>\n<tr>\n<td>\n<p class=\"s13\"><span dir=\"auto\">Zaj\u00a0<\/span><span dir=\"auto\">szint<\/span><\/p>\n<\/td>\n<td>\n<p class=\"s13\">dB 42<\/p>\n<\/td>\n<td>\n<p class=\"s13\"><span dir=\"auto\">dB 42<\/span><\/p>\n<\/td>\n<td>\n<p class=\"s13\"><span dir=\"auto\">dB 42<\/span><\/p>\n<\/td>\n<td>\n<p class=\"s13\"><span dir=\"auto\">dB 42<\/span><\/p>\n<\/td>\n<td>\n<p class=\"s13\"><span dir=\"auto\">dB 42<\/span><\/p>\n<\/td>\n<\/tr>\n<tr>\n<td>\n<p class=\"s13\">Smart Link WiFi<\/p>\n<p class=\"s13\"><span dir=\"auto\">T\u00e1vir\u00e1ny\u00edt\u00f3 \/\u00a0<\/span><span dir=\"auto\">T\u00e1vir\u00e1ny\u00edt\u00f3<\/span><\/p>\n<\/td>\n<td>\n<p class=\"s13\">Opcion\u00e1lis<\/p>\n<\/td>\n<td>\n<p class=\"s13\"><span dir=\"auto\">Opcion\u00e1lis<\/span><\/p>\n<\/td>\n<td>\n<p class=\"s13\"><span dir=\"auto\">Opcion\u00e1lis<\/span><\/p>\n<\/td>\n<td>\n<p class=\"s13\"><span dir=\"auto\">Opcion\u00e1lis<\/span><\/p>\n<\/td>\n<td>\n<p class=\"s13\"><span dir=\"auto\">Opcion\u00e1lis<\/span><\/p>\n<\/td>\n<\/tr>\n<tr>\n<td>\n<p class=\"s13\">Spessore isolamento \/ Szigetel\u00e9s vastags\u00e1ga<\/p>\n<\/td>\n<td>\n<p class=\"s13\">mm 60<\/p>\n<\/td>\n<td>\n<p class=\"s13\"><span dir=\"auto\">mm 60<\/span><\/p>\n<\/td>\n<td>\n<p class=\"s13\"><span dir=\"auto\">mm 60<\/span><\/p>\n<\/td>\n<td>\n<p class=\"s13\"><span dir=\"auto\">mm 60<\/span><\/p>\n<\/td>\n<td>\n<p class=\"s13\">m 60<\/p>\n<\/td>\n<\/tr>\n<tr>\n<td>\n<p class=\"s13\"><span dir=\"auto\">Leolvaszt\u00e1s\u00a0<\/span><span dir=\"auto\">Leolvaszt\u00e1s<\/span><\/p>\n<\/td>\n<td>\n<p class=\"s13\"><span dir=\"auto\">Automatikus elektromos\u00a0<\/span><span dir=\"auto\">f\u0171t\u00e9s<\/span><\/p>\n<\/td>\n<td>\n<p class=\"s13\"><span dir=\"auto\">Automatikus elektromos\u00a0<\/span><span dir=\"auto\">f\u0171t\u00e9s<\/span><\/p>\n<\/td>\n<td>\n<p class=\"s13\"><span dir=\"auto\">Automatikus elektromos\u00a0<\/span><span dir=\"auto\">f\u0171t\u00e9s<\/span><\/p>\n<\/td>\n<td>\n<p class=\"s13\"><span dir=\"auto\">Automatikus elektromos\u00a0<\/span><span dir=\"auto\">f\u0171t\u00e9s<\/span><\/p>\n<\/td>\n<td>\n<p class=\"s13\"><span dir=\"auto\">Automatikus elektromos\u00a0<\/span><span dir=\"auto\">f\u0171t\u00e9s<\/span><\/p>\n<\/td>\n<\/tr>\n<tr>\n<td>\n<p class=\"s13\">Mensole (LxP) \/ Polcok (WxD)<\/p>\n<\/td>\n<td>\n<p class=\"s13\">N\u00b0 3 - mm 335 x 530 +<\/p>\n<p class=\"s13\">N\u00b0 3 - mm 390 x 505<\/p>\n<\/td>\n<td>\n<p class=\"s13\"><span dir=\"auto\">N\u00b0 3 - mm 335 x 530 +<\/span><\/p>\n<p class=\"s13\"><span dir=\"auto\">N\u00b0 3 - mm 390 x 505<\/span><\/p>\n<\/td>\n<td>\n<p class=\"s13\">N\u00b0 2 - mm 335 x 530 +<\/p>\n<p class=\"s13\">N\u00b0 2 - mm 390 x 505<\/p>\n<\/td>\n<td>\n<p class=\"s13\">N\u00b0 1 - mm 335 x 530 +<\/p>\n<p class=\"s13\">N\u00b0 1 - mm 390 x 505<\/p>\n<\/td>\n<td>\n<p class=\"s13\"><span dir=\"auto\">N\u00b0 3 - mm 335 x 530 +<\/span><\/p>\n<p class=\"s13\"><span dir=\"auto\">N\u00b0 3 - mm 390 x 505<\/span><\/p>\n<\/td>\n<\/tr>\n<tr>\n<td>\n<p class=\"s13\"><span dir=\"auto\">Vil\u00e1g\u00edt\u00e1s<\/span><span dir=\"auto\">\u200b<\/span><\/p>\n<\/td>\n<td>\n<p class=\"s14\">&#8211;<\/p>\n<\/td>\n<td>\n<p class=\"s13\">Led 3,6 W<\/p>\n<\/td>\n<td>\n<p class=\"s13\"><span dir=\"auto\">&#8211;<\/span><\/p>\n<\/td>\n<td>\n<p class=\"s13\"><span dir=\"auto\">&#8211;<\/span><\/p>\n<\/td>\n<td>\n<p class=\"s13\"><span dir=\"auto\">&#8211;<\/span><\/p>\n<\/td>\n<\/tr>\n<tr>\n<td>\n<p class=\"s13\"><span dir=\"auto\">Self-\u00a0<\/span><span dir=\"auto\">z\u00e1r\u00f3d\u00f3 ajt\u00f3<\/span><\/p>\n<\/td>\n<td>\n<p class=\"s13\"><span dir=\"auto\">L\u00e1gy z\u00e1r\u00e1s<\/span><\/p>\n<\/td>\n<td>\n<p class=\"s13\"><span dir=\"auto\">L\u00e1gy z\u00e1r\u00e1s<\/span><\/p>\n<\/td>\n<td>\n<p class=\"s13\"><span dir=\"auto\">L\u00e1gy z\u00e1r\u00e1s<\/span><\/p>\n<\/td>\n<td>\n<p class=\"s13\"><span dir=\"auto\">L\u00e1gy z\u00e1r\u00e1s<\/span><\/p>\n<\/td>\n<td>\n<p class=\"s13\"><span dir=\"auto\">L\u00e1gy z\u00e1r\u00e1s<\/span><\/p>\n<\/td>\n<\/tr>\n<tr>\n<td>\n<p class=\"s13\"><span dir=\"auto\">G\u00f6rg\u0151k\u00a0<\/span><span dir=\"auto\">-Feet<\/span><\/p>\n<\/td>\n<td>\n<p class=\"s13\">4 Piedi \/ 6 Feet h mm 110\/170<\/p>\n<\/td>\n<td>\n<p class=\"s13\"><span dir=\"auto\">4 Piedi \/\u00a0<\/span><span dir=\"auto\">6 l\u00e1b\u00a0<\/span><span dir=\"auto\">h mm 110\/170<\/span><\/p>\n<\/td>\n<td>\n<p class=\"s13\"><span dir=\"auto\">4 Piedi \/\u00a0<\/span><span dir=\"auto\">6 l\u00e1b\u00a0<\/span><span dir=\"auto\">h mm 110\/170<\/span><\/p>\n<\/td>\n<td>\n<p class=\"s13\"><span dir=\"auto\">4 Piedi \/\u00a0<\/span><span dir=\"auto\">6 l\u00e1b\u00a0<\/span><span dir=\"auto\">h mm 110\/170<\/span><\/p>\n<\/td>\n<td>\n<p class=\"s13\"><span dir=\"auto\">4 Piedi \/\u00a0<\/span><span dir=\"auto\">6 l\u00e1b\u00a0<\/span><span dir=\"auto\">h mm 110\/170<\/span><\/p>\n<\/td>\n<\/tr>\n<tr>\n<td>\n<p class=\"s13\"><span dir=\"auto\">Kerekek \/\u00a0<\/span><span dir=\"auto\">G\u00f6rg\u0151k<\/span><\/p>\n<\/td>\n<td>\n<p class=\"s13\">V\u00e1laszthat\u00f3 - h mm 140<\/p>\n<\/td>\n<td>\n<p class=\"s13\"><span dir=\"auto\">V\u00e1laszthat\u00f3 - h mm 140<\/span><\/p>\n<\/td>\n<td>\n<p class=\"s13\"><span dir=\"auto\">V\u00e1laszthat\u00f3 - h mm 140<\/span><\/p>\n<\/td>\n<td>\n<p class=\"s13\"><span dir=\"auto\">V\u00e1laszthat\u00f3 - h mm 140<\/span><\/p>\n<\/td>\n<td>\n<p class=\"s13\"><span dir=\"auto\">V\u00e1laszthat\u00f3 - h mm 140<\/span><\/p>\n<\/td>\n<\/tr>\n<tr>\n<td>\n<p class=\"s13\"><span dir=\"auto\">Net-\u00a0<\/span><span dir=\"auto\">Brutt\u00f3 t\u00f6meg<\/span><\/p>\n<\/td>\n<td>\n<p class=\"s13\">Kg 134 \/ 151<\/p>\n<\/td>\n<td>\n<p class=\"s13\"><span dir=\"auto\">Kg 134 \/ 151<\/span><\/p>\n<\/td>\n<td>\n<p class=\"s13\">Kg 144 \/ 161<\/p>\n<\/td>\n<td>\n<p class=\"s13\">Kg 154 \/ 171<\/p>\n<\/td>\n<td>\n<p class=\"s13\">Kg 136 \/ 154<\/p>\n<\/td>\n<\/tr>\n<tr>\n<td>\n<p class=\"s13\"><span dir=\"auto\">Fesz\u00fclts\u00e9g<\/span><span dir=\"auto\">\u200b<\/span><\/p>\n<\/td>\n<td>\n<p class=\"s13\"><span dir=\"auto\">220-240<\/span><\/p>\n<\/td>\n<td>\n<p class=\"s13\"><span dir=\"auto\">220-240<\/span><\/p>\n<\/td>\n<td>\n<p class=\"s13\"><span dir=\"auto\">220-240<\/span><\/p>\n<\/td>\n<td>\n<p class=\"s13\"><span dir=\"auto\">220-240<\/span><\/p>\n<\/td>\n<td>\n<p class=\"s13\"><span dir=\"auto\">220-240<\/span><\/p>\n<\/td>\n<\/tr>\n<tr>\n<td>\n<p class=\"s13\"><span dir=\"auto\">Frekvencia<\/span><span dir=\"auto\">\u200b<\/span><\/p>\n<\/td>\n<td>\n<p class=\"s13\">Hz 50<\/p>\n<\/td>\n<td>\n<p class=\"s13\"><span dir=\"auto\">Hz 50<\/span><\/p>\n<\/td>\n<td>\n<p class=\"s13\"><span dir=\"auto\">Hz 50<\/span><\/p>\n<\/td>\n<td>\n<p class=\"s13\"><span dir=\"auto\">Hz 50<\/span><\/p>\n<\/td>\n<td>\n<p class=\"s13\"><span dir=\"auto\">Hz 50<\/span><\/p>\n<\/td>\n<\/tr>\n<tr>\n<td>\n<p class=\"s13\"><span dir=\"auto\">H\u0171t\u0151k\u00f6zeg \/\u00a0<\/span><span dir=\"auto\">H\u0171t\u0151k\u00f6zeg<\/span><\/p>\n<\/td>\n<td>\n<p class=\"s13\">R600A<\/p>\n<\/td>\n<td>\n<p class=\"s13\"><span dir=\"auto\">R600A<\/span><\/p>\n<\/td>\n<td>\n<p class=\"s13\"><span dir=\"auto\">R600A<\/span><\/p>\n<\/td>\n<td>\n<p class=\"s13\"><span dir=\"auto\">R600A<\/span><\/p>\n<\/td>\n<td>\n<p class=\"s13\"><span dir=\"auto\">R290<\/span><\/p>\n<\/td>\n<\/tr>\n<tr>\n<td>\n<p class=\"s13\"><span dir=\"auto\">Abszorpci\u00f3<\/span><span dir=\"auto\">\u200b<\/span><\/p>\n<\/td>\n<td>\n<p class=\"s13\"><span dir=\"auto\">300-ban<\/span><\/p>\n<\/td>\n<td>\n<p class=\"s13\"><span dir=\"auto\">300-ban<\/span><\/p>\n<\/td>\n<td>\n<p class=\"s13\"><span dir=\"auto\">300-ban<\/span><\/p>\n<\/td>\n<td>\n<p class=\"s13\"><span dir=\"auto\">300-ban<\/span><\/p>\n<\/td>\n<td>\n<p class=\"s13\"><span dir=\"auto\">570-ben<\/span><\/p>\n<\/td>\n<\/tr>\n<tr>\n<td>\n<p class=\"s13\"><span dir=\"auto\">Energia\u00a0<\/span><span dir=\"auto\">Fogyaszt\u00e1s<\/span><\/p>\n<\/td>\n<td>\n<p class=\"s13\"><span dir=\"auto\">KwH\/24H 2.25<\/span><\/p>\n<\/td>\n<td>\n<p class=\"s13\"><span dir=\"auto\">KwH\/24H 3,126<\/span><\/p>\n<\/td>\n<td>\n<p class=\"s13\"><span dir=\"auto\">KwH\/24H 2.25<\/span><\/p>\n<\/td>\n<td>\n<p class=\"s13\"><span dir=\"auto\">KwH\/24H 2,18<\/span><\/p>\n<\/td>\n<td>\n<p class=\"s13\"><span dir=\"auto\">KwH\/24H 8,11<\/span><\/p>\n<\/td>\n<\/tr>\n<\/tbody>\n<\/table>","protected":false},"excerpt":{"rendered":"<p>-20 \u00b0C \/ -10 \u00b0C Szell\u0151ztetett h\u0171t\u0151asztal, h\u00e1rom ajt\u00f3val. Negat\u00edv h\u0151m\u00e9rs\u00e9klet<\/p>","protected":false},"featured_media":10310,"comment_status":"open","ping_status":"closed","template":"","meta":[],"product_brand":[],"product_cat":[51],"product_tag":[],"class_list":{"0":"post-10265","1":"product","2":"type-product","3":"status-publish","4":"has-post-thumbnail","6":"product_cat-kitchen-catering-cooling","8":"first","9":"instock","10":"shipping-taxable","11":"purchasable","12":"product-type-simple"},"_links":{"self":[{"href":"https:\/\/dersuessestopp.com\/hu\/wp-json\/wp\/v2\/product\/10265","targetHints":{"allow":["GET"]}}],"collection":[{"href":"https:\/\/dersuessestopp.com\/hu\/wp-json\/wp\/v2\/product"}],"about":[{"href":"https:\/\/dersuessestopp.com\/hu\/wp-json\/wp\/v2\/types\/product"}],"replies":[{"embeddable":true,"href":"https:\/\/dersuessestopp.com\/hu\/wp-json\/wp\/v2\/comments?post=10265"}],"version-history":[{"count":4,"href":"https:\/\/dersuessestopp.com\/hu\/wp-json\/wp\/v2\/product\/10265\/revisions"}],"predecessor-version":[{"id":11975,"href":"https:\/\/dersuessestopp.com\/hu\/wp-json\/wp\/v2\/product\/10265\/revisions\/11975"}],"wp:featuredmedia":[{"embeddable":true,"href":"https:\/\/dersuessestopp.com\/hu\/wp-json\/wp\/v2\/media\/10310"}],"wp:attachment":[{"href":"https:\/\/dersuessestopp.com\/hu\/wp-json\/wp\/v2\/media?parent=10265"}],"wp:term":[{"taxonomy":"product_brand","embeddable":true,"href":"https:\/\/dersuessestopp.com\/hu\/wp-json\/wp\/v2\/product_brand?post=10265"},{"taxonomy":"product_cat","embeddable":true,"href":"https:\/\/dersuessestopp.com\/hu\/wp-json\/wp\/v2\/product_cat?post=10265"},{"taxonomy":"product_tag","embeddable":true,"href":"https:\/\/dersuessestopp.com\/hu\/wp-json\/wp\/v2\/product_tag?post=10265"}],"curies":[{"name":"wp","href":"https:\/\/api.w.org\/{rel}","templated":true}]}}