{"id":10264,"date":"2025-09-29T14:58:51","date_gmt":"2025-09-29T14:58:51","guid":{"rendered":"https:\/\/dersuessestopp.com\/?post_type=product&#038;p=10264"},"modified":"2025-10-08T23:58:56","modified_gmt":"2025-10-08T23:58:56","slug":"cax-3100-tn-gn1-1","status":"publish","type":"product","link":"https:\/\/dersuessestopp.com\/hu\/product\/cax-3100-tn-gn1-1\/","title":{"rendered":"GN 3100 TN"},"content":{"rendered":"<p data-start=\"167\" data-end=\"597\">A <strong data-start=\"171\" data-end=\"194\">EKOFROST GN 3100 TN<\/strong> egy <strong data-start=\"200\" data-end=\"240\">rozsdamentes ac\u00e9l h\u0171t\u0151pult<\/strong> a  c\u00edmen <strong data-start=\"246\" data-end=\"272\">h\u00e1rom szell\u0151ztetett ajt\u00f3<\/strong>, ide\u00e1lis professzion\u00e1lis konyh\u00e1k \u00e9s vend\u00e9gl\u00e1t\u00f3ipari k\u00f6rnyezetek sz\u00e1m\u00e1ra. Tart\u00f3san \u00e9p\u00edtett <strong data-start=\"352\" data-end=\"380\">AISI 201 rozsdamentes ac\u00e9l<\/strong>, megb\u00edzhat\u00f3 h\u0171t\u00e9st k\u00edn\u00e1l egy <strong data-start=\"418\" data-end=\"434\">+2\u00b0C \u00e9s +8\u00b0C k\u00f6z\u00f6tt<\/strong> tartom\u00e1nyban. Felszerelve <strong data-start=\"456\" data-end=\"478\">l\u00e1gyan z\u00e1r\u00f3d\u00f3 ajt\u00f3k<\/strong>, <strong data-start=\"480\" data-end=\"501\">automatikus leolvaszt\u00e1s<\/strong>, \u00e9s <strong data-start=\"507\" data-end=\"526\">\u00e1ll\u00edthat\u00f3 l\u00e1bak<\/strong>, biztos\u00edtja a hat\u00e9konys\u00e1got, a higi\u00e9ni\u00e1t \u00e9s a k\u00e9nyelmet a napi m\u0171k\u00f6d\u00e9s sor\u00e1n.<\/p>\n<p data-start=\"599\" data-end=\"618\"><strong data-start=\"599\" data-end=\"616\">F\u0151bb jellemz\u0151k:<\/strong><\/p>\n<ul data-start=\"619\" data-end=\"912\">\n<li data-start=\"619\" data-end=\"658\">\n<p data-start=\"621\" data-end=\"658\">H\u0151m\u00e9rs\u00e9klet-tartom\u00e1ny: <strong data-start=\"640\" data-end=\"656\">+2\u00b0C \u00e9s +8\u00b0C k\u00f6z\u00f6tt<\/strong><\/p>\n<\/li>\n<li data-start=\"659\" data-end=\"711\">\n<p data-start=\"661\" data-end=\"711\"><strong data-start=\"661\" data-end=\"689\">AISI 201 rozsdamentes ac\u00e9l<\/strong> bels\u0151 \u00e9s k\u00fcls\u0151<\/p>\n<\/li>\n<li data-start=\"712\" data-end=\"745\">\n<p data-start=\"714\" data-end=\"745\"><strong data-start=\"714\" data-end=\"743\">3 \u00f6nz\u00e1r\u00f3 puha ajt\u00f3<\/strong><\/p>\n<\/li>\n<li data-start=\"746\" data-end=\"805\">\n<p data-start=\"748\" data-end=\"805\"><strong data-start=\"748\" data-end=\"777\">Szell\u0151ztetett h\u0171t\u0151rendszer<\/strong> a  c\u00edmen <strong data-start=\"783\" data-end=\"803\">R290 h\u0171t\u0151k\u00f6zeg<\/strong><\/p>\n<\/li>\n<li data-start=\"806\" data-end=\"831\">\n<p data-start=\"808\" data-end=\"831\"><strong data-start=\"808\" data-end=\"829\">Automatikus leolvaszt\u00e1s<\/strong><\/p>\n<\/li>\n<li data-start=\"832\" data-end=\"872\">\n<p data-start=\"834\" data-end=\"872\"><strong data-start=\"834\" data-end=\"857\">Energiafogyaszt\u00e1s:<\/strong> 3,34 kWh\/24h<\/p>\n<\/li>\n<li data-start=\"873\" data-end=\"912\">\n<p data-start=\"875\" data-end=\"912\">M\u00e9retek: <strong data-start=\"887\" data-end=\"910\">1795 \u00d7 700 \u00d7 850 mm<\/strong><\/p>\n<\/li>\n<li data-start=\"873\" data-end=\"912\"><\/li>\n<\/ul>\n<table style=\"height: 1143px;\" width=\"586\" cellspacing=\"0\">\n<tbody>\n<tr>\n<td colspan=\"2\" bgcolor=\"#FFFFFF\">\n<p class=\"s3\"><span dir=\"auto\">M\u0170SZAKI INFORM\u00c1CI\u00d3K<\/span><\/p>\n<\/td>\n<\/tr>\n<tr>\n<td>\n<p class=\"s4\"><span dir=\"auto\">Modell<\/span><\/p>\n<\/td>\n<td>\n<p class=\"s4\"><span dir=\"auto\">GN 3100 TN<\/span><\/p>\n<\/td>\n<\/tr>\n<tr>\n<td>\n<p class=\"s5\"><span dir=\"auto\">\u00a0H\u0151m\u00e9rs\u00e9klet-tartom\u00e1ny<\/span><\/p>\n<\/td>\n<td>\n<p class=\"s5\"><span dir=\"auto\">+2 \u00b0C \/ +8 \u00b0C<\/span><\/p>\n<\/td>\n<\/tr>\n<tr>\n<td>\n<p class=\"s5\"><span dir=\"auto\">K\u00fcls\u0151 m\u00e9retek (WxDxH)<\/span><\/p>\n<\/td>\n<td>\n<p class=\"s5\"><span dir=\"auto\">1795 x 700 x 850 mm<\/span><\/p>\n<\/td>\n<\/tr>\n<tr>\n<td>\n<p class=\"s5\"><span dir=\"auto\">Csomagol\u00e1si m\u00e9retek (WxDxH)<\/span><\/p>\n<\/td>\n<td>\n<p class=\"s5\"><span dir=\"auto\">1840 x 750 x 880 mm<\/span><\/p>\n<\/td>\n<\/tr>\n<tr>\n<td>\n<p class=\"s5\"><span dir=\"auto\">Bels\u0151 m\u00e9retek (WxDxH)<\/span><\/p>\n<\/td>\n<td>\n<p class=\"s5\"><span dir=\"auto\">1235 x 580 x 560 mm<\/span><\/p>\n<\/td>\n<\/tr>\n<tr>\n<td>\n<p class=\"s5\"><span dir=\"auto\">Nett\u00f3 mennyis\u00e9g<\/span><\/p>\n<\/td>\n<td>\n<p class=\"s5\"><span dir=\"auto\">294 \/ 417 liter<\/span><\/p>\n<\/td>\n<\/tr>\n<tr>\n<td>\n<p class=\"s5\"><span dir=\"auto\">Nett\u00f3 s\u00faly\u00a0<\/span><\/p>\n<\/td>\n<td>\n<p class=\"s5\"><span dir=\"auto\">113\/140 kg<\/span><\/p>\n<\/td>\n<\/tr>\n<tr>\n<td>\n<p class=\"s5\"><span dir=\"auto\">K\u00fcls\u0151 fel\u00fclet \/ test<\/span><\/p>\n<\/td>\n<td>\n<p class=\"s5\"><span dir=\"auto\">AISI 201 rozsdamentes ac\u00e9l<\/span><\/p>\n<\/td>\n<\/tr>\n<tr>\n<td>\n<p class=\"s5\"><span dir=\"auto\">Bels\u0151 fel\u00fclet\u00a0<\/span><\/p>\n<\/td>\n<td>\n<p class=\"s5\"><span dir=\"auto\">AISI 201 rozsdamentes ac\u00e9l<\/span><\/p>\n<\/td>\n<\/tr>\n<tr>\n<td>\n<p class=\"s5\"><span dir=\"auto\">Polcok<\/span><\/p>\n<\/td>\n<td>\n<p class=\"s5\"><span dir=\"auto\">3 polc 333 x 530 mm<\/span><\/p>\n<\/td>\n<\/tr>\n<tr>\n<td>\n<p class=\"s5\"><span dir=\"auto\">Kerekek \u00e9s l\u00e1bak<\/span><\/p>\n<\/td>\n<td>\n<p class=\"s5\"><span dir=\"auto\">6 l\u00e1b\u00a0<\/span><\/p>\n<\/td>\n<\/tr>\n<tr>\n<td>\n<p class=\"s5\"><span dir=\"auto\">\u00d6nz\u00e1r\u00f3d\u00f3 ajt\u00f3<\/span><\/p>\n<\/td>\n<td>\n<p class=\"s5\"><span dir=\"auto\">L\u00e1gy z\u00e1r\u00e1s<\/span><\/p>\n<\/td>\n<\/tr>\n<tr>\n<td>\n<p class=\"s5\"><span dir=\"auto\">H\u0171t\u0151k\u00f6zeg<\/span><\/p>\n<\/td>\n<td>\n<p class=\"s5\"><span dir=\"auto\">R290<\/span><\/p>\n<\/td>\n<\/tr>\n<tr>\n<td>\n<p class=\"s5\"><span dir=\"auto\">Szigetel\u00e9s vastags\u00e1ga<\/span><\/p>\n<\/td>\n<td>\n<p class=\"s5\"><span dir=\"auto\">60 mm<\/span><\/p>\n<\/td>\n<\/tr>\n<tr>\n<td>\n<p class=\"s5\"><span dir=\"auto\">Gyakoris\u00e1g \/\u00a0<\/span><b><span dir=\"auto\">Fesz\u00fclts\u00e9g<\/span><\/b><\/p>\n<\/td>\n<td>\n<p class=\"s5\"><span dir=\"auto\">50Hz \/ 220V<\/span><\/p>\n<\/td>\n<\/tr>\n<tr>\n<td>\n<p class=\"s5\"><span dir=\"auto\">Kl\u00edmaoszt\u00e1ly<\/span><\/p>\n<\/td>\n<td>\n<p class=\"s5\"><span dir=\"auto\">4<\/span><\/p>\n<\/td>\n<\/tr>\n<tr>\n<td>\n<p class=\"s5\"><span dir=\"auto\">Abszorpci\u00f3<\/span><\/p>\n<\/td>\n<td>\n<p class=\"s5\"><span dir=\"auto\">380 W<\/span><\/p>\n<\/td>\n<\/tr>\n<tr>\n<td>\n<p class=\"s5\"><span dir=\"auto\">Energiafogyaszt\u00e1s<\/span><\/p>\n<\/td>\n<td>\n<p class=\"s5\"><span dir=\"auto\">KwH\/24H 3.34<\/span><\/p>\n<\/td>\n<\/tr>\n<\/tbody>\n<\/table>","protected":false},"excerpt":{"rendered":"<p>-2 \u00b0C \/ +8 \u00b0C Szell\u0151ztetett h\u0171t\u0151asztal, h\u00e1rom ajt\u00f3val. Pozit\u00edv h\u0151m\u00e9rs\u00e9klet<\/p>","protected":false},"featured_media":10308,"comment_status":"open","ping_status":"closed","template":"","meta":[],"product_brand":[],"product_cat":[51],"product_tag":[],"class_list":{"0":"post-10264","1":"product","2":"type-product","3":"status-publish","4":"has-post-thumbnail","6":"product_cat-kitchen-catering-cooling","8":"first","9":"instock","10":"shipping-taxable","11":"purchasable","12":"product-type-simple"},"_links":{"self":[{"href":"https:\/\/dersuessestopp.com\/hu\/wp-json\/wp\/v2\/product\/10264","targetHints":{"allow":["GET"]}}],"collection":[{"href":"https:\/\/dersuessestopp.com\/hu\/wp-json\/wp\/v2\/product"}],"about":[{"href":"https:\/\/dersuessestopp.com\/hu\/wp-json\/wp\/v2\/types\/product"}],"replies":[{"embeddable":true,"href":"https:\/\/dersuessestopp.com\/hu\/wp-json\/wp\/v2\/comments?post=10264"}],"version-history":[{"count":5,"href":"https:\/\/dersuessestopp.com\/hu\/wp-json\/wp\/v2\/product\/10264\/revisions"}],"predecessor-version":[{"id":11972,"href":"https:\/\/dersuessestopp.com\/hu\/wp-json\/wp\/v2\/product\/10264\/revisions\/11972"}],"wp:featuredmedia":[{"embeddable":true,"href":"https:\/\/dersuessestopp.com\/hu\/wp-json\/wp\/v2\/media\/10308"}],"wp:attachment":[{"href":"https:\/\/dersuessestopp.com\/hu\/wp-json\/wp\/v2\/media?parent=10264"}],"wp:term":[{"taxonomy":"product_brand","embeddable":true,"href":"https:\/\/dersuessestopp.com\/hu\/wp-json\/wp\/v2\/product_brand?post=10264"},{"taxonomy":"product_cat","embeddable":true,"href":"https:\/\/dersuessestopp.com\/hu\/wp-json\/wp\/v2\/product_cat?post=10264"},{"taxonomy":"product_tag","embeddable":true,"href":"https:\/\/dersuessestopp.com\/hu\/wp-json\/wp\/v2\/product_tag?post=10264"}],"curies":[{"name":"wp","href":"https:\/\/api.w.org\/{rel}","templated":true}]}}