{"id":10259,"date":"2025-09-29T14:58:50","date_gmt":"2025-09-29T14:58:50","guid":{"rendered":"https:\/\/dersuessestopp.com\/?post_type=product&#038;p=10259"},"modified":"2025-10-09T03:21:21","modified_gmt":"2025-10-09T03:21:21","slug":"cax-3200-tn-con-alzatina","status":"publish","type":"product","link":"https:\/\/dersuessestopp.com\/hu\/product\/cax-3200-tn-con-alzatina\/","title":{"rendered":"CXF 3200 TN FR\u00d6CCS\u00d6NT\u0150VEL"},"content":{"rendered":"<p><img decoding=\"async\" src=\"https:\/\/customer.klimaitalia.it\/api\/file\/image\/6681\" \/><\/p>\n<p>&nbsp;<\/p>\n<h2>Term\u00e9k le\u00edr\u00e1sa<\/h2>\n<p>A <strong data-start=\"247\" data-end=\"262\">CXF 3200 TN<\/strong> hivat\u00e1sos <strong data-start=\"281\" data-end=\"327\">h\u00e1romajt\u00f3s szell\u0151ztetett h\u0171t\u0151pult<\/strong> a  c\u00edmen <strong data-start=\"333\" data-end=\"352\">h\u00e1ts\u00f3 fr\u00f6ccsen\u0151 h\u00e1tfal<\/strong>, ide\u00e1lis \u00e9ttermek, sz\u00e1llod\u00e1k \u00e9s vend\u00e9gl\u00e1t\u00f3ipari konyh\u00e1k sz\u00e1m\u00e1ra. Teljesen a k\u00f6vetkez\u0151 anyagokb\u00f3l k\u00e9sz\u00fclt <strong data-start=\"428\" data-end=\"456\">AISI 304 rozsdamentes ac\u00e9l<\/strong>, higi\u00e9ni\u00e1t, szil\u00e1rds\u00e1got \u00e9s hossz\u00fa \u00e9lettartamot biztos\u00edt. M\u0171k\u00f6d\u0151 egy <strong data-start=\"536\" data-end=\"573\">-2\u00b0C \u00e9s +8\u00b0C k\u00f6z\u00f6tti h\u0151m\u00e9rs\u00e9klet-tartom\u00e1ny<\/strong>, egyenletes h\u0171t\u00e9st \u00e9s energiahat\u00e9konys\u00e1got biztos\u00edt. Felszerelve <strong data-start=\"640\" data-end=\"667\">l\u00e1gyan z\u00e1r\u00f3d\u00f3 \u00f6nm\u0171k\u00f6d\u0151 ajt\u00f3k<\/strong>, <strong data-start=\"669\" data-end=\"694\">elektronikus termoszt\u00e1t<\/strong>, \u00e9s <strong data-start=\"700\" data-end=\"730\">automatikus elektromos leolvaszt\u00e1s<\/strong>, megb\u00edzhat\u00f3 teljes\u00edtm\u00e9nyt ny\u00fajt a mindennapi professzion\u00e1lis haszn\u00e1lathoz.<\/p>\n<h2>M\u0171szaki specifik\u00e1ci\u00f3k<\/h2>\n<table>\n<tbody>\n<tr>\n<td>M\u00e9retek mm<\/td>\n<td>CXF 3200 TN<\/td>\n<td>CXF 3200 TNG<\/td>\n<td>CXF 3200 BT<\/td>\n<\/tr>\n<tr>\n<td>K\u00fcls\u0151 m\u00e9retek (WxDxH)<\/td>\n<td>1795 x 700 x 960*<\/td>\n<td>1795 x 700 x 960*<\/td>\n<td>1795 x 700 x 960*<\/td>\n<\/tr>\n<tr>\n<td>Csomagol\u00e1si m\u00e9retek (WxDxH)<\/td>\n<td>1825 x 730 x 1010<\/td>\n<td>1825 x 730 x 1010<\/td>\n<td>1825 x 730 x 1010<\/td>\n<\/tr>\n<tr>\n<td>Sz\u00e9less\u00e9g<\/td>\n<td>1234<\/td>\n<td>1234<\/td>\n<td>1234<\/td>\n<\/tr>\n<tr>\n<td>M\u00e9lys\u00e9g<\/td>\n<td>580<\/td>\n<td>580<\/td>\n<td>580<\/td>\n<\/tr>\n<tr>\n<td>Magass\u00e1g<\/td>\n<td>560<\/td>\n<td>560<\/td>\n<td>560<\/td>\n<\/tr>\n<tr>\n<td colspan=\"4\">Az egys\u00e9gek teljes magass\u00e1ga mag\u00e1ban foglalja a minim\u00e1lis magass\u00e1gi szinthez igaz\u00edtott l\u00e1bakat is.<\/td>\n<\/tr>\n<\/tbody>\n<\/table>\n<p>&nbsp;<\/p>\n<table>\n<tbody>\n<tr>\n<td>M\u0171szaki jellemz\u0151k<\/td>\n<td>CXF 3200 TN<\/td>\n<td>CXF 3200 TNG<\/td>\n<td>CXF 3200 BT<\/td>\n<\/tr>\n<tr>\n<td>H\u0151m\u00e9rs\u00e9klet tartom\u00e1ny<\/td>\n<td>-2 \u00b0C \/ +8 \u00b0C<\/td>\n<td>+2 \u00b0C \/ +8 \u00b0C<\/td>\n<td>-22 \u00b0C \/ -18 \u00b0C<\/td>\n<\/tr>\n<tr>\n<td>Kl\u00edmaoszt\u00e1ly<\/td>\n<td>5<\/td>\n<td>4<\/td>\n<td>4<\/td>\n<\/tr>\n<tr>\n<td>Nett\u00f3-brutt\u00f3 volumen<\/td>\n<td>291 \/ 358 hadnagy<\/td>\n<td>302 \/ 358-as hadnagy<\/td>\n<td>281 \/ 358 hadnagy<\/td>\n<\/tr>\n<tr>\n<td>Test<\/td>\n<td>AISI 304 rozsdamentes ac\u00e9l<\/td>\n<td>AISI 304 rozsdamentes ac\u00e9l<\/td>\n<td>AISI 304 rozsdamentes ac\u00e9l<\/td>\n<\/tr>\n<tr>\n<td>Bels\u0151 b\u00e9l\u00e9s<\/td>\n<td>AISI 304 rozsdamentes ac\u00e9l<\/td>\n<td>AISI 304 rozsdamentes ac\u00e9l<\/td>\n<td>AISI 304 rozsdamentes ac\u00e9l<\/td>\n<\/tr>\n<tr>\n<td>Termoszt\u00e1t<\/td>\n<td>Elektronikus<\/td>\n<td>Elektronikus<\/td>\n<td>Elektronikus<\/td>\n<\/tr>\n<tr>\n<td>Zajszint<\/td>\n<td>dB 42<\/td>\n<td>dB 42<\/td>\n<td>dB 42<\/td>\n<\/tr>\n<tr>\n<td>T\u00e1vir\u00e1ny\u00edt\u00f3<\/td>\n<td>Opcion\u00e1lis<\/td>\n<td>Opcion\u00e1lis<\/td>\n<td>Opcion\u00e1lis<\/td>\n<\/tr>\n<tr>\n<td>Szigetel\u00e9s vastags\u00e1ga<\/td>\n<td>mm 60<\/td>\n<td>mm 60<\/td>\n<td>m 60<\/td>\n<\/tr>\n<tr>\n<td>Leolvaszt\u00e1s<\/td>\n<td>Automatikus elektromos f\u0171t\u0151berendez\u00e9ssel<\/td>\n<td>Automatikus elektromos f\u0171t\u0151berendez\u00e9ssel<\/td>\n<td>\u00a0Automatikus elektromos f\u0171t\u0151berendez\u00e9ssel<\/td>\n<\/tr>\n<tr>\n<td>Polcok (WxD)<\/td>\n<td>N\u00b0 3 - mm 335 x 530 + N\u00b0 3 - mm 390 x 505<\/td>\n<td>N\u00b0 3 - mm 335 x 530 + N\u00b0 3 - mm 390 x 505<\/td>\n<td>N\u00b0 3 - mm 335 x 530 + N\u00b0 3 - mm 390 x 505<\/td>\n<\/tr>\n<tr>\n<td>\u00d6nz\u00e1r\u00f3 ajt\u00f3<\/td>\n<td>L\u00e1gy z\u00e1r\u00e1s<\/td>\n<td>L\u00e1gy z\u00e1r\u00e1s<\/td>\n<td>L\u00e1gy z\u00e1r\u00e1s<\/td>\n<\/tr>\n<tr>\n<td>Splashback magass\u00e1ga<\/td>\n<td>mm 110<\/td>\n<td>mm 110<\/td>\n<td>mm 110<\/td>\n<\/tr>\n<tr>\n<td>G\u00f6rg\u0151k - l\u00e1bak<\/td>\n<td>4 l\u00e1b<\/td>\n<td>4 l\u00e1b<\/td>\n<td>4 l\u00e1b<\/td>\n<\/tr>\n<tr>\n<td>G\u00f6rg\u0151k<\/td>\n<td>V\u00e1laszthat\u00f3 - h mm 140<\/td>\n<td>V\u00e1laszthat\u00f3 - h mm 140<\/td>\n<td>V\u00e1laszthat\u00f3 - h mm 140<\/td>\n<\/tr>\n<tr>\n<td>Nett\u00f3-brutt\u00f3 s\u00faly<\/td>\n<td>Kg 139 \/ 179<\/td>\n<td>Kg 144 \/ 161<\/td>\n<td>Kg 143 \/ 183<\/td>\n<\/tr>\n<tr>\n<td>Fesz\u00fclts\u00e9g<\/td>\n<td>V 220-240<\/td>\n<td>V 220-240<\/td>\n<td>V 220-240<\/td>\n<\/tr>\n<tr>\n<td>Frekvencia<\/td>\n<td>Hz 50<\/td>\n<td>Hz 50<\/td>\n<td>Hz 50<\/td>\n<\/tr>\n<tr>\n<td>H\u0171t\u0151k\u00f6zeg<\/td>\n<td>R600A<\/td>\n<td>R600A<\/td>\n<td>R290<\/td>\n<\/tr>\n<tr>\n<td>Abszorpci\u00f3<\/td>\n<td>W 300<\/td>\n<td>W 300<\/td>\n<td>W 570<\/td>\n<\/tr>\n<tr>\n<td>Energiafogyaszt\u00e1s<\/td>\n<td>KwH\/24H 2,25<\/td>\n<td>KwH\/24H 3,126<\/td>\n<td>KwH\/24H 8,11<\/td>\n<\/tr>\n<\/tbody>\n<\/table>","protected":false},"excerpt":{"rendered":"<p>-2 \u00b0C \/ +8 \u00b0C Szell\u0151ztetett h\u0171t\u0151asztal, h\u00e1rom ajt\u00f3val con alzatina. Pozit\u00edv h\u0151m\u00e9rs\u00e9klet<\/p>","protected":false},"featured_media":10298,"comment_status":"open","ping_status":"closed","template":"","meta":[],"product_brand":[],"product_cat":[51],"product_tag":[],"class_list":{"0":"post-10259","1":"product","2":"type-product","3":"status-publish","4":"has-post-thumbnail","6":"product_cat-kitchen-catering-cooling","8":"first","9":"instock","10":"shipping-taxable","11":"purchasable","12":"product-type-simple"},"_links":{"self":[{"href":"https:\/\/dersuessestopp.com\/hu\/wp-json\/wp\/v2\/product\/10259","targetHints":{"allow":["GET"]}}],"collection":[{"href":"https:\/\/dersuessestopp.com\/hu\/wp-json\/wp\/v2\/product"}],"about":[{"href":"https:\/\/dersuessestopp.com\/hu\/wp-json\/wp\/v2\/types\/product"}],"replies":[{"embeddable":true,"href":"https:\/\/dersuessestopp.com\/hu\/wp-json\/wp\/v2\/comments?post=10259"}],"version-history":[{"count":3,"href":"https:\/\/dersuessestopp.com\/hu\/wp-json\/wp\/v2\/product\/10259\/revisions"}],"predecessor-version":[{"id":12339,"href":"https:\/\/dersuessestopp.com\/hu\/wp-json\/wp\/v2\/product\/10259\/revisions\/12339"}],"wp:featuredmedia":[{"embeddable":true,"href":"https:\/\/dersuessestopp.com\/hu\/wp-json\/wp\/v2\/media\/10298"}],"wp:attachment":[{"href":"https:\/\/dersuessestopp.com\/hu\/wp-json\/wp\/v2\/media?parent=10259"}],"wp:term":[{"taxonomy":"product_brand","embeddable":true,"href":"https:\/\/dersuessestopp.com\/hu\/wp-json\/wp\/v2\/product_brand?post=10259"},{"taxonomy":"product_cat","embeddable":true,"href":"https:\/\/dersuessestopp.com\/hu\/wp-json\/wp\/v2\/product_cat?post=10259"},{"taxonomy":"product_tag","embeddable":true,"href":"https:\/\/dersuessestopp.com\/hu\/wp-json\/wp\/v2\/product_tag?post=10259"}],"curies":[{"name":"wp","href":"https:\/\/api.w.org\/{rel}","templated":true}]}}