{"id":10207,"date":"2025-09-29T14:58:30","date_gmt":"2025-09-29T14:58:30","guid":{"rendered":"https:\/\/dersuessestopp.com\/?post_type=product&#038;p=10207"},"modified":"2025-10-09T03:34:59","modified_gmt":"2025-10-09T03:34:59","slug":"cax-4100-tng","status":"publish","type":"product","link":"https:\/\/dersuessestopp.com\/hu\/product\/cax-4100-tng\/","title":{"rendered":"CXF 4100 TNG"},"content":{"rendered":"<p><img decoding=\"async\" src=\"https:\/\/customer.klimaitalia.it\/api\/file\/image\/12784\" \/><\/p>\n<p>&nbsp;<\/p>\n<h2>Term\u00e9k le\u00edr\u00e1sa<\/h2>\n<p>A <strong data-start=\"191\" data-end=\"207\">CXF 4100 TNG<\/strong> hivat\u00e1sos <strong data-start=\"226\" data-end=\"288\">n\u00e9gyajt\u00f3s, szell\u0151ztethet\u0151 h\u0171t\u0151pult \u00fcvegajt\u00f3kkal<\/strong>, ide\u00e1lis \u00e9ttermek, sz\u00e1llod\u00e1k \u00e9s vend\u00e9gl\u00e1t\u00f3ipari konyh\u00e1k sz\u00e1m\u00e1ra. Pr\u00e9mium min\u0151s\u00e9g\u0171 <strong data-start=\"363\" data-end=\"391\">AISI 304 rozsdamentes ac\u00e9l<\/strong>, egyes\u00edti a tart\u00f3ss\u00e1got, a higi\u00e9ni\u00e1t \u00e9s az eleg\u00e1ns kijelz\u0151funkci\u00f3kat. M\u0171k\u00f6dtet\u00e9se <strong data-start=\"476\" data-end=\"513\">+2\u00b0C \u00e9s +8\u00b0C k\u00f6z\u00f6tti h\u0151m\u00e9rs\u00e9klet-tartom\u00e1ny<\/strong>, biztos\u00edtja az egyenletes h\u0171t\u00e9st \u00e9s a term\u00e9k l\u00e1that\u00f3s\u00e1g\u00e1t. Felszerelve <strong data-start=\"580\" data-end=\"596\">LED vil\u00e1g\u00edt\u00e1s<\/strong>, <strong data-start=\"598\" data-end=\"626\">l\u00e1gyan z\u00e1r\u00f3d\u00f3 \u00fcvegajt\u00f3k<\/strong>, <strong data-start=\"628\" data-end=\"653\">elektronikus termoszt\u00e1t<\/strong>, \u00e9s <strong data-start=\"659\" data-end=\"689\">automatikus elektromos leolvaszt\u00e1s<\/strong>, megb\u00edzhat\u00f3 \u00e9s energiatakar\u00e9kos teljes\u00edtm\u00e9nyt ny\u00fajt.<\/p>\n<h2>M\u0171szaki specifik\u00e1ci\u00f3k<\/h2>\n<table>\n<tbody>\n<tr>\n<td>M\u00e9retek mm<\/td>\n<td>CXF 4100 TN<\/td>\n<td>CXF 4100 TNG<\/td>\n<td>CXF 4100 BT<\/td>\n<\/tr>\n<tr>\n<td>K\u00fcls\u0151 m\u00e9retek (WxDxH)<\/td>\n<td>2230 x 700 x 860*<\/td>\n<td>2230 x 700 x 860*<\/td>\n<td>2230 x 700 x 860*<\/td>\n<\/tr>\n<tr>\n<td>Csomagol\u00e1si m\u00e9retek (WxDxH)<\/td>\n<td>2260 x 730 x 910<\/td>\n<td>2260 x 730 x 910<\/td>\n<td>2260 x 730 x 910<\/td>\n<\/tr>\n<tr>\n<td>Sz\u00e9less\u00e9g<\/td>\n<td>1669<\/td>\n<td>1669<\/td>\n<td>1669<\/td>\n<\/tr>\n<tr>\n<td>M\u00e9lys\u00e9g<\/td>\n<td>530<\/td>\n<td>530<\/td>\n<td>530<\/td>\n<\/tr>\n<tr>\n<td>Magass\u00e1g<\/td>\n<td>560<\/td>\n<td>560<\/td>\n<td>560<\/td>\n<\/tr>\n<tr>\n<td colspan=\"4\">Az egys\u00e9gek teljes magass\u00e1ga mag\u00e1ban foglalja a minim\u00e1lis magass\u00e1gi szinthez igaz\u00edtott l\u00e1bakat is.<\/td>\n<\/tr>\n<\/tbody>\n<\/table>\n<p>&nbsp;<\/p>\n<table>\n<tbody>\n<tr>\n<td>\u00a0M\u0171szaki jellemz\u0151k<\/td>\n<td>CXF 4100 TN<\/td>\n<td>CXF 4100 TNG<\/td>\n<td>CXF 4100 BT<\/td>\n<\/tr>\n<tr>\n<td>H\u0151m\u00e9rs\u00e9klet tartom\u00e1ny<\/td>\n<td>-2 \u00b0C \/ +8 \u00b0C<\/td>\n<td>+2 \u00b0C \/ +8 \u00b0C<\/td>\n<td>-22 \u00b0C \/ -18 \u00b0C<\/td>\n<\/tr>\n<tr>\n<td>Kl\u00edmaoszt\u00e1ly<\/td>\n<td>5<\/td>\n<td>4<\/td>\n<td>4<\/td>\n<\/tr>\n<tr>\n<td>Nett\u00f3-brutt\u00f3 volumen<\/td>\n<td>393 \/ 476 hadnagy<\/td>\n<td>408 \/ 616-os hadnagy<\/td>\n<td>393 \/ 476 hadnagy<\/td>\n<\/tr>\n<tr>\n<td>Test<\/td>\n<td>AISI 304 rozsdamentes ac\u00e9l<\/td>\n<td>AISI 304 rozsdamentes ac\u00e9l<\/td>\n<td>AISI 304 rozsdamentes ac\u00e9l<\/td>\n<\/tr>\n<tr>\n<td>Bels\u0151 b\u00e9l\u00e9s<\/td>\n<td>AISI 304 rozsdamentes ac\u00e9l<\/td>\n<td>AISI 304 rozsdamentes ac\u00e9l<\/td>\n<td>AISI 304 rozsdamentes ac\u00e9l<\/td>\n<\/tr>\n<tr>\n<td>Termoszt\u00e1t<\/td>\n<td>Elektronikus<\/td>\n<td>Elektronikus<\/td>\n<td>Elektronikus<\/td>\n<\/tr>\n<tr>\n<td>Zajszint<\/td>\n<td>dB 42<\/td>\n<td>dB 42<\/td>\n<td>dB 42<\/td>\n<\/tr>\n<tr>\n<td>T\u00e1vir\u00e1ny\u00edt\u00f3<\/td>\n<td>Opcion\u00e1lis<\/td>\n<td>Opcion\u00e1lis<\/td>\n<td>Opcion\u00e1lis<\/td>\n<\/tr>\n<tr>\n<td>Szigetel\u00e9s vastags\u00e1ga<\/td>\n<td>mm 60<\/td>\n<td>mm 60<\/td>\n<td>m 60<\/td>\n<\/tr>\n<tr>\n<td>Leolvaszt\u00e1s<\/td>\n<td>Automatikus elektromos f\u0171t\u0151berendez\u00e9ssel<\/td>\n<td>\u00a0Automatikus elektromos f\u0171t\u0151berendez\u00e9ssel<\/td>\n<td>Automatikus elektromos f\u0171t\u0151berendez\u00e9ssel<\/td>\n<\/tr>\n<tr>\n<td>Polcok (WxD)<\/td>\n<td>4. sz\u00e1m - mm 335 x 530 + 4. sz\u00e1m - mm 390 x 505<\/td>\n<td>4. sz\u00e1m - mm 335 x 530 + 4. sz\u00e1m - mm 390 x 505<\/td>\n<td>4. sz\u00e1m - mm 335 x 530 + 4. sz\u00e1m - mm 390 x 505<\/td>\n<\/tr>\n<tr>\n<td>\u00d6nz\u00e1r\u00f3 ajt\u00f3<\/td>\n<td>L\u00e1gy z\u00e1r\u00e1s<\/td>\n<td>L\u00e1gy z\u00e1r\u00e1s<\/td>\n<td>L\u00e1gy z\u00e1r\u00e1s<\/td>\n<\/tr>\n<tr>\n<td>\u00a0G\u00f6rg\u0151k - l\u00e1bak<\/td>\n<td>6 l\u00e1b<\/td>\n<td>6 l\u00e1b<\/td>\n<td>6 l\u00e1b<\/td>\n<\/tr>\n<tr>\n<td>G\u00f6rg\u0151k<\/td>\n<td>V\u00e1laszthat\u00f3 - h mm 140<\/td>\n<td>V\u00e1laszthat\u00f3 - h mm 140<\/td>\n<td>V\u00e1laszthat\u00f3 - h mm 140<\/td>\n<\/tr>\n<tr>\n<td>Nett\u00f3-brutt\u00f3 s\u00faly<\/td>\n<td>Kg 153 \/ 173<\/td>\n<td>Kg 153 \/ 173<\/td>\n<td>Kg 155 \/ 175<\/td>\n<\/tr>\n<tr>\n<td>Fesz\u00fclts\u00e9g<\/td>\n<td>V 220-240<\/td>\n<td>V 220-240<\/td>\n<td>V 220-240<\/td>\n<\/tr>\n<tr>\n<td>Frekvencia<\/td>\n<td>Hz 50<\/td>\n<td>Hz 50<\/td>\n<td>Hz 50<\/td>\n<\/tr>\n<tr>\n<td>H\u0171t\u0151k\u00f6zeg<\/td>\n<td>R600A<\/td>\n<td>R600A<\/td>\n<td>R290<\/td>\n<\/tr>\n<tr>\n<td>Abszorpci\u00f3<\/td>\n<td>W 300<\/td>\n<td>W 300<\/td>\n<td>W 660<\/td>\n<\/tr>\n<tr>\n<td>Energiafogyaszt\u00e1s<\/td>\n<td>KwH\/24H 2,95<\/td>\n<td>KwH\/24H 3,903<\/td>\n<td>KwH\/24H 10,68<\/td>\n<\/tr>\n<\/tbody>\n<\/table>","protected":false},"excerpt":{"rendered":"<p>-2 \u00b0C \/ +8 \u00b0C H\u0171t\u00f6tt asztal quattro ante \u00fcvegajt\u00f3k szell\u0151ztethet\u0151. Pozit\u00edv h\u0151m\u00e9rs\u00e9klet<\/p>","protected":false},"featured_media":10290,"comment_status":"open","ping_status":"closed","template":"","meta":[],"product_brand":[],"product_cat":[51],"product_tag":[],"class_list":{"0":"post-10207","1":"product","2":"type-product","3":"status-publish","4":"has-post-thumbnail","6":"product_cat-kitchen-catering-cooling","8":"first","9":"instock","10":"shipping-taxable","11":"purchasable","12":"product-type-simple"},"_links":{"self":[{"href":"https:\/\/dersuessestopp.com\/hu\/wp-json\/wp\/v2\/product\/10207","targetHints":{"allow":["GET"]}}],"collection":[{"href":"https:\/\/dersuessestopp.com\/hu\/wp-json\/wp\/v2\/product"}],"about":[{"href":"https:\/\/dersuessestopp.com\/hu\/wp-json\/wp\/v2\/types\/product"}],"replies":[{"embeddable":true,"href":"https:\/\/dersuessestopp.com\/hu\/wp-json\/wp\/v2\/comments?post=10207"}],"version-history":[{"count":3,"href":"https:\/\/dersuessestopp.com\/hu\/wp-json\/wp\/v2\/product\/10207\/revisions"}],"predecessor-version":[{"id":12354,"href":"https:\/\/dersuessestopp.com\/hu\/wp-json\/wp\/v2\/product\/10207\/revisions\/12354"}],"wp:featuredmedia":[{"embeddable":true,"href":"https:\/\/dersuessestopp.com\/hu\/wp-json\/wp\/v2\/media\/10290"}],"wp:attachment":[{"href":"https:\/\/dersuessestopp.com\/hu\/wp-json\/wp\/v2\/media?parent=10207"}],"wp:term":[{"taxonomy":"product_brand","embeddable":true,"href":"https:\/\/dersuessestopp.com\/hu\/wp-json\/wp\/v2\/product_brand?post=10207"},{"taxonomy":"product_cat","embeddable":true,"href":"https:\/\/dersuessestopp.com\/hu\/wp-json\/wp\/v2\/product_cat?post=10207"},{"taxonomy":"product_tag","embeddable":true,"href":"https:\/\/dersuessestopp.com\/hu\/wp-json\/wp\/v2\/product_tag?post=10207"}],"curies":[{"name":"wp","href":"https:\/\/api.w.org\/{rel}","templated":true}]}}