{"id":10205,"date":"2025-09-29T14:58:30","date_gmt":"2025-09-29T14:58:30","guid":{"rendered":"https:\/\/dersuessestopp.com\/?post_type=product&#038;p=10205"},"modified":"2025-09-29T14:58:55","modified_gmt":"2025-09-29T14:58:55","slug":"cax-4120-tn","status":"publish","type":"product","link":"https:\/\/dersuessestopp.com\/hu\/product\/cax-4120-tn\/","title":{"rendered":"CAX 4120 TN"},"content":{"rendered":"<p>-2 \u00b0C \/ +8 \u00b0C Szell\u0151ztetett h\u0171t\u0151asztal, n\u00e9gy ajt\u00f3val. Pozit\u00edv h\u0151m\u00e9rs\u00e9klet. V\u00e1ltozat 1 h\u0171t\u00f6tt fi\u00f3kos csomaggal da N.1 fi\u00f3k da 1\/3 + 1 da 2\/3<\/p>","protected":false},"excerpt":{"rendered":"<p>-2 \u00b0C \/ +8 \u00b0C Szell\u0151ztetett h\u0171t\u0151asztal, n\u00e9gy ajt\u00f3val. Pozit\u00edv h\u0151m\u00e9rs\u00e9klet. V\u00e1ltozat 1 h\u0171t\u00f6tt fi\u00f3kos csomaggal da N.1 fi\u00f3k da 1\/3 + 1 da 2\/3<\/p>","protected":false},"featured_media":10286,"comment_status":"open","ping_status":"closed","template":"","meta":[],"product_brand":[],"product_cat":[110],"product_tag":[],"class_list":{"0":"post-10205","1":"product","2":"type-product","3":"status-publish","4":"has-post-thumbnail","6":"product_cat-refrigerated-tables","8":"first","9":"instock","10":"shipping-taxable","11":"purchasable","12":"product-type-simple"},"_links":{"self":[{"href":"https:\/\/dersuessestopp.com\/hu\/wp-json\/wp\/v2\/product\/10205","targetHints":{"allow":["GET"]}}],"collection":[{"href":"https:\/\/dersuessestopp.com\/hu\/wp-json\/wp\/v2\/product"}],"about":[{"href":"https:\/\/dersuessestopp.com\/hu\/wp-json\/wp\/v2\/types\/product"}],"replies":[{"embeddable":true,"href":"https:\/\/dersuessestopp.com\/hu\/wp-json\/wp\/v2\/comments?post=10205"}],"version-history":[{"count":1,"href":"https:\/\/dersuessestopp.com\/hu\/wp-json\/wp\/v2\/product\/10205\/revisions"}],"predecessor-version":[{"id":10287,"href":"https:\/\/dersuessestopp.com\/hu\/wp-json\/wp\/v2\/product\/10205\/revisions\/10287"}],"wp:featuredmedia":[{"embeddable":true,"href":"https:\/\/dersuessestopp.com\/hu\/wp-json\/wp\/v2\/media\/10286"}],"wp:attachment":[{"href":"https:\/\/dersuessestopp.com\/hu\/wp-json\/wp\/v2\/media?parent=10205"}],"wp:term":[{"taxonomy":"product_brand","embeddable":true,"href":"https:\/\/dersuessestopp.com\/hu\/wp-json\/wp\/v2\/product_brand?post=10205"},{"taxonomy":"product_cat","embeddable":true,"href":"https:\/\/dersuessestopp.com\/hu\/wp-json\/wp\/v2\/product_cat?post=10205"},{"taxonomy":"product_tag","embeddable":true,"href":"https:\/\/dersuessestopp.com\/hu\/wp-json\/wp\/v2\/product_tag?post=10205"}],"curies":[{"name":"wp","href":"https:\/\/api.w.org\/{rel}","templated":true}]}}