{"id":10199,"date":"2025-09-29T14:58:29","date_gmt":"2025-09-29T14:58:29","guid":{"rendered":"https:\/\/dersuessestopp.com\/?post_type=product&#038;p=10199"},"modified":"2025-10-09T00:23:31","modified_gmt":"2025-10-09T00:23:31","slug":"psx-2100-tn","status":"publish","type":"product","link":"https:\/\/dersuessestopp.com\/hu\/product\/psx-2100-tn\/","title":{"rendered":"PXF 2100 TN"},"content":{"rendered":"<p>&nbsp;<\/p>\n<h2><img decoding=\"async\" src=\"https:\/\/customer.klimaitalia.it\/api\/file\/image\/6791\" \/><\/h2>\n<h2>Term\u00e9k le\u00edr\u00e1sa<\/h2>\n<p data-start=\"229\" data-end=\"742\">A <strong data-start=\"233\" data-end=\"248\">PXF 2100 TN<\/strong> egy pr\u00e9mium <strong data-start=\"262\" data-end=\"304\">szell\u0151ztetett s\u00fctem\u00e9nyes h\u0171t\u0151pult<\/strong> professzion\u00e1lis p\u00e9ks\u00e9gek, cukr\u00e1szd\u00e1k \u00e9s vend\u00e9gl\u00e1t\u00f3ipari konyh\u00e1k sz\u00e1m\u00e1ra tervezt\u00e9k. Kiv\u00e1l\u00f3 min\u0151s\u00e9g\u0171 <strong data-start=\"402\" data-end=\"430\">AISI 304 rozsdamentes ac\u00e9l<\/strong>, maxim\u00e1lis higi\u00e9ni\u00e1t, tart\u00f3ss\u00e1got \u00e9s h\u0151m\u00e9rs\u00e9klet-stabilit\u00e1st biztos\u00edt. A <strong data-start=\"506\" data-end=\"522\">+2\u00b0C \u00e9s +8\u00b0C k\u00f6z\u00f6tt<\/strong> m\u0171k\u00f6d\u00e9si tartom\u00e1ny\u00e1nak k\u00f6sz\u00f6nhet\u0151en ide\u00e1lis kr\u00e9mek, desszertek \u00e9s \u00f6sszetev\u0151k t\u00f6k\u00e9letes k\u00f6r\u00fclm\u00e9nyek k\u00f6z\u00f6tt t\u00f6rt\u00e9n\u0151 t\u00e1rol\u00e1s\u00e1ra. Jellemz\u0151k <strong data-start=\"640\" data-end=\"662\">l\u00e1gyan z\u00e1r\u00f3d\u00f3 ajt\u00f3k<\/strong>, <strong data-start=\"664\" data-end=\"685\">automatikus leolvaszt\u00e1s<\/strong>, \u00e9s egy <strong data-start=\"694\" data-end=\"719\">elektronikus termoszt\u00e1t<\/strong> a pontos vez\u00e9rl\u00e9shez.<\/p>\n<p data-start=\"744\" data-end=\"763\"><strong data-start=\"744\" data-end=\"761\">F\u0151bb jellemz\u0151k:<\/strong><\/p>\n<ul data-start=\"764\" data-end=\"1121\">\n<li data-start=\"764\" data-end=\"803\">\n<p data-start=\"766\" data-end=\"803\"><strong data-start=\"766\" data-end=\"788\">H\u0151m\u00e9rs\u00e9klet-tartom\u00e1ny:<\/strong> +2\u00b0C \u00e9s +8\u00b0C k\u00f6z\u00f6tt<\/p>\n<\/li>\n<li data-start=\"804\" data-end=\"858\">\n<p data-start=\"806\" data-end=\"858\"><strong data-start=\"806\" data-end=\"834\">AISI 304 rozsdamentes ac\u00e9l<\/strong> bels\u0151 \u00e9s k\u00fcls\u0151<\/p>\n<\/li>\n<li data-start=\"859\" data-end=\"913\">\n<p data-start=\"861\" data-end=\"913\"><strong data-start=\"861\" data-end=\"890\">Szell\u0151ztetett h\u0171t\u0151rendszer<\/strong> egyenletes h\u0151m\u00e9rs\u00e9klet\u00e9rt<\/p>\n<\/li>\n<li data-start=\"914\" data-end=\"954\">\n<p data-start=\"916\" data-end=\"954\"><strong data-start=\"916\" data-end=\"952\">L\u00e1gyan z\u00e1r\u00f3d\u00f3, \u00f6nz\u00e1r\u00f3d\u00f3 ajt\u00f3k<\/strong><\/p>\n<\/li>\n<li data-start=\"955\" data-end=\"989\">\n<p data-start=\"957\" data-end=\"989\"><strong data-start=\"957\" data-end=\"987\">Automatikus elektromos leolvaszt\u00e1s<\/strong><\/p>\n<\/li>\n<li data-start=\"990\" data-end=\"1040\">\n<p data-start=\"992\" data-end=\"1040\"><strong data-start=\"992\" data-end=\"1020\">Opcion\u00e1lis Smart Link WiFi<\/strong> t\u00e1vfel\u00fcgyelet<\/p>\n<\/li>\n<li data-start=\"1041\" data-end=\"1081\">\n<p data-start=\"1043\" data-end=\"1081\"><strong data-start=\"1043\" data-end=\"1066\">Energiafogyaszt\u00e1s:<\/strong> 1,76 kWh\/24h<\/p>\n<\/li>\n<li data-start=\"1082\" data-end=\"1121\">\n<p data-start=\"1084\" data-end=\"1121\"><strong data-start=\"1084\" data-end=\"1099\">M\u00e9retek:<\/strong> 1510 \u00d7 800 \u00d7 860 mm<\/p>\n<\/li>\n<\/ul>\n<h2>M\u0171szaki specifik\u00e1ci\u00f3k<\/h2>\n<table>\n<tbody>\n<tr>\n<td>Dimensioni mm \/ M\u00e9retek mm<\/td>\n<td>PXF 2100 TN<\/td>\n<td>PXF 2200 TN<\/td>\n<\/tr>\n<tr>\n<td>K\u00fcls\u0151 m\u00e9retek (WxDxH)<\/td>\n<td>1510 x 800 x 860*<\/td>\n<td>1510 x 800 x 960*<\/td>\n<\/tr>\n<tr>\n<td>Csomagol\u00e1si m\u00e9retek (WxDxH)<\/td>\n<td>1540 x 830 x 910<\/td>\n<td>1540 x 830 x 1010<\/td>\n<\/tr>\n<tr>\n<td>Sz\u00e9less\u00e9g<\/td>\n<td>945<\/td>\n<td>945<\/td>\n<\/tr>\n<tr>\n<td>M\u00e9lys\u00e9g<\/td>\n<td>680<\/td>\n<td>680<\/td>\n<\/tr>\n<tr>\n<td>Magass\u00e1g<\/td>\n<td>560<\/td>\n<td>560<\/td>\n<\/tr>\n<tr>\n<td colspan=\"3\">Az egys\u00e9gek teljes magass\u00e1ga mag\u00e1ban foglalja a minim\u00e1lis magass\u00e1gi szinthez igaz\u00edtott l\u00e1bakat is.<\/td>\n<\/tr>\n<\/tbody>\n<\/table>\n<p>&nbsp;<\/p>\n<table>\n<tbody>\n<tr>\n<td>Caratteristiche Tecniche \/ M\u0171szaki jellemz\u0151k<\/td>\n<td>PXF 2100 TN<\/td>\n<td>PXF 2200 TN<\/td>\n<\/tr>\n<tr>\n<td>H\u0151m\u00e9rs\u00e9klet tartom\u00e1ny<\/td>\n<td>+2 \u00b0C \/ +8 \u00b0C<\/td>\n<td>+2 \u00b0C \/ +8 \u00b0C<\/td>\n<\/tr>\n<tr>\n<td>Kl\u00edmaoszt\u00e1ly<\/td>\n<td>5<\/td>\n<td>5<\/td>\n<\/tr>\n<tr>\n<td>Nett\u00f3-brutt\u00f3 volumen<\/td>\n<td>268 \/ 428 hadnagy<\/td>\n<td>268 \/ 428 hadnagy<\/td>\n<\/tr>\n<tr>\n<td>Test<\/td>\n<td>AISI 304 rozsdamentes ac\u00e9l<\/td>\n<td>AISI 304 rozsdamentes ac\u00e9l<\/td>\n<\/tr>\n<tr>\n<td>Bels\u0151 b\u00e9l\u00e9s<\/td>\n<td>AISI 304 rozsdamentes ac\u00e9l<\/td>\n<td>AISI 304 rozsdamentes ac\u00e9l<\/td>\n<\/tr>\n<tr>\n<td>Termoszt\u00e1t<\/td>\n<td>Elektronikus<\/td>\n<td>Elektronikus<\/td>\n<\/tr>\n<tr>\n<td>Zajszint<\/td>\n<td>dB 42<\/td>\n<td>dB 42<\/td>\n<\/tr>\n<tr>\n<td>T\u00e1vir\u00e1ny\u00edt\u00f3<\/td>\n<td>Opcion\u00e1lis<\/td>\n<td>Opcion\u00e1lis<\/td>\n<\/tr>\n<tr>\n<td>Szigetel\u00e9s vastags\u00e1ga<\/td>\n<td>mm 60<\/td>\n<td>mm 60<\/td>\n<\/tr>\n<tr>\n<td>Leolvaszt\u00e1s<\/td>\n<td>Automatikus elektromos f\u0171t\u0151berendez\u00e9ssel<\/td>\n<td>Automatikus elektromos f\u0171t\u0151berendez\u00e9ssel<\/td>\n<\/tr>\n<tr>\n<td>Polcok (WxD)<\/td>\n<td>N\u00b0 2 - mm 410 x 600 + N\u00b0 2 - mm 465 x 605<\/td>\n<td>N\u00b0 2 - mm 410 x 600 + N\u00b0 2 - mm 465 x 605<\/td>\n<\/tr>\n<tr>\n<td>\u00d6nz\u00e1r\u00f3 ajt\u00f3<\/td>\n<td>L\u00e1gy z\u00e1r\u00e1s<\/td>\n<td>L\u00e1gy z\u00e1r\u00e1s<\/td>\n<\/tr>\n<tr>\n<td>\/ Castors-Feet<\/td>\n<td>4 l\u00e1b<\/td>\n<td>4 l\u00e1b<\/td>\n<\/tr>\n<tr>\n<td>G\u00f6rg\u0151k<\/td>\n<td>V\u00e1laszthat\u00f3 - h mm 140<\/td>\n<td>V\u00e1laszthat\u00f3 - h mm 140<\/td>\n<\/tr>\n<tr>\n<td>Nett\u00f3-brutt\u00f3 s\u00faly<\/td>\n<td>Kg 140 \/ 155<\/td>\n<td>Kg 150 \/ 165<\/td>\n<\/tr>\n<tr>\n<td>Fesz\u00fclts\u00e9g<\/td>\n<td>V 220-240<\/td>\n<td>V 220-240<\/td>\n<\/tr>\n<tr>\n<td>Frekvencia<\/td>\n<td>Hz 50<\/td>\n<td>Hz 50<\/td>\n<\/tr>\n<tr>\n<td>H\u0171t\u0151k\u00f6zeg<\/td>\n<td>R600A<\/td>\n<td>R600A<\/td>\n<\/tr>\n<tr>\n<td>Abszorpci\u00f3<\/td>\n<td>W 300<\/td>\n<td>W 300<\/td>\n<\/tr>\n<tr>\n<td>Energiafogyaszt\u00e1s<\/td>\n<td>KwH\/24H 1,76<\/td>\n<td>KwH\/24H 1,76<\/td>\n<\/tr>\n<\/tbody>\n<\/table>","protected":false},"excerpt":{"rendered":"<p>-2 \u00b0C \/ +8 \u00b0C H\u0171t\u00f6tt asztal pasticceria due ante ventilated<\/p>","protected":false},"featured_media":10250,"comment_status":"open","ping_status":"closed","template":"","meta":[],"product_brand":[],"product_cat":[51],"product_tag":[],"class_list":{"0":"post-10199","1":"product","2":"type-product","3":"status-publish","4":"has-post-thumbnail","6":"product_cat-kitchen-catering-cooling","8":"first","9":"instock","10":"shipping-taxable","11":"purchasable","12":"product-type-simple"},"_links":{"self":[{"href":"https:\/\/dersuessestopp.com\/hu\/wp-json\/wp\/v2\/product\/10199","targetHints":{"allow":["GET"]}}],"collection":[{"href":"https:\/\/dersuessestopp.com\/hu\/wp-json\/wp\/v2\/product"}],"about":[{"href":"https:\/\/dersuessestopp.com\/hu\/wp-json\/wp\/v2\/types\/product"}],"replies":[{"embeddable":true,"href":"https:\/\/dersuessestopp.com\/hu\/wp-json\/wp\/v2\/comments?post=10199"}],"version-history":[{"count":3,"href":"https:\/\/dersuessestopp.com\/hu\/wp-json\/wp\/v2\/product\/10199\/revisions"}],"predecessor-version":[{"id":11989,"href":"https:\/\/dersuessestopp.com\/hu\/wp-json\/wp\/v2\/product\/10199\/revisions\/11989"}],"wp:featuredmedia":[{"embeddable":true,"href":"https:\/\/dersuessestopp.com\/hu\/wp-json\/wp\/v2\/media\/10250"}],"wp:attachment":[{"href":"https:\/\/dersuessestopp.com\/hu\/wp-json\/wp\/v2\/media?parent=10199"}],"wp:term":[{"taxonomy":"product_brand","embeddable":true,"href":"https:\/\/dersuessestopp.com\/hu\/wp-json\/wp\/v2\/product_brand?post=10199"},{"taxonomy":"product_cat","embeddable":true,"href":"https:\/\/dersuessestopp.com\/hu\/wp-json\/wp\/v2\/product_cat?post=10199"},{"taxonomy":"product_tag","embeddable":true,"href":"https:\/\/dersuessestopp.com\/hu\/wp-json\/wp\/v2\/product_tag?post=10199"}],"curies":[{"name":"wp","href":"https:\/\/api.w.org\/{rel}","templated":true}]}}