{"id":10197,"date":"2025-09-29T14:58:29","date_gmt":"2025-09-29T14:58:29","guid":{"rendered":"https:\/\/dersuessestopp.com\/?post_type=product&#038;p=10197"},"modified":"2025-10-09T03:43:20","modified_gmt":"2025-10-09T03:43:20","slug":"psx-3100-tn","status":"publish","type":"product","link":"https:\/\/dersuessestopp.com\/hu\/product\/psx-3100-tn\/","title":{"rendered":"PXF 3100 TN"},"content":{"rendered":"<p><img decoding=\"async\" src=\"https:\/\/customer.klimaitalia.it\/api\/file\/image\/6803\" \/><\/p>\n<p>&nbsp;<\/p>\n<h2>Term\u00e9k le\u00edr\u00e1sa<\/h2>\n<p>A <strong data-start=\"237\" data-end=\"252\">PXF 3100 TN<\/strong> hivat\u00e1sos <strong data-start=\"271\" data-end=\"313\">szell\u0151ztetett s\u00fctem\u00e9nyes h\u0171t\u0151pult<\/strong>, p\u00e9ks\u00e9gek, cukr\u00e1szd\u00e1k \u00e9s vend\u00e9gl\u00e1t\u00f3ipari konyh\u00e1k sz\u00e1m\u00e1ra tervezt\u00e9k. Teljesen a k\u00f6vetkez\u0151kb\u0151l \u00e9p\u00fcl <strong data-start=\"395\" data-end=\"423\">AISI 304 rozsdamentes ac\u00e9l<\/strong>, kiv\u00e1l\u00f3 higi\u00e9ni\u00e1t, tart\u00f3ss\u00e1got \u00e9s sima munkafel\u00fcletet biztos\u00edt. M\u0171k\u00f6d\u00e9s egy <strong data-start=\"511\" data-end=\"548\">+2\u00b0C \u00e9s +8\u00b0C k\u00f6z\u00f6tti h\u0151m\u00e9rs\u00e9klet-tartom\u00e1ny<\/strong>, egyenletes h\u0171t\u00e9st biztos\u00edt, amely ide\u00e1lis a s\u00fctem\u00e9nyek \u00e9s desszertek elk\u00e9sz\u00edt\u00e9s\u00e9hez. A  weboldalon tal\u00e1lhat\u00f3. <strong data-start=\"633\" data-end=\"655\">l\u00e1gyan z\u00e1r\u00f3d\u00f3 ajt\u00f3k<\/strong>, <strong data-start=\"657\" data-end=\"676\">tol\u00f3 polcok<\/strong>, <strong data-start=\"678\" data-end=\"708\">automatikus elektromos leolvaszt\u00e1s<\/strong>, \u00e9s <strong data-start=\"714\" data-end=\"742\">opcion\u00e1lis Smart Link WiFi<\/strong>, a pontoss\u00e1got, a hat\u00e9konys\u00e1got \u00e9s a praktikumot \u00f6tv\u00f6zi.<\/p>\n<h2>M\u0171szaki specifik\u00e1ci\u00f3k<\/h2>\n<table>\n<tbody>\n<tr>\n<td>M\u00e9retek mm<\/td>\n<td>PXF 3100 TN<\/td>\n<td>PXF 3200 TN<\/td>\n<\/tr>\n<tr>\n<td>K\u00fcls\u0151 m\u00e9retek (WxDxH)<\/td>\n<td>2020 x 800 x 860 x 860*<\/td>\n<td>2020 x 800 x 960*<\/td>\n<\/tr>\n<tr>\n<td>Csomagol\u00e1si m\u00e9retek (WxDxH)<\/td>\n<td>2050 x 830 x 910<\/td>\n<td>2050 x 830 x 1010<\/td>\n<\/tr>\n<tr>\n<td>Sz\u00e9less\u00e9g<\/td>\n<td>1455<\/td>\n<td>1455<\/td>\n<\/tr>\n<tr>\n<td>M\u00e9lys\u00e9g<\/td>\n<td>680<\/td>\n<td>680<\/td>\n<\/tr>\n<tr>\n<td>Magass\u00e1g<\/td>\n<td>560<\/td>\n<td>560<\/td>\n<\/tr>\n<tr>\n<td colspan=\"3\">Az egys\u00e9gek teljes magass\u00e1ga mag\u00e1ban foglalja a minim\u00e1lis magass\u00e1gi szinthez igaz\u00edtott l\u00e1bakat is.<\/td>\n<\/tr>\n<\/tbody>\n<\/table>\n<p>&nbsp;<\/p>\n<table>\n<tbody>\n<tr>\n<td>M\u0171szaki jellemz\u0151k<\/td>\n<td>PXF 3100 TN<\/td>\n<td>PXF 3200 TN<\/td>\n<\/tr>\n<tr>\n<td>H\u0151m\u00e9rs\u00e9klet tartom\u00e1ny<\/td>\n<td>+2 \u00b0C \/ +8 \u00b0C<\/td>\n<td>+2 \u00b0C \/ +8 \u00b0C<\/td>\n<\/tr>\n<tr>\n<td>Kl\u00edmaoszt\u00e1ly<\/td>\n<td>5<\/td>\n<td>5<\/td>\n<\/tr>\n<tr>\n<td>Nett\u00f3-brutt\u00f3 volumen<\/td>\n<td>410 \/ 635 hadnagy<\/td>\n<td>410 \/ 635 hadnagy<\/td>\n<\/tr>\n<tr>\n<td>Test<\/td>\n<td>AISI 304 rozsdamentes ac\u00e9l<\/td>\n<td>AISI 304 rozsdamentes ac\u00e9l<\/td>\n<\/tr>\n<tr>\n<td>Bels\u0151 b\u00e9l\u00e9s<\/td>\n<td>AISI 304 rozsdamentes ac\u00e9l<\/td>\n<td>AISI 304 rozsdamentes ac\u00e9l<\/td>\n<\/tr>\n<tr>\n<td>Termoszt\u00e1t<\/td>\n<td>Elektronikus<\/td>\n<td>Elektronikus<\/td>\n<\/tr>\n<tr>\n<td>Zajszint<\/td>\n<td>dB 42<\/td>\n<td>dB 42<\/td>\n<\/tr>\n<tr>\n<td>T\u00e1vir\u00e1ny\u00edt\u00f3<\/td>\n<td>Opcion\u00e1lis<\/td>\n<td>Opcion\u00e1lis<\/td>\n<\/tr>\n<tr>\n<td>Szigetel\u00e9s vastags\u00e1ga<\/td>\n<td>mm 60<\/td>\n<td>mm 60<\/td>\n<\/tr>\n<tr>\n<td>Leolvaszt\u00e1s<\/td>\n<td>Automatikus elektromos f\u0171t\u0151berendez\u00e9ssel<\/td>\n<td>Automatikus elektromos f\u0171t\u0151berendez\u00e9ssel<\/td>\n<\/tr>\n<tr>\n<td>Polcok (WxD)<\/td>\n<td>3. sz\u00e1m - mm 410 x 600 + 3. sz\u00e1m - mm 465 x 605<\/td>\n<td>3. sz\u00e1m - mm 410 x 600 + 3. sz\u00e1m - mm 465 x 605<\/td>\n<\/tr>\n<tr>\n<td>\u00d6nz\u00e1r\u00f3 ajt\u00f3<\/td>\n<td>L\u00e1gy z\u00e1r\u00e1s<\/td>\n<td>L\u00e1gy z\u00e1r\u00e1s<\/td>\n<\/tr>\n<tr>\n<td>G\u00f6rg\u0151k - l\u00e1bak<\/td>\n<td>6 l\u00e1b<\/td>\n<td>6 l\u00e1b<\/td>\n<\/tr>\n<tr>\n<td>G\u00f6rg\u0151k<\/td>\n<td>V\u00e1laszthat\u00f3 - h mm 140<\/td>\n<td>V\u00e1laszthat\u00f3 - h mm 140<\/td>\n<\/tr>\n<tr>\n<td>Nett\u00f3-brutt\u00f3 s\u00faly<\/td>\n<td>Kg 152 \/ 170<\/td>\n<td>Kg 162 \/ 180<\/td>\n<\/tr>\n<tr>\n<td>Fesz\u00fclts\u00e9g<\/td>\n<td>V 220-240<\/td>\n<td>V 220-240<\/td>\n<\/tr>\n<tr>\n<td>Frekvencia<\/td>\n<td>Hz 50<\/td>\n<td>Hz 50<\/td>\n<\/tr>\n<tr>\n<td>H\u0171t\u0151k\u00f6zeg<\/td>\n<td>R600A<\/td>\n<td>R600A<\/td>\n<\/tr>\n<tr>\n<td>Abszorpci\u00f3<\/td>\n<td>W 300<\/td>\n<td>W 300<\/td>\n<\/tr>\n<tr>\n<td>Energiafogyaszt\u00e1s<\/td>\n<td>KwH\/24H 2,74<\/td>\n<td>KwH\/24H 2,74<\/td>\n<\/tr>\n<\/tbody>\n<\/table>","protected":false},"excerpt":{"rendered":"<p>-2 \u00b0C \/ +8 \u00b0C H\u0171t\u00f6tt asztal pasticceria tre ante szell\u0151ztetve<\/p>","protected":false},"featured_media":10246,"comment_status":"open","ping_status":"closed","template":"","meta":[],"product_brand":[],"product_cat":[51],"product_tag":[],"class_list":{"0":"post-10197","1":"product","2":"type-product","3":"status-publish","4":"has-post-thumbnail","6":"product_cat-kitchen-catering-cooling","8":"first","9":"instock","10":"shipping-taxable","11":"purchasable","12":"product-type-simple"},"_links":{"self":[{"href":"https:\/\/dersuessestopp.com\/hu\/wp-json\/wp\/v2\/product\/10197","targetHints":{"allow":["GET"]}}],"collection":[{"href":"https:\/\/dersuessestopp.com\/hu\/wp-json\/wp\/v2\/product"}],"about":[{"href":"https:\/\/dersuessestopp.com\/hu\/wp-json\/wp\/v2\/types\/product"}],"replies":[{"embeddable":true,"href":"https:\/\/dersuessestopp.com\/hu\/wp-json\/wp\/v2\/comments?post=10197"}],"version-history":[{"count":3,"href":"https:\/\/dersuessestopp.com\/hu\/wp-json\/wp\/v2\/product\/10197\/revisions"}],"predecessor-version":[{"id":12364,"href":"https:\/\/dersuessestopp.com\/hu\/wp-json\/wp\/v2\/product\/10197\/revisions\/12364"}],"wp:featuredmedia":[{"embeddable":true,"href":"https:\/\/dersuessestopp.com\/hu\/wp-json\/wp\/v2\/media\/10246"}],"wp:attachment":[{"href":"https:\/\/dersuessestopp.com\/hu\/wp-json\/wp\/v2\/media?parent=10197"}],"wp:term":[{"taxonomy":"product_brand","embeddable":true,"href":"https:\/\/dersuessestopp.com\/hu\/wp-json\/wp\/v2\/product_brand?post=10197"},{"taxonomy":"product_cat","embeddable":true,"href":"https:\/\/dersuessestopp.com\/hu\/wp-json\/wp\/v2\/product_cat?post=10197"},{"taxonomy":"product_tag","embeddable":true,"href":"https:\/\/dersuessestopp.com\/hu\/wp-json\/wp\/v2\/product_tag?post=10197"}],"curies":[{"name":"wp","href":"https:\/\/api.w.org\/{rel}","templated":true}]}}