{"id":10190,"date":"2025-09-29T14:58:29","date_gmt":"2025-09-29T14:58:29","guid":{"rendered":"https:\/\/dersuessestopp.com\/?post_type=product&#038;p=10190"},"modified":"2025-09-29T14:58:41","modified_gmt":"2025-09-29T14:58:41","slug":"snack-3100-bt","status":"publish","type":"product","link":"https:\/\/dersuessestopp.com\/hu\/product\/snack-3100-bt\/","title":{"rendered":"SNACK 3100 BT"},"content":{"rendered":"<p>-20 \u00b0C \/ -10 \u00b0C Szell\u0151ztetett h\u0171t\u0151asztal, h\u00e1rom ajt\u00f3val. Negat\u00edv h\u0151m\u00e9rs\u00e9klet<\/p>","protected":false},"excerpt":{"rendered":"<p>-20 \u00b0C \/ -108 \u00b0C Szell\u0151ztetett h\u0171t\u0151asztal, h\u00e1rom ajt\u00f3val. Negat\u00edv h\u0151m\u00e9rs\u00e9klet<\/p>","protected":false},"featured_media":10232,"comment_status":"open","ping_status":"closed","template":"","meta":[],"product_brand":[],"product_cat":[110],"product_tag":[],"class_list":{"0":"post-10190","1":"product","2":"type-product","3":"status-publish","4":"has-post-thumbnail","6":"product_cat-refrigerated-tables","8":"first","9":"instock","10":"shipping-taxable","11":"purchasable","12":"product-type-simple"},"_links":{"self":[{"href":"https:\/\/dersuessestopp.com\/hu\/wp-json\/wp\/v2\/product\/10190","targetHints":{"allow":["GET"]}}],"collection":[{"href":"https:\/\/dersuessestopp.com\/hu\/wp-json\/wp\/v2\/product"}],"about":[{"href":"https:\/\/dersuessestopp.com\/hu\/wp-json\/wp\/v2\/types\/product"}],"replies":[{"embeddable":true,"href":"https:\/\/dersuessestopp.com\/hu\/wp-json\/wp\/v2\/comments?post=10190"}],"version-history":[{"count":1,"href":"https:\/\/dersuessestopp.com\/hu\/wp-json\/wp\/v2\/product\/10190\/revisions"}],"predecessor-version":[{"id":10233,"href":"https:\/\/dersuessestopp.com\/hu\/wp-json\/wp\/v2\/product\/10190\/revisions\/10233"}],"wp:featuredmedia":[{"embeddable":true,"href":"https:\/\/dersuessestopp.com\/hu\/wp-json\/wp\/v2\/media\/10232"}],"wp:attachment":[{"href":"https:\/\/dersuessestopp.com\/hu\/wp-json\/wp\/v2\/media?parent=10190"}],"wp:term":[{"taxonomy":"product_brand","embeddable":true,"href":"https:\/\/dersuessestopp.com\/hu\/wp-json\/wp\/v2\/product_brand?post=10190"},{"taxonomy":"product_cat","embeddable":true,"href":"https:\/\/dersuessestopp.com\/hu\/wp-json\/wp\/v2\/product_cat?post=10190"},{"taxonomy":"product_tag","embeddable":true,"href":"https:\/\/dersuessestopp.com\/hu\/wp-json\/wp\/v2\/product_tag?post=10190"}],"curies":[{"name":"wp","href":"https:\/\/api.w.org\/{rel}","templated":true}]}}