{"id":10188,"date":"2025-09-29T14:58:29","date_gmt":"2025-09-29T14:58:29","guid":{"rendered":"https:\/\/dersuessestopp.com\/?post_type=product&#038;p=10188"},"modified":"2025-10-09T00:49:50","modified_gmt":"2025-10-09T00:49:50","slug":"snack-3200-tn-con-alzatina","status":"publish","type":"product","link":"https:\/\/dersuessestopp.com\/hu\/product\/snack-3200-tn-con-alzatina\/","title":{"rendered":"SNACK 3200 TNF FR\u00d6CCS\u00d6NT\u0150VEL"},"content":{"rendered":"<p><img decoding=\"async\" src=\"https:\/\/customer.klimaitalia.it\/api\/file\/image\/6887\" \/><\/p>\n<p>&nbsp;<\/p>\n<h2>Term\u00e9k le\u00edr\u00e1sa<\/h2>\n<p data-start=\"241\" data-end=\"841\">A <strong data-start=\"245\" data-end=\"263\">SNACK 3200 TNF<\/strong> hivat\u00e1sos <strong data-start=\"282\" data-end=\"328\">h\u00e1romajt\u00f3s szell\u0151ztetett h\u0171t\u0151pult<\/strong> a  c\u00edmen <strong data-start=\"334\" data-end=\"353\">h\u00e1ts\u00f3 fr\u00f6ccsen\u0151 h\u00e1tfal<\/strong>, \u00e9ttermek, b\u00e1rok \u00e9s vend\u00e9gl\u00e1t\u00f3ipari konyh\u00e1k sz\u00e1m\u00e1ra tervezt\u00e9k. Teljesen a k\u00f6vetkez\u0151kb\u0151l \u00e9p\u00fcl <strong data-start=\"430\" data-end=\"458\">AISI 304 rozsdamentes ac\u00e9l<\/strong>, kiv\u00e9teles tart\u00f3ss\u00e1got, higi\u00e9ni\u00e1t \u00e9s k\u00f6nny\u0171 tiszt\u00edthat\u00f3s\u00e1got biztos\u00edt. M\u0171k\u00f6dtet\u00e9se egy <strong data-start=\"544\" data-end=\"581\">-2\u00b0C \u00e9s +8\u00b0C k\u00f6z\u00f6tti h\u0151m\u00e9rs\u00e9klet-tartom\u00e1ny<\/strong>, ez a modell megb\u00edzhat\u00f3 h\u0171t\u00e9st biztos\u00edt a friss alapanyagok, italok \u00e9s t\u00e1lal\u00e1sra k\u00e9sz \u00e9telek sz\u00e1m\u00e1ra. Rendelkezik egy <strong data-start=\"695\" data-end=\"720\">elektronikus termoszt\u00e1t<\/strong>, <strong data-start=\"722\" data-end=\"744\">l\u00e1gyan z\u00e1r\u00f3d\u00f3 ajt\u00f3k<\/strong>, \u00e9s <strong data-start=\"750\" data-end=\"780\">automatikus elektromos leolvaszt\u00e1s<\/strong> az egyenletes teljes\u00edtm\u00e9ny \u00e9s az energiahat\u00e9kony m\u0171k\u00f6d\u00e9s \u00e9rdek\u00e9ben.<\/p>\n<p data-start=\"843\" data-end=\"862\"><strong data-start=\"843\" data-end=\"860\">F\u0151bb jellemz\u0151k:<\/strong><\/p>\n<ul data-start=\"863\" data-end=\"1262\">\n<li data-start=\"863\" data-end=\"902\">\n<p data-start=\"865\" data-end=\"902\"><strong data-start=\"865\" data-end=\"887\">H\u0151m\u00e9rs\u00e9klet-tartom\u00e1ny:<\/strong> -2\u00b0C \u00e9s +8\u00b0C k\u00f6z\u00f6tt<\/p>\n<\/li>\n<li data-start=\"903\" data-end=\"957\">\n<p data-start=\"905\" data-end=\"957\"><strong data-start=\"905\" data-end=\"933\">AISI 304 rozsdamentes ac\u00e9l<\/strong> bels\u0151 \u00e9s k\u00fcls\u0151<\/p>\n<\/li>\n<li data-start=\"958\" data-end=\"1015\">\n<p data-start=\"960\" data-end=\"1015\"><strong data-start=\"960\" data-end=\"989\">Szell\u0151ztetett h\u0171t\u0151rendszer<\/strong> egyenletes h\u0151m\u00e9rs\u00e9klet eset\u00e9n<\/p>\n<\/li>\n<li data-start=\"1016\" data-end=\"1056\">\n<p data-start=\"1018\" data-end=\"1056\"><strong data-start=\"1018\" data-end=\"1054\">L\u00e1gyan z\u00e1r\u00f3d\u00f3, \u00f6nz\u00e1r\u00f3d\u00f3 ajt\u00f3k<\/strong><\/p>\n<\/li>\n<li data-start=\"1057\" data-end=\"1095\">\n<p data-start=\"1059\" data-end=\"1095\"><strong data-start=\"1059\" data-end=\"1086\">H\u00e1ts\u00f3 fr\u00f6ccs\u00f6nt\u0151 magass\u00e1ga:<\/strong> 100 mm<\/p>\n<\/li>\n<li data-start=\"1096\" data-end=\"1130\">\n<p data-start=\"1098\" data-end=\"1130\"><strong data-start=\"1098\" data-end=\"1128\">Automatikus elektromos leolvaszt\u00e1s<\/strong><\/p>\n<\/li>\n<li data-start=\"1131\" data-end=\"1181\">\n<p data-start=\"1133\" data-end=\"1181\"><strong data-start=\"1133\" data-end=\"1161\">Opcion\u00e1lis Smart Link WiFi<\/strong> t\u00e1vfel\u00fcgyelet<\/p>\n<\/li>\n<li data-start=\"1182\" data-end=\"1222\">\n<p data-start=\"1184\" data-end=\"1222\"><strong data-start=\"1184\" data-end=\"1207\">Energiafogyaszt\u00e1s:<\/strong> 1,93 kWh\/24h<\/p>\n<\/li>\n<li data-start=\"1223\" data-end=\"1262\">\n<p data-start=\"1225\" data-end=\"1262\"><strong data-start=\"1225\" data-end=\"1240\">M\u00e9retek:<\/strong> 1795 \u00d7 600 \u00d7 960 mm<\/p>\n<\/li>\n<\/ul>\n<h2>M\u0171szaki specifik\u00e1ci\u00f3k<\/h2>\n<table>\n<tbody>\n<tr>\n<td>Dimensioni mm \/ M\u00e9retek mm<\/td>\n<td>SNACK 3200 TNF<\/td>\n<td>SNACK 3200 BTF<\/td>\n<\/tr>\n<tr>\n<td>K\u00fcls\u0151 m\u00e9retek (WxDxH)<\/td>\n<td>1795 x 600 x 960*<\/td>\n<td>1795 x 600 x 960*<\/td>\n<\/tr>\n<tr>\n<td>Csomagol\u00e1si m\u00e9retek (WxDxH)<\/td>\n<td>1825 x 630 x 1010<\/td>\n<td>1825 x 630 x 1010<\/td>\n<\/tr>\n<tr>\n<td>Sz\u00e9less\u00e9g<\/td>\n<td>1234<\/td>\n<td>1234<\/td>\n<\/tr>\n<tr>\n<td>M\u00e9lys\u00e9g<\/td>\n<td>480<\/td>\n<td>480<\/td>\n<\/tr>\n<tr>\n<td>Magass\u00e1g<\/td>\n<td>560<\/td>\n<td>560<\/td>\n<\/tr>\n<tr>\n<td colspan=\"3\">Az egys\u00e9gek teljes magass\u00e1ga mag\u00e1ban foglalja a minim\u00e1lis magass\u00e1gi szinthez igaz\u00edtott l\u00e1bakat is.<\/td>\n<\/tr>\n<\/tbody>\n<\/table>\n<p>&nbsp;<\/p>\n<table>\n<tbody>\n<tr>\n<td>Caratteristiche Tecniche \/ M\u0171szaki jellemz\u0151k<\/td>\n<td>SNACK 3200 TNF<\/td>\n<td>SNACK 3200 BTF<\/td>\n<\/tr>\n<tr>\n<td>H\u0151m\u00e9rs\u00e9klet tartom\u00e1ny<\/td>\n<td>-2 \u00b0C \/ +8 \u00b0C<\/td>\n<td>-22 \u00b0C \/ -18 \u00b0C<\/td>\n<\/tr>\n<tr>\n<td>Kl\u00edmaoszt\u00e1ly<\/td>\n<td>5<\/td>\n<td>4<\/td>\n<\/tr>\n<tr>\n<td>Nett\u00f3-brutt\u00f3 volumen<\/td>\n<td>Hadnagy 231 \/ 386<\/td>\n<td>Hadnagy 231 \/ 386<\/td>\n<\/tr>\n<tr>\n<td>Test<\/td>\n<td>AISI 304 rozsdamentes ac\u00e9l<\/td>\n<td>AISI 304 rozsdamentes ac\u00e9l<\/td>\n<\/tr>\n<tr>\n<td>Bels\u0151 b\u00e9l\u00e9s<\/td>\n<td>AISI 304 rozsdamentes ac\u00e9l<\/td>\n<td>AISI 304 rozsdamentes ac\u00e9l<\/td>\n<\/tr>\n<tr>\n<td>Termoszt\u00e1t<\/td>\n<td>Elektronikus<\/td>\n<td>Elektronikus<\/td>\n<\/tr>\n<tr>\n<td>Zajszint<\/td>\n<td>dB 42<\/td>\n<td>dB 42<\/td>\n<\/tr>\n<tr>\n<td>T\u00e1vir\u00e1ny\u00edt\u00f3<\/td>\n<td>Opcion\u00e1lis<\/td>\n<td>Opcion\u00e1lis<\/td>\n<\/tr>\n<tr>\n<td>Szigetel\u00e9s vastags\u00e1ga<\/td>\n<td>mm 60<\/td>\n<td>mm 60<\/td>\n<\/tr>\n<tr>\n<td>Leolvaszt\u00e1s<\/td>\n<td>Automatikus elektromos f\u0171t\u0151berendez\u00e9ssel<\/td>\n<td>Automatikus elektromos f\u0171t\u0151berendez\u00e9ssel<\/td>\n<\/tr>\n<tr>\n<td>Polcok (WxD)<\/td>\n<td>N\u00b0 3 - mm 335 x 430 + N\u00b0 3 - mm 390 x 405<\/td>\n<td>N\u00b0 3 - mm 335 x 430 + N\u00b0 3 - mm 390 x 405<\/td>\n<\/tr>\n<tr>\n<td>\u00d6nz\u00e1r\u00f3 ajt\u00f3<\/td>\n<td>L\u00e1gy z\u00e1r\u00e1s<\/td>\n<td>L\u00e1gy z\u00e1r\u00e1s<\/td>\n<\/tr>\n<tr>\n<td>Splashback magass\u00e1ga<\/td>\n<td>mm 100<\/td>\n<td>mm 100<\/td>\n<\/tr>\n<tr>\n<td>\/ Castors-Feet<\/td>\n<td>6 l\u00e1b -<\/td>\n<td>6 l\u00e1b -<\/td>\n<\/tr>\n<tr>\n<td>G\u00f6rg\u0151k<\/td>\n<td>V\u00e1laszthat\u00f3 - h mm 140<\/td>\n<td>V\u00e1laszthat\u00f3 - h mm 140<\/td>\n<\/tr>\n<tr>\n<td>Nett\u00f3-brutt\u00f3 s\u00faly<\/td>\n<td>Kg 135,3 \/ 157,3<\/td>\n<td>Kg 145 \/ 163<\/td>\n<\/tr>\n<tr>\n<td>Fesz\u00fclts\u00e9g<\/td>\n<td>V 220-240<\/td>\n<td>V 220-240<\/td>\n<\/tr>\n<tr>\n<td>Frekvencia<\/td>\n<td>Hz 50<\/td>\n<td>Hz 50<\/td>\n<\/tr>\n<tr>\n<td>H\u0171t\u0151k\u00f6zeg<\/td>\n<td>R600A<\/td>\n<td>R290<\/td>\n<\/tr>\n<tr>\n<td>Abszorpci\u00f3<\/td>\n<td>W 300<\/td>\n<td>W 570<\/td>\n<\/tr>\n<tr>\n<td>Energiafogyaszt\u00e1s<\/td>\n<td>KwH\/24H 1,93<\/td>\n<td>KwH\/24H 7,52<\/td>\n<\/tr>\n<\/tbody>\n<\/table>","protected":false},"excerpt":{"rendered":"<p>-2 \u00b0C \/ +8 \u00b0C Szell\u0151ztetett h\u0171t\u0151asztal, h\u00e1rom ajt\u00f3val con alzatina. Pozit\u00edv h\u0151m\u00e9rs\u00e9klet<\/p>","protected":false},"featured_media":10228,"comment_status":"open","ping_status":"closed","template":"","meta":[],"product_brand":[],"product_cat":[51],"product_tag":[],"class_list":{"0":"post-10188","1":"product","2":"type-product","3":"status-publish","4":"has-post-thumbnail","6":"product_cat-kitchen-catering-cooling","8":"first","9":"instock","10":"shipping-taxable","11":"purchasable","12":"product-type-simple"},"_links":{"self":[{"href":"https:\/\/dersuessestopp.com\/hu\/wp-json\/wp\/v2\/product\/10188","targetHints":{"allow":["GET"]}}],"collection":[{"href":"https:\/\/dersuessestopp.com\/hu\/wp-json\/wp\/v2\/product"}],"about":[{"href":"https:\/\/dersuessestopp.com\/hu\/wp-json\/wp\/v2\/types\/product"}],"replies":[{"embeddable":true,"href":"https:\/\/dersuessestopp.com\/hu\/wp-json\/wp\/v2\/comments?post=10188"}],"version-history":[{"count":3,"href":"https:\/\/dersuessestopp.com\/hu\/wp-json\/wp\/v2\/product\/10188\/revisions"}],"predecessor-version":[{"id":12015,"href":"https:\/\/dersuessestopp.com\/hu\/wp-json\/wp\/v2\/product\/10188\/revisions\/12015"}],"wp:featuredmedia":[{"embeddable":true,"href":"https:\/\/dersuessestopp.com\/hu\/wp-json\/wp\/v2\/media\/10228"}],"wp:attachment":[{"href":"https:\/\/dersuessestopp.com\/hu\/wp-json\/wp\/v2\/media?parent=10188"}],"wp:term":[{"taxonomy":"product_brand","embeddable":true,"href":"https:\/\/dersuessestopp.com\/hu\/wp-json\/wp\/v2\/product_brand?post=10188"},{"taxonomy":"product_cat","embeddable":true,"href":"https:\/\/dersuessestopp.com\/hu\/wp-json\/wp\/v2\/product_cat?post=10188"},{"taxonomy":"product_tag","embeddable":true,"href":"https:\/\/dersuessestopp.com\/hu\/wp-json\/wp\/v2\/product_tag?post=10188"}],"curies":[{"name":"wp","href":"https:\/\/api.w.org\/{rel}","templated":true}]}}