{"id":10187,"date":"2025-09-29T14:58:29","date_gmt":"2025-09-29T14:58:29","guid":{"rendered":"https:\/\/dersuessestopp.com\/?post_type=product&#038;p=10187"},"modified":"2025-10-09T00:45:40","modified_gmt":"2025-10-09T00:45:40","slug":"snack-4100-tn","status":"publish","type":"product","link":"https:\/\/dersuessestopp.com\/hu\/product\/snack-4100-tn\/","title":{"rendered":"SNACK 4100 TNF"},"content":{"rendered":"<p>&nbsp;<\/p>\n<h2><img decoding=\"async\" src=\"https:\/\/customer.klimaitalia.it\/api\/file\/image\/6893\" \/><\/h2>\n<h2>Term\u00e9k le\u00edr\u00e1sa<\/h2>\n<p data-start=\"211\" data-end=\"775\">A <strong data-start=\"215\" data-end=\"233\">SNACK 4100 TNF<\/strong> hivat\u00e1sos <strong data-start=\"252\" data-end=\"297\">n\u00e9gyajt\u00f3s szell\u0151ztetett h\u0171t\u0151pult<\/strong>, ide\u00e1lis \u00e9ttermek, b\u00fcf\u00e9k \u00e9s vend\u00e9gl\u00e1t\u00f3helyek sz\u00e1m\u00e1ra. Teljesen a k\u00f6vetkez\u0151kb\u0151l k\u00e9sz\u00fclt <strong data-start=\"380\" data-end=\"408\">AISI 304 rozsdamentes ac\u00e9l<\/strong>, hossz\u00fa \u00e9lettartamot, higi\u00e9ni\u00e1t \u00e9s k\u00f6nny\u0171 karbantart\u00e1st biztos\u00edt. M\u0171k\u00f6d\u00e9s egy <strong data-start=\"496\" data-end=\"533\">-2\u00b0C \u00e9s +8\u00b0C k\u00f6z\u00f6tti h\u0151m\u00e9rs\u00e9klet-tartom\u00e1ny<\/strong>, megb\u00edzhat\u00f3 h\u0171t\u00e9st biztos\u00edt a friss alapanyagok \u00e9s az elk\u00e9sz\u00edtett \u00e9lelmiszerek sz\u00e1m\u00e1ra. Felszerelve egy <strong data-start=\"623\" data-end=\"648\">elektronikus termoszt\u00e1t<\/strong>, <strong data-start=\"650\" data-end=\"672\">l\u00e1gyan z\u00e1r\u00f3d\u00f3 ajt\u00f3k<\/strong>, \u00e9s <strong data-start=\"678\" data-end=\"699\">automatikus leolvaszt\u00e1s<\/strong>, garant\u00e1lja az egyenletes teljes\u00edtm\u00e9nyt \u00e9s az energiahat\u00e9konys\u00e1got a mindennapi haszn\u00e1lat sor\u00e1n.<\/p>\n<p data-start=\"777\" data-end=\"796\"><strong data-start=\"777\" data-end=\"794\">F\u0151bb jellemz\u0151k:<\/strong><\/p>\n<ul data-start=\"797\" data-end=\"1164\">\n<li data-start=\"797\" data-end=\"836\">\n<p data-start=\"799\" data-end=\"836\"><strong data-start=\"799\" data-end=\"821\">H\u0151m\u00e9rs\u00e9klet-tartom\u00e1ny:<\/strong> -2\u00b0C \u00e9s +8\u00b0C k\u00f6z\u00f6tt<\/p>\n<\/li>\n<li data-start=\"837\" data-end=\"891\">\n<p data-start=\"839\" data-end=\"891\"><strong data-start=\"839\" data-end=\"867\">AISI 304 rozsdamentes ac\u00e9l<\/strong> bels\u0151 \u00e9s k\u00fcls\u0151<\/p>\n<\/li>\n<li data-start=\"892\" data-end=\"959\">\n<p data-start=\"894\" data-end=\"959\"><strong data-start=\"894\" data-end=\"923\">Szell\u0151ztetett h\u0171t\u0151rendszer<\/strong> az egyenletes h\u0151m\u00e9rs\u00e9klet-eloszl\u00e1s\u00e9rt<\/p>\n<\/li>\n<li data-start=\"960\" data-end=\"1000\">\n<p data-start=\"962\" data-end=\"1000\"><strong data-start=\"962\" data-end=\"998\">L\u00e1gyan z\u00e1r\u00f3d\u00f3, \u00f6nz\u00e1r\u00f3d\u00f3 ajt\u00f3k<\/strong><\/p>\n<\/li>\n<li data-start=\"1001\" data-end=\"1035\">\n<p data-start=\"1003\" data-end=\"1035\"><strong data-start=\"1003\" data-end=\"1033\">Automatikus elektromos leolvaszt\u00e1s<\/strong><\/p>\n<\/li>\n<li data-start=\"1036\" data-end=\"1083\">\n<p data-start=\"1038\" data-end=\"1083\"><strong data-start=\"1038\" data-end=\"1066\">Opcion\u00e1lis Smart Link WiFi<\/strong> t\u00e1vir\u00e1ny\u00edt\u00f3<\/p>\n<\/li>\n<li data-start=\"1084\" data-end=\"1124\">\n<p data-start=\"1086\" data-end=\"1124\"><strong data-start=\"1086\" data-end=\"1109\">Energiafogyaszt\u00e1s:<\/strong> 4,05 kWh\/24h<\/p>\n<\/li>\n<li data-start=\"1125\" data-end=\"1164\">\n<p data-start=\"1127\" data-end=\"1164\"><strong data-start=\"1127\" data-end=\"1142\">M\u00e9retek:<\/strong> 2230 \u00d7 600 \u00d7 860 mm<\/p>\n<\/li>\n<\/ul>\n<h2>M\u0171szaki specifik\u00e1ci\u00f3k<\/h2>\n<table>\n<tbody>\n<tr>\n<td>Dimensioni mm \/ M\u00e9retek mm<\/td>\n<td>SNACK 4100 TNF<\/td>\n<td>SNACK 4100 BTF<\/td>\n<\/tr>\n<tr>\n<td>K\u00fcls\u0151 m\u00e9retek (WxDxH)<\/td>\n<td>2230 x 600 x 860*<\/td>\n<td>2230 x 600 x 860*<\/td>\n<\/tr>\n<tr>\n<td>Csomagol\u00e1si m\u00e9retek (WxDxH)<\/td>\n<td>2260 x 630 x 910<\/td>\n<td>2260 x 630 x 910<\/td>\n<\/tr>\n<tr>\n<td>Sz\u00e9less\u00e9g<\/td>\n<td>1669<\/td>\n<td>1669<\/td>\n<\/tr>\n<tr>\n<td>M\u00e9lys\u00e9g<\/td>\n<td>480<\/td>\n<td>480<\/td>\n<\/tr>\n<tr>\n<td>Magass\u00e1g<\/td>\n<td>560<\/td>\n<td>560<\/td>\n<\/tr>\n<tr>\n<td colspan=\"3\">Az egys\u00e9gek teljes magass\u00e1ga mag\u00e1ban foglalja a minim\u00e1lis magass\u00e1gi szinthez igaz\u00edtott l\u00e1bakat is.<\/td>\n<\/tr>\n<\/tbody>\n<\/table>\n<p>&nbsp;<\/p>\n<table>\n<tbody>\n<tr>\n<td>Caratteristiche Tecniche \/ M\u0171szaki jellemz\u0151k<\/td>\n<td>SNACK 4100 TNF<\/td>\n<td>SNACK 4100 BTF<\/td>\n<\/tr>\n<tr>\n<td>H\u0151m\u00e9rs\u00e9klet tartom\u00e1ny<\/td>\n<td>-2 \u00b0C \/ +8 \u00b0C<\/td>\n<td>-22 \u00b0C \/ -18 \u00b0C<\/td>\n<\/tr>\n<tr>\n<td>Kl\u00edmaoszt\u00e1ly<\/td>\n<td>5<\/td>\n<td>4<\/td>\n<\/tr>\n<tr>\n<td>Nett\u00f3-brutt\u00f3 volumen<\/td>\n<td>312 \/ 511 hadnagy<\/td>\n<td>312 \/ 511 hadnagy<\/td>\n<\/tr>\n<tr>\n<td>Test<\/td>\n<td>AISI 304 rozsdamentes ac\u00e9l<\/td>\n<td>AISI 304 rozsdamentes ac\u00e9l<\/td>\n<\/tr>\n<tr>\n<td>Bels\u0151 b\u00e9l\u00e9s<\/td>\n<td>AISI 304 rozsdamentes ac\u00e9l<\/td>\n<td>AISI 304 rozsdamentes ac\u00e9l<\/td>\n<\/tr>\n<tr>\n<td>Termoszt\u00e1t<\/td>\n<td>Elektronikus<\/td>\n<td>Elektronikus<\/td>\n<\/tr>\n<tr>\n<td>Zajszint<\/td>\n<td>dB 42<\/td>\n<td>dB 42<\/td>\n<\/tr>\n<tr>\n<td>T\u00e1vir\u00e1ny\u00edt\u00f3<\/td>\n<td>Opcion\u00e1lis<\/td>\n<td>Opcion\u00e1lis<\/td>\n<\/tr>\n<tr>\n<td>Szigetel\u00e9s vastags\u00e1ga<\/td>\n<td>mm 60<\/td>\n<td>mm 60<\/td>\n<\/tr>\n<tr>\n<td>Leolvaszt\u00e1s<\/td>\n<td>Automatikus elektromos f\u0171t\u0151berendez\u00e9ssel<\/td>\n<td>Automatikus elektromos f\u0171t\u0151berendez\u00e9ssel<\/td>\n<\/tr>\n<tr>\n<td>Polcok (WxD)<\/td>\n<td>4. sz\u00e1m - mm 335 x 430 + 4. sz\u00e1m - mm 390 x 405<\/td>\n<td>4. sz\u00e1m - mm 335 x 430 + 4. sz\u00e1m - mm 390 x 405<\/td>\n<\/tr>\n<tr>\n<td>\u00d6nz\u00e1r\u00f3 ajt\u00f3<\/td>\n<td>L\u00e1gy z\u00e1r\u00e1s<\/td>\n<td>L\u00e1gy z\u00e1r\u00e1s<\/td>\n<\/tr>\n<tr>\n<td>\/ Castors-Feet<\/td>\n<td>6 l\u00e1b -<\/td>\n<td>6 l\u00e1b -<\/td>\n<\/tr>\n<tr>\n<td>G\u00f6rg\u0151k<\/td>\n<td>V\u00e1laszthat\u00f3 - h mm 140<\/td>\n<td>V\u00e1laszthat\u00f3 - h mm 140<\/td>\n<\/tr>\n<tr>\n<td>Nett\u00f3-brutt\u00f3 s\u00faly<\/td>\n<td>Kg 143 \/ 163<\/td>\n<td>Kg 151 \/ 171<\/td>\n<\/tr>\n<tr>\n<td>Fesz\u00fclts\u00e9g<\/td>\n<td>V 220-240<\/td>\n<td>V 220-240<\/td>\n<\/tr>\n<tr>\n<td>Frekvencia<\/td>\n<td>Hz 50<\/td>\n<td>Hz 50<\/td>\n<\/tr>\n<tr>\n<td>H\u0171t\u0151k\u00f6zeg<\/td>\n<td>R600a<\/td>\n<td>R290<\/td>\n<\/tr>\n<tr>\n<td>Abszorpci\u00f3<\/td>\n<td>W 300<\/td>\n<td>W 570<\/td>\n<\/tr>\n<tr>\n<td>Energiafogyaszt\u00e1s<\/td>\n<td>KwH\/24H 4,05<\/td>\n<td>KwH\/24H 8,87<\/td>\n<\/tr>\n<\/tbody>\n<\/table>","protected":false},"excerpt":{"rendered":"<p>-2 \u00b0C \/ +8 \u00b0C Szell\u0151ztetett h\u0171t\u0151asztal, n\u00e9gy ajt\u00f3val. Pozit\u00edv h\u0151m\u00e9rs\u00e9klet<\/p>","protected":false},"featured_media":10226,"comment_status":"open","ping_status":"closed","template":"","meta":[],"product_brand":[],"product_cat":[51],"product_tag":[],"class_list":{"0":"post-10187","1":"product","2":"type-product","3":"status-publish","4":"has-post-thumbnail","6":"product_cat-kitchen-catering-cooling","8":"first","9":"instock","10":"shipping-taxable","11":"purchasable","12":"product-type-simple"},"_links":{"self":[{"href":"https:\/\/dersuessestopp.com\/hu\/wp-json\/wp\/v2\/product\/10187","targetHints":{"allow":["GET"]}}],"collection":[{"href":"https:\/\/dersuessestopp.com\/hu\/wp-json\/wp\/v2\/product"}],"about":[{"href":"https:\/\/dersuessestopp.com\/hu\/wp-json\/wp\/v2\/types\/product"}],"replies":[{"embeddable":true,"href":"https:\/\/dersuessestopp.com\/hu\/wp-json\/wp\/v2\/comments?post=10187"}],"version-history":[{"count":4,"href":"https:\/\/dersuessestopp.com\/hu\/wp-json\/wp\/v2\/product\/10187\/revisions"}],"predecessor-version":[{"id":12013,"href":"https:\/\/dersuessestopp.com\/hu\/wp-json\/wp\/v2\/product\/10187\/revisions\/12013"}],"wp:featuredmedia":[{"embeddable":true,"href":"https:\/\/dersuessestopp.com\/hu\/wp-json\/wp\/v2\/media\/10226"}],"wp:attachment":[{"href":"https:\/\/dersuessestopp.com\/hu\/wp-json\/wp\/v2\/media?parent=10187"}],"wp:term":[{"taxonomy":"product_brand","embeddable":true,"href":"https:\/\/dersuessestopp.com\/hu\/wp-json\/wp\/v2\/product_brand?post=10187"},{"taxonomy":"product_cat","embeddable":true,"href":"https:\/\/dersuessestopp.com\/hu\/wp-json\/wp\/v2\/product_cat?post=10187"},{"taxonomy":"product_tag","embeddable":true,"href":"https:\/\/dersuessestopp.com\/hu\/wp-json\/wp\/v2\/product_tag?post=10187"}],"curies":[{"name":"wp","href":"https:\/\/api.w.org\/{rel}","templated":true}]}}