{"id":10186,"date":"2025-09-29T14:58:29","date_gmt":"2025-09-29T14:58:29","guid":{"rendered":"https:\/\/dersuessestopp.com\/?post_type=product&#038;p=10186"},"modified":"2025-10-09T00:43:03","modified_gmt":"2025-10-09T00:43:03","slug":"snack-4100-bt","status":"publish","type":"product","link":"https:\/\/dersuessestopp.com\/hu\/product\/snack-4100-bt\/","title":{"rendered":"SNACK 4100 BT"},"content":{"rendered":"<p>&nbsp;<\/p>\n<h2><img decoding=\"async\" src=\"https:\/\/customer.klimaitalia.it\/api\/file\/image\/6924\" \/><\/h2>\n<h2>Term\u00e9k le\u00edr\u00e1sa<\/h2>\n<p data-start=\"220\" data-end=\"796\">A <strong data-start=\"224\" data-end=\"241\">SNACK 4100 BT<\/strong> hivat\u00e1sos <strong data-start=\"260\" data-end=\"301\">h\u00e1romajt\u00f3s szell\u0151ztethet\u0151 fagyaszt\u00f3pult<\/strong> a  c\u00edmen <strong data-start=\"307\" data-end=\"326\">h\u00e1ts\u00f3 fr\u00f6ccsen\u0151 h\u00e1tfal<\/strong>, ide\u00e1lis kereskedelmi konyh\u00e1kba, b\u00e1rokba \u00e9s vend\u00e9gl\u00e1t\u00f3ipari k\u00f6rnyezetbe. Teljesen a k\u00f6vetkez\u0151 anyagokb\u00f3l k\u00e9sz\u00fclt <strong data-start=\"418\" data-end=\"446\">AISI 304 rozsdamentes ac\u00e9l<\/strong>, hossz\u00fa \u00e9lettartamot, higi\u00e9ni\u00e1t \u00e9s k\u00f6nny\u0171 tiszt\u00edthat\u00f3s\u00e1got biztos\u00edt. A <strong data-start=\"519\" data-end=\"560\">h\u0151m\u00e9rs\u00e9klet-tartom\u00e1ny -22\u00b0C \u00e9s -18\u00b0C k\u00f6z\u00f6tt<\/strong>, megb\u00edzhat\u00f3 fagyaszt\u00e1st biztos\u00edt az \u00e9lelmiszerek \u00e9s az \u00f6sszetev\u0151k sz\u00e1m\u00e1ra. Felszerelve egy <strong data-start=\"635\" data-end=\"660\">elektronikus termoszt\u00e1t<\/strong>, <strong data-start=\"662\" data-end=\"684\">l\u00e1gyan z\u00e1r\u00f3d\u00f3 ajt\u00f3k<\/strong>, \u00e9s <strong data-start=\"690\" data-end=\"711\">automatikus leolvaszt\u00e1s<\/strong>, nagy teljes\u00edtm\u00e9nyt \u00e9s energiahat\u00e9konys\u00e1got k\u00edn\u00e1l az ig\u00e9nyes konyhai m\u0171veletekben.<\/p>\n<p data-start=\"798\" data-end=\"817\"><strong data-start=\"798\" data-end=\"815\">F\u0151bb jellemz\u0151k:<\/strong><\/p>\n<ul data-start=\"818\" data-end=\"1209\">\n<li data-start=\"818\" data-end=\"859\">\n<p data-start=\"820\" data-end=\"859\"><strong data-start=\"820\" data-end=\"842\">H\u0151m\u00e9rs\u00e9klet-tartom\u00e1ny:<\/strong> -22\u00b0C \u00e9s -18\u00b0C k\u00f6z\u00f6tt<\/p>\n<\/li>\n<li data-start=\"860\" data-end=\"914\">\n<p data-start=\"862\" data-end=\"914\"><strong data-start=\"862\" data-end=\"890\">AISI 304 rozsdamentes ac\u00e9l<\/strong> bels\u0151 \u00e9s k\u00fcls\u0151<\/p>\n<\/li>\n<li data-start=\"915\" data-end=\"973\">\n<p data-start=\"917\" data-end=\"973\"><strong data-start=\"917\" data-end=\"947\">Szell\u0151ztetett fagyaszt\u00f3rendszer<\/strong> egyenletes h\u0151m\u00e9rs\u00e9klet eset\u00e9n<\/p>\n<\/li>\n<li data-start=\"974\" data-end=\"1014\">\n<p data-start=\"976\" data-end=\"1014\"><strong data-start=\"976\" data-end=\"1012\">L\u00e1gyan z\u00e1r\u00f3d\u00f3, \u00f6nz\u00e1r\u00f3d\u00f3 ajt\u00f3k<\/strong><\/p>\n<\/li>\n<li data-start=\"1015\" data-end=\"1068\">\n<p data-start=\"1017\" data-end=\"1068\"><strong data-start=\"1017\" data-end=\"1036\">H\u00e1ts\u00f3 fr\u00f6ccs\u00f6nt\u0151<\/strong> a k\u00f6nny\u0171 tiszt\u00edt\u00e1s \u00e9s higi\u00e9nia \u00e9rdek\u00e9ben<\/p>\n<\/li>\n<li data-start=\"1069\" data-end=\"1103\">\n<p data-start=\"1071\" data-end=\"1103\"><strong data-start=\"1071\" data-end=\"1101\">Automatikus elektromos leolvaszt\u00e1s<\/strong><\/p>\n<\/li>\n<li data-start=\"1104\" data-end=\"1151\">\n<p data-start=\"1106\" data-end=\"1151\"><strong data-start=\"1106\" data-end=\"1134\">Opcion\u00e1lis Smart Link WiFi<\/strong> t\u00e1vir\u00e1ny\u00edt\u00f3<\/p>\n<\/li>\n<li data-start=\"1152\" data-end=\"1209\">\n<p data-start=\"1154\" data-end=\"1209\"><strong data-start=\"1154\" data-end=\"1186\">Energiahat\u00e9kony teljes\u00edtm\u00e9ny<\/strong> professzion\u00e1lis haszn\u00e1latra<\/p>\n<\/li>\n<\/ul>\n<h2>M\u0171szaki specifik\u00e1ci\u00f3k<\/h2>\n<table>\n<tbody>\n<tr>\n<td>Dimensioni mm \/ M\u00e9retek mm<\/td>\n<td>SNACK 4200 TNF<\/td>\n<td>SNACK 4200 BTF<\/td>\n<\/tr>\n<tr>\n<td>K\u00fcls\u0151 m\u00e9retek (WxDxH)<\/td>\n<td>2230 x 600 x 960*<\/td>\n<td>2230 x 600 x 960*<\/td>\n<\/tr>\n<tr>\n<td>Csomagol\u00e1si m\u00e9retek (WxDxH)<\/td>\n<td>2260 x 630 x 1010<\/td>\n<td>2260 x 630 x 1010<\/td>\n<\/tr>\n<tr>\n<td>Sz\u00e9less\u00e9g<\/td>\n<td>1669<\/td>\n<td>1669<\/td>\n<\/tr>\n<tr>\n<td>M\u00e9lys\u00e9g<\/td>\n<td>480<\/td>\n<td>480<\/td>\n<\/tr>\n<tr>\n<td>Magass\u00e1g<\/td>\n<td>560<\/td>\n<td>560<\/td>\n<\/tr>\n<tr>\n<td colspan=\"3\">Az egys\u00e9gek teljes magass\u00e1ga mag\u00e1ban foglalja a minim\u00e1lis magass\u00e1gi szinthez igaz\u00edtott l\u00e1bakat is.<\/td>\n<\/tr>\n<\/tbody>\n<\/table>\n<p>&nbsp;<\/p>\n<table>\n<tbody>\n<tr>\n<td>Caratteristiche Tecniche \/ M\u0171szaki jellemz\u0151k<\/td>\n<td>SNACK 4200 TNF<\/td>\n<td>SNACK 4200 BTF<\/td>\n<\/tr>\n<tr>\n<td>H\u0151m\u00e9rs\u00e9klet tartom\u00e1ny<\/td>\n<td>-2 \u00b0C \/ +8 \u00b0C<\/td>\n<td>-22 \u00b0C \/ -18 \u00b0C<\/td>\n<\/tr>\n<tr>\n<td>Kl\u00edmaoszt\u00e1ly<\/td>\n<td>5<\/td>\n<td>4<\/td>\n<\/tr>\n<tr>\n<td>Nett\u00f3-brutt\u00f3 volumen<\/td>\n<td>312 \/ 511 hadnagy<\/td>\n<td>312 \/ 511 hadnagy<\/td>\n<\/tr>\n<tr>\n<td>Test<\/td>\n<td>AISI 304 rozsdamentes ac\u00e9l<\/td>\n<td>AISI 304 rozsdamentes ac\u00e9l<\/td>\n<\/tr>\n<tr>\n<td>Bels\u0151 b\u00e9l\u00e9s<\/td>\n<td>AISI 304 rozsdamentes ac\u00e9l<\/td>\n<td>AISI 304 rozsdamentes ac\u00e9l<\/td>\n<\/tr>\n<tr>\n<td>Termoszt\u00e1t<\/td>\n<td>Elektronikus<\/td>\n<td>Elektronikus<\/td>\n<\/tr>\n<tr>\n<td>Zajszint<\/td>\n<td>dB 42<\/td>\n<td>dB 42<\/td>\n<\/tr>\n<tr>\n<td>T\u00e1vir\u00e1ny\u00edt\u00f3<\/td>\n<td>Opcion\u00e1lis<\/td>\n<td>Opcion\u00e1lis<\/td>\n<\/tr>\n<tr>\n<td>Szigetel\u00e9s vastags\u00e1ga<\/td>\n<td>mm 60<\/td>\n<td>mm 60<\/td>\n<\/tr>\n<tr>\n<td>Leolvaszt\u00e1s<\/td>\n<td>Automatikus elektromos f\u0171t\u0151berendez\u00e9ssel<\/td>\n<td>Automatikus elektromos f\u0171t\u0151berendez\u00e9ssel<\/td>\n<\/tr>\n<tr>\n<td>Polcok (WxD)<\/td>\n<td>4. sz\u00e1m - mm 335 x 430 + 4. sz\u00e1m - mm 390 x 405<\/td>\n<td>4. sz\u00e1m - mm 335 x 430 + 4. sz\u00e1m - mm 390 x 405<\/td>\n<\/tr>\n<tr>\n<td>\u00d6nz\u00e1r\u00f3 ajt\u00f3<\/td>\n<td>L\u00e1gy z\u00e1r\u00e1s<\/td>\n<td>L\u00e1gy z\u00e1r\u00e1s<\/td>\n<\/tr>\n<tr>\n<td>Splashback magass\u00e1ga<\/td>\n<td>mm 100<\/td>\n<td>mm 100<\/td>\n<\/tr>\n<tr>\n<td>\/ Castors-Feet<\/td>\n<td>6 l\u00e1b -<\/td>\n<td>6 l\u00e1b -<\/td>\n<\/tr>\n<tr>\n<td>G\u00f6rg\u0151k<\/td>\n<td>V\u00e1laszthat\u00f3 - h mm 140<\/td>\n<td>V\u00e1laszthat\u00f3 - h mm 140<\/td>\n<\/tr>\n<tr>\n<td>Nett\u00f3-brutt\u00f3 s\u00faly<\/td>\n<td>Kg 159,6 \/ 189,6<\/td>\n<td>Kg 170 \/ 200<\/td>\n<\/tr>\n<tr>\n<td>Fesz\u00fclts\u00e9g<\/td>\n<td>V 220-240<\/td>\n<td>V 220-240<\/td>\n<\/tr>\n<tr>\n<td>Frekvencia<\/td>\n<td>Hz 50<\/td>\n<td>Hz 50<\/td>\n<\/tr>\n<tr>\n<td>H\u0171t\u0151k\u00f6zeg<\/td>\n<td>R600A<\/td>\n<td>R290<\/td>\n<\/tr>\n<tr>\n<td>Abszorpci\u00f3<\/td>\n<td>W 300<\/td>\n<td>W 570<\/td>\n<\/tr>\n<tr>\n<td>Energiafogyaszt\u00e1s<\/td>\n<td>KwH\/24H 4,05<\/td>\n<td>KwH\/24H 8,87<\/td>\n<\/tr>\n<\/tbody>\n<\/table>","protected":false},"excerpt":{"rendered":"<p>-20 \u00b0C \/ -10 \u00b0C Szell\u0151ztetett h\u0171t\u0151asztal, n\u00e9gy ajt\u00f3val. Negat\u00edv h\u0151m\u00e9rs\u00e9klet<\/p>","protected":false},"featured_media":10224,"comment_status":"open","ping_status":"closed","template":"","meta":[],"product_brand":[],"product_cat":[51],"product_tag":[],"class_list":{"0":"post-10186","1":"product","2":"type-product","3":"status-publish","4":"has-post-thumbnail","6":"product_cat-kitchen-catering-cooling","8":"first","9":"instock","10":"shipping-taxable","11":"purchasable","12":"product-type-simple"},"_links":{"self":[{"href":"https:\/\/dersuessestopp.com\/hu\/wp-json\/wp\/v2\/product\/10186","targetHints":{"allow":["GET"]}}],"collection":[{"href":"https:\/\/dersuessestopp.com\/hu\/wp-json\/wp\/v2\/product"}],"about":[{"href":"https:\/\/dersuessestopp.com\/hu\/wp-json\/wp\/v2\/types\/product"}],"replies":[{"embeddable":true,"href":"https:\/\/dersuessestopp.com\/hu\/wp-json\/wp\/v2\/comments?post=10186"}],"version-history":[{"count":3,"href":"https:\/\/dersuessestopp.com\/hu\/wp-json\/wp\/v2\/product\/10186\/revisions"}],"predecessor-version":[{"id":12010,"href":"https:\/\/dersuessestopp.com\/hu\/wp-json\/wp\/v2\/product\/10186\/revisions\/12010"}],"wp:featuredmedia":[{"embeddable":true,"href":"https:\/\/dersuessestopp.com\/hu\/wp-json\/wp\/v2\/media\/10224"}],"wp:attachment":[{"href":"https:\/\/dersuessestopp.com\/hu\/wp-json\/wp\/v2\/media?parent=10186"}],"wp:term":[{"taxonomy":"product_brand","embeddable":true,"href":"https:\/\/dersuessestopp.com\/hu\/wp-json\/wp\/v2\/product_brand?post=10186"},{"taxonomy":"product_cat","embeddable":true,"href":"https:\/\/dersuessestopp.com\/hu\/wp-json\/wp\/v2\/product_cat?post=10186"},{"taxonomy":"product_tag","embeddable":true,"href":"https:\/\/dersuessestopp.com\/hu\/wp-json\/wp\/v2\/product_tag?post=10186"}],"curies":[{"name":"wp","href":"https:\/\/api.w.org\/{rel}","templated":true}]}}