{"id":10184,"date":"2025-09-29T14:58:29","date_gmt":"2025-09-29T14:58:29","guid":{"rendered":"https:\/\/dersuessestopp.com\/?post_type=product&#038;p=10184"},"modified":"2025-10-09T00:37:38","modified_gmt":"2025-10-09T00:37:38","slug":"snack-4200-tn-con-alzatina","status":"publish","type":"product","link":"https:\/\/dersuessestopp.com\/hu\/product\/snack-4200-tn-con-alzatina\/","title":{"rendered":"SNACK 4200 TNF FR\u00d6CCS\u00d6NT\u0150VEL"},"content":{"rendered":"<p><img decoding=\"async\" src=\"https:\/\/customer.klimaitalia.it\/api\/file\/image\/6900\" \/><\/p>\n<p>&nbsp;<\/p>\n<p>&nbsp;<\/p>\n<h2>Term\u00e9k le\u00edr\u00e1sa<\/h2>\n<p data-start=\"238\" data-end=\"829\">A <strong data-start=\"242\" data-end=\"260\">SNACK 4200 TNF<\/strong> hivat\u00e1sos <strong data-start=\"279\" data-end=\"313\">n\u00e9gyajt\u00f3s h\u0171t\u0151pult<\/strong> a  c\u00edmen <strong data-start=\"319\" data-end=\"341\">szell\u0151ztetett h\u0171t\u00e9s<\/strong> \u00e9s <strong data-start=\"346\" data-end=\"365\">h\u00e1ts\u00f3 fr\u00f6ccsen\u0151 h\u00e1tfal<\/strong>, ide\u00e1lis \u00e9ttermek, b\u00fcf\u00e9k \u00e9s vend\u00e9gl\u00e1t\u00f3helyek sz\u00e1m\u00e1ra. Teljesen a k\u00f6vetkez\u0151kb\u0151l \u00e9p\u00fcl <strong data-start=\"449\" data-end=\"477\">AISI 304 rozsdamentes ac\u00e9l<\/strong>, garant\u00e1lja a tart\u00f3ss\u00e1got, a higi\u00e9ni\u00e1t \u00e9s a k\u00f6nny\u0171 tiszt\u00edt\u00e1st. A <strong data-start=\"540\" data-end=\"577\">-2\u00b0C \u00e9s +8\u00b0C k\u00f6z\u00f6tti h\u0151m\u00e9rs\u00e9klet-tartom\u00e1ny<\/strong>, ez a modell optim\u00e1lis t\u00e1rol\u00e1st biztos\u00edt a friss alapanyagok \u00e9s az elk\u00e9sz\u00edtett \u00e9telek sz\u00e1m\u00e1ra. Felszerelve egy <strong data-start=\"673\" data-end=\"698\">elektronikus termoszt\u00e1t<\/strong>, <strong data-start=\"700\" data-end=\"722\">l\u00e1gyan z\u00e1r\u00f3d\u00f3 ajt\u00f3k<\/strong>, \u00e9s <strong data-start=\"728\" data-end=\"749\">automatikus leolvaszt\u00e1s<\/strong>, nagy teljes\u00edtm\u00e9nyt \u00e9s megb\u00edzhat\u00f3s\u00e1got k\u00edn\u00e1l a folyamatos konyhai m\u0171k\u00f6d\u00e9shez.<\/p>\n<p data-start=\"831\" data-end=\"850\"><strong data-start=\"831\" data-end=\"848\">F\u0151bb jellemz\u0151k:<\/strong><\/p>\n<ul data-start=\"851\" data-end=\"1251\">\n<li data-start=\"851\" data-end=\"890\">\n<p data-start=\"853\" data-end=\"890\"><strong data-start=\"853\" data-end=\"875\">H\u0151m\u00e9rs\u00e9klet-tartom\u00e1ny:<\/strong> -2\u00b0C \u00e9s +8\u00b0C k\u00f6z\u00f6tt<\/p>\n<\/li>\n<li data-start=\"891\" data-end=\"945\">\n<p data-start=\"893\" data-end=\"945\"><strong data-start=\"893\" data-end=\"921\">AISI 304 rozsdamentes ac\u00e9l<\/strong> bels\u0151 \u00e9s k\u00fcls\u0151<\/p>\n<\/li>\n<li data-start=\"946\" data-end=\"1003\">\n<p data-start=\"948\" data-end=\"1003\"><strong data-start=\"948\" data-end=\"977\">Szell\u0151ztetett h\u0171t\u0151rendszer<\/strong> egyenletes h\u0151m\u00e9rs\u00e9klet eset\u00e9n<\/p>\n<\/li>\n<li data-start=\"1004\" data-end=\"1044\">\n<p data-start=\"1006\" data-end=\"1044\"><strong data-start=\"1006\" data-end=\"1042\">L\u00e1gyan z\u00e1r\u00f3d\u00f3, \u00f6nz\u00e1r\u00f3d\u00f3 ajt\u00f3k<\/strong><\/p>\n<\/li>\n<li data-start=\"1045\" data-end=\"1083\">\n<p data-start=\"1047\" data-end=\"1083\"><strong data-start=\"1047\" data-end=\"1074\">H\u00e1ts\u00f3 fr\u00f6ccs\u00f6nt\u0151 magass\u00e1ga:<\/strong> 100 mm<\/p>\n<\/li>\n<li data-start=\"1084\" data-end=\"1118\">\n<p data-start=\"1086\" data-end=\"1118\"><strong data-start=\"1086\" data-end=\"1116\">Automatikus elektromos leolvaszt\u00e1s<\/strong><\/p>\n<\/li>\n<li data-start=\"1119\" data-end=\"1170\">\n<p data-start=\"1121\" data-end=\"1170\"><strong data-start=\"1121\" data-end=\"1149\">Opcion\u00e1lis Smart Link WiFi<\/strong> t\u00e1vir\u00e1ny\u00edt\u00f3hoz<\/p>\n<\/li>\n<li data-start=\"1171\" data-end=\"1211\">\n<p data-start=\"1173\" data-end=\"1211\"><strong data-start=\"1173\" data-end=\"1196\">Energiafogyaszt\u00e1s:<\/strong> 4,05 kWh\/24h<\/p>\n<\/li>\n<li data-start=\"1212\" data-end=\"1251\">\n<p data-start=\"1214\" data-end=\"1251\"><strong data-start=\"1214\" data-end=\"1229\">M\u00e9retek:<\/strong> 2230 \u00d7 600 \u00d7 960 mm<\/p>\n<\/li>\n<\/ul>\n<h2>M\u0171szaki specifik\u00e1ci\u00f3k<\/h2>\n<table>\n<tbody>\n<tr>\n<td>Dimensioni mm \/ M\u00e9retek mm<\/td>\n<td>SNACK 4200 TNF<\/td>\n<td>SNACK 4200 BTF<\/td>\n<\/tr>\n<tr>\n<td>K\u00fcls\u0151 m\u00e9retek (WxDxH)<\/td>\n<td>2230 x 600 x 960*<\/td>\n<td>2230 x 600 x 960*<\/td>\n<\/tr>\n<tr>\n<td>Csomagol\u00e1si m\u00e9retek (WxDxH)<\/td>\n<td>2260 x 630 x 1010<\/td>\n<td>2260 x 630 x 1010<\/td>\n<\/tr>\n<tr>\n<td>Sz\u00e9less\u00e9g<\/td>\n<td>1669<\/td>\n<td>1669<\/td>\n<\/tr>\n<tr>\n<td>M\u00e9lys\u00e9g<\/td>\n<td>480<\/td>\n<td>480<\/td>\n<\/tr>\n<tr>\n<td>Magass\u00e1g<\/td>\n<td>560<\/td>\n<td>560<\/td>\n<\/tr>\n<tr>\n<td colspan=\"3\">Az egys\u00e9gek teljes magass\u00e1ga mag\u00e1ban foglalja a minim\u00e1lis magass\u00e1gi szinthez igaz\u00edtott l\u00e1bakat is.<\/td>\n<\/tr>\n<\/tbody>\n<\/table>\n<p>&nbsp;<\/p>\n<table>\n<tbody>\n<tr>\n<td>Caratteristiche Tecniche \/ M\u0171szaki jellemz\u0151k<\/td>\n<td>SNACK 4200 TNF<\/td>\n<td>SNACK 4200 BTF<\/td>\n<\/tr>\n<tr>\n<td>H\u0151m\u00e9rs\u00e9klet tartom\u00e1ny<\/td>\n<td>-2 \u00b0C \/ +8 \u00b0C<\/td>\n<td>-22 \u00b0C \/ -18 \u00b0C<\/td>\n<\/tr>\n<tr>\n<td>Kl\u00edmaoszt\u00e1ly<\/td>\n<td>5<\/td>\n<td>4<\/td>\n<\/tr>\n<tr>\n<td>Nett\u00f3-brutt\u00f3 volumen<\/td>\n<td>312 \/ 511 hadnagy<\/td>\n<td>312 \/ 511 hadnagy<\/td>\n<\/tr>\n<tr>\n<td>Test<\/td>\n<td>AISI 304 rozsdamentes ac\u00e9l<\/td>\n<td>AISI 304 rozsdamentes ac\u00e9l<\/td>\n<\/tr>\n<tr>\n<td>Bels\u0151 b\u00e9l\u00e9s<\/td>\n<td>AISI 304 rozsdamentes ac\u00e9l<\/td>\n<td>AISI 304 rozsdamentes ac\u00e9l<\/td>\n<\/tr>\n<tr>\n<td>Termoszt\u00e1t<\/td>\n<td>Elektronikus<\/td>\n<td>Elektronikus<\/td>\n<\/tr>\n<tr>\n<td>Zajszint<\/td>\n<td>dB 42<\/td>\n<td>dB 42<\/td>\n<\/tr>\n<tr>\n<td>T\u00e1vir\u00e1ny\u00edt\u00f3<\/td>\n<td>Opcion\u00e1lis<\/td>\n<td>Opcion\u00e1lis<\/td>\n<\/tr>\n<tr>\n<td>Szigetel\u00e9s vastags\u00e1ga<\/td>\n<td>mm 60<\/td>\n<td>mm 60<\/td>\n<\/tr>\n<tr>\n<td>Leolvaszt\u00e1s<\/td>\n<td>Automatikus elektromos f\u0171t\u0151berendez\u00e9ssel<\/td>\n<td>Automatikus elektromos f\u0171t\u0151berendez\u00e9ssel<\/td>\n<\/tr>\n<tr>\n<td>Polcok (WxD)<\/td>\n<td>4. sz\u00e1m - mm 335 x 430 + 4. sz\u00e1m - mm 390 x 405<\/td>\n<td>4. sz\u00e1m - mm 335 x 430 + 4. sz\u00e1m - mm 390 x 405<\/td>\n<\/tr>\n<tr>\n<td>\u00d6nz\u00e1r\u00f3 ajt\u00f3<\/td>\n<td>L\u00e1gy z\u00e1r\u00e1s<\/td>\n<td>L\u00e1gy z\u00e1r\u00e1s<\/td>\n<\/tr>\n<tr>\n<td>Splashback magass\u00e1ga<\/td>\n<td>mm 100<\/td>\n<td>mm 100<\/td>\n<\/tr>\n<tr>\n<td>\/ Castors-Feet<\/td>\n<td>6 l\u00e1b -<\/td>\n<td>6 l\u00e1b -<\/td>\n<\/tr>\n<tr>\n<td>G\u00f6rg\u0151k<\/td>\n<td>V\u00e1laszthat\u00f3 - h mm 140<\/td>\n<td>V\u00e1laszthat\u00f3 - h mm 140<\/td>\n<\/tr>\n<tr>\n<td>Nett\u00f3-brutt\u00f3 s\u00faly<\/td>\n<td>Kg 159,6 \/ 189,6<\/td>\n<td>Kg 170 \/ 200<\/td>\n<\/tr>\n<tr>\n<td>Fesz\u00fclts\u00e9g<\/td>\n<td>V 220-240<\/td>\n<td>V 220-240<\/td>\n<\/tr>\n<tr>\n<td>Frekvencia<\/td>\n<td>Hz 50<\/td>\n<td>Hz 50<\/td>\n<\/tr>\n<tr>\n<td>H\u0171t\u0151k\u00f6zeg<\/td>\n<td>R600A<\/td>\n<td>R290<\/td>\n<\/tr>\n<tr>\n<td>Abszorpci\u00f3<\/td>\n<td>W 300<\/td>\n<td>W 570<\/td>\n<\/tr>\n<tr>\n<td>Energiafogyaszt\u00e1s<\/td>\n<td>KwH\/24H 4,05<\/td>\n<td>KwH\/24H 8,87<\/td>\n<\/tr>\n<\/tbody>\n<\/table>","protected":false},"excerpt":{"rendered":"<p>-2 \u00b0C \/ +8 \u00b0C Szell\u0151ztetett h\u0171t\u0151asztal, n\u00e9gy ajt\u00f3val con alzatina. Pozit\u00edv h\u0151m\u00e9rs\u00e9klet<\/p>","protected":false},"featured_media":10220,"comment_status":"open","ping_status":"closed","template":"","meta":[],"product_brand":[],"product_cat":[51],"product_tag":[],"class_list":{"0":"post-10184","1":"product","2":"type-product","3":"status-publish","4":"has-post-thumbnail","6":"product_cat-kitchen-catering-cooling","8":"first","9":"instock","10":"shipping-taxable","11":"purchasable","12":"product-type-simple"},"_links":{"self":[{"href":"https:\/\/dersuessestopp.com\/hu\/wp-json\/wp\/v2\/product\/10184","targetHints":{"allow":["GET"]}}],"collection":[{"href":"https:\/\/dersuessestopp.com\/hu\/wp-json\/wp\/v2\/product"}],"about":[{"href":"https:\/\/dersuessestopp.com\/hu\/wp-json\/wp\/v2\/types\/product"}],"replies":[{"embeddable":true,"href":"https:\/\/dersuessestopp.com\/hu\/wp-json\/wp\/v2\/comments?post=10184"}],"version-history":[{"count":3,"href":"https:\/\/dersuessestopp.com\/hu\/wp-json\/wp\/v2\/product\/10184\/revisions"}],"predecessor-version":[{"id":11999,"href":"https:\/\/dersuessestopp.com\/hu\/wp-json\/wp\/v2\/product\/10184\/revisions\/11999"}],"wp:featuredmedia":[{"embeddable":true,"href":"https:\/\/dersuessestopp.com\/hu\/wp-json\/wp\/v2\/media\/10220"}],"wp:attachment":[{"href":"https:\/\/dersuessestopp.com\/hu\/wp-json\/wp\/v2\/media?parent=10184"}],"wp:term":[{"taxonomy":"product_brand","embeddable":true,"href":"https:\/\/dersuessestopp.com\/hu\/wp-json\/wp\/v2\/product_brand?post=10184"},{"taxonomy":"product_cat","embeddable":true,"href":"https:\/\/dersuessestopp.com\/hu\/wp-json\/wp\/v2\/product_cat?post=10184"},{"taxonomy":"product_tag","embeddable":true,"href":"https:\/\/dersuessestopp.com\/hu\/wp-json\/wp\/v2\/product_tag?post=10184"}],"curies":[{"name":"wp","href":"https:\/\/api.w.org\/{rel}","templated":true}]}}