{"id":10124,"date":"2025-09-29T14:58:08","date_gmt":"2025-09-29T14:58:08","guid":{"rendered":"https:\/\/dersuessestopp.com\/?post_type=product&#038;p=10124"},"modified":"2025-09-29T14:58:25","modified_gmt":"2025-09-29T14:58:25","slug":"mg-25-ap-inox","status":"publish","type":"product","link":"https:\/\/dersuessestopp.com\/hu\/product\/mg-25-ap-inox\/","title":{"rendered":"MG 25 AP INOX"},"content":{"rendered":"<p>J\u00e9gk\u00e9sz\u00edt\u0151, lap\u00e1tos termel\u00e9si rendszer<\/p>","protected":false},"excerpt":{"rendered":"<p>J\u00e9gk\u00e9sz\u00edt\u0151, lap\u00e1tos termel\u00e9si rendszer<\/p>","protected":false},"featured_media":10172,"comment_status":"open","ping_status":"closed","template":"","meta":[],"product_brand":[],"product_cat":[109],"product_tag":[],"class_list":{"0":"post-10124","1":"product","2":"type-product","3":"status-publish","4":"has-post-thumbnail","6":"product_cat-ice-makers","8":"first","9":"instock","10":"shipping-taxable","11":"purchasable","12":"product-type-simple"},"_links":{"self":[{"href":"https:\/\/dersuessestopp.com\/hu\/wp-json\/wp\/v2\/product\/10124","targetHints":{"allow":["GET"]}}],"collection":[{"href":"https:\/\/dersuessestopp.com\/hu\/wp-json\/wp\/v2\/product"}],"about":[{"href":"https:\/\/dersuessestopp.com\/hu\/wp-json\/wp\/v2\/types\/product"}],"replies":[{"embeddable":true,"href":"https:\/\/dersuessestopp.com\/hu\/wp-json\/wp\/v2\/comments?post=10124"}],"version-history":[{"count":1,"href":"https:\/\/dersuessestopp.com\/hu\/wp-json\/wp\/v2\/product\/10124\/revisions"}],"predecessor-version":[{"id":10173,"href":"https:\/\/dersuessestopp.com\/hu\/wp-json\/wp\/v2\/product\/10124\/revisions\/10173"}],"wp:featuredmedia":[{"embeddable":true,"href":"https:\/\/dersuessestopp.com\/hu\/wp-json\/wp\/v2\/media\/10172"}],"wp:attachment":[{"href":"https:\/\/dersuessestopp.com\/hu\/wp-json\/wp\/v2\/media?parent=10124"}],"wp:term":[{"taxonomy":"product_brand","embeddable":true,"href":"https:\/\/dersuessestopp.com\/hu\/wp-json\/wp\/v2\/product_brand?post=10124"},{"taxonomy":"product_cat","embeddable":true,"href":"https:\/\/dersuessestopp.com\/hu\/wp-json\/wp\/v2\/product_cat?post=10124"},{"taxonomy":"product_tag","embeddable":true,"href":"https:\/\/dersuessestopp.com\/hu\/wp-json\/wp\/v2\/product_tag?post=10124"}],"curies":[{"name":"wp","href":"https:\/\/api.w.org\/{rel}","templated":true}]}}