{"id":10118,"date":"2025-09-29T14:58:08","date_gmt":"2025-09-29T14:58:08","guid":{"rendered":"https:\/\/dersuessestopp.com\/?post_type=product&#038;p=10118"},"modified":"2025-09-29T14:58:19","modified_gmt":"2025-09-29T14:58:19","slug":"igloo-25-2","status":"publish","type":"product","link":"https:\/\/dersuessestopp.com\/hu\/product\/igloo-25-2\/","title":{"rendered":"IGLOO 25"},"content":{"rendered":"<p>-18 \u00b0C \/ -22 \u00b0C Statikus sziget automatikus leolvaszt\u00e1ssal - lapos, ferde \u00fcveggel<\/p>","protected":false},"excerpt":{"rendered":"<p>-18 \u00b0C \/ -22 \u00b0C Statikus sziget automatikus leolvaszt\u00e1ssal - lapos, ferde \u00fcveg ENERGIAKL\u00c1ZIS ENERGIASZ\u00c1M\u00da<\/p>","protected":false},"featured_media":10160,"comment_status":"open","ping_status":"closed","template":"","meta":[],"product_brand":[],"product_cat":[108],"product_tag":[],"class_list":{"0":"post-10118","1":"product","2":"type-product","3":"status-publish","4":"has-post-thumbnail","6":"product_cat-freezer-islands","8":"first","9":"instock","10":"shipping-taxable","11":"purchasable","12":"product-type-simple"},"_links":{"self":[{"href":"https:\/\/dersuessestopp.com\/hu\/wp-json\/wp\/v2\/product\/10118","targetHints":{"allow":["GET"]}}],"collection":[{"href":"https:\/\/dersuessestopp.com\/hu\/wp-json\/wp\/v2\/product"}],"about":[{"href":"https:\/\/dersuessestopp.com\/hu\/wp-json\/wp\/v2\/types\/product"}],"replies":[{"embeddable":true,"href":"https:\/\/dersuessestopp.com\/hu\/wp-json\/wp\/v2\/comments?post=10118"}],"version-history":[{"count":1,"href":"https:\/\/dersuessestopp.com\/hu\/wp-json\/wp\/v2\/product\/10118\/revisions"}],"predecessor-version":[{"id":10161,"href":"https:\/\/dersuessestopp.com\/hu\/wp-json\/wp\/v2\/product\/10118\/revisions\/10161"}],"wp:featuredmedia":[{"embeddable":true,"href":"https:\/\/dersuessestopp.com\/hu\/wp-json\/wp\/v2\/media\/10160"}],"wp:attachment":[{"href":"https:\/\/dersuessestopp.com\/hu\/wp-json\/wp\/v2\/media?parent=10118"}],"wp:term":[{"taxonomy":"product_brand","embeddable":true,"href":"https:\/\/dersuessestopp.com\/hu\/wp-json\/wp\/v2\/product_brand?post=10118"},{"taxonomy":"product_cat","embeddable":true,"href":"https:\/\/dersuessestopp.com\/hu\/wp-json\/wp\/v2\/product_cat?post=10118"},{"taxonomy":"product_tag","embeddable":true,"href":"https:\/\/dersuessestopp.com\/hu\/wp-json\/wp\/v2\/product_tag?post=10118"}],"curies":[{"name":"wp","href":"https:\/\/api.w.org\/{rel}","templated":true}]}}