{"id":10054,"date":"2025-09-29T14:57:46","date_gmt":"2025-09-29T14:57:46","guid":{"rendered":"https:\/\/dersuessestopp.com\/?post_type=product&#038;p=10054"},"modified":"2025-10-08T20:32:51","modified_gmt":"2025-10-08T20:32:51","slug":"cw-355-g4tb","status":"publish","type":"product","link":"https:\/\/dersuessestopp.com\/hu\/product\/cw-355-g4tb\/","title":{"rendered":"CW 355 G4TB"},"content":{"rendered":"<p data-start=\"213\" data-end=\"523\"><img fetchpriority=\"high\" decoding=\"async\" class=\"alignnone wp-image-11668 size-full\" src=\"https:\/\/dersuessestopp.com\/wp-content\/uploads\/2025\/09\/CW355-G2TB_CW-355-G3TB_CW-355-G4TB-Dettagli.jpg\" alt=\"\" width=\"2000\" height=\"600\" srcset=\"https:\/\/dersuessestopp.com\/wp-content\/uploads\/2025\/09\/CW355-G2TB_CW-355-G3TB_CW-355-G4TB-Dettagli.jpg 2000w, https:\/\/dersuessestopp.com\/wp-content\/uploads\/2025\/09\/CW355-G2TB_CW-355-G3TB_CW-355-G4TB-Dettagli-300x90.jpg 300w, https:\/\/dersuessestopp.com\/wp-content\/uploads\/2025\/09\/CW355-G2TB_CW-355-G3TB_CW-355-G4TB-Dettagli-1024x307.jpg 1024w, https:\/\/dersuessestopp.com\/wp-content\/uploads\/2025\/09\/CW355-G2TB_CW-355-G3TB_CW-355-G4TB-Dettagli-768x230.jpg 768w, https:\/\/dersuessestopp.com\/wp-content\/uploads\/2025\/09\/CW355-G2TB_CW-355-G3TB_CW-355-G4TB-Dettagli-1536x461.jpg 1536w, https:\/\/dersuessestopp.com\/wp-content\/uploads\/2025\/09\/CW355-G2TB_CW-355-G3TB_CW-355-G4TB-Dettagli-250x75.jpg 250w, https:\/\/dersuessestopp.com\/wp-content\/uploads\/2025\/09\/CW355-G2TB_CW-355-G3TB_CW-355-G4TB-Dettagli-600x180.jpg 600w\" sizes=\"(max-width: 2000px) 100vw, 2000px\" \/><\/p>\n<p data-start=\"213\" data-end=\"523\">A <strong data-start=\"217\" data-end=\"232\">CW 355 G4TB<\/strong> a v\u00e9gs\u0151 megold\u00e1s a professzion\u00e1lis \u00e9s mag\u00e1n borkedvel\u0151k sz\u00e1m\u00e1ra, akiknek sz\u00fcks\u00e9g\u00fck van kapacit\u00e1sra, pontoss\u00e1gra \u00e9s kifinomults\u00e1gra. A <strong data-start=\"364\" data-end=\"386\">k\u00e9tajt\u00f3s kivitel<\/strong>, <strong data-start=\"388\" data-end=\"425\">keret n\u00e9lk\u00fcli teljes fekete \u00fcveg kivitelben<\/strong>, \u00e9s <strong data-start=\"431\" data-end=\"455\">eleg\u00e1ns LED vil\u00e1g\u00edt\u00e1s<\/strong>, leny\u0171g\u00f6z\u0151 megjelen\u00edt\u00e9st \u00e9s fejlett funkcionalit\u00e1st k\u00edn\u00e1l.<\/p>\n<p data-start=\"525\" data-end=\"908\">A  oldalon. <strong data-start=\"535\" data-end=\"606\">n\u00e9gy f\u00fcggetlen h\u0151m\u00e9rs\u00e9kleti z\u00f3na (+2\u00b0C \u00e9s +12\u00b0C \/ +12\u00b0C \u00e9s +20\u00b0C k\u00f6z\u00f6tt)<\/strong>, a CW 355 G4TB t\u00f6k\u00e9letes t\u00e1rol\u00e1si k\u00f6r\u00fclm\u00e9nyeket biztos\u00edt minden bort\u00edpus sz\u00e1m\u00e1ra - a pezsg\u0151t\u0151l a testes v\u00f6r\u00f6sborokig. A <strong data-start=\"725\" data-end=\"758\">Z alak\u00fa cs\u00fasz\u00f3 f\u00e9m polcok<\/strong>, <strong data-start=\"760\" data-end=\"795\">elektronikus \u00e9rint\u0151k\u00e9perny\u0151s vez\u00e9rl\u00e9s<\/strong>, \u00e9s <strong data-start=\"801\" data-end=\"822\">axi\u00e1lis ventil\u00e1toros h\u0171t\u00e9s<\/strong> biztos\u00edtja a z\u00f6kken\u0151mentes m\u0171k\u00f6d\u00e9st, a k\u00f6nny\u0171 hozz\u00e1f\u00e9r\u00e9st \u00e9s a pontos h\u0151m\u00e9rs\u00e9klet-stabilit\u00e1st.<\/p>\n<p data-start=\"910\" data-end=\"929\"><strong data-start=\"910\" data-end=\"927\">Kulcsfontoss\u00e1g\u00fa jellemz\u0151k:<\/strong><\/p>\n<ul data-start=\"930\" data-end=\"1370\">\n<li data-start=\"930\" data-end=\"1001\">\n<p data-start=\"932\" data-end=\"1001\">N\u00e9gy f\u00fcggetlen h\u0151m\u00e9rs\u00e9kleti z\u00f3na (+2\u00b0C-t\u00f3l +12\u00b0C-ig \/ +12\u00b0C-t\u00f3l +20\u00b0C-ig)<\/p>\n<\/li>\n<li data-start=\"1002\" data-end=\"1062\">\n<p data-start=\"1004\" data-end=\"1062\">K\u00e9tajt\u00f3s kialak\u00edt\u00e1s elektronikus \u00e9rint\u0151k\u00e9perny\u0151s termoszt\u00e1ttal<\/p>\n<\/li>\n<li data-start=\"1063\" data-end=\"1119\">\n<p data-start=\"1065\" data-end=\"1119\">Z alak\u00fa cs\u00fasz\u00f3 f\u00e9m polcok fi\u00f3kos kih\u00faz\u00e1ssal<\/p>\n<\/li>\n<li data-start=\"1120\" data-end=\"1167\">\n<p data-start=\"1122\" data-end=\"1167\">Axi\u00e1lis ventil\u00e1tor az egyenletes h\u0151m\u00e9rs\u00e9klet-eloszl\u00e1s\u00e9rt<\/p>\n<\/li>\n<li data-start=\"1168\" data-end=\"1196\">\n<p data-start=\"1170\" data-end=\"1196\">Automatikus leolvaszt\u00f3 rendszer<\/p>\n<\/li>\n<li data-start=\"1197\" data-end=\"1241\">\n<p data-start=\"1199\" data-end=\"1241\">LED vil\u00e1g\u00edt\u00e1s (4 f\u00fcgg\u0151leges + 4 v\u00edzszintes)<\/p>\n<\/li>\n<li data-start=\"1242\" data-end=\"1307\">\n<p data-start=\"1244\" data-end=\"1307\">Megford\u00edthat\u00f3 keret n\u00e9lk\u00fcli, fekete \u00fcvegajt\u00f3k z\u00e1rral \u00e9s kulccsal<\/p>\n<\/li>\n<li data-start=\"1308\" data-end=\"1370\">\n<p data-start=\"1310\" data-end=\"1370\">Robusztus, el\u0151re festett korr\u00f3zi\u00f3\u00e1ll\u00f3 test ABS bels\u0151 b\u00e9l\u00e9ssel<\/p>\n<\/li>\n<\/ul>\n<p data-start=\"1372\" data-end=\"1567\">Eleg\u00e1ns, t\u00e1gas \u00e9s rendk\u00edv\u00fcl fejlett - a <strong data-start=\"1417\" data-end=\"1432\">CW 355 G4TB<\/strong> az igazi borszakemberek sz\u00e1m\u00e1ra tervezt\u00e9k, hib\u00e1tlan kl\u00edmavez\u00e9rl\u00e9st \u00e9s kifinomult kijelz\u0151t k\u00edn\u00e1lva ak\u00e1r <strong data-start=\"1549\" data-end=\"1564\">232 palack<\/strong>.<\/p>\n<table cellspacing=\"0\">\n<tbody>\n<tr>\n<td bgcolor=\"#FFFFFF\">\n<p class=\"s7\"><span dir=\"auto\">M\u00e9retek mm<\/span><\/p>\n<\/td>\n<td bgcolor=\"#FFFFFF\">\n<p class=\"s7\"><span dir=\"auto\">CW 355 G2TB<\/span><\/p>\n<\/td>\n<td bgcolor=\"#FFFFFF\">\n<p class=\"s7\"><span dir=\"auto\">CW 355 G3TB<\/span><\/p>\n<\/td>\n<td bgcolor=\"#FFFFFF\">\n<p class=\"s7\"><span dir=\"auto\">CW 355 G4TB<\/span><\/p>\n<\/td>\n<\/tr>\n<tr>\n<td>\n<p class=\"s8\"><span dir=\"auto\">K\u00fcls\u0151 m\u00e9retek (\u00a0<\/span><span dir=\"auto\">WxDxH)<\/span><\/p>\n<\/td>\n<td>\n<p class=\"s8\"><span dir=\"auto\">1210 x 700 x 1804<\/span><\/p>\n<\/td>\n<td>\n<p class=\"s8\"><span dir=\"auto\">1210 x 700 x 1804<\/span><\/p>\n<\/td>\n<td>\n<p class=\"s8\"><span dir=\"auto\">1210 x 700 x 1804<\/span><\/p>\n<\/td>\n<\/tr>\n<tr>\n<td>\n<p class=\"s8\"><span dir=\"auto\">Csomagol\u00e1s<\/span><span dir=\"auto\">\u00a0M\u00e9retek (WxDxH) Szerel\u0151k\u00e9szlet (WxDxH)\u00a0<\/span><span dir=\"auto\">)<\/span><\/p>\n<\/td>\n<td>\n<p class=\"s8\"><span dir=\"auto\">(2x) 645 x 770 x 1996<\/span><\/p>\n<p class=\"s8\"><span dir=\"auto\">1200 x 300 x 300<\/span><\/p>\n<\/td>\n<td>\n<p class=\"s8\"><span dir=\"auto\">(2x) 645 x 770 x 1996<\/span><\/p>\n<p class=\"s8\"><span dir=\"auto\">1200 x 300 x 300<\/span><\/p>\n<\/td>\n<td>\n<p class=\"s8\"><span dir=\"auto\">(2x) 645 x 770 x 1996<\/span><\/p>\n<p class=\"s8\"><span dir=\"auto\">1200 x 300 x 300<\/span><\/p>\n<\/td>\n<\/tr>\n<tr>\n<td>\n<p class=\"s8\"><span dir=\"auto\">Sz\u00e9less\u00e9g<\/span><\/p>\n<\/td>\n<td>\n<p class=\"s8\"><span dir=\"auto\">500 + 500<\/span><\/p>\n<\/td>\n<td>\n<p class=\"s8\"><span dir=\"auto\">500 + 500<\/span><\/p>\n<\/td>\n<td>\n<p class=\"s8\"><span dir=\"auto\">500 + 500<\/span><\/p>\n<\/td>\n<\/tr>\n<tr>\n<td>\n<p class=\"s8\"><span dir=\"auto\">M\u00e9lys\u00e9g<\/span><\/p>\n<\/td>\n<td>\n<p class=\"s8\"><span dir=\"auto\">540<\/span><\/p>\n<\/td>\n<td>\n<p class=\"s8\"><span dir=\"auto\">540<\/span><\/p>\n<\/td>\n<td>\n<p class=\"s8\"><span dir=\"auto\">540<\/span><\/p>\n<\/td>\n<\/tr>\n<tr>\n<td>\n<p class=\"s8\"><span dir=\"auto\">\u00a0<\/span><span dir=\"auto\">Magass\u00e1g<\/span><\/p>\n<\/td>\n<td>\n<p class=\"s8\"><span dir=\"auto\">1630<\/span><\/p>\n<\/td>\n<td>\n<p class=\"s8\"><span dir=\"auto\">1630<\/span><\/p>\n<\/td>\n<td>\n<p class=\"s8\"><span dir=\"auto\">1630<\/span><\/p>\n<\/td>\n<\/tr>\n<tr>\n<td>\n<p class=\"s8\"><span dir=\"auto\">\u00a0<\/span><span dir=\"auto\">Min. M\u00e9lys\u00e9g<\/span><\/p>\n<\/td>\n<td>\n<p class=\"s8\"><span dir=\"auto\">380<\/span><\/p>\n<\/td>\n<td>\n<p class=\"s8\"><span dir=\"auto\">380<\/span><\/p>\n<\/td>\n<td>\n<p class=\"s8\"><span dir=\"auto\">380<\/span><\/p>\n<\/td>\n<\/tr>\n<tr>\n<td>\n<p class=\"s8\"><span dir=\"auto\">\u00a0<\/span><span dir=\"auto\">Min. Magass\u00e1g<\/span><\/p>\n<\/td>\n<td>\n<p class=\"s8\"><span dir=\"auto\">1420<\/span><\/p>\n<\/td>\n<td>\n<p class=\"s8\"><span dir=\"auto\">1420<\/span><\/p>\n<\/td>\n<td>\n<p class=\"s8\"><span dir=\"auto\">1420<\/span><\/p>\n<\/td>\n<\/tr>\n<tr>\n<td>\n<p class=\"s8\"><span dir=\"auto\">Oldal\u00a0<\/span><span dir=\"auto\">Matrica<\/span><\/p>\n<\/td>\n<td>\n<p class=\"s8\"><span dir=\"auto\">648 x 1785<\/span><\/p>\n<\/td>\n<td>\n<p class=\"s8\"><span dir=\"auto\">648 x 1785<\/span><\/p>\n<\/td>\n<td>\n<p class=\"s8\"><span dir=\"auto\">648 x 1785<\/span><\/p>\n<\/td>\n<\/tr>\n<tr>\n<td>\n<p class=\"s8\"><span dir=\"auto\">\u00dcveg matrica<\/span><\/p>\n<\/td>\n<td>\n<p class=\"s8\"><span dir=\"auto\">(2x) 462 x 1540<\/span><\/p>\n<\/td>\n<td>\n<p class=\"s8\"><span dir=\"auto\">(2x) 462 x 1540<\/span><\/p>\n<\/td>\n<td>\n<p class=\"s8\"><span dir=\"auto\">(2x) 462 x 1540<\/span><\/p>\n<\/td>\n<\/tr>\n<\/tbody>\n<\/table>\n<p>&nbsp;<\/p>\n<table style=\"height: 1406px;\" width=\"1348\" cellspacing=\"0\">\n<tbody>\n<tr>\n<td bgcolor=\"#FFFFFF\">\n<p class=\"s7\"><span dir=\"auto\">M\u0171szaki jellemz\u0151k<\/span><\/p>\n<\/td>\n<td bgcolor=\"#FFFFFF\">\n<p class=\"s7\"><span dir=\"auto\">CW 355 G2TB<\/span><\/p>\n<\/td>\n<td bgcolor=\"#FFFFFF\">\n<p class=\"s7\"><span dir=\"auto\">CW 355 G3TB<\/span><\/p>\n<\/td>\n<td bgcolor=\"#FFFFFF\">\n<p class=\"s7\"><span dir=\"auto\">CW 355 G4TB<\/span><\/p>\n<\/td>\n<\/tr>\n<tr>\n<td>\n<p class=\"s8\"><span dir=\"auto\">\u00a0<\/span><span dir=\"auto\">H\u0151m\u00e9rs\u00e9klet tartom\u00e1ny<\/span><\/p>\n<\/td>\n<td>\n<p class=\"s8\"><span dir=\"auto\">+2 \u00b0C \/ +20 \u00b0C<\/span><\/p>\n<p class=\"s8\"><span dir=\"auto\">+2 \u00b0C \/ +20 \u00b0C<\/span><\/p>\n<\/td>\n<td>\n<p class=\"s8\"><span dir=\"auto\">+2 \u00b0C \/ +20 \u00b0C<\/span><\/p>\n<p class=\"s8\"><span dir=\"auto\">+2\u00b0C \/+12\u00b0C - +12\u00b0C\/+20\u00b0C<\/span><\/p>\n<\/td>\n<td>\n<p class=\"s8\"><span dir=\"auto\">+2\u00b0C \/+12\u00b0C - +12\u00b0C\/+20\u00b0C<\/span><\/p>\n<p class=\"s8\"><span dir=\"auto\">+2\u00b0C \/+12\u00b0C - +12\u00b0C\/+20\u00b0C<\/span><\/p>\n<\/td>\n<\/tr>\n<tr>\n<td>\n<p class=\"s8\"><span dir=\"auto\">\u00c9ghajlat\u00a0<\/span><span dir=\"auto\">Oszt\u00e1ly<\/span><\/p>\n<\/td>\n<td>\n<p class=\"s8\"><span dir=\"auto\">N-ST<\/span><\/p>\n<\/td>\n<td>\n<p class=\"s8\"><span dir=\"auto\">N-ST<\/span><\/p>\n<\/td>\n<td>\n<p class=\"s8\"><span dir=\"auto\">N-ST<\/span><\/p>\n<\/td>\n<\/tr>\n<tr>\n<td>\n<p class=\"s8\"><span dir=\"auto\">\u00a0<\/span><span dir=\"auto\">Nett\u00f3-brutt\u00f3 volumen<\/span><\/p>\n<\/td>\n<td>\n<p class=\"s8\"><span dir=\"auto\">818 \/ 850 hadnagy<\/span><\/p>\n<\/td>\n<td>\n<p class=\"s8\"><span dir=\"auto\">809 \/ 848 hadnagy<\/span><\/p>\n<\/td>\n<td>\n<p class=\"s8\"><span dir=\"auto\">800 \/ 846-os hadnagy<\/span><\/p>\n<\/td>\n<\/tr>\n<tr>\n<td>\n<p class=\"s8\"><span dir=\"auto\">K\u00fcls\u0151 fel\u00fclet \/\u00a0<\/span><span dir=\"auto\">Test<\/span><\/p>\n<\/td>\n<td>\n<p class=\"s8\"><span dir=\"auto\">El\u0151re festett lemez korr\u00f3zi\u00f3g\u00e1tl\u00f3 kezel\u00e9ssel<\/span><\/p>\n<\/td>\n<td>\n<p class=\"s8\"><span dir=\"auto\">El\u0151re festett lemez korr\u00f3zi\u00f3g\u00e1tl\u00f3 kezel\u00e9ssel<\/span><\/p>\n<\/td>\n<td>\n<p class=\"s8\"><span dir=\"auto\">El\u0151re festett lemez korr\u00f3zi\u00f3g\u00e1tl\u00f3 kezel\u00e9ssel<\/span><\/p>\n<\/td>\n<\/tr>\n<tr>\n<td>\n<p class=\"s8\"><span dir=\"auto\">Ajt\u00f3<\/span><span dir=\"auto\">\u200b<\/span><\/p>\n<\/td>\n<td colspan=\"2\">\n<p class=\"s8\"><span dir=\"auto\">Fekete \u00fcveg keret n\u00e9lk\u00fcl \/\u00a0<\/span><span dir=\"auto\">Fekete teljes \u00fcveg<\/span><\/p>\n<\/td>\n<td><\/td>\n<\/tr>\n<tr>\n<td>\n<p class=\"s8\"><span dir=\"auto\">Bels\u0151 fel\u00fclet\u00a0<\/span><\/p>\n<\/td>\n<td>\n<p class=\"s8\"><span dir=\"auto\">ABS<\/span><\/p>\n<\/td>\n<td>\n<p class=\"s8\"><span dir=\"auto\">ABS<\/span><\/p>\n<\/td>\n<td>\n<p class=\"s8\"><span dir=\"auto\">ABS<\/span><\/p>\n<\/td>\n<\/tr>\n<tr>\n<td>\n<p class=\"s8\"><span dir=\"auto\">Termoszt\u00e1t<\/span><span dir=\"auto\">\u200b<\/span><\/p>\n<\/td>\n<td>\n<p class=\"s8\"><span dir=\"auto\"> Elektronikus \/<\/span><span dir=\"auto\">Elektronikus<\/span><span dir=\"auto\">\u00a0\u00c9rint\u0151k\u00e9perny\u0151<\/span><\/p>\n<\/td>\n<td>\n<p class=\"s8\"><span dir=\"auto\">Elektronikus \/\u00a0<\/span><span dir=\"auto\">Elektronikus<\/span><span dir=\"auto\">\u00a0\u00c9rint\u0151k\u00e9perny\u0151<\/span><\/p>\n<\/td>\n<td>\n<p class=\"s8\"><span dir=\"auto\">Elektronikus \/\u00a0<\/span><span dir=\"auto\">Elektronikus<\/span><span dir=\"auto\">\u00a0\u00c9rint\u0151k\u00e9perny\u0151<\/span><\/p>\n<\/td>\n<\/tr>\n<tr>\n<td>\n<p class=\"s8\"><span dir=\"auto\">Zaj\u00a0<\/span><span dir=\"auto\">szint<\/span><\/p>\n<\/td>\n<td>\n<p class=\"s8\"><span dir=\"auto\">dB 38 + dB 38<\/span><\/p>\n<p class=\"s8\"><span dir=\"auto\">Az egyes h\u0171t\u0151egys\u00e9gekre vonatkoz\u00f3an\u00a0<\/span><span dir=\"auto\">Minden egyes h\u0171t\u0151egys\u00e9ghez<\/span><\/p>\n<\/td>\n<td>\n<p class=\"s8\"><span dir=\"auto\">dB 44 + dB 38<\/span><\/p>\n<p class=\"s8\"><span dir=\"auto\">Az egyes h\u0171t\u0151egys\u00e9gekre vonatkoz\u00f3an\u00a0<\/span><span dir=\"auto\">Minden egyes h\u0171t\u0151egys\u00e9ghez<\/span><\/p>\n<\/td>\n<td>\n<p class=\"s8\"><span dir=\"auto\">dB 44 + dB 44<\/span><\/p>\n<p class=\"s8\"><span dir=\"auto\">Az egyes h\u0171t\u0151egys\u00e9gekre vonatkoz\u00f3an\u00a0<\/span><span dir=\"auto\">Minden egyes h\u0171t\u0151egys\u00e9ghez<\/span><\/p>\n<\/td>\n<\/tr>\n<tr>\n<td>\n<p class=\"s8\"><span dir=\"auto\">Szigetel\u00e9s\u00a0<\/span><span dir=\"auto\">vastags\u00e1g<\/span><\/p>\n<\/td>\n<td>\n<p class=\"s8\"><span dir=\"auto\">55 mm<\/span><\/p>\n<\/td>\n<td>\n<p class=\"s8\"><span dir=\"auto\">55 mm<\/span><\/p>\n<\/td>\n<td>\n<p class=\"s8\"><span dir=\"auto\">55 mm<\/span><\/p>\n<\/td>\n<\/tr>\n<tr>\n<td>\n<p class=\"s8\"><span dir=\"auto\">Leolvaszt\u00e1s<\/span><\/p>\n<\/td>\n<td colspan=\"2\">\n<p class=\"s8\"><span dir=\"auto\">Automatikus kompresszor\u00a0<\/span><span dir=\"auto\">ciklus<\/span><\/p>\n<\/td>\n<td><\/td>\n<\/tr>\n<tr>\n<td>\n<p class=\"s8\"><span dir=\"auto\">Vil\u00e1g\u00edt\u00e1s<\/span><span dir=\"auto\">\u200b<\/span><\/p>\n<\/td>\n<td>\n<p class=\"s8\"><span dir=\"auto\">LED-ek: 4 f\u00fcgg\u0151leges + 2 v\u00edzszintes<\/span><\/p>\n<\/td>\n<td>\n<p class=\"s8\"><span dir=\"auto\">LED-ek: 4 f\u00fcgg\u0151leges + 3 v\u00edzszintes<\/span><\/p>\n<\/td>\n<td>\n<p class=\"s8\"><span dir=\"auto\">LED-ek: 4 f\u00fcgg\u0151leges + 4 v\u00edzszintes<\/span><\/p>\n<\/td>\n<\/tr>\n<tr>\n<td>\n<p class=\"s8\"><span dir=\"auto\">Lock\u00a0<\/span><span dir=\"auto\">\u00e9s a kulcs<\/span><\/p>\n<\/td>\n<td>\n<p class=\"s8\"><span dir=\"auto\">Igen<\/span><span dir=\"auto\">\u200b<\/span><\/p>\n<\/td>\n<td>\n<p class=\"s8\"><span dir=\"auto\">Igen<\/span><span dir=\"auto\">\u200b<\/span><\/p>\n<\/td>\n<td>\n<p class=\"s8\"><span dir=\"auto\">Igen<\/span><span dir=\"auto\">\u200b<\/span><\/p>\n<\/td>\n<\/tr>\n<tr>\n<td>\n<p class=\"s8\"><span dir=\"auto\">Z\u00a0<\/span><span dir=\"auto\">-alak\u00fa cs\u00fasz\u00f3 polcok (WxD)<\/span><\/p>\n<\/td>\n<td>\n<p class=\"s8\"><span dir=\"auto\">No. 20 - mm 452 x 535<\/span><\/p>\n<p class=\"s8\"><span dir=\"auto\">No. 2 - mm 452 x 380<\/span><\/p>\n<\/td>\n<td>\n<p class=\"s8\"><span dir=\"auto\">19. sz. - mm 452 x 535<\/span><\/p>\n<p class=\"s8\"><span dir=\"auto\">No. 2 - mm 452 x 380<\/span><\/p>\n<\/td>\n<td>\n<p class=\"s8\"><span dir=\"auto\">No. 18 - mm 452 x 535<\/span><\/p>\n<p class=\"s8\"><span dir=\"auto\">No. 2 - mm 452 x 380<\/span><\/p>\n<\/td>\n<\/tr>\n<tr>\n<td>\n<p class=\"s8\"><span dir=\"auto\">G\u00f6rg\u0151k\u00a0<\/span><span dir=\"auto\">-Feet<\/span><\/p>\n<\/td>\n<td>\n<p class=\"s8\"><span dir=\"auto\">8 l\u00e1b<\/span><\/p>\n<\/td>\n<td>\n<p class=\"s8\"><span dir=\"auto\">8 l\u00e1b<\/span><\/p>\n<\/td>\n<td>\n<p class=\"s8\"><span dir=\"auto\">8 l\u00e1b<\/span><\/p>\n<\/td>\n<\/tr>\n<tr>\n<td>\n<p class=\"s8\"><span dir=\"auto\">Net-\u00a0<\/span><span dir=\"auto\">Brutt\u00f3 t\u00f6meg<\/span><\/p>\n<\/td>\n<td>\n<p class=\"s8\"><span dir=\"auto\">Kg 218 \/ 234<\/span><\/p>\n<\/td>\n<td>\n<p class=\"s8\"><span dir=\"auto\">Kg 220 \/ 236<\/span><\/p>\n<\/td>\n<td>\n<p class=\"s8\"><span dir=\"auto\">Kg 222 \/ 238<\/span><\/p>\n<\/td>\n<\/tr>\n<tr>\n<td>\n<p class=\"s8\"><span dir=\"auto\">Fesz\u00fclts\u00e9g<\/span><span dir=\"auto\">\u200b<\/span><\/p>\n<\/td>\n<td>\n<p class=\"s8\"><span dir=\"auto\">V 220<\/span><\/p>\n<\/td>\n<td>\n<p class=\"s8\"><span dir=\"auto\">V 220<\/span><\/p>\n<\/td>\n<td>\n<p class=\"s8\"><span dir=\"auto\">V 220<\/span><\/p>\n<\/td>\n<\/tr>\n<tr>\n<td>\n<p class=\"s8\"><span dir=\"auto\">Frekvencia<\/span><span dir=\"auto\">\u200b<\/span><\/p>\n<\/td>\n<td>\n<p class=\"s8\"><span dir=\"auto\">Hz 50<\/span><\/p>\n<\/td>\n<td>\n<p class=\"s8\"><span dir=\"auto\">Hz 50<\/span><\/p>\n<\/td>\n<td>\n<p class=\"s8\"><span dir=\"auto\">Hz 50<\/span><\/p>\n<\/td>\n<\/tr>\n<tr>\n<td>\n<p class=\"s8\"><span dir=\"auto\">H\u0171t\u0151k\u00f6zeg<\/span><span dir=\"auto\">\u200b<\/span><\/p>\n<\/td>\n<td>\n<p class=\"s8\"><span dir=\"auto\">R600A<\/span><\/p>\n<\/td>\n<td>\n<p class=\"s8\"><span dir=\"auto\">R600A<\/span><\/p>\n<\/td>\n<td>\n<p class=\"s8\"><span dir=\"auto\">R600A<\/span><\/p>\n<\/td>\n<\/tr>\n<tr>\n<td>\n<p class=\"s8\"><span dir=\"auto\">Abszorpci\u00f3<\/span><span dir=\"auto\">\u200b<\/span><\/p>\n<\/td>\n<td>\n<p class=\"s8\"><span dir=\"auto\">W 260<\/span><\/p>\n<\/td>\n<td>\n<p class=\"s8\"><span dir=\"auto\">W 260<\/span><\/p>\n<\/td>\n<td>\n<p class=\"s8\"><span dir=\"auto\">W 260<\/span><\/p>\n<\/td>\n<\/tr>\n<tr>\n<td>\n<p class=\"s8\"><span dir=\"auto\">Energiafogyaszt\u00e1s\u00a0<\/span><\/p>\n<\/td>\n<td>\n<p class=\"s8\"><span dir=\"auto\">KwH\/24H 0.85<\/span><\/p>\n<\/td>\n<td>\n<p class=\"s8\"><span dir=\"auto\">KwH\/24H 0,925<\/span><\/p>\n<\/td>\n<td>\n<p class=\"s8\"><span dir=\"auto\">KwH\/24H 1.00<\/span><\/p>\n<\/td>\n<\/tr>\n<\/tbody>\n<\/table>","protected":false},"excerpt":{"rendered":"<p>H\u0171t\u0151szekr\u00e9ny vini k\u00e9tajt\u00f3s 4 zone di temperatura, szell\u0151ztetett<\/p>","protected":false},"featured_media":10104,"comment_status":"open","ping_status":"closed","template":"","meta":[],"product_brand":[],"product_cat":[49],"product_tag":[],"class_list":{"0":"post-10054","1":"product","2":"type-product","3":"status-publish","4":"has-post-thumbnail","6":"product_cat-wine-fridges","8":"first","9":"instock","10":"shipping-taxable","11":"purchasable","12":"product-type-simple"},"_links":{"self":[{"href":"https:\/\/dersuessestopp.com\/hu\/wp-json\/wp\/v2\/product\/10054","targetHints":{"allow":["GET"]}}],"collection":[{"href":"https:\/\/dersuessestopp.com\/hu\/wp-json\/wp\/v2\/product"}],"about":[{"href":"https:\/\/dersuessestopp.com\/hu\/wp-json\/wp\/v2\/types\/product"}],"replies":[{"embeddable":true,"href":"https:\/\/dersuessestopp.com\/hu\/wp-json\/wp\/v2\/comments?post=10054"}],"version-history":[{"count":4,"href":"https:\/\/dersuessestopp.com\/hu\/wp-json\/wp\/v2\/product\/10054\/revisions"}],"predecessor-version":[{"id":11716,"href":"https:\/\/dersuessestopp.com\/hu\/wp-json\/wp\/v2\/product\/10054\/revisions\/11716"}],"wp:featuredmedia":[{"embeddable":true,"href":"https:\/\/dersuessestopp.com\/hu\/wp-json\/wp\/v2\/media\/10104"}],"wp:attachment":[{"href":"https:\/\/dersuessestopp.com\/hu\/wp-json\/wp\/v2\/media?parent=10054"}],"wp:term":[{"taxonomy":"product_brand","embeddable":true,"href":"https:\/\/dersuessestopp.com\/hu\/wp-json\/wp\/v2\/product_brand?post=10054"},{"taxonomy":"product_cat","embeddable":true,"href":"https:\/\/dersuessestopp.com\/hu\/wp-json\/wp\/v2\/product_cat?post=10054"},{"taxonomy":"product_tag","embeddable":true,"href":"https:\/\/dersuessestopp.com\/hu\/wp-json\/wp\/v2\/product_tag?post=10054"}],"curies":[{"name":"wp","href":"https:\/\/api.w.org\/{rel}","templated":true}]}}