{"id":10041,"date":"2025-09-29T14:57:46","date_gmt":"2025-09-29T14:57:46","guid":{"rendered":"https:\/\/dersuessestopp.com\/?post_type=product&#038;p=10041"},"modified":"2025-09-29T14:57:53","modified_gmt":"2025-09-29T14:57:53","slug":"milano-1270-wht","status":"publish","type":"product","link":"https:\/\/dersuessestopp.com\/hu\/product\/milano-1270-wht\/","title":{"rendered":"MILANO 1270 WHT"},"content":{"rendered":"<p>+1 \u00b0C \/ +10 \u00b0C Szell\u0151ztetett t\u00f6bbszintes szekr\u00e9ny k\u00e9tajt\u00f3s. Pozit\u00edv h\u0151m\u00e9rs\u00e9klet<\/p>","protected":false},"excerpt":{"rendered":"<p>+1 \u00b0C \/ +10 \u00b0C Szell\u0151ztetett t\u00f6bbszintes szekr\u00e9ny k\u00e9tajt\u00f3s. Pozit\u00edv h\u0151m\u00e9rs\u00e9klet ENERGIASZINT\u0170<\/p>","protected":false},"featured_media":10078,"comment_status":"open","ping_status":"closed","template":"","meta":[],"product_brand":[],"product_cat":[101],"product_tag":[],"class_list":{"0":"post-10041","1":"product","2":"type-product","3":"status-publish","4":"has-post-thumbnail","6":"product_cat-refrigerated-cabinets","8":"first","9":"instock","10":"shipping-taxable","11":"purchasable","12":"product-type-simple"},"_links":{"self":[{"href":"https:\/\/dersuessestopp.com\/hu\/wp-json\/wp\/v2\/product\/10041","targetHints":{"allow":["GET"]}}],"collection":[{"href":"https:\/\/dersuessestopp.com\/hu\/wp-json\/wp\/v2\/product"}],"about":[{"href":"https:\/\/dersuessestopp.com\/hu\/wp-json\/wp\/v2\/types\/product"}],"replies":[{"embeddable":true,"href":"https:\/\/dersuessestopp.com\/hu\/wp-json\/wp\/v2\/comments?post=10041"}],"version-history":[{"count":1,"href":"https:\/\/dersuessestopp.com\/hu\/wp-json\/wp\/v2\/product\/10041\/revisions"}],"predecessor-version":[{"id":10079,"href":"https:\/\/dersuessestopp.com\/hu\/wp-json\/wp\/v2\/product\/10041\/revisions\/10079"}],"wp:featuredmedia":[{"embeddable":true,"href":"https:\/\/dersuessestopp.com\/hu\/wp-json\/wp\/v2\/media\/10078"}],"wp:attachment":[{"href":"https:\/\/dersuessestopp.com\/hu\/wp-json\/wp\/v2\/media?parent=10041"}],"wp:term":[{"taxonomy":"product_brand","embeddable":true,"href":"https:\/\/dersuessestopp.com\/hu\/wp-json\/wp\/v2\/product_brand?post=10041"},{"taxonomy":"product_cat","embeddable":true,"href":"https:\/\/dersuessestopp.com\/hu\/wp-json\/wp\/v2\/product_cat?post=10041"},{"taxonomy":"product_tag","embeddable":true,"href":"https:\/\/dersuessestopp.com\/hu\/wp-json\/wp\/v2\/product_tag?post=10041"}],"curies":[{"name":"wp","href":"https:\/\/api.w.org\/{rel}","templated":true}]}}