{"id":828,"date":"2025-04-28T17:03:26","date_gmt":"2025-04-28T17:03:26","guid":{"rendered":"https:\/\/dersuessestopp.com\/?page_id=828"},"modified":"2025-10-18T17:34:20","modified_gmt":"2025-10-18T17:34:20","slug":"nagykereskedelem","status":"publish","type":"page","link":"https:\/\/dersuessestopp.com\/hu\/wholesale\/","title":{"rendered":"Nagykereskedelem"},"content":{"rendered":"<div data-elementor-type=\"wp-page\" data-elementor-id=\"828\" class=\"elementor elementor-828\" data-elementor-post-type=\"page\">\n\t\t\t\t<div class=\"elementor-element elementor-element-6e2e32f e-con-full e-flex e-con e-parent\" data-id=\"6e2e32f\" data-element_type=\"container\" data-e-type=\"container\" data-settings=\"{&quot;jet_parallax_layout_list&quot;:[],&quot;background_background&quot;:&quot;classic&quot;}\">\n\t\t<div class=\"elementor-element elementor-element-8ab6228 e-con-full e-flex e-con e-child\" data-id=\"8ab6228\" data-element_type=\"container\" data-e-type=\"container\" data-settings=\"{&quot;jet_parallax_layout_list&quot;:[]}\">\n\t\t\t\t<div class=\"elementor-element elementor-element-2b8e339 elementor-widget elementor-widget-spacer\" data-id=\"2b8e339\" data-element_type=\"widget\" data-e-type=\"widget\" data-widget_type=\"spacer.default\">\n\t\t\t\t<div class=\"elementor-widget-container\">\n\t\t\t\t\t\t\t<div class=\"elementor-spacer\">\n\t\t\t<div class=\"elementor-spacer-inner\"><\/div>\n\t\t<\/div>\n\t\t\t\t\t\t<\/div>\n\t\t\t\t<\/div>\n\t\t\t\t<div class=\"elementor-element elementor-element-53df87e elementor-widget__width-initial elementor-widget-mobile__width-inherit elementor-widget elementor-widget-heading\" data-id=\"53df87e\" data-element_type=\"widget\" data-e-type=\"widget\" id=\"header_h12\" data-widget_type=\"heading.default\">\n\t\t\t\t<div class=\"elementor-widget-container\">\n\t\t\t\t\t<h2 class=\"elementor-heading-title elementor-size-default\">Nagykereskedelmi \u00e9s egyedi megold\u00e1sok<\/h2>\t\t\t\t<\/div>\n\t\t\t\t<\/div>\n\t\t\t\t<div class=\"elementor-element elementor-element-8f50fb0 elementor-widget elementor-widget-heading\" data-id=\"8f50fb0\" data-element_type=\"widget\" data-e-type=\"widget\" id=\"header_h123\" data-widget_type=\"heading.default\">\n\t\t\t\t<div class=\"elementor-widget-container\">\n\t\t\t\t\t<h2 class=\"elementor-heading-title elementor-size-default\">a fagylaltos szakemberek sz\u00e1m\u00e1ra\n<\/h2>\t\t\t\t<\/div>\n\t\t\t\t<\/div>\n\t\t\t\t<div class=\"elementor-element elementor-element-29debea elementor-widget__width-initial elementor-widget elementor-widget-text-editor\" data-id=\"29debea\" data-element_type=\"widget\" data-e-type=\"widget\" id=\"header_p2\" data-widget_type=\"text-editor.default\">\n\t\t\t\t<div class=\"elementor-widget-container\">\n\t\t\t\t\t\t\t\t\t<p><span style=\"font-weight: 400;\">Az egyedi h\u0171t\u0151berendez\u00e9sekt\u0151l a saj\u00e1t m\u00e1rk\u00e1s j\u00e9gkr\u00e9mgy\u00e1rt\u00e1sig - pr\u00e9mium term\u00e9keket \u00e9s megb\u00edzhat\u00f3 partnereket hozunk \u00f6ssze az \u00d6n v\u00e1llalkoz\u00e1sa sz\u00e1m\u00e1ra. Ak\u00e1r terjeszkedik, ak\u00e1r \u00faj term\u00e9kcsal\u00e1dok beszerz\u00e9s\u00e9r\u0151l van sz\u00f3, ak\u00e1r forgalmaz\u00f3i szerepet keres, mi seg\u00edt\u00fcnk megtal\u00e1lni a megfelel\u0151t.<\/span><\/p>\t\t\t\t\t\t\t\t<\/div>\n\t\t\t\t<\/div>\n\t\t<div class=\"elementor-element elementor-element-774df01 e-con-full e-flex e-con e-child\" data-id=\"774df01\" data-element_type=\"container\" data-e-type=\"container\" data-settings=\"{&quot;jet_parallax_layout_list&quot;:[]}\">\n\t\t\t\t<div class=\"elementor-element elementor-element-4c70a62 elementor-widget elementor-widget-button\" data-id=\"4c70a62\" data-element_type=\"widget\" data-e-type=\"widget\" data-widget_type=\"button.default\">\n\t\t\t\t<div class=\"elementor-widget-container\">\n\t\t\t\t\t\t\t\t\t<div class=\"elementor-button-wrapper\">\n\t\t\t\t\t<a class=\"elementor-button elementor-button-link elementor-size-sm\" href=\"#\">\n\t\t\t\t\t\t<span class=\"elementor-button-content-wrapper\">\n\t\t\t\t\t\t\t\t\t<span class=\"elementor-button-text\">Lehet\u0151s\u00e9gek felt\u00e1r\u00e1sa<\/span>\n\t\t\t\t\t<\/span>\n\t\t\t\t\t<\/a>\n\t\t\t\t<\/div>\n\t\t\t\t\t\t\t\t<\/div>\n\t\t\t\t<\/div>\n\t\t\t\t<\/div>\n\t\t\t\t<\/div>\n\t\t\t\t<\/div>\n\t\t<div class=\"elementor-element elementor-element-1509745 e-flex e-con-boxed e-con e-parent\" data-id=\"1509745\" data-element_type=\"container\" data-e-type=\"container\" data-settings=\"{&quot;jet_parallax_layout_list&quot;:[]}\">\n\t\t\t\t\t<div class=\"e-con-inner\">\n\t\t\t\t<div class=\"elementor-element elementor-element-54dd536 elementor-widget elementor-widget-heading\" data-id=\"54dd536\" data-element_type=\"widget\" data-e-type=\"widget\" data-widget_type=\"heading.default\">\n\t\t\t\t<div class=\"elementor-widget-container\">\n\t\t\t\t\t<h2 class=\"elementor-heading-title elementor-size-default\">Mi\u00e9rt \u00e9rdemes vel\u00fcnk dolgozni\n<\/h2>\t\t\t\t<\/div>\n\t\t\t\t<\/div>\n\t\t\t\t<div class=\"elementor-element elementor-element-2021d76 elementor-widget elementor-widget-heading\" data-id=\"2021d76\" data-element_type=\"widget\" data-e-type=\"widget\" data-widget_type=\"heading.default\">\n\t\t\t\t<div class=\"elementor-widget-container\">\n\t\t\t\t\t<h2 class=\"elementor-heading-title elementor-size-default\">T\u00f6bb mint egyszer\u0171 kell\u00e9kek<\/h2>\t\t\t\t<\/div>\n\t\t\t\t<\/div>\n\t\t\t\t<div class=\"elementor-element elementor-element-d39a76e elementor-widget elementor-widget-text-editor\" data-id=\"d39a76e\" data-element_type=\"widget\" data-e-type=\"widget\" data-widget_type=\"text-editor.default\">\n\t\t\t\t<div class=\"elementor-widget-container\">\n\t\t\t\t\t\t\t\t\t<p><span style=\"font-weight: 400;\">Vezet\u0151 gy\u00e1rt\u00f3kkal \u00e9s gy\u00e1rt\u00f3kkal m\u0171k\u00f6d\u00fcnk egy\u00fctt, hogy egyedi, kiv\u00e1l\u00f3 min\u0151s\u00e9g\u0171 megold\u00e1sokat k\u00edn\u00e1lhassunk. Az egyedi h\u0171t\u0151berendez\u00e9sekt\u0151l a teljes saj\u00e1t m\u00e1rk\u00e1s gy\u00e1rt\u00e1sig, h\u00e1l\u00f3zatunk t\u00e1mogatja az \u00d6n n\u00f6veked\u00e9s\u00e9t, \u00e9s seg\u00edt \u00d6nnek kit\u0171nni a versenyk\u00e9pes piacon.<\/span><\/p>\t\t\t\t\t\t\t\t<\/div>\n\t\t\t\t<\/div>\n\t\t\t\t\t<\/div>\n\t\t\t\t<\/div>\n\t\t<div class=\"elementor-element elementor-element-6fedce9 e-grid e-con-boxed e-con e-parent\" data-id=\"6fedce9\" data-element_type=\"container\" data-e-type=\"container\" data-settings=\"{&quot;jet_parallax_layout_list&quot;:[]}\">\n\t\t\t\t\t<div class=\"e-con-inner\">\n\t\t\t\t<div class=\"elementor-element elementor-element-6ebfc85 elementor-flip-box--effect-fade elementor-widget elementor-widget-flip-box\" data-id=\"6ebfc85\" data-element_type=\"widget\" data-e-type=\"widget\" data-widget_type=\"flip-box.default\">\n\t\t\t\t<div class=\"elementor-widget-container\">\n\t\t\t\t\t\t\t<div class=\"elementor-flip-box\" tabindex=\"0\">\n\t\t\t<div class=\"elementor-flip-box__layer elementor-flip-box__front\">\n\t\t\t\t<div class=\"elementor-flip-box__layer__overlay\">\n\t\t\t\t\t<div class=\"elementor-flip-box__layer__inner\">\n\t\t\t\t\t\t\n\t\t\t\t\t\t\t\t\t\t\t\t\t<h3 class=\"elementor-flip-box__layer__title\">\n\t\t\t\t\t\t\t\tTestreszabott h\u0171t\u0151berendez\u00e9sek\t\t\t\t\t\t\t<\/h3>\n\t\t\t\t\t\t\n\t\t\t\t\t\t\t\t\t\t\t<\/div>\n\t\t\t\t<\/div>\n\t\t\t<\/div>\n\t\t\t<div class=\"elementor-flip-box__layer elementor-flip-box__back\">\n\t\t\t<div class=\"elementor-flip-box__layer__overlay\">\n\t\t\t\t<div class=\"elementor-flip-box__layer__inner\">\n\t\t\t\t\t\n\t\t\t\t\t\t\t\t\t\t\t<div class=\"elementor-flip-box__layer__description\">\n\t\t\t\t\t\t\tKeltse \u00e9letre m\u00e1rk\u00e1j\u00e1t az \u00d6n \u00e9s m\u00e1rk\u00e1ja sz\u00e1m\u00e1ra testre szabott h\u0171t\u0151szekr\u00e9nyekkel, fagyaszt\u00f3kkal \u00e9s kirakatokkal - a Klimaitalia-t\u00f3l, amelyben olyan vil\u00e1gh\u00edr\u0171 c\u00e9gek b\u00edznak, mint a Mo\u00ebt &amp; Chandon, a Pepsi \u00e9s a Beck's.\n\t\t\t\t\t\t<\/div>\n\t\t\t\t\t\n\t\t\t\t\t\t\t\t<\/div>\n\t\t<\/div>\n\t\t<\/div>\n\t\t<\/div>\n\t\t\t\t\t\t<\/div>\n\t\t\t\t<\/div>\n\t\t\t\t<div class=\"elementor-element elementor-element-5d5b34b elementor-flip-box--effect-fade elementor-widget elementor-widget-flip-box\" data-id=\"5d5b34b\" data-element_type=\"widget\" data-e-type=\"widget\" data-widget_type=\"flip-box.default\">\n\t\t\t\t<div class=\"elementor-widget-container\">\n\t\t\t\t\t\t\t<div class=\"elementor-flip-box\" tabindex=\"0\">\n\t\t\t<div class=\"elementor-flip-box__layer elementor-flip-box__front\">\n\t\t\t\t<div class=\"elementor-flip-box__layer__overlay\">\n\t\t\t\t\t<div class=\"elementor-flip-box__layer__inner\">\n\t\t\t\t\t\t\n\t\t\t\t\t\t\t\t\t\t\t\t\t<h3 class=\"elementor-flip-box__layer__title\">\n\t\t\t\t\t\t\t\tForgalmaz\u00f3kat keres\u00fcnk\t\t\t\t\t\t\t<\/h3>\n\t\t\t\t\t\t\n\t\t\t\t\t\t\t\t\t\t\t<\/div>\n\t\t\t\t<\/div>\n\t\t\t<\/div>\n\t\t\t<div class=\"elementor-flip-box__layer elementor-flip-box__back\">\n\t\t\t<div class=\"elementor-flip-box__layer__overlay\">\n\t\t\t\t<div class=\"elementor-flip-box__layer__inner\">\n\t\t\t\t\t\n\t\t\t\t\t\t\t\t\t\t\t<div class=\"elementor-flip-box__layer__description\">\n\t\t\t\t\t\t\tSz\u00e1mos partner\u00fcnk akt\u00edvan keres megb\u00edzhat\u00f3 forgalmaz\u00f3kat Ausztri\u00e1ban, N\u00e9metorsz\u00e1gban, Sv\u00e1jcban \u00e9s a Balk\u00e1non. Lehet, hogy ez \u00d6n lenne?\n\t\t\t\t\t\t<\/div>\n\t\t\t\t\t\n\t\t\t\t\t\t\t\t<\/div>\n\t\t<\/div>\n\t\t<\/div>\n\t\t<\/div>\n\t\t\t\t\t\t<\/div>\n\t\t\t\t<\/div>\n\t\t\t\t<div class=\"elementor-element elementor-element-03a7366 elementor-flip-box--effect-fade elementor-widget elementor-widget-flip-box\" data-id=\"03a7366\" data-element_type=\"widget\" data-e-type=\"widget\" data-widget_type=\"flip-box.default\">\n\t\t\t\t<div class=\"elementor-widget-container\">\n\t\t\t\t\t\t\t<div class=\"elementor-flip-box\" tabindex=\"0\">\n\t\t\t<div class=\"elementor-flip-box__layer elementor-flip-box__front\">\n\t\t\t\t<div class=\"elementor-flip-box__layer__overlay\">\n\t\t\t\t\t<div class=\"elementor-flip-box__layer__inner\">\n\t\t\t\t\t\t\n\t\t\t\t\t\t\t\t\t\t\t\t\t<h3 class=\"elementor-flip-box__layer__title\">\n\t\t\t\t\t\t\t\tSaj\u00e1t m\u00e1rk\u00e1s termel\u00e9s\t\t\t\t\t\t\t<\/h3>\n\t\t\t\t\t\t\n\t\t\t\t\t\t\t\t\t\t\t<\/div>\n\t\t\t\t<\/div>\n\t\t\t<\/div>\n\t\t\t<div class=\"elementor-flip-box__layer elementor-flip-box__back\">\n\t\t\t<div class=\"elementor-flip-box__layer__overlay\">\n\t\t\t\t<div class=\"elementor-flip-box__layer__inner\">\n\t\t\t\t\t\n\t\t\t\t\t\t\t\t\t\t\t<div class=\"elementor-flip-box__layer__description\">\n\t\t\t\t\t\t\tEgyik partner\u00fcnk nagy m\u00e1rk\u00e1k sz\u00e1m\u00e1ra gy\u00e1rt fagylaltot. \u00c9rdekli a saj\u00e1t m\u00e1rk\u00e1ja elind\u00edt\u00e1sa? Vegye fel vel\u00fcnk a kapcsolatot, hogy felt\u00e9rk\u00e9pezz\u00fck a lehet\u0151s\u00e9geket - a receptek kidolgoz\u00e1s\u00e1t\u00f3l a teljes csomagol\u00e1sig.\n\t\t\t\t\t\t<\/div>\n\t\t\t\t\t\n\t\t\t\t\t\t\t\t<\/div>\n\t\t<\/div>\n\t\t<\/div>\n\t\t<\/div>\n\t\t\t\t\t\t<\/div>\n\t\t\t\t<\/div>\n\t\t\t\t\t<\/div>\n\t\t\t\t<\/div>\n\t\t<div class=\"elementor-element elementor-element-f52309f e-flex e-con-boxed e-con e-parent\" data-id=\"f52309f\" data-element_type=\"container\" data-e-type=\"container\" data-settings=\"{&quot;jet_parallax_layout_list&quot;:[]}\">\n\t\t\t\t\t<div class=\"e-con-inner\">\n\t\t<div class=\"elementor-element elementor-element-65359ae e-con-full e-flex e-con e-child\" data-id=\"65359ae\" data-element_type=\"container\" data-e-type=\"container\" data-settings=\"{&quot;jet_parallax_layout_list&quot;:[]}\">\n\t\t\t\t<div class=\"elementor-element elementor-element-7aa301d elementor-widget elementor-widget-image\" data-id=\"7aa301d\" data-element_type=\"widget\" data-e-type=\"widget\" data-widget_type=\"image.default\">\n\t\t\t\t<div class=\"elementor-widget-container\">\n\t\t\t\t\t\t\t\t\t\t\t\t\t\t\t<img decoding=\"async\" src=\"https:\/\/dersuessestopp.com\/wp-content\/uploads\/2025\/09\/trust-in-business-relationship-trusted-partner-2024-10-18-05-34-41-utc-scaled.jpg\" title=\"Er\u0151s \u00fczleti partners\u00e9g l\u00e9trehoz\u00e1sa, bizalom\u00e9p\u00edt\u00e9s\" alt=\"Megb\u00edzhat\u00f3 partnerjelz\u00e9s pap\u00edr h\u00e1tter\u00e9re nyomtatott gumib\u00e9lyegz\u0151vel. A bizalom fogalma az \u00fczleti \u00e9letben \u00e9s a partners\u00e9gben. 3D illusztr\u00e1ci\u00f3\" loading=\"lazy\" \/>\t\t\t\t\t\t\t\t\t\t\t\t\t\t\t<\/div>\n\t\t\t\t<\/div>\n\t\t\t\t<\/div>\n\t\t<div class=\"elementor-element elementor-element-78d220c e-con-full e-flex e-con e-child\" data-id=\"78d220c\" data-element_type=\"container\" data-e-type=\"container\" data-settings=\"{&quot;jet_parallax_layout_list&quot;:[]}\">\n\t\t\t\t<div class=\"elementor-element elementor-element-c6d3858 elementor-widget elementor-widget-heading\" data-id=\"c6d3858\" data-element_type=\"widget\" data-e-type=\"widget\" data-widget_type=\"heading.default\">\n\t\t\t\t<div class=\"elementor-widget-container\">\n\t\t\t\t\t<h3 class=\"elementor-heading-title elementor-size-default\">Pr\u00e9mium partnerek<\/h3>\t\t\t\t<\/div>\n\t\t\t\t<\/div>\n\t\t\t\t<div class=\"elementor-element elementor-element-b5534d0 elementor-widget elementor-widget-heading\" data-id=\"b5534d0\" data-element_type=\"widget\" data-e-type=\"widget\" data-widget_type=\"heading.default\">\n\t\t\t\t<div class=\"elementor-widget-container\">\n\t\t\t\t\t<h4 class=\"elementor-heading-title elementor-size-default\">Val\u00f3di \u00e9rt\u00e9k az \u00d6n v\u00e1llalkoz\u00e1sa sz\u00e1m\u00e1ra\n\n<\/h4>\t\t\t\t<\/div>\n\t\t\t\t<\/div>\n\t\t\t\t<div class=\"elementor-element elementor-element-3c721af elementor-widget elementor-widget-text-editor\" data-id=\"3c721af\" data-element_type=\"widget\" data-e-type=\"widget\" data-widget_type=\"text-editor.default\">\n\t\t\t\t<div class=\"elementor-widget-container\">\n\t\t\t\t\t\t\t\t\t<p><span style=\"font-weight: 400;\">Rendszeresen kapunk aj\u00e1nlatokat kiv\u00e1l\u00f3 min\u0151s\u00e9g\u0171 termel\u0151kt\u0151l. A k\u00f6vetkez\u0151 tal\u00e1n t\u00f6k\u00e9letesen megfelel az \u00d6n v\u00e1llalat\u00e1nak. Ha vel\u00fcnk dolgozik, olyan lehet\u0151s\u00e9gekhez juthat hozz\u00e1, amelyek a ny\u00edlt piacon nem mindig l\u00e1that\u00f3k - \u00e9s olyan partnerek bizalm\u00e1t \u00e9lvezheti, akik m\u00e1r glob\u00e1lis m\u00e1rk\u00e1kat szolg\u00e1lnak ki.<\/span><\/p>\t\t\t\t\t\t\t\t<\/div>\n\t\t\t\t<\/div>\n\t\t\t\t<\/div>\n\t\t\t\t\t<\/div>\n\t\t\t\t<\/div>\n\t\t<div class=\"elementor-element elementor-element-9d22eee e-flex e-con-boxed e-con e-parent\" data-id=\"9d22eee\" data-element_type=\"container\" data-e-type=\"container\" data-settings=\"{&quot;background_background&quot;:&quot;classic&quot;,&quot;jet_parallax_layout_list&quot;:[]}\">\n\t\t\t\t\t<div class=\"e-con-inner\">\n\t\t<div class=\"elementor-element elementor-element-0ac4a9e e-con-full e-flex e-con e-child\" data-id=\"0ac4a9e\" data-element_type=\"container\" data-e-type=\"container\" data-settings=\"{&quot;jet_parallax_layout_list&quot;:[]}\">\n\t\t\t\t<div class=\"elementor-element elementor-element-1172530 elementor-widget elementor-widget-heading\" data-id=\"1172530\" data-element_type=\"widget\" data-e-type=\"widget\" data-widget_type=\"heading.default\">\n\t\t\t\t<div class=\"elementor-widget-container\">\n\t\t\t\t\t<h1 class=\"elementor-heading-title elementor-size-default\">Kiemelt lehet\u0151s\u00e9gek\n<\/h1>\t\t\t\t<\/div>\n\t\t\t\t<\/div>\n\t\t\t\t<div class=\"elementor-element elementor-element-0bdddb6 elementor-widget elementor-widget-heading\" data-id=\"0bdddb6\" data-element_type=\"widget\" data-e-type=\"widget\" data-widget_type=\"heading.default\">\n\t\t\t\t<div class=\"elementor-widget-container\">\n\t\t\t\t\t<h4 class=\"elementor-heading-title elementor-size-default\">Most r\u00f6gt\u00f6n<\/h4>\t\t\t\t<\/div>\n\t\t\t\t<\/div>\n\t\t\t\t<div class=\"elementor-element elementor-element-fd2411c elementor-widget elementor-widget-text-editor\" data-id=\"fd2411c\" data-element_type=\"widget\" data-e-type=\"widget\" data-widget_type=\"text-editor.default\">\n\t\t\t\t<div class=\"elementor-widget-container\">\n\t\t\t\t\t\t\t\t\t<p><span style=\"font-weight: 400;\">Fedezze fel jelenlegi kiemelt term\u00e9keinket - a saj\u00e1t m\u00e1rk\u00e1s j\u00e9gkr\u00e9mgy\u00e1rt\u00e1st\u00f3l a testreszabott h\u0171t\u00e9sig. Vegye fel a kapcsolatot, hogy megbesz\u00e9lhess\u00fck ig\u00e9nyeit, \u00e9s id\u0151ben biztos\u00edtsa hely\u00e9t.<\/span><\/p>\t\t\t\t\t\t\t\t<\/div>\n\t\t\t\t<\/div>\n\t\t\t\t<\/div>\n\t\t<div class=\"elementor-element elementor-element-17dce2f e-con-full e-flex e-con e-child\" data-id=\"17dce2f\" data-element_type=\"container\" data-e-type=\"container\" data-settings=\"{&quot;jet_parallax_layout_list&quot;:[]}\">\n\t\t\t\t<div class=\"elementor-element elementor-element-1665872 elementor-widget elementor-widget-image\" data-id=\"1665872\" data-element_type=\"widget\" data-e-type=\"widget\" data-widget_type=\"image.default\">\n\t\t\t\t<div class=\"elementor-widget-container\">\n\t\t\t\t\t\t\t\t\t\t\t\t\t\t\t<img fetchpriority=\"high\" decoding=\"async\" width=\"2560\" height=\"1707\" src=\"https:\/\/dersuessestopp.com\/wp-content\/uploads\/2025\/09\/young-businesswoman-wearing-headset-communicating-with-client-while-going-through-paperwork-office-scaled.jpg\" class=\"attachment-full size-full wp-image-8280\" alt=\"N\u0151 v\u00e1laszol a telefonra a Der s\u00fc\u00dfe Stopp kapcsolattart\u00f3 k\u00f6zpontban\" srcset=\"https:\/\/dersuessestopp.com\/wp-content\/uploads\/2025\/09\/young-businesswoman-wearing-headset-communicating-with-client-while-going-through-paperwork-office-scaled.jpg 2560w, https:\/\/dersuessestopp.com\/wp-content\/uploads\/2025\/09\/young-businesswoman-wearing-headset-communicating-with-client-while-going-through-paperwork-office-scaled-250x167.jpg 250w, https:\/\/dersuessestopp.com\/wp-content\/uploads\/2025\/09\/young-businesswoman-wearing-headset-communicating-with-client-while-going-through-paperwork-office-scaled-600x400.jpg 600w, https:\/\/dersuessestopp.com\/wp-content\/uploads\/2025\/09\/young-businesswoman-wearing-headset-communicating-with-client-while-going-through-paperwork-office-300x200.jpg 300w, https:\/\/dersuessestopp.com\/wp-content\/uploads\/2025\/09\/young-businesswoman-wearing-headset-communicating-with-client-while-going-through-paperwork-office-1024x683.jpg 1024w, https:\/\/dersuessestopp.com\/wp-content\/uploads\/2025\/09\/young-businesswoman-wearing-headset-communicating-with-client-while-going-through-paperwork-office-768x512.jpg 768w, https:\/\/dersuessestopp.com\/wp-content\/uploads\/2025\/09\/young-businesswoman-wearing-headset-communicating-with-client-while-going-through-paperwork-office-1536x1024.jpg 1536w, https:\/\/dersuessestopp.com\/wp-content\/uploads\/2025\/09\/young-businesswoman-wearing-headset-communicating-with-client-while-going-through-paperwork-office-2048x1365.jpg 2048w\" sizes=\"(max-width: 2560px) 100vw, 2560px\" \/>\t\t\t\t\t\t\t\t\t\t\t\t\t\t\t<\/div>\n\t\t\t\t<\/div>\n\t\t\t\t<\/div>\n\t\t\t\t\t<\/div>\n\t\t\t\t<\/div>\n\t\t<div class=\"elementor-element elementor-element-fb64297 e-flex e-con-boxed e-con e-parent\" data-id=\"fb64297\" data-element_type=\"container\" data-e-type=\"container\" data-settings=\"{&quot;background_background&quot;:&quot;classic&quot;,&quot;jet_parallax_layout_list&quot;:[]}\">\n\t\t\t\t\t<div class=\"e-con-inner\">\n\t\t<div class=\"elementor-element elementor-element-91d44f5 e-con-full e-flex e-con e-child\" data-id=\"91d44f5\" data-element_type=\"container\" data-e-type=\"container\" data-settings=\"{&quot;background_background&quot;:&quot;classic&quot;,&quot;jet_parallax_layout_list&quot;:[]}\">\n\t\t<div class=\"elementor-element elementor-element-77e169d e-con-full e-flex e-con e-child\" data-id=\"77e169d\" data-element_type=\"container\" data-e-type=\"container\" data-settings=\"{&quot;jet_parallax_layout_list&quot;:[]}\">\n\t\t\t\t<div class=\"elementor-element elementor-element-36e4669 elementor-widget elementor-widget-heading\" data-id=\"36e4669\" data-element_type=\"widget\" data-e-type=\"widget\" data-widget_type=\"heading.default\">\n\t\t\t\t<div class=\"elementor-widget-container\">\n\t\t\t\t\t<h3 class=\"elementor-heading-title elementor-size-default\">\u00c9p\u00edts\u00fcnk egy\u00fctt valamit\n<\/h3>\t\t\t\t<\/div>\n\t\t\t\t<\/div>\n\t\t\t\t<div class=\"elementor-element elementor-element-854b498 elementor-widget__width-initial elementor-widget elementor-widget-text-editor\" data-id=\"854b498\" data-element_type=\"widget\" data-e-type=\"widget\" data-widget_type=\"text-editor.default\">\n\t\t\t\t<div class=\"elementor-widget-container\">\n\t\t\t\t\t\t\t\t\t<p><span style=\"font-weight: 400;\">Ak\u00e1r \u00faj term\u00e9kek beszerz\u00e9s\u00e9r\u0151l van sz\u00f3, ak\u00e1r forgalmazni szeretne, ak\u00e1r saj\u00e1t m\u00e1rk\u00e1s term\u00e9ket ind\u00edtana, mi itt vagyunk, hogy \u00f6sszek\u00f6ss\u00fck \u00d6nt a megfelel\u0151 partnerekkel, \u00e9s seg\u00edts\u00fck a n\u00f6veked\u00e9s\u00e9t.<\/span><\/p>\t\t\t\t\t\t\t\t<\/div>\n\t\t\t\t<\/div>\n\t\t\t\t<\/div>\n\t\t\t\t<div class=\"elementor-element elementor-element-c538a2e elementor-widget elementor-widget-button\" data-id=\"c538a2e\" data-element_type=\"widget\" data-e-type=\"widget\" data-widget_type=\"button.default\">\n\t\t\t\t<div class=\"elementor-widget-container\">\n\t\t\t\t\t\t\t\t\t<div class=\"elementor-button-wrapper\">\n\t\t\t\t\t<a class=\"elementor-button elementor-button-link elementor-size-sm\" href=\"https:\/\/dersuessestopp.com\/hu\/wein-welt\/\">\n\t\t\t\t\t\t<span class=\"elementor-button-content-wrapper\">\n\t\t\t\t\t\t\t\t\t<span class=\"elementor-button-text\">L\u00e9pjen kapcsolatba vel\u00fcnk nagykereskedelmi lehet\u0151s\u00e9gek\u00e9rt<\/span>\n\t\t\t\t\t<\/span>\n\t\t\t\t\t<\/a>\n\t\t\t\t<\/div>\n\t\t\t\t\t\t\t\t<\/div>\n\t\t\t\t<\/div>\n\t\t\t\t<\/div>\n\t\t\t\t\t<\/div>\n\t\t\t\t<\/div>\n\t\t\t\t<\/div>","protected":false},"excerpt":{"rendered":"<p>Wholesale &amp; Custom Solutions for Ice Cream Professionals From custom cooling equipment to private-label ice cream production \u2014 we connect you with premium products and trusted partners for your business. Whether you\u2019re expanding, sourcing new lines, or looking for a distributor role, we help you find the right fit. Explore Opportunities Why Work With Us [&hellip;]<\/p>\n","protected":false},"author":2,"featured_media":0,"parent":0,"menu_order":0,"comment_status":"closed","ping_status":"closed","template":"","meta":{"footnotes":""},"class_list":["post-828","page","type-page","status-publish","hentry"],"_links":{"self":[{"href":"https:\/\/dersuessestopp.com\/hu\/wp-json\/wp\/v2\/pages\/828","targetHints":{"allow":["GET"]}}],"collection":[{"href":"https:\/\/dersuessestopp.com\/hu\/wp-json\/wp\/v2\/pages"}],"about":[{"href":"https:\/\/dersuessestopp.com\/hu\/wp-json\/wp\/v2\/types\/page"}],"author":[{"embeddable":true,"href":"https:\/\/dersuessestopp.com\/hu\/wp-json\/wp\/v2\/users\/2"}],"replies":[{"embeddable":true,"href":"https:\/\/dersuessestopp.com\/hu\/wp-json\/wp\/v2\/comments?post=828"}],"version-history":[{"count":70,"href":"https:\/\/dersuessestopp.com\/hu\/wp-json\/wp\/v2\/pages\/828\/revisions"}],"predecessor-version":[{"id":14505,"href":"https:\/\/dersuessestopp.com\/hu\/wp-json\/wp\/v2\/pages\/828\/revisions\/14505"}],"wp:attachment":[{"href":"https:\/\/dersuessestopp.com\/hu\/wp-json\/wp\/v2\/media?parent=828"}],"curies":[{"name":"wp","href":"https:\/\/api.w.org\/{rel}","templated":true}]}}