{"id":4629,"date":"2025-08-04T22:08:19","date_gmt":"2025-08-04T22:08:19","guid":{"rendered":"https:\/\/dersuessestopp.com\/?page_id=4629"},"modified":"2025-09-27T18:36:05","modified_gmt":"2025-09-27T18:36:05","slug":"impressum","status":"publish","type":"page","link":"https:\/\/dersuessestopp.com\/hu\/impressum\/","title":{"rendered":"Impresszum"},"content":{"rendered":"<div data-elementor-type=\"wp-page\" data-elementor-id=\"4629\" class=\"elementor elementor-4629\" data-elementor-post-type=\"page\">\n\t\t\t\t<div class=\"elementor-element elementor-element-966acb2 e-flex e-con-boxed e-con e-parent\" data-id=\"966acb2\" data-element_type=\"container\" data-e-type=\"container\" data-settings=\"{&quot;jet_parallax_layout_list&quot;:[]}\">\n\t\t\t\t\t<div class=\"e-con-inner\">\n\t\t\t\t<div class=\"elementor-element elementor-element-d17d92b elementor-widget elementor-widget-heading\" data-id=\"d17d92b\" data-element_type=\"widget\" data-e-type=\"widget\" data-widget_type=\"heading.default\">\n\t\t\t\t<div class=\"elementor-widget-container\">\n\t\t\t\t\t<h2 class=\"elementor-heading-title elementor-size-default\">Impresszum<\/h2>\t\t\t\t<\/div>\n\t\t\t\t<\/div>\n\t\t\t\t<div class=\"elementor-element elementor-element-dd56234 elementor-widget elementor-widget-text-editor\" data-id=\"dd56234\" data-element_type=\"widget\" data-e-type=\"widget\" data-widget_type=\"text-editor.default\">\n\t\t\t\t<div class=\"elementor-widget-container\">\n\t\t\t\t\t\t\t\t\t<p>Der S\u00fc\u00dfe Stopp\u00a0<\/p><p>Tulajdonos: Zoran Obradovic<\/p><p>Seepromenade 22<\/p><p>6213 Pertisau<\/p><p>Ausztria<\/p><p>+43 (0) 664 321 83 91<\/p><p class=\"font_8 wixui-rich-text__text\"><span class=\"wixui-rich-text__text\"><a class=\"wixui-rich-text__text\" href=\"mailto:info@dersuessestopp.com\" target=\"_self\">info@dersuessestopp.com<\/a><\/span><\/p><p class=\"font_8 wixui-rich-text__text\">Meghatalmazott \u00fcgyvezet\u0151 igazgat\u00f3: Zoran Obradovic<\/p><p class=\"font_8 wixui-rich-text__text\">Tag:\u00a0\u00a0<span class=\"wixui-rich-text__text\"><a class=\"wixui-rich-text__text\" href=\"https:\/\/firmen.wko.at\/sweet-dreams-og\/nieder%c3%b6sterreich\/?firmaid=483d769d-0c84-4a04-93ea-27111287e014&amp;name=sweet+dreams+og&amp;standort=nieder%c3%b6sterreich+(bundesland)\" target=\"_blank\" rel=\"noreferrer noopener\">WKO Schwaz\u00a0<\/a><\/span><span class=\"wixui-rich-text__text\"><a class=\"wixui-rich-text__text\" href=\"https:\/\/firmen.wko.at\/sweet-dreams-og\/nieder%c3%b6sterreich\/?firmaid=483d769d-0c84-4a04-93ea-27111287e014&amp;name=sweet+dreams+og&amp;standort=nieder%c3%b6sterreich+(bundesland)\" target=\"_blank\" rel=\"noreferrer noopener\">\u00a0\u00e9s a Kereskedelmi Szab\u00e1lyoz\u00e1si T\u00f6rv\u00e9ny rendelkez\u00e9sei vonatkoznak r\u00e1.<\/a><\/span><\/p><p class=\"font_8 wixui-rich-text__text\">\u00dczleti c\u00e9l: kereskedelem\u00a0<\/p><p class=\"font_8 wixui-rich-text__text\">Ker\u00fcleti B\u00edr\u00f3s\u00e1g: Schwaz<\/p><p class=\"font_8 wixui-rich-text__text\">H\u00c9A-azonos\u00edt\u00f3sz\u00e1m: ATU76837513<\/p><p class=\"font_8 wixui-rich-text__text\">Banksz\u00e1mla:<br class=\"wixui-rich-text__text\" \/>Raiffeisen Regionalbank Achensee, Maurach fi\u00f3ktelep<br class=\"wixui-rich-text__text\" \/>IBAN: AT88 3621 8000 0005 7240<br class=\"wixui-rich-text__text\" \/>BIC: RZTIAT22218<\/p><h2 class=\"font_8 wixui-rich-text__text\"><span class=\"wixui-rich-text__text\">Jogi nyilatkozat a tartalom\u00e9rt<\/span><\/h2><p class=\"font_8 wixui-rich-text__text\">Az ezen az oldalon tal\u00e1lhat\u00f3 inform\u00e1ci\u00f3k azt a c\u00e9lt szolg\u00e1lj\u00e1k, hogy cikkeket \u00e9s term\u00e9keket mutassunk be egy m\u00e9g gyerekcip\u0151ben j\u00e1r\u00f3 web\u00e1ruh\u00e1z sz\u00e1m\u00e1ra. Az oldal m\u00e9g fejleszt\u00e9s alatt \u00e1ll, \u00e9s folyamatosan friss\u00fcl \u00e9s javul. Az oldalakon tal\u00e1lhat\u00f3 minden tartalom a legnagyobb gondoss\u00e1ggal k\u00e9sz\u00fcl. A tartalom pontoss\u00e1g\u00e1\u00e9rt, teljess\u00e9g\u00e9\u00e9rt \u00e9s id\u0151szer\u0171s\u00e9g\u00e9\u00e9rt azonban nem tudok felel\u0151ss\u00e9get v\u00e1llalni. Felh\u00edvom figyelm\u00e9t, hogy a honlapon k\u00f6zz\u00e9tett tartalmak \u00e9s inform\u00e1ci\u00f3k nem min\u0151s\u00fclnek semmif\u00e9le tan\u00e1csad\u00e1snak. A weboldalon bemutatott inform\u00e1ci\u00f3k felhaszn\u00e1l\u00e1s\u00e1b\u00f3l ered\u0151 anyagi vagy nem anyagi k\u00e1rok\u00e9rt val\u00f3 felel\u0151ss\u00e9get a t\u00f6rv\u00e9ny \u00e1ltal megengedett m\u00e9rt\u00e9kben teljes m\u00e9rt\u00e9kben kiz\u00e1rom. A weboldal \u00fczemeltet\u0151je tov\u00e1bb\u00e1 nem v\u00e1llal felel\u0151ss\u00e9get az olyan k\u00fcls\u0151 weboldalakon tal\u00e1lhat\u00f3 illeg\u00e1lis tartalmak\u00e9rt, amelyekre k\u00f6zvetlen\u00fcl vagy k\u00f6zvetve, hiperlinkeken kereszt\u00fcl t\u00f6rt\u00e9nik hivatkoz\u00e1s. A hivatkozott oldalak tartalm\u00e1\u00e9rt kiz\u00e1r\u00f3lag a hivatkozott oldalak \u00fczemeltet\u0151i felel\u0151sek. Ha tudom\u00e1st szerzek egy hivatkozott oldalon tal\u00e1lhat\u00f3 jogszab\u00e1lys\u00e9rt\u00e9sr\u0151l, a linket azonnal elt\u00e1vol\u00edtom.<\/p><h2 class=\"font_8 wixui-rich-text__text\"><span class=\"wixui-rich-text__text\">Szerz\u0151i jog<\/span><\/h2><p class=\"font_8 wixui-rich-text__text\">Az ezeken az oldalakon tal\u00e1lhat\u00f3 kiadv\u00e1nyok az osztr\u00e1k szerz\u0151i jog \u00e9s m\u00e1s szellemi tulajdonjogok hat\u00e1lya al\u00e1 tartoznak. Ez vonatkozik a harmadik f\u00e9lt\u0151l sz\u00e1rmaz\u00f3 hozz\u00e1j\u00e1rul\u00e1sokra is.<\/p><p class=\"font_8 wixui-rich-text__text\">Inform\u00e1ci\u00f3k az online vitarendez\u00e9sr\u0151l: Az EU Bizotts\u00e1ga internetes platformot hozott l\u00e9tre az online vitarendez\u00e9shez. A platform az online ad\u00e1sv\u00e9teli szerz\u0151d\u00e9sekb\u0151l ered\u0151 szerz\u0151d\u00e9ses k\u00f6telezetts\u00e9gekkel kapcsolatos vit\u00e1k b\u00edr\u00f3s\u00e1gon k\u00edv\u00fcli rendez\u00e9s\u00e9nek kapcsolattart\u00e1s\u00e1ra szolg\u00e1l. Az \u00fcgyfelek a k\u00f6vetkez\u0151 linken \u00e9rhetik el a platformot:\u00a0\u00a0<span class=\"wixui-rich-text__text\"><a class=\"wixui-rich-text__text\" href=\"https:\/\/ec.europa.eu\/consumers\/odr\" target=\"_blank\" rel=\"noreferrer noopener\">https:\/\/ec.europa.eu\/consumers\/odr<\/a><\/span><\/p><p class=\"font_8 wixui-rich-text__text\">Nem vagyunk hajland\u00f3ak \u00e9s nem is k\u00f6telesek r\u00e9szt venni a fogyaszt\u00f3i d\u00f6nt\u0151bizotts\u00e1gok el\u0151tti vitarendez\u00e9si elj\u00e1r\u00e1sokban.<\/p><p class=\"font_8 wixui-rich-text__text\">\u200b<\/p><h2 class=\"font_8 wixui-rich-text__text\"><span class=\"wixui-rich-text__text\">Ez az impresszum a k\u00f6vetkez\u0151kre vonatkozik:\u00a0<\/span><\/h2><p class=\"font_8 wixui-rich-text__text\">\u00a0<span class=\"wixui-rich-text__text\"><a class=\"wixui-rich-text__text\" href=\"https:\/\/www.dersuessestop.com\/\" target=\"_blank\" rel=\"noreferrer noopener\">https:\/\/www.dersuessestop.com<\/a><\/span><\/p><p class=\"font_8 wixui-rich-text__text\"><span class=\"wixui-rich-text__text\"><a class=\"wixui-rich-text__text\" href=\"https:\/\/www.softeis-investition.com\/\" target=\"_blank\" rel=\"noopener\" data-auto-recognition=\"true\">https:\/\/www.softeis-investition.com<\/a><\/span><\/p><p class=\"font_8 wixui-rich-text__text\"><span class=\"wixui-rich-text__text\"><a class=\"wixui-rich-text__text\" href=\"https:\/\/www.dersuessestop-graz.com\/\" target=\"_blank\" rel=\"noreferrer noopener\">https:\/\/www.dersuessestop-graz.com<\/a><\/span><\/p><p class=\"font_8 wixui-rich-text__text\"><span class=\"wixui-rich-text__text\"><a class=\"wixui-rich-text__text\" href=\"https:\/\/www.facebook.com\/dersuessestopp\" target=\"_blank\" rel=\"noreferrer noopener\">https:\/\/www.facebook.com\/dersuessestopp<\/a><\/span><\/p><p class=\"font_8 wixui-rich-text__text\">\u00a0<span class=\"wixui-rich-text__text\"><a class=\"wixui-rich-text__text\" href=\"https:\/\/instagram.com\/dersuessestopp\" target=\"_blank\" rel=\"noreferrer noopener\">https:\/\/instagram.com\/dersuessestopp<\/a><\/span><\/p>\t\t\t\t\t\t\t\t<\/div>\n\t\t\t\t<\/div>\n\t\t\t\t\t<\/div>\n\t\t\t\t<\/div>\n\t\t\t\t<\/div>","protected":false},"excerpt":{"rendered":"<p>Impressum Der S\u00fc\u00dfe Stopp\u00a0 Owner: Zoran Obradovic Seepromenade 22 6213 Pertisau Austria +43 (0) 664 321 83 91 info@dersuessestopp.com Authorized Managing Director: Zoran Obradovic Member:\u00a0\u00a0WKO Schwaz\u00a0\u00a0and is subject to the provisions of the Trade Regulation Act Business purpose: Trade\u00a0 District Court: Schwaz VAT identification number: ATU76837513 Bank account:Raiffeisen Regionalbank Achensee, Maurach branchIBAN: AT88 3621 8000 [&hellip;]<\/p>\n","protected":false},"author":1,"featured_media":0,"parent":0,"menu_order":0,"comment_status":"closed","ping_status":"closed","template":"","meta":{"footnotes":""},"class_list":["post-4629","page","type-page","status-publish","hentry"],"_links":{"self":[{"href":"https:\/\/dersuessestopp.com\/hu\/wp-json\/wp\/v2\/pages\/4629","targetHints":{"allow":["GET"]}}],"collection":[{"href":"https:\/\/dersuessestopp.com\/hu\/wp-json\/wp\/v2\/pages"}],"about":[{"href":"https:\/\/dersuessestopp.com\/hu\/wp-json\/wp\/v2\/types\/page"}],"author":[{"embeddable":true,"href":"https:\/\/dersuessestopp.com\/hu\/wp-json\/wp\/v2\/users\/1"}],"replies":[{"embeddable":true,"href":"https:\/\/dersuessestopp.com\/hu\/wp-json\/wp\/v2\/comments?post=4629"}],"version-history":[{"count":7,"href":"https:\/\/dersuessestopp.com\/hu\/wp-json\/wp\/v2\/pages\/4629\/revisions"}],"predecessor-version":[{"id":9663,"href":"https:\/\/dersuessestopp.com\/hu\/wp-json\/wp\/v2\/pages\/4629\/revisions\/9663"}],"wp:attachment":[{"href":"https:\/\/dersuessestopp.com\/hu\/wp-json\/wp\/v2\/media?parent=4629"}],"curies":[{"name":"wp","href":"https:\/\/api.w.org\/{rel}","templated":true}]}}