{"id":4191,"date":"2025-07-28T03:29:56","date_gmt":"2025-07-28T03:29:56","guid":{"rendered":"https:\/\/dersuessestopp.com\/?page_id=4191"},"modified":"2025-10-18T17:23:56","modified_gmt":"2025-10-18T17:23:56","slug":"urhajos","status":"publish","type":"page","link":"https:\/\/dersuessestopp.com\/hu\/spaceman\/","title":{"rendered":"Spaceman"},"content":{"rendered":"<div data-elementor-type=\"wp-page\" data-elementor-id=\"4191\" class=\"elementor elementor-4191\" data-elementor-post-type=\"page\">\n\t\t\t\t<div class=\"elementor-element elementor-element-678f9fd e-con-full e-flex e-con e-parent\" data-id=\"678f9fd\" data-element_type=\"container\" data-e-type=\"container\" data-settings=\"{&quot;jet_parallax_layout_list&quot;:[],&quot;background_background&quot;:&quot;classic&quot;}\">\n\t\t<div class=\"elementor-element elementor-element-4e269ac e-con-full e-flex e-con e-child\" data-id=\"4e269ac\" data-element_type=\"container\" data-e-type=\"container\" data-settings=\"{&quot;jet_parallax_layout_list&quot;:[]}\">\n\t\t\t\t<div class=\"elementor-element elementor-element-1e8c1c5 elementor-widget__width-initial elementor-widget-mobile__width-inherit elementor-widget elementor-widget-heading\" data-id=\"1e8c1c5\" data-element_type=\"widget\" data-e-type=\"widget\" id=\"header_h12\" data-widget_type=\"heading.default\">\n\t\t\t\t<div class=\"elementor-widget-container\">\n\t\t\t\t\t<h2 class=\"elementor-heading-title elementor-size-default\">Spaceman l\u00e1gyfagylalt- \u00e9s jeges italg\u00e9pek<\/h2>\t\t\t\t<\/div>\n\t\t\t\t<\/div>\n\t\t\t\t<div class=\"elementor-element elementor-element-27a1088 elementor-widget elementor-widget-heading\" data-id=\"27a1088\" data-element_type=\"widget\" data-e-type=\"widget\" id=\"header_h123\" data-widget_type=\"heading.default\">\n\t\t\t\t<div class=\"elementor-widget-container\">\n\t\t\t\t\t<h2 class=\"elementor-heading-title elementor-size-default\">Okos v\u00e1laszt\u00e1s n\u00f6vekv\u0151 v\u00e1llalkoz\u00e1soknak<\/h2>\t\t\t\t<\/div>\n\t\t\t\t<\/div>\n\t\t\t\t<div class=\"elementor-element elementor-element-1bf3c04 elementor-widget__width-initial elementor-widget elementor-widget-text-editor\" data-id=\"1bf3c04\" data-element_type=\"widget\" data-e-type=\"widget\" id=\"header_p2\" data-widget_type=\"text-editor.default\">\n\t\t\t\t<div class=\"elementor-widget-container\">\n\t\t\t\t\t\t\t\t\t<p><span style=\"font-weight: 400;\">Megb\u00edzhat\u00f3, kiv\u00e1l\u00f3 min\u0151s\u00e9g\u0171 g\u00e9pek, amelyeket kr\u00e9mes l\u00e1gyfagylalthoz \u00e9s friss\u00edt\u0151 jeges italokhoz terveztek.\nT\u00f6k\u00e9letesek indul\u00f3 \u00e9s b\u0151v\u00fcl\u0151 v\u00e1llalkoz\u00e1sok sz\u00e1m\u00e1ra, amelyek versenyk\u00e9pes \u00e1ron keresnek kiv\u00e1l\u00f3 teljes\u00edtm\u00e9nyt.<\/span><\/p>\t\t\t\t\t\t\t\t<\/div>\n\t\t\t\t<\/div>\n\t\t\t\t<div class=\"elementor-element elementor-element-9ef7853 elementor-widget-mobile__width-initial elementor-widget elementor-widget-button\" data-id=\"9ef7853\" data-element_type=\"widget\" data-e-type=\"widget\" data-widget_type=\"button.default\">\n\t\t\t\t<div class=\"elementor-widget-container\">\n\t\t\t\t\t\t\t\t\t<div class=\"elementor-button-wrapper\">\n\t\t\t\t\t<a class=\"elementor-button elementor-button-link elementor-size-sm\" href=\"#machines\">\n\t\t\t\t\t\t<span class=\"elementor-button-content-wrapper\">\n\t\t\t\t\t\t\t\t\t<span class=\"elementor-button-text\">Spaceman Machines felfedez\u00e9se<\/span>\n\t\t\t\t\t<\/span>\n\t\t\t\t\t<\/a>\n\t\t\t\t<\/div>\n\t\t\t\t\t\t\t\t<\/div>\n\t\t\t\t<\/div>\n\t\t\t\t<\/div>\n\t\t\t\t<\/div>\n\t\t<div class=\"elementor-element elementor-element-728a259 e-flex e-con-boxed e-con e-parent\" data-id=\"728a259\" data-element_type=\"container\" data-e-type=\"container\" data-settings=\"{&quot;jet_parallax_layout_list&quot;:[]}\">\n\t\t\t\t\t<div class=\"e-con-inner\">\n\t\t\t\t<div class=\"elementor-element elementor-element-c4ca77e elementor-widget elementor-widget-heading\" data-id=\"c4ca77e\" data-element_type=\"widget\" data-e-type=\"widget\" data-widget_type=\"heading.default\">\n\t\t\t\t<div class=\"elementor-widget-container\">\n\t\t\t\t\t<h2 class=\"elementor-heading-title elementor-size-default\">Mi\u00e9rt v\u00e1lassza a Spacemant?\n<\/h2>\t\t\t\t<\/div>\n\t\t\t\t<\/div>\n\t\t\t\t<div class=\"elementor-element elementor-element-f176a9d elementor-widget elementor-widget-heading\" data-id=\"f176a9d\" data-element_type=\"widget\" data-e-type=\"widget\" data-widget_type=\"heading.default\">\n\t\t\t\t<div class=\"elementor-widget-container\">\n\t\t\t\t\t<h2 class=\"elementor-heading-title elementor-size-default\">N\u00e9gy alapvet\u0151 er\u0151ss\u00e9g, amelyek megk\u00fcl\u00f6nb\u00f6ztetnek minket<\/h2>\t\t\t\t<\/div>\n\t\t\t\t<\/div>\n\t\t\t\t\t<\/div>\n\t\t\t\t<\/div>\n\t\t<div class=\"elementor-element elementor-element-aea1bae e-grid e-con-boxed e-con e-parent\" data-id=\"aea1bae\" data-element_type=\"container\" data-e-type=\"container\" data-settings=\"{&quot;jet_parallax_layout_list&quot;:[]}\">\n\t\t\t\t\t<div class=\"e-con-inner\">\n\t\t\t\t<div class=\"elementor-element elementor-element-e587eca elementor-flip-box--effect-fade elementor-widget elementor-widget-flip-box\" data-id=\"e587eca\" data-element_type=\"widget\" data-e-type=\"widget\" data-widget_type=\"flip-box.default\">\n\t\t\t\t<div class=\"elementor-widget-container\">\n\t\t\t\t\t\t\t<div class=\"elementor-flip-box\" tabindex=\"0\">\n\t\t\t<div class=\"elementor-flip-box__layer elementor-flip-box__front\">\n\t\t\t\t<div class=\"elementor-flip-box__layer__overlay\">\n\t\t\t\t\t<div class=\"elementor-flip-box__layer__inner\">\n\t\t\t\t\t\t\n\t\t\t\t\t\t\t\t\t\t\t\t\t<h3 class=\"elementor-flip-box__layer__title\">\n\t\t\t\t\t\t\t\tPrecizit\u00e1s \u00e9s innov\u00e1ci\u00f3\t\t\t\t\t\t\t<\/h3>\n\t\t\t\t\t\t\n\t\t\t\t\t\t\t\t\t\t\t<\/div>\n\t\t\t\t<\/div>\n\t\t\t<\/div>\n\t\t\t<div class=\"elementor-flip-box__layer elementor-flip-box__back\">\n\t\t\t<div class=\"elementor-flip-box__layer__overlay\">\n\t\t\t\t<div class=\"elementor-flip-box__layer__inner\">\n\t\t\t\t\t\n\t\t\t\t\t\t\t\t\t\t\t<div class=\"elementor-flip-box__layer__description\">\n\t\t\t\t\t\t\tA szabadalmaztatott cs\u00facstechnol\u00f3gia biztos\u00edtja az egyenletes term\u00e9kmin\u0151s\u00e9get \u00e9s a hat\u00e9kony energiafelhaszn\u00e1l\u00e1st.\n\nA Spaceman g\u00e9pek fejlett mikroprocesszoros vez\u00e9rl\u00e9st \u00e9s szabadalmaztatott kialak\u00edt\u00e1st haszn\u00e1lnak, hogy minden alkalommal t\u00f6k\u00e9letes \u00e1llagot \u00e9s \u00edzt biztos\u00edtsanak, mik\u00f6zben energi\u00e1t takar\u00edtanak meg.\t\t\t\t\t\t<\/div>\n\t\t\t\t\t\n\t\t\t\t\t\t\t\t<\/div>\n\t\t<\/div>\n\t\t<\/div>\n\t\t<\/div>\n\t\t\t\t\t\t<\/div>\n\t\t\t\t<\/div>\n\t\t\t\t<div class=\"elementor-element elementor-element-c7a8291 elementor-flip-box--effect-fade elementor-widget elementor-widget-flip-box\" data-id=\"c7a8291\" data-element_type=\"widget\" data-e-type=\"widget\" data-widget_type=\"flip-box.default\">\n\t\t\t\t<div class=\"elementor-widget-container\">\n\t\t\t\t\t\t\t<div class=\"elementor-flip-box\" tabindex=\"0\">\n\t\t\t<div class=\"elementor-flip-box__layer elementor-flip-box__front\">\n\t\t\t\t<div class=\"elementor-flip-box__layer__overlay\">\n\t\t\t\t\t<div class=\"elementor-flip-box__layer__inner\">\n\t\t\t\t\t\t\n\t\t\t\t\t\t\t\t\t\t\t\t\t<h3 class=\"elementor-flip-box__layer__title\">\n\t\t\t\t\t\t\t\tTart\u00f3ss\u00e1g \u00e9s megb\u00edzhat\u00f3s\u00e1g\t\t\t\t\t\t\t<\/h3>\n\t\t\t\t\t\t\n\t\t\t\t\t\t\t\t\t\t\t<\/div>\n\t\t\t\t<\/div>\n\t\t\t<\/div>\n\t\t\t<div class=\"elementor-flip-box__layer elementor-flip-box__back\">\n\t\t\t<div class=\"elementor-flip-box__layer__overlay\">\n\t\t\t\t<div class=\"elementor-flip-box__layer__inner\">\n\t\t\t\t\t\n\t\t\t\t\t\t\t\t\t\t\t<div class=\"elementor-flip-box__layer__description\">\n\t\t\t\t\t\t\tA nagy ig\u00e9nybev\u00e9telnek ellen\u00e1ll\u00f3, pr\u00e9mium min\u0151s\u00e9g\u0171 alkatr\u00e9szekkel k\u00e9sz\u00fclt, minimaliz\u00e1lva az \u00e1ll\u00e1sid\u0151t \u00e9s a karbantart\u00e1si k\u00f6lts\u00e9geket.\n\nMin\u0151s\u00e9gi anyagokkal tervezt\u00e9k, hogy ig\u00e9nyes k\u00f6rnyezetben is kib\u00edrja a nagy volumen\u0171 termel\u00e9st.\t\t\t\t\t\t<\/div>\n\t\t\t\t\t\n\t\t\t\t\t\t\t\t<\/div>\n\t\t<\/div>\n\t\t<\/div>\n\t\t<\/div>\n\t\t\t\t\t\t<\/div>\n\t\t\t\t<\/div>\n\t\t\t\t<div class=\"elementor-element elementor-element-2b25fe1 elementor-flip-box--effect-fade elementor-widget elementor-widget-flip-box\" data-id=\"2b25fe1\" data-element_type=\"widget\" data-e-type=\"widget\" data-widget_type=\"flip-box.default\">\n\t\t\t\t<div class=\"elementor-widget-container\">\n\t\t\t\t\t\t\t<div class=\"elementor-flip-box\" tabindex=\"0\">\n\t\t\t<div class=\"elementor-flip-box__layer elementor-flip-box__front\">\n\t\t\t\t<div class=\"elementor-flip-box__layer__overlay\">\n\t\t\t\t\t<div class=\"elementor-flip-box__layer__inner\">\n\t\t\t\t\t\t\n\t\t\t\t\t\t\t\t\t\t\t\t\t<h3 class=\"elementor-flip-box__layer__title\">\n\t\t\t\t\t\t\t\tFelhaszn\u00e1l\u00f3bar\u00e1t m\u0171k\u00f6d\u00e9s\t\t\t\t\t\t\t<\/h3>\n\t\t\t\t\t\t\n\t\t\t\t\t\t\t\t\t\t\t<\/div>\n\t\t\t\t<\/div>\n\t\t\t<\/div>\n\t\t\t<div class=\"elementor-flip-box__layer elementor-flip-box__back\">\n\t\t\t<div class=\"elementor-flip-box__layer__overlay\">\n\t\t\t\t<div class=\"elementor-flip-box__layer__inner\">\n\t\t\t\t\t\n\t\t\t\t\t\t\t\t\t\t\t<div class=\"elementor-flip-box__layer__description\">\n\t\t\t\t\t\t\tAz intuit\u00edv kezel\u0151szervek \u00e9s az automatikus funkci\u00f3k megk\u00f6nny\u00edtik \u00e9s z\u00f6kken\u0151mentess\u00e9 teszik a napi m\u0171k\u00f6d\u00e9st.\n\nAz automatiz\u00e1lt tiszt\u00edt\u00e1s \u00e9s paszt\u0151r\u00f6z\u00e9s cs\u00f6kkenti a munkaer\u0151t, \u00edgy \u00d6n a v\u00e1s\u00e1rl\u00f3k kiszolg\u00e1l\u00e1s\u00e1ra \u00f6sszpontos\u00edthat.\t\t\t\t\t\t<\/div>\n\t\t\t\t\t\n\t\t\t\t\t\t\t\t<\/div>\n\t\t<\/div>\n\t\t<\/div>\n\t\t<\/div>\n\t\t\t\t\t\t<\/div>\n\t\t\t\t<\/div>\n\t\t\t\t<div class=\"elementor-element elementor-element-74097f3 elementor-flip-box--effect-fade elementor-widget elementor-widget-flip-box\" data-id=\"74097f3\" data-element_type=\"widget\" data-e-type=\"widget\" data-widget_type=\"flip-box.default\">\n\t\t\t\t<div class=\"elementor-widget-container\">\n\t\t\t\t\t\t\t<div class=\"elementor-flip-box\" tabindex=\"0\">\n\t\t\t<div class=\"elementor-flip-box__layer elementor-flip-box__front\">\n\t\t\t\t<div class=\"elementor-flip-box__layer__overlay\">\n\t\t\t\t\t<div class=\"elementor-flip-box__layer__inner\">\n\t\t\t\t\t\t\n\t\t\t\t\t\t\t\t\t\t\t\t\t<h3 class=\"elementor-flip-box__layer__title\">\n\t\t\t\t\t\t\t\tGlob\u00e1lis t\u00e1mogat\u00e1si h\u00e1l\u00f3zat\t\t\t\t\t\t\t<\/h3>\n\t\t\t\t\t\t\n\t\t\t\t\t\t\t\t\t\t\t<\/div>\n\t\t\t\t<\/div>\n\t\t\t<\/div>\n\t\t\t<div class=\"elementor-flip-box__layer elementor-flip-box__back\">\n\t\t\t<div class=\"elementor-flip-box__layer__overlay\">\n\t\t\t\t<div class=\"elementor-flip-box__layer__inner\">\n\t\t\t\t\t\n\t\t\t\t\t\t\t\t\t\t\t<div class=\"elementor-flip-box__layer__description\">\n\t\t\t\t\t\t\tVil\u00e1gszerte t\u00f6bb mint 50 gy\u00e1rban k\u00e9pzett csapat t\u00e1mogatja a gyors, megb\u00edzhat\u00f3 szerviz \u00e9s a p\u00f3talkatr\u00e9szek beszerz\u00e9s\u00e9t.\n\nA vil\u00e1gm\u00e9ret\u0171 h\u00e1l\u00f3zat biztos\u00edtja a m\u0171szaki t\u00e1mogat\u00e1shoz \u00e9s az eredeti alkatr\u00e9szekhez val\u00f3 gyors hozz\u00e1f\u00e9r\u00e9st, b\u00e1rhol is legyen.\t\t\t\t\t\t<\/div>\n\t\t\t\t\t\n\t\t\t\t\t\t\t\t<\/div>\n\t\t<\/div>\n\t\t<\/div>\n\t\t<\/div>\n\t\t\t\t\t\t<\/div>\n\t\t\t\t<\/div>\n\t\t\t\t\t<\/div>\n\t\t\t\t<\/div>\n\t\t<div class=\"elementor-element elementor-element-81947d2 e-flex e-con-boxed e-con e-parent\" data-id=\"81947d2\" data-element_type=\"container\" data-e-type=\"container\" data-settings=\"{&quot;jet_parallax_layout_list&quot;:[]}\">\n\t\t\t\t\t<div class=\"e-con-inner\">\n\t\t<div class=\"elementor-element elementor-element-fc66381 e-con-full e-flex e-con e-child\" data-id=\"fc66381\" data-element_type=\"container\" data-e-type=\"container\" data-settings=\"{&quot;jet_parallax_layout_list&quot;:[]}\">\n\t\t\t\t<div class=\"elementor-element elementor-element-58f774d elementor-widget elementor-widget-video\" data-id=\"58f774d\" data-element_type=\"widget\" data-e-type=\"widget\" data-settings=\"{&quot;youtube_url&quot;:&quot;https:\\\/\\\/www.youtube.com\\\/watch?v=F-sF4syow2I&quot;,&quot;autoplay&quot;:&quot;yes&quot;,&quot;play_on_mobile&quot;:&quot;yes&quot;,&quot;mute&quot;:&quot;yes&quot;,&quot;loop&quot;:&quot;yes&quot;,&quot;video_type&quot;:&quot;youtube&quot;}\" data-widget_type=\"video.default\">\n\t\t\t\t<div class=\"elementor-widget-container\">\n\t\t\t\t\t\t\t<div class=\"elementor-wrapper elementor-open-inline\">\n\t\t\t<div class=\"elementor-video\"><\/div>\t\t<\/div>\n\t\t\t\t\t\t<\/div>\n\t\t\t\t<\/div>\n\t\t\t\t<\/div>\n\t\t<div class=\"elementor-element elementor-element-5d444f3 e-con-full e-flex e-con e-child\" data-id=\"5d444f3\" data-element_type=\"container\" data-e-type=\"container\" data-settings=\"{&quot;jet_parallax_layout_list&quot;:[]}\">\n\t\t\t\t<div class=\"elementor-element elementor-element-48f9765 elementor-widget elementor-widget-heading\" data-id=\"48f9765\" data-element_type=\"widget\" data-e-type=\"widget\" data-widget_type=\"heading.default\">\n\t\t\t\t<div class=\"elementor-widget-container\">\n\t\t\t\t\t<h3 class=\"elementor-heading-title elementor-size-default\">Az Spaceman<\/h3>\t\t\t\t<\/div>\n\t\t\t\t<\/div>\n\t\t\t\t<div class=\"elementor-element elementor-element-73e1eac elementor-widget elementor-widget-text-editor\" data-id=\"73e1eac\" data-element_type=\"widget\" data-e-type=\"widget\" data-widget_type=\"text-editor.default\">\n\t\t\t\t<div class=\"elementor-widget-container\">\n\t\t\t\t\t\t\t\t\t<p><span style=\"font-weight: 400;\">Az 1997-ben alap\u00edtott Spaceman vezet\u0151 szerepet t\u00f6lt be a pr\u00e9mium kateg\u00f3ri\u00e1s \u00fcd\u00edt\u0151ital-, turmix- \u00e9s fagyasztottital-g\u00e9pek tervez\u00e9s\u00e9ben \u00e9s gy\u00e1rt\u00e1s\u00e1ban. A k\u00ednai sz\u00e9khely\u0171 v\u00e1llalat m\u00e1ra glob\u00e1lis er\u0151m\u0171v\u00e9 v\u00e1lt, \u00e9s t\u00f6bb mint 130 orsz\u00e1gba sz\u00e1ll\u00edt berendez\u00e9seket. Szabadalmaztatott, szabadalmaztatott technol\u00f3gi\u00e1jukat a legmodernebb l\u00e9tes\u00edtm\u00e9nyekben gy\u00e1rtj\u00e1k, amelyek megfelelnek a legmagasabb nemzetk\u00f6zi \u00e9lelmiszer- \u00e9s biztons\u00e1gi el\u0151\u00edr\u00e1soknak.<\/span><\/p><p><span style=\"font-weight: 400;\">A Spaceman berendez\u00e9seit vil\u00e1gszerte elismerik a k\u00f6vetkez\u0151k miatt:<\/span><\/p><ul><li style=\"font-weight: 400;\" aria-level=\"1\"><span style=\"font-weight: 400;\">\u00c9lvonalbeli technol\u00f3gia szabadalmaztatott formatervez\u00e9ssel<\/span><\/li><li style=\"font-weight: 400;\" aria-level=\"1\"><span style=\"font-weight: 400;\">Nagy kapacit\u00e1s \u00e9s egyenletes term\u00e9kmin\u0151s\u00e9g<\/span><\/li><li style=\"font-weight: 400;\" aria-level=\"1\"><span style=\"font-weight: 400;\">Energiahat\u00e9kony m\u0171k\u00f6d\u00e9s \u00e9s biztons\u00e1g garant\u00e1l\u00e1sa<\/span><\/li><li style=\"font-weight: 400;\" aria-level=\"1\"><span style=\"font-weight: 400;\">Sima \u00e9s kr\u00e9mes kimenet, amit a v\u00e1s\u00e1rl\u00f3k szeretnek<\/span><\/li><\/ul><p><span style=\"font-weight: 400;\">A Spaceman, amelyet vil\u00e1gszerte t\u00f6bb mint 50 gy\u00e1rban k\u00e9pzett szerviz- \u00e9s t\u00e1mogat\u00e1si csapat t\u00e1mogat, a folyamatos innov\u00e1ci\u00f3t az \u00fcgyfelek sikere ir\u00e1nti elk\u00f6telezetts\u00e9ggel \u00f6tv\u00f6zi. Ezt a kiv\u00e1l\u00f3s\u00e1got hozzuk el \u00d6nnek, kreat\u00edv, hat\u00e9kony megold\u00e1sokkal seg\u00edt\u00fcnk megoldani a kih\u00edv\u00e1sokat \u00e9s n\u00f6velni v\u00e1llalkoz\u00e1s\u00e1t.<\/span><\/p>\t\t\t\t\t\t\t\t<\/div>\n\t\t\t\t<\/div>\n\t\t\t\t<\/div>\n\t\t\t\t\t<\/div>\n\t\t\t\t<\/div>\n\t\t<div class=\"elementor-element elementor-element-4e2ee7b e-flex e-con-boxed e-con e-parent\" data-id=\"4e2ee7b\" data-element_type=\"container\" data-e-type=\"container\" data-settings=\"{&quot;jet_parallax_layout_list&quot;:[]}\">\n\t\t\t\t\t<div class=\"e-con-inner\">\n\t\t\t\t<div class=\"elementor-element elementor-element-052617c elementor-widget elementor-widget-menu-anchor\" data-id=\"052617c\" data-element_type=\"widget\" data-e-type=\"widget\" data-widget_type=\"menu-anchor.default\">\n\t\t\t\t<div class=\"elementor-widget-container\">\n\t\t\t\t\t\t\t<div class=\"elementor-menu-anchor\" id=\"machines\"><\/div>\n\t\t\t\t\t\t<\/div>\n\t\t\t\t<\/div>\n\t\t\t\t<div class=\"elementor-element elementor-element-5c40ade elementor-widget elementor-widget-heading\" data-id=\"5c40ade\" data-element_type=\"widget\" data-e-type=\"widget\" data-widget_type=\"heading.default\">\n\t\t\t\t<div class=\"elementor-widget-container\">\n\t\t\t\t\t<h2 class=\"elementor-heading-title elementor-size-default\">Spaceman sorozat \u00e1ttekint\u00e9se<\/h2>\t\t\t\t<\/div>\n\t\t\t\t<\/div>\n\t\t\t\t\t<\/div>\n\t\t\t\t<\/div>\n\t\t<div class=\"elementor-element elementor-element-64cac6a e-flex e-con-boxed e-con e-parent\" data-id=\"64cac6a\" data-element_type=\"container\" data-e-type=\"container\" data-settings=\"{&quot;jet_parallax_layout_list&quot;:[]}\">\n\t\t\t\t\t<div class=\"e-con-inner\">\n\t\t\t\t<div class=\"elementor-element elementor-element-686d40c elementor-widget elementor-widget-jet-image-accordion\" data-id=\"686d40c\" data-element_type=\"widget\" data-e-type=\"widget\" id=\"acc\" data-widget_type=\"jet-image-accordion.default\">\n\t\t\t\t<div class=\"elementor-widget-container\">\n\t\t\t\t\t<div class=\"elementor-jet-image-accordion jet-tabs-addons\"><div class=\"jet-image-accordion jet-image-accordion-vertical-orientation jet-image-accordion-circ-ease\" role=\"tablist\" data-settings=\"{&quot;orientation&quot;:&quot;vertical&quot;,&quot;activeSize&quot;:{&quot;unit&quot;:&quot;%&quot;,&quot;size&quot;:50,&quot;sizes&quot;:[]},&quot;duration&quot;:500,&quot;activeItem&quot;:-1}\">\n\t<div class=\"jet-image-accordion__list\">\n<div class=\"jet-image-accordion__item title-display-mode__on_both_states\" role=\"tab\" aria-selected=\"false\" tabindex=\"0\">\n<img decoding=\"async\" class=\"jet-image-accordion__image-instance\" src=\"https:\/\/dersuessestopp.com\/wp-content\/uploads\/2025\/08\/spaceman-1.jpg\" alt=\"\u0170rhaj\u00f3s-1\">\n\t\t\t<h5 class=\"jet-image-accordion__title-default\">Elite sorozat<\/h5>\t\n\t<div class=\"jet-image-accordion__content\">\n\t\t<h5 class=\"jet-image-accordion__title\">Elite sorozat<\/h5><div class=\"jet-image-accordion__desc\">A fejlett automatikus paszt\u0151r\u00f6z\u00e9s \u00e9s az intelligens vez\u00e9rl\u00e9s higi\u00e9nikus, konzisztens l\u00e1gy t\u00e1lal\u00e1st biztos\u00edt - ide\u00e1lis a pr\u00e9mium min\u0151s\u00e9get \u00e9s hat\u00e9konys\u00e1got ig\u00e9nyl\u0151 v\u00e1llalkoz\u00e1sok sz\u00e1m\u00e1ra.<\/div><a class=\"elementor-button elementor-size-md jet-image-accordion__button\" role=\"button\" tabindex=\"0\" href=\"https:\/\/dersuessestopp.com\/hu\/urhajos-elit-sorozat\/\">Fedezze fel az Elite sorozatot<\/a><\/div>\n\t<div class=\"jet-image-accordion__item-loader\"><span><\/span><\/div>\n<\/div>\n<div class=\"jet-image-accordion__item title-display-mode__on_both_states\" role=\"tab\" aria-selected=\"false\" tabindex=\"0\">\n<img decoding=\"async\" class=\"jet-image-accordion__image-instance\" src=\"https:\/\/dersuessestopp.com\/wp-content\/uploads\/2025\/09\/how-does-a-soft-serve-ice-cream-machine-work-1692092117.jpg\" alt=\"how-does-a-soft-serve-ice-cream-machine-work-1692092117\">\n\t\t\t<h5 class=\"jet-image-accordion__title-default\">Premier sorozat<\/h5>\t\n\t<div class=\"jet-image-accordion__content\">\n\t\t<h5 class=\"jet-image-accordion__title\">Premier sorozat<\/h5><div class=\"jet-image-accordion__desc\">Nagy teljes\u00edtm\u00e9ny\u0171 fagyaszt\u00e1si kapacit\u00e1s \u00e9s sokoldal\u00fa funkci\u00f3k, amelyeket forgalmas helyekre \u00e9p\u00edtettek. Kiv\u00e1l\u00f3 min\u0151s\u00e9g\u0171 l\u00e1gy t\u00e1lal\u00e1s, ami miatt a v\u00e1s\u00e1rl\u00f3k visszat\u00e9rnek.<\/div><a class=\"elementor-button elementor-size-md jet-image-accordion__button\" role=\"button\" tabindex=\"0\" href=\"https:\/\/dersuessestopp.com\/hu\/spaceman-premier-sorozat-info\/\">Discover Premier sorozat<\/a><\/div>\n\t<div class=\"jet-image-accordion__item-loader\"><span><\/span><\/div>\n<\/div>\n<div class=\"jet-image-accordion__item title-display-mode__on_both_states\" role=\"tab\" aria-selected=\"false\" tabindex=\"0\">\n<img decoding=\"async\" class=\"jet-image-accordion__image-instance\" src=\"https:\/\/dersuessestopp.com\/wp-content\/uploads\/2025\/08\/Screenshot-2025-08-22-at-03.33.13-1.png\" alt=\"Pillanatk\u00e9p 2025-08-22 03.33.13 1\">\n\t\t\t<h5 class=\"jet-image-accordion__title-default\">Fagyasztott italok sorozat<\/h5>\t\n\t<div class=\"jet-image-accordion__content\">\n\t\t<h5 class=\"jet-image-accordion__title\">Fagyasztott italok sorozat<\/h5><div class=\"jet-image-accordion__desc\">Nagy teljes\u00edtm\u00e9ny\u0171 g\u00e9pek fagyasztott italokhoz - t\u00f6k\u00e9letes a slush, a fagyasztott kokt\u00e9lok \u00e9s a k\u00fcl\u00f6nleges italok k\u00e9sz\u00edt\u00e9s\u00e9hez, hogy b\u0151v\u00edtse \u00e9tlapj\u00e1t.<\/div><a class=\"elementor-button elementor-size-md jet-image-accordion__button\" role=\"button\" tabindex=\"0\" href=\"https:\/\/dersuessestopp.com\/hu\/fagyasztott-italgepek-info\/\">L\u00e1sd a Fagyasztott italok sorozatot<\/a><\/div>\n\t<div class=\"jet-image-accordion__item-loader\"><span><\/span><\/div>\n<\/div>\n<\/div>\n<\/div>\n<\/div>\t\t\t\t<\/div>\n\t\t\t\t<\/div>\n\t\t\t\t\t<\/div>\n\t\t\t\t<\/div>\n\t\t<div class=\"elementor-element elementor-element-d5af625 e-flex e-con-boxed e-con e-parent\" data-id=\"d5af625\" data-element_type=\"container\" data-e-type=\"container\" data-settings=\"{&quot;jet_parallax_layout_list&quot;:[]}\">\n\t\t\t\t\t<div class=\"e-con-inner\">\n\t\t<div class=\"elementor-element elementor-element-867c9f8 e-con-full e-flex e-con e-child\" data-id=\"867c9f8\" data-element_type=\"container\" data-e-type=\"container\" data-settings=\"{&quot;jet_parallax_layout_list&quot;:[]}\">\n\t\t\t\t<div class=\"elementor-element elementor-element-f57c434 elementor-widget elementor-widget-heading\" data-id=\"f57c434\" data-element_type=\"widget\" data-e-type=\"widget\" data-widget_type=\"heading.default\">\n\t\t\t\t<div class=\"elementor-widget-container\">\n\t\t\t\t\t<h3 class=\"elementor-heading-title elementor-size-default\">A legjobb Spaceman modellek az \u00d6n \u00fczleti siker\u00e9hez<\/h3>\t\t\t\t<\/div>\n\t\t\t\t<\/div>\n\t\t\t\t<div class=\"elementor-element elementor-element-230540f elementor-widget elementor-widget-text-editor\" data-id=\"230540f\" data-element_type=\"widget\" data-e-type=\"widget\" data-widget_type=\"text-editor.default\">\n\t\t\t\t<div class=\"elementor-widget-container\">\n\t\t\t\t\t\t\t\t\t<p><span style=\"font-weight: 400;\">Fedezze fel a legkelend\u0151bb Spaceman g\u00e9peket, amelyek a tart\u00f3ss\u00e1got, a teljes\u00edtm\u00e9nyt \u00e9s a megfizethet\u0151s\u00e9get \u00f6tv\u00f6zik. T\u00f6k\u00e9letes a kezd\u0151 v\u00e1llalkoz\u00e1sok vagy a m\u00e9retn\u00f6vel\u0151 v\u00e1llalkoz\u00e1sok sz\u00e1m\u00e1ra - nagyszer\u0171 eredm\u00e9nyeket ny\u00fajt kompromisszumok n\u00e9lk\u00fcl.<\/span><\/p>\t\t\t\t\t\t\t\t<\/div>\n\t\t\t\t<\/div>\n\t\t\t\t<div class=\"elementor-element elementor-element-3e7bc9a elementor-align-right elementor-mobile-align-right elementor-widget elementor-widget-button\" data-id=\"3e7bc9a\" data-element_type=\"widget\" data-e-type=\"widget\" data-widget_type=\"button.default\">\n\t\t\t\t<div class=\"elementor-widget-container\">\n\t\t\t\t\t\t\t\t\t<div class=\"elementor-button-wrapper\">\n\t\t\t\t\t<a class=\"elementor-button elementor-button-link elementor-size-sm elementor-animation-grow\" href=\"https:\/\/dersuessestopp.com\/hu\/product-category\/minden-termek\/maschinery\/uditoitalos-gepek\/urhajos\/\">\n\t\t\t\t\t\t<span class=\"elementor-button-content-wrapper\">\n\t\t\t\t\t\t\t\t\t<span class=\"elementor-button-text\">Fedezze fel a legjobb g\u00e9peket<\/span>\n\t\t\t\t\t<\/span>\n\t\t\t\t\t<\/a>\n\t\t\t\t<\/div>\n\t\t\t\t\t\t\t\t<\/div>\n\t\t\t\t<\/div>\n\t\t\t\t<\/div>\n\t\t<div class=\"elementor-element elementor-element-27c8455 e-con-full e-flex e-con e-child\" data-id=\"27c8455\" data-element_type=\"container\" data-e-type=\"container\" data-settings=\"{&quot;jet_parallax_layout_list&quot;:[]}\">\n\t\t\t\t<div class=\"elementor-element elementor-element-cef21ec elementor-widget elementor-widget-image\" data-id=\"cef21ec\" data-element_type=\"widget\" data-e-type=\"widget\" data-widget_type=\"image.default\">\n\t\t\t\t<div class=\"elementor-widget-container\">\n\t\t\t\t\t\t\t\t\t\t\t\t\t\t\t<img fetchpriority=\"high\" decoding=\"async\" width=\"799\" height=\"431\" src=\"https:\/\/dersuessestopp.com\/wp-content\/uploads\/2025\/08\/Screenshot-2025-08-22-at-03.30.34-1.png\" class=\"attachment-large size-large wp-image-5883\" alt=\"\" srcset=\"https:\/\/dersuessestopp.com\/wp-content\/uploads\/2025\/08\/Screenshot-2025-08-22-at-03.30.34-1.png 799w, https:\/\/dersuessestopp.com\/wp-content\/uploads\/2025\/08\/Screenshot-2025-08-22-at-03.30.34-1-250x135.png 250w, https:\/\/dersuessestopp.com\/wp-content\/uploads\/2025\/08\/Screenshot-2025-08-22-at-03.30.34-1-600x324.png 600w, https:\/\/dersuessestopp.com\/wp-content\/uploads\/2025\/08\/Screenshot-2025-08-22-at-03.30.34-1-300x162.png 300w, https:\/\/dersuessestopp.com\/wp-content\/uploads\/2025\/08\/Screenshot-2025-08-22-at-03.30.34-1-768x414.png 768w\" sizes=\"(max-width: 799px) 100vw, 799px\" \/>\t\t\t\t\t\t\t\t\t\t\t\t\t\t\t<\/div>\n\t\t\t\t<\/div>\n\t\t\t\t<\/div>\n\t\t\t\t\t<\/div>\n\t\t\t\t<\/div>\n\t\t\t\t<\/div>","protected":false},"excerpt":{"rendered":"<p>Spaceman Soft Serve &amp; Frozen Drink Machines Smart Value for Growing Businesses Reliable, high-quality machines engineered for creamy soft serve and refreshing frozen drinks. Perfect for startups and expanding businesses seeking great performance at a competitive price. Explore Spaceman Machines Why Choose Spaceman? Four Core Strengths That Set Us Apart Precision &amp; Innovation Patented cutting-edge [&hellip;]<\/p>\n","protected":false},"author":2,"featured_media":0,"parent":0,"menu_order":0,"comment_status":"closed","ping_status":"closed","template":"","meta":{"footnotes":""},"class_list":["post-4191","page","type-page","status-publish","hentry"],"_links":{"self":[{"href":"https:\/\/dersuessestopp.com\/hu\/wp-json\/wp\/v2\/pages\/4191","targetHints":{"allow":["GET"]}}],"collection":[{"href":"https:\/\/dersuessestopp.com\/hu\/wp-json\/wp\/v2\/pages"}],"about":[{"href":"https:\/\/dersuessestopp.com\/hu\/wp-json\/wp\/v2\/types\/page"}],"author":[{"embeddable":true,"href":"https:\/\/dersuessestopp.com\/hu\/wp-json\/wp\/v2\/users\/2"}],"replies":[{"embeddable":true,"href":"https:\/\/dersuessestopp.com\/hu\/wp-json\/wp\/v2\/comments?post=4191"}],"version-history":[{"count":137,"href":"https:\/\/dersuessestopp.com\/hu\/wp-json\/wp\/v2\/pages\/4191\/revisions"}],"predecessor-version":[{"id":14475,"href":"https:\/\/dersuessestopp.com\/hu\/wp-json\/wp\/v2\/pages\/4191\/revisions\/14475"}],"wp:attachment":[{"href":"https:\/\/dersuessestopp.com\/hu\/wp-json\/wp\/v2\/media?parent=4191"}],"curies":[{"name":"wp","href":"https:\/\/api.w.org\/{rel}","templated":true}]}}