{"id":3,"date":"2025-03-18T19:05:05","date_gmt":"2025-03-18T19:05:05","guid":{"rendered":"http:\/\/dersuessestopp.com\/?page_id=3"},"modified":"2025-10-08T21:57:54","modified_gmt":"2025-10-08T21:57:54","slug":"adatvedelmi-politika","status":"publish","type":"page","link":"https:\/\/dersuessestopp.com\/hu\/privacy-policy\/","title":{"rendered":"Privacy Policy"},"content":{"rendered":"<div data-elementor-type=\"wp-page\" data-elementor-id=\"3\" class=\"elementor elementor-3\" data-elementor-post-type=\"page\">\n\t\t\t\t<div class=\"elementor-element elementor-element-39d5c895 e-flex e-con-boxed e-con e-parent\" data-id=\"39d5c895\" data-element_type=\"container\" data-e-type=\"container\" data-settings=\"{&quot;jet_parallax_layout_list&quot;:[]}\">\n\t\t\t\t\t<div class=\"e-con-inner\">\n\t\t\t\t<div class=\"elementor-element elementor-element-0b2298f elementor-widget elementor-widget-heading\" data-id=\"0b2298f\" data-element_type=\"widget\" data-e-type=\"widget\" data-widget_type=\"heading.default\">\n\t\t\t\t<div class=\"elementor-widget-container\">\n\t\t\t\t\t<h2 class=\"elementor-heading-title elementor-size-default\">A Sweet Stop adatv\u00e9delmi ir\u00e1nyelvei<\/h2>\t\t\t\t<\/div>\n\t\t\t\t<\/div>\n\t\t\t\t<div class=\"elementor-element elementor-element-369bf513 elementor-widget elementor-widget-text-editor\" data-id=\"369bf513\" data-element_type=\"widget\" data-e-type=\"widget\" data-widget_type=\"text-editor.default\">\n\t\t\t\t<div class=\"elementor-widget-container\">\n\t\t\t\t\t\t\t\t\t\n<h1 class=\"wp-block-heading\">\u00a0<\/h1>\n<p class=\"font_8 wixui-rich-text__text\">Az \u00d6n szem\u00e9lyes adatainak v\u00e9delme fontos sz\u00e1munkra. Az al\u00e1bbiakban t\u00e1j\u00e9koztatjuk \u00d6nt az \u00d6n adatainak weboldalainkon t\u00f6rt\u00e9n\u0151 gy\u0171jt\u00e9s\u00e9r\u0151l \u00e9s felhaszn\u00e1l\u00e1s\u00e1r\u00f3l.\u00a0<span class=\"wixui-rich-text__text\"><a class=\"wixui-rich-text__text\" href=\"https:\/\/dersuessestopp.com\/hu\/\" target=\"_blank\" rel=\"noopener\" data-auto-recognition=\"true\">www.dersuessestopp.com<\/a>\u00a0,\u00a0<a class=\"wixui-rich-text__text\" href=\"http:\/\/www.softeis-investition.com\/\" target=\"_blank\" rel=\"noopener\" data-auto-recognition=\"true\">www.softeis-investition.com<\/a><\/span>\u00a0\u00a0, \u00e9s\u00a0<span class=\"wixui-rich-text__text\"><a class=\"wixui-rich-text__text\" href=\"http:\/\/www.dersuessestopp-graz.com\/\" target=\"_blank\" rel=\"noopener\" data-auto-recognition=\"true\">www.dersuessestopp-graz.com<\/a><\/span>\u00a0\u00a0, valamint a Facebook \u00e9s Instagram oldalainkon.<\/p>\n<p class=\"font_8 wixui-rich-text__text\">\u00a0<\/p>\n<p class=\"font_8 wixui-rich-text__text\"><span class=\"wixui-rich-text__text\">Felel\u0151s szerv<\/span><\/p>\n<p class=\"font_8 wixui-rich-text__text\">Az \u00e1ltal\u00e1nos adatv\u00e9delmi rendelet (GDPR) \u00e9rtelm\u00e9ben a felel\u0151s szerv:<\/p>\n<p class=\"font_8 wixui-rich-text__text\">**\u00a0<span class=\"wixui-rich-text__text\">Az \u00e9des meg\u00e1ll\u00f3<\/span>\u00a0** \u00a0<br class=\"wixui-rich-text__text\" \/>Tulajdonos: Zoran Obradovic \u00a0<br class=\"wixui-rich-text__text\" \/>Seepromenade 22 \u00a0<br class=\"wixui-rich-text__text\" \/>6213 Pertisau, Ausztria \u00a0<br class=\"wixui-rich-text__text\" \/>E-mail: info@dersuessestopp.com<\/p>\n<p class=\"font_8 wixui-rich-text__text\"><span class=\"wixGuard wixui-rich-text__text\">\u200b<\/span><\/p>\n<p class=\"font_8 wixui-rich-text__text\"><span class=\"wixui-rich-text__text\">1. Az adatok gy\u0171jt\u00e9se \u00e9s felhaszn\u00e1l\u00e1sa<\/span><\/p>\n<p class=\"font_8 wixui-rich-text__text\"><span class=\"wixui-rich-text__text\"><span class=\"wixGuard wixui-rich-text__text\">\u200b<\/span><\/span><\/p>\n<p class=\"font_8 wixui-rich-text__text\"><span class=\"wixui-rich-text__text\">1.1 L\u00e1togat\u00e1s a weboldalunkon<\/span><\/p>\n<p class=\"font_8 wixui-rich-text__text\">Minden alkalommal, amikor \u00d6n megl\u00e1togatja weboldalunkat, automatikusan t\u00e1roljuk a hozz\u00e1f\u00e9r\u00e9ssel kapcsolatos inform\u00e1ci\u00f3kat az \u00fagynevezett napl\u00f3f\u00e1jlokban. A k\u00f6vetkez\u0151 adatokat gy\u0171jtj\u00fck:<\/p>\n<p class=\"font_8 wixui-rich-text__text\">- A l\u00e1togat\u00f3 IP-c\u00edme<br class=\"wixui-rich-text__text\" \/>- A hozz\u00e1f\u00e9r\u00e9s d\u00e1tuma \u00e9s id\u0151pontja<br class=\"wixui-rich-text__text\" \/>- A k\u00e9rt oldal vagy f\u00e1jl<br class=\"wixui-rich-text__text\" \/>- \u00c1tvitt adatok mennyis\u00e9ge<br class=\"wixui-rich-text__text\" \/>- A lek\u00e9rdez\u00e9s sikere (st\u00e1tusz)<\/p>\n<p class=\"font_8 wixui-rich-text__text\">Ezeket az inform\u00e1ci\u00f3kat kiz\u00e1r\u00f3lag weboldalunk technikai elemz\u00e9s\u00e9hez \u00e9s optimaliz\u00e1l\u00e1s\u00e1hoz haszn\u00e1ljuk. Az adatokat 14 napig t\u00e1roljuk, \u00e9s nem vonjuk \u00f6ssze m\u00e1s adatforr\u00e1sokkal.<\/p>\n<p class=\"font_8 wixui-rich-text__text\">\u00a0<\/p>\n<p class=\"font_8 wixui-rich-text__text\"><span class=\"wixui-rich-text__text\">1.2 Kapcsolatfelv\u00e9teli \u0171rlap \u00e9s e-mail kapcsolatfelv\u00e9tel<\/span><\/p>\n<p class=\"font_8 wixui-rich-text__text\">Ha a kapcsolatfelv\u00e9teli \u0171rlapon vagy e-mailben l\u00e9p kapcsolatba vel\u00fcnk, akkor a k\u00e9r\u00e9s\u00e9nek feldolgoz\u00e1sa \u00e9rdek\u00e9ben elmentj\u00fck az \u00d6n \u00e1ltal megadott adatokat. Az \u00d6n adatait kiz\u00e1r\u00f3lag az \u00d6n k\u00e9r\u00e9s\u00e9nek feldolgoz\u00e1s\u00e1ra haszn\u00e1ljuk fel, \u00e9s nem adjuk \u00e1t harmadik f\u00e9lnek, kiv\u00e9ve, ha ez sz\u00fcks\u00e9ges vagy t\u00f6rv\u00e9ny \u00e1ltal el\u0151\u00edrt. A feldolgoz\u00e1s befejez\u00e9se ut\u00e1n az \u00d6n adatait t\u00f6r\u00f6lj\u00fck, kiv\u00e9ve, ha a t\u00f6rv\u00e9ny el\u0151\u00edrja azok meg\u0151rz\u00e9s\u00e9t.<\/p>\n<p class=\"font_8 wixui-rich-text__text\">\u00a0<\/p>\n<p class=\"font_8 wixui-rich-text__text\"><span class=\"wixui-rich-text__text\">1.3 Online bolt<\/span><\/p>\n<p class=\"font_8 wixui-rich-text__text\">Amikor megrendel\u00e9seket ad le online \u00e1ruh\u00e1zunkban, szem\u00e9lyes adatokat gy\u0171jt\u00fcnk \u00e9s t\u00e1rolunk, p\u00e9ld\u00e1ul az \u00d6n nev\u00e9t, c\u00edm\u00e9t \u00e9s e-mail c\u00edm\u00e9t. Ezeket az adatokat kiz\u00e1r\u00f3lag az \u00d6n megrendel\u00e9s\u00e9nek feldolgoz\u00e1s\u00e1ra haszn\u00e1ljuk, \u00e9s a t\u00f6rv\u00e9nyi el\u0151\u00edr\u00e1soknak megfelel\u0151en t\u00e1roljuk.<\/p>\n<p class=\"font_8 wixui-rich-text__text\">\u00a0<\/p>\n<p class=\"font_8 wixui-rich-text__text\"><span class=\"wixui-rich-text__text\">2. S\u00fctik<\/span><\/p>\n<p class=\"font_8 wixui-rich-text__text\">Weboldalunk s\u00fctiket haszn\u00e1l a felhaszn\u00e1l\u00f3i \u00e9lm\u00e9ny jav\u00edt\u00e1sa \u00e9s a weboldal haszn\u00e1lat\u00e1ra vonatkoz\u00f3 statisztikai adatok gy\u0171jt\u00e9se \u00e9rdek\u00e9ben. A b\u00f6ng\u00e9sz\u0151 megfelel\u0151 be\u00e1ll\u00edt\u00e1sainak kiv\u00e1laszt\u00e1s\u00e1val megakad\u00e1lyozhatja a s\u00fctik ment\u00e9s\u00e9t. Ez azonban korl\u00e1tozhatja a weboldal haszn\u00e1lat\u00e1nak lehet\u0151s\u00e9g\u00e9t.<\/p>\n<p class=\"font_8 wixui-rich-text__text\">\u00a0<\/p>\n<p class=\"font_8 wixui-rich-text__text\"><span class=\"wixui-rich-text__text\">3. K\u00f6z\u00f6ss\u00e9gi m\u00e9dia pluginok<\/span><\/p>\n<p class=\"font_8 wixui-rich-text__text\">A Facebook \u00e9s az Instagram k\u00f6z\u00f6ss\u00e9gi m\u00e9dia pluginjait haszn\u00e1ljuk. Amikor \u00d6n megl\u00e1togat egy be\u00e1gyazott pluginnal rendelkez\u0151 oldalt, kapcsolat j\u00f6n l\u00e9tre a Facebook vagy az Instagram szervereivel, \u00e9s az \u00d6n IP-c\u00edme \u00e9s m\u00e1s inform\u00e1ci\u00f3k tov\u00e1bb\u00edt\u00e1sra ker\u00fclnek. Ha ez id\u0151 alatt bejelentkezik a Facebookra vagy az Instagramra, akkor ez a l\u00e1togat\u00e1s \u00f6sszekapcsolhat\u00f3 az \u00d6n profilj\u00e1val. Ennek elker\u00fcl\u00e9se \u00e9rdek\u00e9ben k\u00e9rj\u00fck, jelentkezzen ki az oldalunk megl\u00e1togat\u00e1sa el\u0151tt.<\/p>\n<p class=\"font_8 wixui-rich-text__text\">\u00a0<\/p>\n<p class=\"font_8 wixui-rich-text__text\"><span class=\"wixui-rich-text__text\">4. Az \u00e9rintett jogai<\/span><\/p>\n<p class=\"font_8 wixui-rich-text__text\">\u00d6nnek b\u00e1rmikor joga van t\u00e1j\u00e9koztat\u00e1st k\u00e9rni az \u00e1ltalunk t\u00e1rolt szem\u00e9lyes adatokr\u00f3l. Joga van tov\u00e1bb\u00e1 az adatai helyesb\u00edt\u00e9s\u00e9hez, z\u00e1rol\u00e1s\u00e1hoz vagy t\u00f6rl\u00e9s\u00e9hez, felt\u00e9ve, hogy nincsenek jogszab\u00e1lyban el\u0151\u00edrt, ezzel ellent\u00e9tes meg\u0151rz\u00e9si hat\u00e1rid\u0151k. \u00d6n b\u00e1rmikor visszavonhatja az adatfeldolgoz\u00e1shoz adott hozz\u00e1j\u00e1rul\u00e1s\u00e1t.<\/p>\n<p class=\"font_8 wixui-rich-text__text\">\u00a0<\/p>\n<p class=\"font_8 wixui-rich-text__text\"><span class=\"wixui-rich-text__text\">5. Az Adatv\u00e9delmi szab\u00e1lyzat m\u00f3dos\u00edt\u00e1sai<\/span><\/p>\n<p class=\"font_8 wixui-rich-text__text\">Fenntartjuk a jogot, hogy b\u00e1rmikor megv\u00e1ltoztassuk ezt az adatv\u00e9delmi szab\u00e1lyzatot. A legfrissebb v\u00e1ltozat el\u00e9rhet\u0151 a weboldalunkon.<\/p>\n<p class=\"font_8 wixui-rich-text__text\">2023 m\u00e1rcius\u00e1t\u00f3l<\/p>\n<p class=\"font_8 wixui-rich-text__text\">&#8212;<\/p>\n<p class=\"font_8 wixui-rich-text__text\"><span class=\"wixui-rich-text__text\">Adatv\u00e9delmi szab\u00e1lyzat a weboldalon t\u00f6rt\u00e9n\u0151 adatgy\u0171jt\u00e9shez<\/span><\/p>\n<p class=\"font_8 wixui-rich-text__text\">Gy\u0171jt\u00fcnk, t\u00e1rolunk \u00e9s t\u00e1rolunk minden olyan inform\u00e1ci\u00f3t, amelyet \u00d6n a weboldalunkon megad, vagy m\u00e1s m\u00f3don megad nek\u00fcnk. Ide tartoznak p\u00e9ld\u00e1ul az \u00d6n IP-c\u00edme, bejelentkez\u00e9si adatai, e-mail c\u00edme, v\u00e1s\u00e1rl\u00e1si el\u0151zm\u00e9nyei, valamint az oldal interakci\u00f3s adatai \u00e9s a webhelyen t\u00f6lt\u00f6tt id\u0151.<\/p>\n<p class=\"font_8 wixui-rich-text__text\">Amikor \u00d6n tranzakci\u00f3t hajt v\u00e9gre a weboldalunkon, szem\u00e9lyes adatokat gy\u0171jt\u00fcnk, p\u00e9ld\u00e1ul az \u00d6n nev\u00e9t, c\u00edm\u00e9t \u00e9s e-mail c\u00edm\u00e9t, amelyeket a megrendel\u00e9s feldolgoz\u00e1s\u00e1hoz haszn\u00e1lunk. Ezeket az inform\u00e1ci\u00f3kat kiz\u00e1r\u00f3lag a megadott c\u00e9lokra haszn\u00e1ljuk fel, \u00e9s az \u00d6n beleegyez\u00e9se n\u00e9lk\u00fcl nem osztjuk meg harmadik f\u00e9llel, kiv\u00e9ve, ha ezt t\u00f6rv\u00e9ny \u00edrja el\u0151.<\/p>\n<p class=\"font_8 wixui-rich-text__text\">Weboldalunkat a **Wix.com** \u00fczemelteti, amely platformot biztos\u00edt sz\u00e1munkra a term\u00e9kek \u00e9s szolg\u00e1ltat\u00e1sok ny\u00fajt\u00e1s\u00e1hoz. Az \u00d6n adatait biztons\u00e1gosan t\u00e1roljuk \u00e9s PCI-DSS-kompatibilis fizet\u00e9si \u00e1tj\u00e1r\u00f3kon kereszt\u00fcl dolgozzuk fel.<\/p>\n<p class=\"font_8 wixui-rich-text__text\">\u00a0<\/p>\n<p class=\"font_8 wixui-rich-text__text\"><span class=\"wixui-rich-text__text\">Az adatgy\u0171jt\u00e9s c\u00e9lja<\/span><\/p>\n<p class=\"font_8 wixui-rich-text__text\">Az \u00d6n szem\u00e9lyes adatait a k\u00f6vetkez\u0151 c\u00e9lokb\u00f3l gy\u0171jtj\u00fck:<br class=\"wixui-rich-text__text\" \/>- Szolg\u00e1ltat\u00e1saink ny\u00fajt\u00e1sa<br class=\"wixui-rich-text__text\" \/>- \u00dcgyf\u00e9l- \u00e9s m\u0171szaki t\u00e1mogat\u00e1s<br class=\"wixui-rich-text__text\" \/>- Szem\u00e9lyre szabott kommunik\u00e1ci\u00f3 \u00e9s aj\u00e1nlatok k\u00fcld\u00e9se<br class=\"wixui-rich-text__text\" \/>- Statisztikai adatok \u00f6ssze\u00e1ll\u00edt\u00e1sa szolg\u00e1ltat\u00e1saink jav\u00edt\u00e1sa \u00e9rdek\u00e9ben<br class=\"wixui-rich-text__text\" \/>- A jogi k\u00f6vetelm\u00e9nyeknek val\u00f3 megfelel\u00e9s<\/p>\n<p class=\"font_8 wixui-rich-text__text\">\u00a0<\/p>\n<p class=\"font_8 wixui-rich-text__text\"><span class=\"wixui-rich-text__text\">kapcsolatfelv\u00e9tel<\/span><\/p>\n<p class=\"font_8 wixui-rich-text__text\">Ha b\u00e1rmilyen k\u00e9rd\u00e9se vagy agg\u00e1lya van adatv\u00e9delmi szab\u00e1lyzatunkkal vagy az \u00d6n adatainak felhaszn\u00e1l\u00e1s\u00e1val kapcsolatban, b\u00e1rmikor kapcsolatba l\u00e9phet vel\u00fcnk a k\u00f6vetkez\u0151 c\u00edmen\u00a0<a class=\"wixui-rich-text__text\" href=\"mailto:info@dersuessestopp.com\" data-auto-recognition=\"true\">info@dersuessestopp.com<\/a>\u00a0.<\/p>\n<p class=\"font_8 wixui-rich-text__text\"><span class=\"wixGuard wixui-rich-text__text\">\u200b<\/span><\/p>\n<p class=\"font_8 wixui-rich-text__text\"><span class=\"wixui-rich-text__text\">Cookie szab\u00e1lyzat<\/span><\/p>\n<p class=\"font_8 wixui-rich-text__text\">S\u00fctiket haszn\u00e1lunk weboldalunk haszn\u00e1lat\u00e1nak optimaliz\u00e1l\u00e1s\u00e1ra \u00e9s a l\u00e1togat\u00f3i adatok elemz\u00e9s\u00e9re. Weboldalunk haszn\u00e1lat\u00e1val \u00d6n beleegyezik a cookie-k jelen ir\u00e1nyelvek szerinti haszn\u00e1lat\u00e1ba. \u00d6n azonban b\u00e1rmikor megv\u00e1ltoztathatja a cookie-be\u00e1ll\u00edt\u00e1sait, vagy elutas\u00edthatja a cookie-kat. Felh\u00edvjuk figyelm\u00e9t, hogy ez befoly\u00e1solhatja a weboldal m\u0171k\u00f6d\u00e9s\u00e9t.<\/p>\n<p class=\"font_8 wixui-rich-text__text\">&#8212;<\/p>\n<p class=\"font_8 wixui-rich-text__text\"><span class=\"wixui-rich-text__text\">Ez a fel\u00fclvizsg\u00e1lt adatv\u00e9delmi szab\u00e1lyzat vil\u00e1gos \u00e1ttekint\u00e9st ny\u00fajt a weboldalunkon \u00e9s a kapcsol\u00f3d\u00f3 k\u00f6z\u00f6ss\u00e9gi m\u00e9diaplatformokon t\u00f6rt\u00e9n\u0151 adatgy\u0171jt\u00e9sr\u0151l \u00e9s -feldolgoz\u00e1sr\u00f3l.<\/span><\/p>\t\t\t\t\t\t\t\t<\/div>\n\t\t\t\t<\/div>\n\t\t\t\t\t<\/div>\n\t\t\t\t<\/div>\n\t\t\t\t<\/div>","protected":false},"excerpt":{"rendered":"<p>Privacy Policy for The Sweet Stop \u00a0 The protection of your personal data is important to us. Below, we inform you about the collection and use of your data on our websites\u00a0www.dersuessestopp.com\u00a0,\u00a0www.softeis-investition.com\u00a0\u00a0, and\u00a0www.dersuessestopp-graz.com\u00a0\u00a0, as well as on our Facebook and Instagram pages. \u00a0 Responsible body The responsible body within the meaning of the General Data [&hellip;]<\/p>\n","protected":false},"author":1,"featured_media":0,"parent":0,"menu_order":0,"comment_status":"closed","ping_status":"open","template":"","meta":{"footnotes":""},"class_list":["post-3","page","type-page","status-publish","hentry"],"_links":{"self":[{"href":"https:\/\/dersuessestopp.com\/hu\/wp-json\/wp\/v2\/pages\/3","targetHints":{"allow":["GET"]}}],"collection":[{"href":"https:\/\/dersuessestopp.com\/hu\/wp-json\/wp\/v2\/pages"}],"about":[{"href":"https:\/\/dersuessestopp.com\/hu\/wp-json\/wp\/v2\/types\/page"}],"author":[{"embeddable":true,"href":"https:\/\/dersuessestopp.com\/hu\/wp-json\/wp\/v2\/users\/1"}],"replies":[{"embeddable":true,"href":"https:\/\/dersuessestopp.com\/hu\/wp-json\/wp\/v2\/comments?post=3"}],"version-history":[{"count":6,"href":"https:\/\/dersuessestopp.com\/hu\/wp-json\/wp\/v2\/pages\/3\/revisions"}],"predecessor-version":[{"id":11837,"href":"https:\/\/dersuessestopp.com\/hu\/wp-json\/wp\/v2\/pages\/3\/revisions\/11837"}],"wp:attachment":[{"href":"https:\/\/dersuessestopp.com\/hu\/wp-json\/wp\/v2\/media?parent=3"}],"curies":[{"name":"wp","href":"https:\/\/api.w.org\/{rel}","templated":true}]}}