{"id":13280,"date":"2025-10-15T22:03:51","date_gmt":"2025-10-15T22:03:51","guid":{"rendered":"https:\/\/dersuessestopp.com\/?page_id=13280"},"modified":"2025-10-22T12:32:35","modified_gmt":"2025-10-22T12:32:35","slug":"urhajos-elit-sorozat","status":"publish","type":"page","link":"https:\/\/dersuessestopp.com\/hu\/spaceman-elite-series\/","title":{"rendered":"Spaceman Elite Series inform\u00e1ci\u00f3"},"content":{"rendered":"<div data-elementor-type=\"wp-page\" data-elementor-id=\"13280\" class=\"elementor elementor-13280\" data-elementor-post-type=\"page\">\n\t\t\t\t<div class=\"elementor-element elementor-element-926e2f6 e-con-full e-flex e-con e-parent\" data-id=\"926e2f6\" data-element_type=\"container\" data-e-type=\"container\" data-settings=\"{&quot;jet_parallax_layout_list&quot;:[],&quot;background_background&quot;:&quot;classic&quot;}\">\n\t\t<div class=\"elementor-element elementor-element-5fc0b8e e-con-full e-flex e-con e-child\" data-id=\"5fc0b8e\" data-element_type=\"container\" data-e-type=\"container\" data-settings=\"{&quot;jet_parallax_layout_list&quot;:[],&quot;background_background&quot;:&quot;gradient&quot;}\">\n\t\t\t\t<div class=\"elementor-element elementor-element-cfc7be0 elementor-widget__width-initial elementor-widget elementor-widget-heading\" data-id=\"cfc7be0\" data-element_type=\"widget\" data-e-type=\"widget\" id=\"header_h12\" data-widget_type=\"heading.default\">\n\t\t\t\t<div class=\"elementor-widget-container\">\n\t\t\t\t\t<h2 class=\"elementor-heading-title elementor-size-default\">Spaceman Elite sorozat<\/h2>\t\t\t\t<\/div>\n\t\t\t\t<\/div>\n\t\t\t\t<div class=\"elementor-element elementor-element-e03c28e header_h123 elementor-widget elementor-widget-heading\" data-id=\"e03c28e\" data-element_type=\"widget\" data-e-type=\"widget\" id=\"header_h123\" data-widget_type=\"heading.default\">\n\t\t\t\t<div class=\"elementor-widget-container\">\n\t\t\t\t\t<h2 class=\"elementor-heading-title elementor-size-default\">Info<\/h2>\t\t\t\t<\/div>\n\t\t\t\t<\/div>\n\t\t<div class=\"elementor-element elementor-element-a3dd651 e-con-full e-flex e-con e-child\" data-id=\"a3dd651\" data-element_type=\"container\" data-e-type=\"container\" data-settings=\"{&quot;jet_parallax_layout_list&quot;:[]}\">\n\t\t\t\t<div class=\"elementor-element elementor-element-09cb8a9 elementor-align-center elementor-widget elementor-widget-button\" data-id=\"09cb8a9\" data-element_type=\"widget\" data-e-type=\"widget\" data-widget_type=\"button.default\">\n\t\t\t\t<div class=\"elementor-widget-container\">\n\t\t\t\t\t\t\t\t\t<div class=\"elementor-button-wrapper\">\n\t\t\t\t\t<a class=\"elementor-button elementor-button-link elementor-size-sm\" href=\"tel:43%20664%20321%2083%2091\">\n\t\t\t\t\t\t<span class=\"elementor-button-content-wrapper\">\n\t\t\t\t\t\t\t\t\t<span class=\"elementor-button-text\">MODELLEK FELFEDEZ\u00c9SE<\/span>\n\t\t\t\t\t<\/span>\n\t\t\t\t\t<\/a>\n\t\t\t\t<\/div>\n\t\t\t\t\t\t\t\t<\/div>\n\t\t\t\t<\/div>\n\t\t\t\t<\/div>\n\t\t\t\t<\/div>\n\t\t\t\t<\/div>\n\t\t<div class=\"elementor-element elementor-element-24dd6b1 e-flex e-con-boxed e-con e-parent\" data-id=\"24dd6b1\" data-element_type=\"container\" data-e-type=\"container\" data-settings=\"{&quot;jet_parallax_layout_list&quot;:[]}\">\n\t\t\t\t\t<div class=\"e-con-inner\">\n\t\t\t\t<div class=\"elementor-element elementor-element-d00dcea elementor-widget elementor-widget-html\" data-id=\"d00dcea\" data-element_type=\"widget\" data-e-type=\"widget\" data-widget_type=\"html.default\">\n\t\t\t\t<div class=\"elementor-widget-container\">\n\t\t\t\t\t<!-- ELITE \u2014 matches Premier layout -->\r\n<section id=\"elite-series\" class=\"premier-series\">\r\n  <div class=\"ps-wrap\">\r\n    <div class=\"ps-features\">\r\n      <h2>Elite sorozat - F\u0151bb jellemz\u0151k<\/h2>\r\n      <ul class=\"ps-list\">\r\n        <!-- Same core features as Premier -->\r\n        <li><h3>Gyors lefagyaszt\u00e1s<\/h3><p>A szabadalmaztatott nagy hat\u00e9konys\u00e1g\u00fa elp\u00e1rologtat\u00f3 gyorsabb lefagy\u00e1st tesz lehet\u0151v\u00e9 alacsonyabb energiafelhaszn\u00e1l\u00e1s mellett.<\/p><\/li>\r\n        <li><h3>Mikroprocesszoros vez\u00e9rl\u00e9s<\/h3><p>Digit\u00e1lis vez\u00e9rl\u00e9s \u00e1llapot, h\u0151m\u00e9rs\u00e9klet, adagol\u00e1si sz\u00e1m \u00e9s hiba kijelz\u00e9ssel.<\/p><\/li>\r\n        <li><h3>Hopper kever\u0151k<\/h3><p>Fenntartja a term\u00e9k konzisztenci\u00e1j\u00e1t \u00e9s megakad\u00e1lyozza a sz\u00e9tv\u00e1l\u00e1st.<\/p><\/li>\r\n        <li><h3>Kiolvaszt\u00e1s a tiszt\u00edt\u00e1shoz<\/h3><p>A hengerben l\u00e9v\u0151 fagyasztott term\u00e9ket felmeleg\u00edti a tiszt\u00edt\u00e1s felgyors\u00edt\u00e1sa \u00e9rdek\u00e9ben.<\/p><\/li>\r\n        <li><h3>K\u00f6zvetlen meghajt\u00e1s\u00fa sebess\u00e9gv\u00e1lt\u00f3<\/h3><p>Megsz\u00fcnteti a fogy\u00f3 mozg\u00f3 alkatr\u00e9szeket \u00e9s n\u00f6veli az er\u0151\u00e1tvitel hat\u00e9konys\u00e1g\u00e1t.<\/p><\/li>\r\n        <li><h3>Automatikus programoz\u00e1s<\/h3><p>Automatikusan v\u00e1ltja az \u00fczemm\u00f3dokat el\u0151re be\u00e1ll\u00edtott \u00fctemez\u00e9sek alapj\u00e1n.<\/p><\/li>\r\n        <li><h3>Rendszer riaszt\u00e1sok \u00e9s v\u00e9delmek<\/h3><p>Vizu\u00e1lis\/hangjelz\u00e9s alacsony kever\u00e9k, alacsony h\u0151m\u00e9rs\u00e9klet, motor t\u00falterhel\u00e9s eset\u00e9n; mag\u00e1ban foglalja a termikus t\u00falterhel\u00e9st \u00e9s a magas nyom\u00e1s lekapcsol\u00e1st.<\/p><\/li>\r\n        <li><h3>Automatikusan z\u00e1r\u00f3d\u00f3 adagol\u00f3szelepek<\/h3><p>Megakad\u00e1lyozza a term\u00e9k t\u00falcsordul\u00e1s\u00e1t az adagol\u00e1s ut\u00e1n.<\/p><\/li>\r\n        <li><h3>Adagol\u00e1si sebess\u00e9g vez\u00e9rl\u00e9s<\/h3><p>\u00c1ll\u00edthat\u00f3 adagol\u00e1si sebess\u00e9g a k\u00fcl\u00f6nb\u00f6z\u0151 alkalmaz\u00e1sokhoz.<\/p><\/li>\r\n        <li><h3>L\u00e1gy rendszerind\u00edt\u00e1s<\/h3><p>A lass\u00fa motorind\u00edt\u00e1s cs\u00f6kkenti a zajt \u00e9s a hajt\u00e1sl\u00e1nc ig\u00e9nybev\u00e9tel\u00e9t.<\/p><\/li>\r\n      <\/ul>\r\n    <\/div>\r\n\r\n    <aside class=\"ps-aside\">\r\n      <p class=\"ps-kicker\">Soft Serve j\u00e9gkr\u00e9m<\/p>\r\n      <h3 class=\"ps-heading\">ELITE SERIES<\/h3>\r\n      <p>Minden Premier k\u00e9pess\u00e9g fejlett higi\u00e9niai, napl\u00f3z\u00e1si \u00e9s biztons\u00e1gi ellen\u0151rz\u00e9sekkel.<\/p>\r\n      <a class=\"ps-btn\" href=\"https:\/\/dersuessestopp.com\/hu\/kapcsolatfelvetel\/\">K\u00e9rjen \u00e1raj\u00e1nlatot<\/a>\r\n      <!-- Optional image -->\r\n      <!-- <img decoding=\"async\" src=\"\/wp-content\/uploads\/elite-series.jpg\" alt=\"Elite Series soft serve machine\" class=\"ps-image\"> -->\r\n    <\/aside>\r\n  <\/div>\r\n<\/section>\r\n\r\n<!-- ELITE EXTRAS \u2014 separate highlight block -->\r\n<section class=\"elite-extras\">\r\n  <div class=\"ps-wrap\">\r\n    <div class=\"extras-head\">\r\n      <span class=\"extras-badge\">Elite hozz\u00e1teszi<\/span>\r\n      <h3>Fejlett higi\u00e9nia \u00e9s vez\u00e9rl\u00e9s, a forgalmas m\u0171veletekhez tervezve<\/h3>\r\n      <p>Ezek a funkci\u00f3k kiz\u00e1r\u00f3lag az Elite sorozathoz tartoznak, \u00e9s a Premier funkci\u00f3k tetej\u00e9n helyezkednek el.<\/p>\r\n    <\/div>\r\n\r\n    <ul class=\"ps-list extras-list\">\r\n      <li>\r\n        <h3>Automatikus paszt\u0151r\u00f6z\u00e9s<\/h3>\r\n        <p>Az \u00fctemezett napi h\u0151kezel\u00e9s jelent\u0151sen cs\u00f6kkenti a k\u00e9zi tiszt\u00edt\u00e1s gyakoris\u00e1g\u00e1t az \u00e9lelmiszerbiztons\u00e1g fenntart\u00e1sa mellett.<\/p>\r\n      <\/li>\r\n      <li>\r\n        <h3>Takar\u00edt\u00e1si el\u0151zm\u00e9nyek jelent\u00e9se<\/h3>\r\n        <p>Nyilv\u00e1ntartja az utols\u00f3 takar\u00edt\u00e1s \u00f3ta eltelt napokat, \u00e9s eml\u00e9kezteti a szem\u00e9lyzetet a takar\u00edt\u00e1s esed\u00e9kess\u00e9g\u00e9re.<\/p>\r\n      <\/li>\r\n      <li>\r\n        <h3>M\u0171velet napl\u00f3z\u00e1s<\/h3>\r\n        <p>Minden m\u0171veletet \u00e9s hib\u00e1t napl\u00f3z, hogy szervizel\u0151zm\u00e9nyt hozzon l\u00e9tre \u00e9s felgyors\u00edtsa a hibaelh\u00e1r\u00edt\u00e1st.<\/p>\r\n      <\/li>\r\n      <li>\r\n        <h3>Z\u00e1rlat a lej\u00e1rt esed\u00e9kess\u00e9g\u0171 takar\u00edt\u00e1s\u00e9rt<\/h3>\r\n        <p>Az \u00e9lelmiszer-biztons\u00e1g garant\u00e1l\u00e1sa \u00e9rdek\u00e9ben megakad\u00e1lyozza a norm\u00e1l m\u0171k\u00f6d\u00e9st a sz\u00fcks\u00e9ges tiszt\u00edt\u00e1s befejez\u00e9s\u00e9ig.<\/p>\r\n      <\/li>\r\n    <\/ul>\r\n  <\/div>\r\n<\/section>\r\n\r\n<style>\r\n\/* Reuse Premier styles *\/\r\n.premier-series{padding:48px 0;background:#fff;}\r\n.ps-wrap{max-width:1100px;margin:0 auto;display:grid;grid-template-columns:2fr 1fr;gap:48px;}\r\n.ps-features h2{margin:0 0 12px;font-size:38px;line-height:1.2;}\r\n.ps-list{list-style:none;margin:0;padding:0;display:grid;grid-template-columns:1fr 1fr;gap:20px 32px;}\r\n.ps-list li{border:1px solid #6D9940;border-radius:12px;padding:16px;}\r\n.ps-list h3{margin:0 0 6px;font-size:18px;line-height:1.3;}\r\n.ps-list p{margin:0;color:#444;}\r\n.ps-aside{align-self:start;position:sticky;top:24px}\r\n.ps-kicker{letter-spacing:.08em;text-transform:uppercase;font-weight:600;color:#6D9940;margin:0 0 6px;}\r\n.ps-heading{margin:0 0 10px;font-size:34px;line-height:1.3;}\r\n.ps-btn{display:inline-block;margin-top:10px;padding:10px 16px;border-radius:45px;background:#6D9940;color:#fff;text-decoration:none;font-weight:600}\r\n.ps-image{margin-top:18px;width:100%;height:auto;border-radius:12px}\r\n\r\n@media (max-width:980px){\r\n  .ps-wrap{grid-template-columns:1fr;gap:28px}\r\n  .ps-list{grid-template-columns:1fr}\r\n  .ps-aside{position:static}\r\n  .ps-features h2{margin:0 0 12px;font-size:28px;line-height:1.2;}\r\n    .ps-heading{margin:0 0 10px;font-size:24px;line-height:1.3;}\r\n    .extras-head h3{margin:6px 0 6px;font-size:30px}\r\n}\r\n\r\n\r\n\/* Elite extras block *\/\r\n.elite-extras{padding:36px 0 56px;background:#f8faff;border-top:1px solid #6D9940;border-bottom:1px solid #e9eefc;}\r\n.elite-extras .ps-wrap{grid-template-columns:1fr;gap:18px}\r\n.extras-head h3{margin:6px 0 6px;font-size:30px}\r\n.extras-head p{margin:0 0 12px;color:#444}\r\n.extras-badge{display:inline-block;background:#e8f0ff;color:#6D9940;font-weight:700;padding:6px 10px;border-radius:10px}\r\n.extras-list li{border-color:#dfe8ff}\r\n<\/style>\r\n\t\t\t\t<\/div>\n\t\t\t\t<\/div>\n\t\t\t\t\t<\/div>\n\t\t\t\t<\/div>\n\t\t\t\t<\/div>","protected":false},"excerpt":{"rendered":"<p>Spaceman Elite Series Info EXPLORE MODELLS Elite Series \u2014 Key Features Fast Freeze Down Patented high-efficiency evaporator allows faster freeze-down with lower energy use. Microprocessor Control Digital control with status, temperatures, dispense count, and error display. Hopper Agitators Maintain product consistency and prevent separation. Defrost for Cleaning Heats frozen product in the cylinder to speed [&hellip;]<\/p>\n","protected":false},"author":3,"featured_media":0,"parent":0,"menu_order":0,"comment_status":"closed","ping_status":"closed","template":"","meta":{"footnotes":""},"class_list":["post-13280","page","type-page","status-publish","hentry"],"_links":{"self":[{"href":"https:\/\/dersuessestopp.com\/hu\/wp-json\/wp\/v2\/pages\/13280","targetHints":{"allow":["GET"]}}],"collection":[{"href":"https:\/\/dersuessestopp.com\/hu\/wp-json\/wp\/v2\/pages"}],"about":[{"href":"https:\/\/dersuessestopp.com\/hu\/wp-json\/wp\/v2\/types\/page"}],"author":[{"embeddable":true,"href":"https:\/\/dersuessestopp.com\/hu\/wp-json\/wp\/v2\/users\/3"}],"replies":[{"embeddable":true,"href":"https:\/\/dersuessestopp.com\/hu\/wp-json\/wp\/v2\/comments?post=13280"}],"version-history":[{"count":44,"href":"https:\/\/dersuessestopp.com\/hu\/wp-json\/wp\/v2\/pages\/13280\/revisions"}],"predecessor-version":[{"id":14620,"href":"https:\/\/dersuessestopp.com\/hu\/wp-json\/wp\/v2\/pages\/13280\/revisions\/14620"}],"wp:attachment":[{"href":"https:\/\/dersuessestopp.com\/hu\/wp-json\/wp\/v2\/media?parent=13280"}],"curies":[{"name":"wp","href":"https:\/\/api.w.org\/{rel}","templated":true}]}}