{"id":13268,"date":"2025-10-15T20:49:07","date_gmt":"2025-10-15T20:49:07","guid":{"rendered":"https:\/\/dersuessestopp.com\/?page_id=13268"},"modified":"2025-10-22T12:33:36","modified_gmt":"2025-10-22T12:33:36","slug":"spaceman-premier-sorozat-info","status":"publish","type":"page","link":"https:\/\/dersuessestopp.com\/hu\/spaceman-premier-series-info\/","title":{"rendered":"Spaceman Premier sorozat inform\u00e1ci\u00f3i"},"content":{"rendered":"<div data-elementor-type=\"wp-page\" data-elementor-id=\"13268\" class=\"elementor elementor-13268\" data-elementor-post-type=\"page\">\n\t\t\t\t<div class=\"elementor-element elementor-element-e8b0973 e-con-full e-flex e-con e-parent\" data-id=\"e8b0973\" data-element_type=\"container\" data-e-type=\"container\" data-settings=\"{&quot;jet_parallax_layout_list&quot;:[],&quot;background_background&quot;:&quot;classic&quot;}\">\n\t\t<div class=\"elementor-element elementor-element-4a3ffa3 e-con-full e-flex e-con e-child\" data-id=\"4a3ffa3\" data-element_type=\"container\" data-e-type=\"container\" data-settings=\"{&quot;jet_parallax_layout_list&quot;:[],&quot;background_background&quot;:&quot;gradient&quot;}\">\n\t\t\t\t<div class=\"elementor-element elementor-element-02d2b74 elementor-widget__width-initial elementor-widget elementor-widget-heading\" data-id=\"02d2b74\" data-element_type=\"widget\" data-e-type=\"widget\" id=\"header_h12\" data-widget_type=\"heading.default\">\n\t\t\t\t<div class=\"elementor-widget-container\">\n\t\t\t\t\t<h2 class=\"elementor-heading-title elementor-size-default\">Spaceman Premier sorozat<\/h2>\t\t\t\t<\/div>\n\t\t\t\t<\/div>\n\t\t\t\t<div class=\"elementor-element elementor-element-3398b4f elementor-widget elementor-widget-heading\" data-id=\"3398b4f\" data-element_type=\"widget\" data-e-type=\"widget\" id=\"header_h123\" data-widget_type=\"heading.default\">\n\t\t\t\t<div class=\"elementor-widget-container\">\n\t\t\t\t\t<h2 class=\"elementor-heading-title elementor-size-default\">Info<\/h2>\t\t\t\t<\/div>\n\t\t\t\t<\/div>\n\t\t<div class=\"elementor-element elementor-element-74d29c8 e-con-full e-flex e-con e-child\" data-id=\"74d29c8\" data-element_type=\"container\" data-e-type=\"container\" data-settings=\"{&quot;jet_parallax_layout_list&quot;:[]}\">\n\t\t\t\t<div class=\"elementor-element elementor-element-e05fb34 elementor-align-center elementor-widget elementor-widget-button\" data-id=\"e05fb34\" data-element_type=\"widget\" data-e-type=\"widget\" data-widget_type=\"button.default\">\n\t\t\t\t<div class=\"elementor-widget-container\">\n\t\t\t\t\t\t\t\t\t<div class=\"elementor-button-wrapper\">\n\t\t\t\t\t<a class=\"elementor-button elementor-button-link elementor-size-sm\" href=\"tel:43%20664%20321%2083%2091\">\n\t\t\t\t\t\t<span class=\"elementor-button-content-wrapper\">\n\t\t\t\t\t\t\t\t\t<span class=\"elementor-button-text\">MODELLEK FELFEDEZ\u00c9SE<\/span>\n\t\t\t\t\t<\/span>\n\t\t\t\t\t<\/a>\n\t\t\t\t<\/div>\n\t\t\t\t\t\t\t\t<\/div>\n\t\t\t\t<\/div>\n\t\t\t\t<\/div>\n\t\t\t\t<\/div>\n\t\t\t\t<\/div>\n\t\t<div class=\"elementor-element elementor-element-3afcf7f e-flex e-con-boxed e-con e-parent\" data-id=\"3afcf7f\" data-element_type=\"container\" data-e-type=\"container\" data-settings=\"{&quot;jet_parallax_layout_list&quot;:[]}\">\n\t\t\t\t\t<div class=\"e-con-inner\">\n\t\t\t\t<div class=\"elementor-element elementor-element-f24a204 elementor-widget elementor-widget-html\" data-id=\"f24a204\" data-element_type=\"widget\" data-e-type=\"widget\" data-widget_type=\"html.default\">\n\t\t\t\t<div class=\"elementor-widget-container\">\n\t\t\t\t\t<section class=\"premier-series\">\r\n  <div class=\"ps-wrap\">\r\n    <div class=\"ps-features\">\r\n      <h2>Premier sorozat - F\u0151bb jellemz\u0151k<\/h2>\r\n      <ul class=\"ps-list\">\r\n        <li>\r\n          <h3>Gyors lefagyaszt\u00e1s<\/h3>\r\n          <p>A szabadalmaztatott nagy hat\u00e9konys\u00e1g\u00fa elp\u00e1rologtat\u00f3 gyorsabb lefagy\u00e1st tesz lehet\u0151v\u00e9 alacsonyabb energiafogyaszt\u00e1s mellett.<\/p>\r\n        <\/li>\r\n        <li>\r\n          <h3>Mikroprocesszoros vez\u00e9rl\u00e9s<\/h3>\r\n          <p>A digit\u00e1lis vez\u00e9rl\u00e9s hozz\u00e1f\u00e9r\u00e9st biztos\u00edt a rendszerbe\u00e1ll\u00edt\u00e1sokhoz \u00e9s funkci\u00f3khoz. A kezel\u0151fel\u00fclet mutatja az \u00e1llapotot, a h\u0151m\u00e9rs\u00e9kletet, az adagol\u00e1si sz\u00e1mot, a hib\u00e1kat \u00e9s egyebeket.<\/p>\r\n        <\/li>\r\n        <li>\r\n          <h3>Hopper kever\u0151k<\/h3>\r\n          <p>Fenntartja a term\u00e9k konzisztenci\u00e1j\u00e1t \u00e9s megakad\u00e1lyozza a sz\u00e9tv\u00e1l\u00e1st.<\/p>\r\n        <\/li>\r\n        <li>\r\n          <h3>Kiolvaszt\u00e1s a tiszt\u00edt\u00e1shoz<\/h3>\r\n          <p>A hengerben l\u00e9v\u0151 fagyasztott term\u00e9ket felmeleg\u00edti a tiszt\u00edt\u00e1s felgyors\u00edt\u00e1sa \u00e9rdek\u00e9ben.<\/p>\r\n        <\/li>\r\n        <li>\r\n          <h3>K\u00f6zvetlen meghajt\u00e1s\u00fa sebess\u00e9gv\u00e1lt\u00f3<\/h3>\r\n          <p>Megsz\u00fcnteti a fogy\u00f3 mozg\u00f3 alkatr\u00e9szeket \u00e9s n\u00f6veli az er\u0151\u00e1tvitel hat\u00e9konys\u00e1g\u00e1t.<\/p>\r\n        <\/li>\r\n        <li>\r\n          <h3>Automatikus programoz\u00e1s<\/h3>\r\n          <p>Automatikusan v\u00e1ltja az \u00fczemm\u00f3dokat el\u0151re be\u00e1ll\u00edtott \u00fctemez\u00e9sek alapj\u00e1n.<\/p>\r\n        <\/li>\r\n        <li>\r\n          <h3>Rendszer riaszt\u00e1sok \u00e9s v\u00e9delmek<\/h3>\r\n          <p>Vizu\u00e1lis \u00e9s hangjelz\u00e9s az alacsony kever\u00e9k, az alacsony h\u0151m\u00e9rs\u00e9klet \u00e9s a motor t\u00falterhel\u00e9se eset\u00e9n, valamint a termikus t\u00falterhel\u00e9s \u00e9s a magas nyom\u00e1s le\u00e1ll\u00edt\u00e1sa elleni v\u00e9delem.<\/p>\r\n        <\/li>\r\n        <li>\r\n          <h3>Automatikusan z\u00e1r\u00f3d\u00f3 adagol\u00f3szelepek<\/h3>\r\n          <p>Megakad\u00e1lyozza a term\u00e9k t\u00falcsordul\u00e1s\u00e1t az adagol\u00e1s ut\u00e1n.<\/p>\r\n        <\/li>\r\n        <li>\r\n          <h3>Adagol\u00e1si sebess\u00e9g vez\u00e9rl\u00e9s<\/h3>\r\n          <p>\u00c1ll\u00edthat\u00f3 adagol\u00e1si sebess\u00e9g a k\u00fcl\u00f6nb\u00f6z\u0151 alkalmaz\u00e1sokhoz.<\/p>\r\n        <\/li>\r\n        <li>\r\n          <h3>L\u00e1gy rendszerind\u00edt\u00e1s<\/h3>\r\n          <p>A lass\u00fa motorind\u00edt\u00e1s cs\u00f6kkenti a zajt \u00e9s a hajt\u00e1sl\u00e1nc ig\u00e9nybev\u00e9tel\u00e9t.<\/p>\r\n        <\/li>\r\n      <\/ul>\r\n    <\/div>\r\n\r\n    <aside class=\"ps-aside\">\r\n      <p class=\"ps-kicker\">Premier sorozat<\/p>\r\n      <h3 class=\"ps-heading\">Teljes\u00edtm\u00e9ny, konzisztencia \u00e9s be\u00e9p\u00edtett v\u00e9delem.<\/h3>\r\n      <p>Olyan nagy volumen\u0171 \u00fczemeltet\u0151k sz\u00e1m\u00e1ra tervezt\u00e9k, akiknek gyorsabb fagyaszt\u00e1sra, pontos vez\u00e9rl\u00e9sre \u00e9s alacsonyabb karbantart\u00e1si ig\u00e9ny\u00fck van.<\/p>\r\n      <a class=\"ps-btn\" href=\"https:\/\/dersuessestopp.com\/hu\/kapcsolatfelvetel\/\">K\u00e9rjen \u00e1raj\u00e1nlatot<\/a>\r\n      <!-- Optional image -->\r\n      <!-- <img decoding=\"async\" src=\"\/wp-content\/uploads\/premier-series.jpg\" alt=\"Premier Series features overview\" class=\"ps-image\"> -->\r\n    <\/aside>\r\n  <\/div>\r\n<\/section>\r\n\r\n<style>\r\n\/* Reuse Premier styles *\/\r\n.premier-series{padding:48px 0;background:#fff;}\r\n.ps-wrap{max-width:1100px;margin:0 auto;display:grid;grid-template-columns:2fr 1fr;gap:48px;}\r\n.ps-features h2{margin:0 0 12px;font-size:38px;line-height:1.2;}\r\n.ps-list{list-style:none;margin:0;padding:0;display:grid;grid-template-columns:1fr 1fr;gap:20px 32px;}\r\n.ps-list li{border:1px solid #6D9940;border-radius:12px;padding:16px;}\r\n.ps-list h3{margin:0 0 6px;font-size:18px;line-height:1.3;}\r\n.ps-list p{margin:0;color:#444;}\r\n.ps-aside{align-self:start;position:sticky;top:24px}\r\n.ps-kicker{letter-spacing:.08em;text-transform:uppercase;font-weight:600;color:#6D9940;margin:0 0 6px;}\r\n.ps-heading{margin:0 0 10px;font-size:34px;line-height:1.3;}\r\n.ps-btn{display:inline-block;margin-top:10px;padding:10px 16px;border-radius:45px;background:#6D9940;color:#fff;text-decoration:none;font-weight:600}\r\n.ps-image{margin-top:18px;width:100%;height:auto;border-radius:12px}\r\n\r\n@media (max-width:980px){\r\n  .ps-wrap{grid-template-columns:1fr;gap:28px}\r\n  .ps-list{grid-template-columns:1fr}\r\n  .ps-aside{position:static}\r\n  .ps-features h2{margin:0 0 12px;font-size:28px;line-height:1.2;}\r\n    .ps-heading{margin:0 0 10px;font-size:24px;line-height:1.3;}\r\n}\r\n\r\n<\/style>\r\n\r\n\t\t\t\t<\/div>\n\t\t\t\t<\/div>\n\t\t\t\t\t<\/div>\n\t\t\t\t<\/div>\n\t\t\t\t<\/div>","protected":false},"excerpt":{"rendered":"<p>Spaceman Premier Series Info EXPLORE MODELLS Premier Series \u2014 Key Features Fast Freeze Down Patented high-efficiency evaporator allows faster freeze-down with lower energy consumption. Microprocessor Control Digital control gives access to system settings and functions. Interface shows status, temperatures, dispense count, errors, and more. Hopper Agitators Maintain product consistency and prevent separation. Defrost for Cleaning [&hellip;]<\/p>\n","protected":false},"author":3,"featured_media":0,"parent":0,"menu_order":0,"comment_status":"closed","ping_status":"closed","template":"","meta":{"footnotes":""},"class_list":["post-13268","page","type-page","status-publish","hentry"],"_links":{"self":[{"href":"https:\/\/dersuessestopp.com\/hu\/wp-json\/wp\/v2\/pages\/13268","targetHints":{"allow":["GET"]}}],"collection":[{"href":"https:\/\/dersuessestopp.com\/hu\/wp-json\/wp\/v2\/pages"}],"about":[{"href":"https:\/\/dersuessestopp.com\/hu\/wp-json\/wp\/v2\/types\/page"}],"author":[{"embeddable":true,"href":"https:\/\/dersuessestopp.com\/hu\/wp-json\/wp\/v2\/users\/3"}],"replies":[{"embeddable":true,"href":"https:\/\/dersuessestopp.com\/hu\/wp-json\/wp\/v2\/comments?post=13268"}],"version-history":[{"count":38,"href":"https:\/\/dersuessestopp.com\/hu\/wp-json\/wp\/v2\/pages\/13268\/revisions"}],"predecessor-version":[{"id":14623,"href":"https:\/\/dersuessestopp.com\/hu\/wp-json\/wp\/v2\/pages\/13268\/revisions\/14623"}],"wp:attachment":[{"href":"https:\/\/dersuessestopp.com\/hu\/wp-json\/wp\/v2\/media?parent=13268"}],"curies":[{"name":"wp","href":"https:\/\/api.w.org\/{rel}","templated":true}]}}