{"id":9953,"date":"2025-09-28T03:57:25","date_gmt":"2025-09-28T03:57:25","guid":{"rendered":"https:\/\/dersuessestopp.com\/product\/falco-confectionery-plotter\/"},"modified":"2025-09-28T04:09:06","modified_gmt":"2025-09-28T04:09:06","slug":"crtac-za-slastice-falco","status":"publish","type":"product","link":"https:\/\/dersuessestopp.com\/hr\/product\/falco-confectionery-plotter\/","title":{"rendered":"FALCO ploter za slastice"},"content":{"rendered":"<p>FALCO ploter za slasti\u010darstvo Vulpes printer za hranu tvrtke IMAGO omogu\u0107uje najkvalitetniji izravni ispis na gotovo svakoj slasti\u010darskoj podlozi. Oprema je prikladna za ukra\u0161avanje velikih torti, kola\u010di\u0107a, pralina, makrona i pojedina\u010dnih porcija u serijskoj proizvodnji. Vulpes ploter za hranu omogu\u0107uje vam stvaranje originalnih ukrasa i personalizaciju proizvoda koji \u0107e istaknuti ponudu va\u0161e slasti\u010darnice ili pekare. Fotografska kvaliteta ispisa.<br \/>\n IMAGO printeri za hranu omogu\u0107uju vam stvaranje atraktivnih i estetskih otisaka na \u010dokoladi, makronima, keksima i \u0161e\u0107ernoj pasti. Boje su prirodne i \u017eive, a reproducirana slika precizna i detaljna. Utjecaj na razvoj slasti\u010darskog poslovanja.<br \/>\n Printeri za slastice olak\u0161avaju ukra\u0161avanje proizvoda. Zahvaljuju\u0107i njima mo\u017eete istaknuti svoju ponudu i ponuditi svojim kupcima personalizirane proizvode za razne prigode poput Uskrsa, Maj\u010dinog dana ili Bo\u017ei\u0107a. Istovremeno, s printerom za hranu smanjit \u0107ete tro\u0161kove proizvodnje i pove\u0107ati mar\u017eu na svojim proizvodima, \u010dime \u0107ete pove\u0107ati svoju poslovnu dobit! Ubrzavanje ukra\u0161avanja slastica u masovnoj proizvodnji.<br \/>\n S Falco printerom za hranu mo\u017eete ukrasiti do 500 makrona u satu.<br \/>\n Automatsko prepoznavanje visine, stol s ravnalom i dodatne matrice olak\u0161avaju rad i dodatno skra\u0107uju proces ukra\u0161avanja.<\/p>","protected":false},"excerpt":{"rendered":"<p>Falco ploter za slastice omogu\u0107uje direktan ispis fotografske kvalitete na gotovo svakoj prehrambenoj podlozi.<\/p>","protected":false},"featured_media":9952,"comment_status":"open","ping_status":"closed","template":"","meta":[],"product_brand":[],"product_cat":[83,76,38],"product_tag":[],"class_list":{"0":"post-9953","1":"product","2":"type-product","3":"status-publish","4":"has-post-thumbnail","6":"product_cat-devices","7":"product_cat-food-printers","8":"product_cat-imago-food-printers","10":"first","11":"instock","12":"shipping-taxable","13":"purchasable","14":"product-type-simple"},"_links":{"self":[{"href":"https:\/\/dersuessestopp.com\/hr\/wp-json\/wp\/v2\/product\/9953","targetHints":{"allow":["GET"]}}],"collection":[{"href":"https:\/\/dersuessestopp.com\/hr\/wp-json\/wp\/v2\/product"}],"about":[{"href":"https:\/\/dersuessestopp.com\/hr\/wp-json\/wp\/v2\/types\/product"}],"replies":[{"embeddable":true,"href":"https:\/\/dersuessestopp.com\/hr\/wp-json\/wp\/v2\/comments?post=9953"}],"version-history":[{"count":1,"href":"https:\/\/dersuessestopp.com\/hr\/wp-json\/wp\/v2\/product\/9953\/revisions"}],"predecessor-version":[{"id":9954,"href":"https:\/\/dersuessestopp.com\/hr\/wp-json\/wp\/v2\/product\/9953\/revisions\/9954"}],"wp:featuredmedia":[{"embeddable":true,"href":"https:\/\/dersuessestopp.com\/hr\/wp-json\/wp\/v2\/media\/9952"}],"wp:attachment":[{"href":"https:\/\/dersuessestopp.com\/hr\/wp-json\/wp\/v2\/media?parent=9953"}],"wp:term":[{"taxonomy":"product_brand","embeddable":true,"href":"https:\/\/dersuessestopp.com\/hr\/wp-json\/wp\/v2\/product_brand?post=9953"},{"taxonomy":"product_cat","embeddable":true,"href":"https:\/\/dersuessestopp.com\/hr\/wp-json\/wp\/v2\/product_cat?post=9953"},{"taxonomy":"product_tag","embeddable":true,"href":"https:\/\/dersuessestopp.com\/hr\/wp-json\/wp\/v2\/product_tag?post=9953"}],"curies":[{"name":"wp","href":"https:\/\/api.w.org\/{rel}","templated":true}]}}