{"id":9941,"date":"2025-09-28T03:55:30","date_gmt":"2025-09-28T03:55:30","guid":{"rendered":"https:\/\/dersuessestopp.com\/product\/light-cyan-food-ink-100-ml\/"},"modified":"2025-09-28T04:09:06","modified_gmt":"2025-09-28T04:09:06","slug":"svijetlo-cijan-tinta-za-hranu-100-ml","status":"publish","type":"product","link":"https:\/\/dersuessestopp.com\/hr\/product\/light-cyan-food-ink-100-ml\/","title":{"rendered":"SVIJETLO CIJAN tinta za hranu 100 ml"},"content":{"rendered":"<p>Na\u0161e visokokvalitetne prehrambene tinte posebno su odabrane za Vulpes i Falco slasti\u010darske plotere kako bi se odr\u017eala najvi\u0161a kvaliteta i intenzitet boja. Na\u0161e jestive tinte dizajnirane su za izravan ispis na prehrambene proizvode. Pa\u017eljivo su odabrane za sustav ispisa koji se koristi u Imago slasti\u010darskim ploterima, \u0161to ih \u010dini sigurnima za glavu za ispis. Ispunjava stroge standarde i odobrene su za upotrebu u prehrambenoj industriji na temelju ispitivanja i analiza, \u0161to jam\u010di potpunu sigurnost. Tinte su certificirane od strane: FDA Kosher Vegan BRC GS Food Safety U PAREVE IFS Food Na\u0161e prehrambene tinte ne utje\u010du na okus ili miris, pa se mogu sigurno koristiti na bilo kojem slasti\u010darskom proizvodu. Tinte koje nudimo savr\u0161ene su za ukra\u0161avanje torti, kola\u010di\u0107a, makrona i \u010dokolada pomo\u0107u slasti\u010darskih plotera. Pru\u017eamo prakti\u010dno pakiranje tinte u obliku bo\u010dica, \u0161to omogu\u0107uje jednostavno punjenje ulo\u017eaka ili potro\u0161nih bo\u010dica u Vulpes i Falco slasti\u010darskim ploterima. Nudimo dvije vrste bo\u010dica: Bo\u010dice s iglom - prikladne za pisa\u010de s ulo\u0161cima; Bo\u010dice s \u010depom - prikladne za pisa\u010de sa sustavom bo\u010dica. Provjerite koji pisa\u010d imate prije kupnje odgovaraju\u0107e varijante proizvoda. Zahvaljuju\u0107i na\u0161im proizvodima, posti\u0107i \u0107ete izvrsne rezultate u kreativnom i modernom ukra\u0161avanju slastica.<\/p>","protected":false},"excerpt":{"rendered":"<p>Naru\u010dite TINTU SVIJETLO CIJAN za Vulpes plotere za slastice od IMAGO. Prodajemo tintu u bo\u010dicama od 100 ml.<\/p>","protected":false},"featured_media":9940,"comment_status":"open","ping_status":"closed","template":"","meta":[],"product_brand":[],"product_cat":[98,38],"product_tag":[],"class_list":{"0":"post-9941","1":"product","2":"type-product","3":"status-publish","4":"has-post-thumbnail","6":"product_cat-food-inks","7":"product_cat-imago-food-printers","9":"first","10":"outofstock","11":"shipping-taxable","12":"product-type-variable"},"_links":{"self":[{"href":"https:\/\/dersuessestopp.com\/hr\/wp-json\/wp\/v2\/product\/9941","targetHints":{"allow":["GET"]}}],"collection":[{"href":"https:\/\/dersuessestopp.com\/hr\/wp-json\/wp\/v2\/product"}],"about":[{"href":"https:\/\/dersuessestopp.com\/hr\/wp-json\/wp\/v2\/types\/product"}],"replies":[{"embeddable":true,"href":"https:\/\/dersuessestopp.com\/hr\/wp-json\/wp\/v2\/comments?post=9941"}],"version-history":[{"count":1,"href":"https:\/\/dersuessestopp.com\/hr\/wp-json\/wp\/v2\/product\/9941\/revisions"}],"predecessor-version":[{"id":9960,"href":"https:\/\/dersuessestopp.com\/hr\/wp-json\/wp\/v2\/product\/9941\/revisions\/9960"}],"wp:featuredmedia":[{"embeddable":true,"href":"https:\/\/dersuessestopp.com\/hr\/wp-json\/wp\/v2\/media\/9940"}],"wp:attachment":[{"href":"https:\/\/dersuessestopp.com\/hr\/wp-json\/wp\/v2\/media?parent=9941"}],"wp:term":[{"taxonomy":"product_brand","embeddable":true,"href":"https:\/\/dersuessestopp.com\/hr\/wp-json\/wp\/v2\/product_brand?post=9941"},{"taxonomy":"product_cat","embeddable":true,"href":"https:\/\/dersuessestopp.com\/hr\/wp-json\/wp\/v2\/product_cat?post=9941"},{"taxonomy":"product_tag","embeddable":true,"href":"https:\/\/dersuessestopp.com\/hr\/wp-json\/wp\/v2\/product_tag?post=9941"}],"curies":[{"name":"wp","href":"https:\/\/api.w.org\/{rel}","templated":true}]}}