{"id":9935,"date":"2025-09-28T03:54:30","date_gmt":"2025-09-28T03:54:30","guid":{"rendered":"https:\/\/dersuessestopp.com\/product\/cyan-nanosolvent-ink-100ml\/"},"modified":"2025-09-28T04:09:06","modified_gmt":"2025-09-28T04:09:06","slug":"cijan-nanosolventna-tinta-100-ml","status":"publish","type":"product","link":"https:\/\/dersuessestopp.com\/hr\/product\/cyan-nanosolvent-ink-100ml\/","title":{"rendered":"CYAN nanosolventna tinta 100ml"},"content":{"rendered":"<p>Nanosolventna tinta je vrsta tinte koja koristi pigmente obojene prahovima promjera manjeg od 100 nm. Inovativne nanotinte prodiru u strukturu materijala, \u010dine\u0107i otisak otpornijim na mehani\u010dka i kemijska o\u0161te\u0107enja. Istovremeno, otisci su prirodni, prilago\u0111avaju se strukturi podloge i deformiraju se s njom. Kori\u0161tenje nano-solventne tinte alternativa je UV LED tisku. Omogu\u0107uje, izme\u0111u ostalog: tisak na svije\u0107ama; tisak na plutu; tisak na drvu; tisak na pjenastom PVC-u\u2026 Visoka trajnost i fleksibilnost otisaka izra\u0111enih na nanosolventnom pisa\u010du omogu\u0107uje ozna\u010davanje neobi\u010dnih proizvoda i materijala. Tinta prodire duboko u proizvod, neprimjetna je i ne stvara sloj na povr\u0161ini otiska. Zahvaljuju\u0107i tome, nanosolventni tisak nalazi primjenu gdje god UV LED pisa\u010di nisu dovoljni. \u0160tovi\u0161e, nanosolventne tinte minimiziraju rizik od o\u0161te\u0107enja glave pisa\u010da i drugih komponenti sustava tinte.<\/p>","protected":false},"excerpt":{"rendered":"<p>Otkrijte inovativnu CYAN nanosolventnu tintu koja se koristi u pisa\u010dima IMAGO Aquila Aluminium, Falco Aluminium i Aquila Nanosolvent. Napredna formula nano-tinte osigurava visoku preciznost i intenzitet boje. Tinta prodire u upijaju\u0107e materijale, prodire u njihovu strukturu, zahvaljuju\u0107i \u010demu je otisak trajan i deformira se zajedno s fleksibilnim predmetom. Prodajemo tintu u bo\u010dicama od 100 ml.<\/p>","protected":false},"featured_media":9934,"comment_status":"open","ping_status":"closed","template":"","meta":[],"product_brand":[],"product_cat":[97,38],"product_tag":[],"class_list":{"0":"post-9935","1":"product","2":"type-product","3":"status-publish","4":"has-post-thumbnail","6":"product_cat-nanosolvent-inks","7":"product_cat-imago-food-printers","9":"first","10":"instock","11":"shipping-taxable","12":"purchasable","13":"product-type-simple"},"_links":{"self":[{"href":"https:\/\/dersuessestopp.com\/hr\/wp-json\/wp\/v2\/product\/9935","targetHints":{"allow":["GET"]}}],"collection":[{"href":"https:\/\/dersuessestopp.com\/hr\/wp-json\/wp\/v2\/product"}],"about":[{"href":"https:\/\/dersuessestopp.com\/hr\/wp-json\/wp\/v2\/types\/product"}],"replies":[{"embeddable":true,"href":"https:\/\/dersuessestopp.com\/hr\/wp-json\/wp\/v2\/comments?post=9935"}],"version-history":[{"count":1,"href":"https:\/\/dersuessestopp.com\/hr\/wp-json\/wp\/v2\/product\/9935\/revisions"}],"predecessor-version":[{"id":9963,"href":"https:\/\/dersuessestopp.com\/hr\/wp-json\/wp\/v2\/product\/9935\/revisions\/9963"}],"wp:featuredmedia":[{"embeddable":true,"href":"https:\/\/dersuessestopp.com\/hr\/wp-json\/wp\/v2\/media\/9934"}],"wp:attachment":[{"href":"https:\/\/dersuessestopp.com\/hr\/wp-json\/wp\/v2\/media?parent=9935"}],"wp:term":[{"taxonomy":"product_brand","embeddable":true,"href":"https:\/\/dersuessestopp.com\/hr\/wp-json\/wp\/v2\/product_brand?post=9935"},{"taxonomy":"product_cat","embeddable":true,"href":"https:\/\/dersuessestopp.com\/hr\/wp-json\/wp\/v2\/product_cat?post=9935"},{"taxonomy":"product_tag","embeddable":true,"href":"https:\/\/dersuessestopp.com\/hr\/wp-json\/wp\/v2\/product_tag?post=9935"}],"curies":[{"name":"wp","href":"https:\/\/api.w.org\/{rel}","templated":true}]}}