{"id":9923,"date":"2025-09-28T03:53:29","date_gmt":"2025-09-28T03:53:29","guid":{"rendered":"https:\/\/dersuessestopp.com\/product\/primer-for-metal-100-ml\/"},"modified":"2025-09-28T04:09:07","modified_gmt":"2025-09-28T04:09:07","slug":"temeljna-boja-za-metal-100-ml","status":"publish","type":"product","link":"https:\/\/dersuessestopp.com\/hr\/product\/primer-for-metal-100-ml\/","title":{"rendered":"Temeljni premaz za metal 100 ml"},"content":{"rendered":"<p>\u0160to su primeri? Primeri su bezbojne teku\u0107ine koje ne ostavljaju tragove ili mrlje na gotovom proizvodu. Pobolj\u0161avaju trajnost UV LED ispisa i pove\u0107avaju otpornost na ogrebotine i mehani\u010dka o\u0161te\u0107enja. Prednosti kori\u0161tenja PRIMERA za IMAGO UV LED pisa\u010de jednostavno nano\u0161enje primera pove\u0107ana trajnost ispisa na staklu, plastici ili metalu mogu\u0107nost ispisa na skliskim povr\u0161inama pove\u0107ana otpornost ispisa na ogrebotine<\/p>","protected":false},"excerpt":{"rendered":"<p>Imate problema s trajnosti UV LED tiska na va\u0161em proizvodu? Posebni primeri mogu pomo\u0107i. Oni pobolj\u0161avaju prianjanje tinte, \u010dine\u0107i proizvod izdr\u017eljivijim i otpornijim na ogrebotine. Primer koji nudimo koristi se za pripremu metala prije tiska. Proizvod se prodaje u bo\u010dicama od 100 ml.<\/p>","protected":false},"featured_media":9922,"comment_status":"open","ping_status":"closed","template":"","meta":[],"product_brand":[],"product_cat":[38,86],"product_tag":[],"class_list":{"0":"post-9923","1":"product","2":"type-product","3":"status-publish","4":"has-post-thumbnail","6":"product_cat-imago-food-printers","7":"product_cat-primers-and-cleaning-fluids","9":"first","10":"instock","11":"shipping-taxable","12":"purchasable","13":"product-type-simple"},"_links":{"self":[{"href":"https:\/\/dersuessestopp.com\/hr\/wp-json\/wp\/v2\/product\/9923","targetHints":{"allow":["GET"]}}],"collection":[{"href":"https:\/\/dersuessestopp.com\/hr\/wp-json\/wp\/v2\/product"}],"about":[{"href":"https:\/\/dersuessestopp.com\/hr\/wp-json\/wp\/v2\/types\/product"}],"replies":[{"embeddable":true,"href":"https:\/\/dersuessestopp.com\/hr\/wp-json\/wp\/v2\/comments?post=9923"}],"version-history":[{"count":1,"href":"https:\/\/dersuessestopp.com\/hr\/wp-json\/wp\/v2\/product\/9923\/revisions"}],"predecessor-version":[{"id":9969,"href":"https:\/\/dersuessestopp.com\/hr\/wp-json\/wp\/v2\/product\/9923\/revisions\/9969"}],"wp:featuredmedia":[{"embeddable":true,"href":"https:\/\/dersuessestopp.com\/hr\/wp-json\/wp\/v2\/media\/9922"}],"wp:attachment":[{"href":"https:\/\/dersuessestopp.com\/hr\/wp-json\/wp\/v2\/media?parent=9923"}],"wp:term":[{"taxonomy":"product_brand","embeddable":true,"href":"https:\/\/dersuessestopp.com\/hr\/wp-json\/wp\/v2\/product_brand?post=9923"},{"taxonomy":"product_cat","embeddable":true,"href":"https:\/\/dersuessestopp.com\/hr\/wp-json\/wp\/v2\/product_cat?post=9923"},{"taxonomy":"product_tag","embeddable":true,"href":"https:\/\/dersuessestopp.com\/hr\/wp-json\/wp\/v2\/product_tag?post=9923"}],"curies":[{"name":"wp","href":"https:\/\/api.w.org\/{rel}","templated":true}]}}