{"id":9906,"date":"2025-09-28T03:50:06","date_gmt":"2025-09-28T03:50:06","guid":{"rendered":"https:\/\/dersuessestopp.com\/product\/cmyk-uv-led-ink-set-4x100ml-or-4x250ml\/"},"modified":"2025-09-28T04:09:55","modified_gmt":"2025-09-28T04:09:55","slug":"cmyk-uv-led-set-tinte-4x100ml-ili-4x250ml","status":"publish","type":"product","link":"https:\/\/dersuessestopp.com\/hr\/product\/cmyk-uv-led-ink-set-4x100ml-or-4x250ml\/","title":{"rendered":"CMYK UV LED set tinte (4x100ml ili 4x250ml)"},"content":{"rendered":"<p>Imago UV LED tinta je teku\u0107i polimer koji se trenutno stvrdnjava pod UV LED zra\u010denjem. Karakteristi\u010dna zna\u010dajka UV tinte za printere je otpornost na abraziju i vremenske uvjete. Tako\u0111er odr\u017eava visoku kvalitetu ispisa tijekom vremena. Zahvaljuju\u0107i iznimnom prianjanju, Imago UV LED tinte idealne su za ispis na raznim povr\u0161inama, kao \u0161to su drvo, plastika, promotivni artikli, staklene boce i metalne kutije. Njihova fleksibilnost \u010dini ih idealnim i za ispis na futrolama za telefone ili \u010depovima za boce, eliminiraju\u0107i rizik od pucanja. UV tinte su vrlo prikladne za ispis na: drvo; plastiku; promotivne artikle; staklene boce; metalne kutije.<\/p>","protected":false},"excerpt":{"rendered":"<p>Naru\u010dite set CIJAN, MAGENTA, \u017dUTA, CRNA UV LED tinta za AQUILA UV LED pisa\u010de od IMAGO-a. Prodajemo tintu u bo\u010dicama od 100 ml ili 250 ml. Set sadr\u017ei 4 boje, 100 ml ili 250 ml svaka. (Ukupno 400 ml za manje bo\u010dice ili 1000 ml za ve\u0107e bo\u010dice)<\/p>","protected":false},"featured_media":9905,"comment_status":"open","ping_status":"closed","template":"","meta":[],"product_brand":[],"product_cat":[96,95,38],"product_tag":[],"class_list":{"0":"post-9906","1":"product","2":"type-product","3":"status-publish","4":"has-post-thumbnail","6":"product_cat-printer-inks","7":"product_cat-uv-led-inks","8":"product_cat-imago-food-printers","10":"first","11":"outofstock","12":"shipping-taxable","13":"product-type-variable"},"_links":{"self":[{"href":"https:\/\/dersuessestopp.com\/hr\/wp-json\/wp\/v2\/product\/9906","targetHints":{"allow":["GET"]}}],"collection":[{"href":"https:\/\/dersuessestopp.com\/hr\/wp-json\/wp\/v2\/product"}],"about":[{"href":"https:\/\/dersuessestopp.com\/hr\/wp-json\/wp\/v2\/types\/product"}],"replies":[{"embeddable":true,"href":"https:\/\/dersuessestopp.com\/hr\/wp-json\/wp\/v2\/comments?post=9906"}],"version-history":[{"count":1,"href":"https:\/\/dersuessestopp.com\/hr\/wp-json\/wp\/v2\/product\/9906\/revisions"}],"predecessor-version":[{"id":9978,"href":"https:\/\/dersuessestopp.com\/hr\/wp-json\/wp\/v2\/product\/9906\/revisions\/9978"}],"wp:featuredmedia":[{"embeddable":true,"href":"https:\/\/dersuessestopp.com\/hr\/wp-json\/wp\/v2\/media\/9905"}],"wp:attachment":[{"href":"https:\/\/dersuessestopp.com\/hr\/wp-json\/wp\/v2\/media?parent=9906"}],"wp:term":[{"taxonomy":"product_brand","embeddable":true,"href":"https:\/\/dersuessestopp.com\/hr\/wp-json\/wp\/v2\/product_brand?post=9906"},{"taxonomy":"product_cat","embeddable":true,"href":"https:\/\/dersuessestopp.com\/hr\/wp-json\/wp\/v2\/product_cat?post=9906"},{"taxonomy":"product_tag","embeddable":true,"href":"https:\/\/dersuessestopp.com\/hr\/wp-json\/wp\/v2\/product_tag?post=9906"}],"curies":[{"name":"wp","href":"https:\/\/api.w.org\/{rel}","templated":true}]}}