{"id":9904,"date":"2025-09-28T03:49:22","date_gmt":"2025-09-28T03:49:22","guid":{"rendered":"https:\/\/dersuessestopp.com\/product\/vulpes-confectionery-plotter\/"},"modified":"2025-09-28T04:09:55","modified_gmt":"2025-09-28T04:09:55","slug":"crtac-slastica-vulpes","status":"publish","type":"product","link":"https:\/\/dersuessestopp.com\/hr\/product\/vulpes-confectionery-plotter\/","title":{"rendered":"VULPES slasti\u010darski ploter"},"content":{"rendered":"<p>VULPES ploter za hranu Falco ploter za hranu omogu\u0107uje izravni tisak fotografske kvalitete na gotovo svakoj podlozi za hranu. To \u0107e istaknuti va\u0161e torte, male kola\u010de i makrone svojom precizno\u0161\u0107u i raznoliko\u0161\u0107u boja. Falco ploter za hranu omogu\u0107uje vam izradu originalnih ukrasa i personalizaciju proizvoda, \u0161to \u0107e istaknuti ponudu va\u0161e slasti\u010darnice ili pekare. Pisa\u010di za slastice olak\u0161avaju ukra\u0161avanje proizvoda. Zahvaljuju\u0107i njima, istaknut \u0107ete svoju ponudu i ponuditi svojim kupcima personalizirane proizvode za razne prigode poput Uskrsa, Maj\u010dinog dana ili Bo\u017ei\u0107a. Istovremeno, s pisa\u010dem za hranu smanjit \u0107ete tro\u0161kove proizvodnje i pove\u0107ati mar\u017eu na proizvodima koje nudite, \u010dime \u0107ete pove\u0107ati svoju poslovnu dobit! Najkvalitetniji izravni tisak na hranu na tr\u017ei\u0161tu.<br \/>\n Posebno odabrana jestiva tinta, prava glava za ispis i softver za ispis osiguravaju nevjerojatan intenzitet boja i fotografsku kvalitetu ukrasa, omogu\u0107uju\u0107i vam stvaranje privla\u010dnih torti, kola\u010di\u0107a, \u010dokolada i makrona. Profesionalno ubrzanje proizvodnje slastica.<br \/>\n S Vulpes printerom za hranu mo\u017eete ukrasiti do 900 makrona u 1 satu. Automatsko otkrivanje visine, stol s ravnalom i dodatne matrice olak\u0161avaju rad i dodatno skra\u0107uju proces ukra\u0161avanja, dok prostrani spremnici s tintom osiguravaju dugotrajan rad bez potrebe za dopunjavanjem jestive tinte. Kompatibilnost s formatima limova za pe\u010denje slastica.<br \/>\n Vulpes ploter za hranu prilago\u0111en je standardnim formatima limova za pe\u010denje GN 1\/1. Krugovi postavljeni na stol omogu\u0107uju brzo pozicioniranje kola\u010da standardne veli\u010dine. Zahvaljuju\u0107i tome, s na\u0161im pisa\u010dem za hranu mo\u017eete jednostavno ukra\u0161avati torte promjera do 32 cm i visine do 15 cm. Signalni sustavi i intuitivni na\u010din poslu\u017eivanja.<br \/>\n Sustavi kori\u0161teni u stroju omogu\u0107uju jednostavno rukovanje ure\u0111ajem. Signalni sustavi \u0107e vas obavijestiti kada je potrebno dopuniti tintu ili isprazniti spremnik otpadne tinte. Vulpes \u0107e vas tako\u0111er obavijestiti kada je ispis zavr\u0161en. Utjecaj na razvoj slasti\u010darskih djelatnosti.<br \/>\n Ploteri za hranu pojednostavljuju ukra\u0161avanje proizvoda. Omogu\u0107uju vam da diferencirate svoju ponudu i svojim kupcima pru\u017eite personalizirane proizvode za razne prigode, poput Bo\u017ei\u0107a, Valentinova ili Dana \u017eena. Istovremeno, s printerom za hranu smanjit \u0107ete tro\u0161kove proizvodnje i pove\u0107ati mar\u017eu na svojim proizvodima, \u010dime \u0107ete pove\u0107ati svoju poslovnu dobit!<\/p>","protected":false},"excerpt":{"rendered":"<p>Vulpes ploter za slasti\u010darstvo omogu\u0107uje najkvalitetniji tisak na gotovo svakoj slasti\u010darskoj podlozi.<\/p>","protected":false},"featured_media":9903,"comment_status":"open","ping_status":"closed","template":"","meta":[],"product_brand":[],"product_cat":[83,76,38],"product_tag":[],"class_list":{"0":"post-9904","1":"product","2":"type-product","3":"status-publish","4":"has-post-thumbnail","6":"product_cat-devices","7":"product_cat-food-printers","8":"product_cat-imago-food-printers","10":"first","11":"instock","12":"shipping-taxable","13":"purchasable","14":"product-type-simple"},"_links":{"self":[{"href":"https:\/\/dersuessestopp.com\/hr\/wp-json\/wp\/v2\/product\/9904","targetHints":{"allow":["GET"]}}],"collection":[{"href":"https:\/\/dersuessestopp.com\/hr\/wp-json\/wp\/v2\/product"}],"about":[{"href":"https:\/\/dersuessestopp.com\/hr\/wp-json\/wp\/v2\/types\/product"}],"replies":[{"embeddable":true,"href":"https:\/\/dersuessestopp.com\/hr\/wp-json\/wp\/v2\/comments?post=9904"}],"version-history":[{"count":1,"href":"https:\/\/dersuessestopp.com\/hr\/wp-json\/wp\/v2\/product\/9904\/revisions"}],"predecessor-version":[{"id":9979,"href":"https:\/\/dersuessestopp.com\/hr\/wp-json\/wp\/v2\/product\/9904\/revisions\/9979"}],"wp:featuredmedia":[{"embeddable":true,"href":"https:\/\/dersuessestopp.com\/hr\/wp-json\/wp\/v2\/media\/9903"}],"wp:attachment":[{"href":"https:\/\/dersuessestopp.com\/hr\/wp-json\/wp\/v2\/media?parent=9904"}],"wp:term":[{"taxonomy":"product_brand","embeddable":true,"href":"https:\/\/dersuessestopp.com\/hr\/wp-json\/wp\/v2\/product_brand?post=9904"},{"taxonomy":"product_cat","embeddable":true,"href":"https:\/\/dersuessestopp.com\/hr\/wp-json\/wp\/v2\/product_cat?post=9904"},{"taxonomy":"product_tag","embeddable":true,"href":"https:\/\/dersuessestopp.com\/hr\/wp-json\/wp\/v2\/product_tag?post=9904"}],"curies":[{"name":"wp","href":"https:\/\/api.w.org\/{rel}","templated":true}]}}