{"id":9902,"date":"2025-09-28T03:49:13","date_gmt":"2025-09-28T03:49:13","guid":{"rendered":"https:\/\/dersuessestopp.com\/product\/aquila-aluminium-printer\/"},"modified":"2025-09-28T04:09:55","modified_gmt":"2025-09-28T04:09:55","slug":"aluminijski-pisac-aquila","status":"publish","type":"product","link":"https:\/\/dersuessestopp.com\/hr\/product\/aquila-aluminium-printer\/","title":{"rendered":"AQUILA aluminijski printer"},"content":{"rendered":"<p>Aquila pisa\u010d za aluminij digitalni pisa\u010d za eloksirani aluminij nudi maksimalnu kvalitetu, preciznost i trajnost tiska u boji na metalu. AQUILA Aluminium vam omogu\u0107uje izradu natpisnih plo\u010dica, skladi\u0161nih naljepnica, gra\u0111evinskih znakova, kao i diploma i kontrolnih plo\u010da. U\u0161tedite vrijeme i postanite neovisni o vanjskim dobavlja\u010dima \u2013 s AQUILA Aluminiumom to je mogu\u0107e. Najvi\u0161a kvaliteta ispisa na eloksiranom aluminiju Ure\u0111aj Aquila Aluminium idealan je za primjene gdje su va\u017ena kvaliteta ispisa, njegova trajnost i kratko vrijeme isporuke gotovih proizvoda. \u0160tovi\u0161e, ispis je vrlo precizan i ponovljiv na svakom proizvodu. Kompletan tehnolo\u0161ki paket za ispis na metalu Kako bismo dodatno pove\u0107ali preciznost i trajnost ispisa, razvili smo tehnolo\u0161ki paket koji uklju\u010duje: VSG nastavak za usisavanje i grijanje koji pove\u0107ava zasi\u0107enost boja i preciznost ispisa te TEHNOLOGICKU KADU \u2013 za pove\u0107anje trajnosti zatvaranjem ispisanih listova. Aktivni sustav su\u0161enja ispisa Aluminijski pisa\u010d opremljen je sustavom su\u0161enja koji ubrzava proces isparavanja otapala. To omogu\u0107uje ve\u0107u zasi\u0107enost boja i ispis finih detalja, malih fontova i simbola. Mogu\u0107nost ispunjavanja malih narud\u017ebi i personalizacije IMAGO pisa\u010di su prakti\u010dni ure\u0111aji za personalizaciju. S digitalnim pisa\u010dem za aluminij mo\u017eete jednostavno i brzo ispuniti male i raznolike narud\u017ebe bez brige o zastojima u velikoj proizvodnji. Za razliku od sitotiska, Aquila Aluminum nanosi sve boje istovremeno, \u0161to vam omogu\u0107uje stvaranje bogato obojenih dizajna. Pisa\u010d se tako\u0111er mo\u017ee koristiti za ispis na upijaju\u0107im materijalima poput pluta ili drva. glava za ispis s teku\u0107inom za \u010di\u0161\u0107enje Sustav tinte koji se koristi u pisa\u010du, s kanalima za teku\u0107inu za \u010di\u0161\u0107enje, smanjuje probleme sa za\u010depljenjem glave za ispis i potro\u0161nih dijelova ure\u0111aja.<\/p>","protected":false},"excerpt":{"rendered":"<p>Digitalni pisa\u010d za eloksirani aluminij nudi maksimalnu kvalitetu, preciznost i trajnost tiska u boji na metalu. AQUILA Aluminum omogu\u0107uje vam izradu natpisnih plo\u010dica, skladi\u0161nih naljepnica, gra\u0111evinskih natpisa, kao i diploma i kontrolnih plo\u010da.<\/p>","protected":false},"featured_media":9901,"comment_status":"open","ping_status":"closed","template":"","meta":[],"product_brand":[],"product_cat":[83,38,79],"product_tag":[],"class_list":{"0":"post-9902","1":"product","2":"type-product","3":"status-publish","4":"has-post-thumbnail","6":"product_cat-devices","7":"product_cat-imago-food-printers","8":"product_cat-printers-for-aluminum","10":"first","11":"instock","12":"shipping-taxable","13":"purchasable","14":"product-type-simple"},"_links":{"self":[{"href":"https:\/\/dersuessestopp.com\/hr\/wp-json\/wp\/v2\/product\/9902","targetHints":{"allow":["GET"]}}],"collection":[{"href":"https:\/\/dersuessestopp.com\/hr\/wp-json\/wp\/v2\/product"}],"about":[{"href":"https:\/\/dersuessestopp.com\/hr\/wp-json\/wp\/v2\/types\/product"}],"replies":[{"embeddable":true,"href":"https:\/\/dersuessestopp.com\/hr\/wp-json\/wp\/v2\/comments?post=9902"}],"version-history":[{"count":1,"href":"https:\/\/dersuessestopp.com\/hr\/wp-json\/wp\/v2\/product\/9902\/revisions"}],"predecessor-version":[{"id":9980,"href":"https:\/\/dersuessestopp.com\/hr\/wp-json\/wp\/v2\/product\/9902\/revisions\/9980"}],"wp:featuredmedia":[{"embeddable":true,"href":"https:\/\/dersuessestopp.com\/hr\/wp-json\/wp\/v2\/media\/9901"}],"wp:attachment":[{"href":"https:\/\/dersuessestopp.com\/hr\/wp-json\/wp\/v2\/media?parent=9902"}],"wp:term":[{"taxonomy":"product_brand","embeddable":true,"href":"https:\/\/dersuessestopp.com\/hr\/wp-json\/wp\/v2\/product_brand?post=9902"},{"taxonomy":"product_cat","embeddable":true,"href":"https:\/\/dersuessestopp.com\/hr\/wp-json\/wp\/v2\/product_cat?post=9902"},{"taxonomy":"product_tag","embeddable":true,"href":"https:\/\/dersuessestopp.com\/hr\/wp-json\/wp\/v2\/product_tag?post=9902"}],"curies":[{"name":"wp","href":"https:\/\/api.w.org\/{rel}","templated":true}]}}