{"id":9900,"date":"2025-09-28T03:49:05","date_gmt":"2025-09-28T03:49:05","guid":{"rendered":"https:\/\/dersuessestopp.com\/product\/aquila-uv-led-printer\/"},"modified":"2025-09-28T04:09:55","modified_gmt":"2025-09-28T04:09:55","slug":"aquila-uv-led-printer","status":"publish","type":"product","link":"https:\/\/dersuessestopp.com\/hr\/product\/aquila-uv-led-printer\/","title":{"rendered":"AQUILA UV LED printer"},"content":{"rendered":"<p>AQUILA UV LED \u2013 Poljski UV LED pisa\u010d malog formata Uklonite potrebu za vanjskim izvo\u0111a\u010dima i preuzmite potpunu kontrolu nad svojim poslovanjem uz UV LED pisa\u010d malog formata tvrtke IMAGO. Ure\u0111aj je idealan za tvrtke koje \u017eele pokrenuti vlastitu proizvodnju robnih marki. Istovremeno, tvrtke usmjerene na proizvodnju velikih razmjera dobit \u0107e mogu\u0107nost ispunjavanja pojedina\u010dnih narud\u017ebi i ponude personalizacije. Sustav za recirkulaciju i mije\u0161anje bijele tinte Ovo su na\u0161a vlasni\u010dka rje\u0161enja koja sprje\u010davaju isu\u0161ivanje bijele tinte u bocama i crijevima. Osim toga, stanje pripravnosti omogu\u0107uje pisa\u010dima da ostanu potpuno operativni tijekom dugih zastoja uz vrlo nisku potro\u0161nju energije. Sustavi koji pove\u0107avaju vijek trajanja sustava za ispis. Sustav za uklanjanje pra\u0161ine koji se koristi u na\u0161em UV LED pisa\u010du omogu\u0107uje vam ispis na neravnim povr\u0161inama i pra\u0161njavim materijalima bez brige o stanju sustava za ispis. Osim toga, crni radni stol sprje\u010dava stvrdnjavanje \u010destica tinte na glavi za ispis. Pravilno odabrana UV LED lampa Zra\u010dno hla\u0111ena UV LED lampa koja se koristi u ure\u0111aju ne zahtijeva odr\u017eavanje i ne zahtijeva va\u0161u pa\u017enju tijekom rada. Odgovaraju\u0107a postavka snage UV LED lampe omogu\u0107uje ispis na proizvodima osjetljivim na toplinu bez rizika od deformacije proizvoda. Mali UV LED pisa\u010d za personalizaciju Mali format je prakti\u010dno rje\u0161enje koje \u0107e dobro funkcionirati u reklamnoj, turisti\u010dkoj i industriji vjen\u010danja, kao i u tiskarama. Osim toga, stol s ravnalom i odgovaraju\u0107im matricama osigurava jednostavno pozicioniranje malih proizvoda. Signalni sustavi i intuitivni na\u010din rada za servisiranje Sustavi kori\u0161teni u stroju omogu\u0107uju jednostavno rukovanje ure\u0111ajem. Signalni sustavi \u0107e vas obavijestiti kada je potrebno dopuniti tintu ili isprazniti spremnik potro\u0161nog materijala. Aquila UV LED tako\u0111er \u0107e vas obavijestiti kada je ispis zavr\u0161en.<\/p>","protected":false},"excerpt":{"rendered":"<p>Uklonite potrebu za vanjskim izvo\u0111a\u010dima i preuzmite potpunu kontrolu nad svojim poslovanjem uz maloformatni UV LED printer tvrtke IMAGO.<\/p>","protected":false},"featured_media":9899,"comment_status":"open","ping_status":"closed","template":"","meta":[],"product_brand":[],"product_cat":[83,38,77],"product_tag":[],"class_list":{"0":"post-9900","1":"product","2":"type-product","3":"status-publish","4":"has-post-thumbnail","6":"product_cat-devices","7":"product_cat-imago-food-printers","8":"product_cat-uv-led-printers","10":"first","11":"instock","12":"shipping-taxable","13":"purchasable","14":"product-type-simple"},"_links":{"self":[{"href":"https:\/\/dersuessestopp.com\/hr\/wp-json\/wp\/v2\/product\/9900","targetHints":{"allow":["GET"]}}],"collection":[{"href":"https:\/\/dersuessestopp.com\/hr\/wp-json\/wp\/v2\/product"}],"about":[{"href":"https:\/\/dersuessestopp.com\/hr\/wp-json\/wp\/v2\/types\/product"}],"replies":[{"embeddable":true,"href":"https:\/\/dersuessestopp.com\/hr\/wp-json\/wp\/v2\/comments?post=9900"}],"version-history":[{"count":1,"href":"https:\/\/dersuessestopp.com\/hr\/wp-json\/wp\/v2\/product\/9900\/revisions"}],"predecessor-version":[{"id":9981,"href":"https:\/\/dersuessestopp.com\/hr\/wp-json\/wp\/v2\/product\/9900\/revisions\/9981"}],"wp:featuredmedia":[{"embeddable":true,"href":"https:\/\/dersuessestopp.com\/hr\/wp-json\/wp\/v2\/media\/9899"}],"wp:attachment":[{"href":"https:\/\/dersuessestopp.com\/hr\/wp-json\/wp\/v2\/media?parent=9900"}],"wp:term":[{"taxonomy":"product_brand","embeddable":true,"href":"https:\/\/dersuessestopp.com\/hr\/wp-json\/wp\/v2\/product_brand?post=9900"},{"taxonomy":"product_cat","embeddable":true,"href":"https:\/\/dersuessestopp.com\/hr\/wp-json\/wp\/v2\/product_cat?post=9900"},{"taxonomy":"product_tag","embeddable":true,"href":"https:\/\/dersuessestopp.com\/hr\/wp-json\/wp\/v2\/product_tag?post=9900"}],"curies":[{"name":"wp","href":"https:\/\/api.w.org\/{rel}","templated":true}]}}