{"id":9898,"date":"2025-09-28T03:48:57","date_gmt":"2025-09-28T03:48:57","guid":{"rendered":"https:\/\/dersuessestopp.com\/product\/aquila-nanosolvent-printer\/"},"modified":"2025-09-28T04:09:55","modified_gmt":"2025-09-28T04:09:55","slug":"aquila-nanosolventni-printer","status":"publish","type":"product","link":"https:\/\/dersuessestopp.com\/hr\/product\/aquila-nanosolvent-printer\/","title":{"rendered":"AQUILA nanosolventni pisa\u010d"},"content":{"rendered":"<p>AQUILA Nanosolvent \u2013 precizan ispis s vrlo malim kapljicama tinte Pisa\u010di s nanotehnologijom ispisa idealni su za specijalizirano ozna\u010davanje zahtjevnih materijala. Tinta prodire u strukturu materijala, \u0161to zna\u010di da se grafika prilago\u0111ava strukturi podloge i deformira s njom. Digitalni pisa\u010di za posebne zadatke. Digitalni pisa\u010d AQUILA Nanosolvent je ure\u0111aj za posebne zadatke. Sve je to zahvaljuju\u0107i tehnologiji nanostrukturiranih tinti koje prodiru u porozne podloge. Kao rezultat toga, grafika je estetska i reagira na svaku deformaciju. Istovremeno, ispis je trajan i otporan na mehani\u010dka o\u0161te\u0107enja. To vam omogu\u0107uje stvaranje jedinstvenih kompozicija na svije\u0107ama, navlakama ili podmeta\u010dima. Visokokvalitetni ispis na drvu, plutu ili ko\u017ei. AQUILA Nanosolvent ure\u0111aji nude visokokvalitetni ispis u rezoluciji od 5760 x 1440 dpi. To jam\u010di detalje otisnute slike na pjenastom PVC-u, svije\u0107ama, plutu, ko\u017ei ili drvu. Dubina boje prevodi se u estetiku i preciznost kona\u010dnih proizvoda. Jednostavna personalizacija proizvoda AQUILA Nanosolvent je digitalni pisa\u010d malog formata koji vam omogu\u0107uje ispunjavanje personaliziranih narud\u017ebi. Na ovaj na\u010din mo\u017eete istaknuti svoje proizvode i prilagoditi ih promjenjivim prigodama poput blagdana, Valentinova ili Dana \u017eena. Ure\u0111aj se lako prilago\u0111ava bilo kojem projektu, a njegov rad i pozicioniranje proizvoda vrlo su jednostavni. Aktivni sustav su\u0161enja ispisa Ure\u0111aj AQUILA Nanosolvent opremljen je aktivnim sustavom su\u0161enja. To ubrzava isparavanje otapala i prodiranje tinte u podlogu. To omogu\u0107uje ve\u0107u zasi\u0107enost boja i ispis finih detalja, malih fontova i simbola. glava za ispis s teku\u0107inom za \u010di\u0161\u0107enje Sustav tinte koji se koristi u pisa\u010du, s kanalima za teku\u0107inu za \u010di\u0161\u0107enje, smanjuje probleme sa za\u010depljenjem glave za ispis i potro\u0161nih dijelova ure\u0111aja.<\/p>","protected":false},"excerpt":{"rendered":"<p>Nanoprinta\u010di su idealni za specijalizirano ozna\u010davanje te\u0161kih materijala.<\/p>","protected":false},"featured_media":9897,"comment_status":"open","ping_status":"closed","template":"","meta":[],"product_brand":[],"product_cat":[83,38,94],"product_tag":[],"class_list":{"0":"post-9898","1":"product","2":"type-product","3":"status-publish","4":"has-post-thumbnail","6":"product_cat-devices","7":"product_cat-imago-food-printers","8":"product_cat-printers-nanosolvent","10":"first","11":"instock","12":"shipping-taxable","13":"purchasable","14":"product-type-simple"},"_links":{"self":[{"href":"https:\/\/dersuessestopp.com\/hr\/wp-json\/wp\/v2\/product\/9898","targetHints":{"allow":["GET"]}}],"collection":[{"href":"https:\/\/dersuessestopp.com\/hr\/wp-json\/wp\/v2\/product"}],"about":[{"href":"https:\/\/dersuessestopp.com\/hr\/wp-json\/wp\/v2\/types\/product"}],"replies":[{"embeddable":true,"href":"https:\/\/dersuessestopp.com\/hr\/wp-json\/wp\/v2\/comments?post=9898"}],"version-history":[{"count":1,"href":"https:\/\/dersuessestopp.com\/hr\/wp-json\/wp\/v2\/product\/9898\/revisions"}],"predecessor-version":[{"id":9982,"href":"https:\/\/dersuessestopp.com\/hr\/wp-json\/wp\/v2\/product\/9898\/revisions\/9982"}],"wp:featuredmedia":[{"embeddable":true,"href":"https:\/\/dersuessestopp.com\/hr\/wp-json\/wp\/v2\/media\/9897"}],"wp:attachment":[{"href":"https:\/\/dersuessestopp.com\/hr\/wp-json\/wp\/v2\/media?parent=9898"}],"wp:term":[{"taxonomy":"product_brand","embeddable":true,"href":"https:\/\/dersuessestopp.com\/hr\/wp-json\/wp\/v2\/product_brand?post=9898"},{"taxonomy":"product_cat","embeddable":true,"href":"https:\/\/dersuessestopp.com\/hr\/wp-json\/wp\/v2\/product_cat?post=9898"},{"taxonomy":"product_tag","embeddable":true,"href":"https:\/\/dersuessestopp.com\/hr\/wp-json\/wp\/v2\/product_tag?post=9898"}],"curies":[{"name":"wp","href":"https:\/\/api.w.org\/{rel}","templated":true}]}}