{"id":9896,"date":"2025-09-28T03:48:45","date_gmt":"2025-09-28T03:48:45","guid":{"rendered":"https:\/\/dersuessestopp.com\/product\/falco-aluminium-printer\/"},"modified":"2025-09-28T04:09:55","modified_gmt":"2025-09-28T04:09:55","slug":"falco-aluminijski-printer","status":"publish","type":"product","link":"https:\/\/dersuessestopp.com\/hr\/product\/falco-aluminium-printer\/","title":{"rendered":"FALCO aluminijski printer"},"content":{"rendered":"<p>FALCO Aluminium \u2013 neuni\u0161tive skladi\u0161ne etikete izra\u0111ene od eloksiranog aluminija Ure\u0111aj FALCO Aluminium omogu\u0107uje izradu neuni\u0161tivih skladi\u0161nih etiketa izravno na mjestu upotrebe. To smanjuje vrijeme i tro\u0161kove proizvodnje. Tra\u017eite li izdr\u017eljive skladi\u0161ne etikete? Otkrijte mogu\u0107nosti FALCO Aluminiuma. Visokoprecizni ispis na eloksiranom aluminiju Ure\u0111aj FALCO Aluminium idealan je za primjene gdje su va\u017ena kvaliteta ispisa, trajnost i kratki rokovi isporuke gotovih proizvoda. \u0160tovi\u0161e, ispis je vrlo precizan i ponovljiv na svakom proizvodu. Kompletan tehnolo\u0161ki paket za ispis na metal Kako bismo dodatno pove\u0107ali preciznost i trajnost ispisa, razvili smo tehnolo\u0161ki paket koji uklju\u010duje: ure\u0111aj FALCO Aluminium i Technology Tub, aplikaciju koja pove\u0107ava trajnost zatvaranjem tiskanih metalnih limova. Kontinuirana serijska proizvodnja Falco Aluminium dizajniran je za kontinuirani serijski rad izravno na mjestu proizvodnje skladi\u0161nih etiketa. Njegova izdr\u017eljiva konstrukcija i intuitivni na\u010din rada zna\u010de da se ne morate brinuti o zastoju u proizvodnji! Niski tro\u0161kovi i jednostavna logistika izrade skladi\u0161nih etiketa Primjena tehnologije ispisa na eloksiranom aluminiju smanjuje vrijeme proizvodnje, smanjuje tro\u0161kove i olak\u0161ava logistiku izrade skladi\u0161nih oznaka u va\u0161oj tvrtki. Tijekom radnog dana operatera mo\u017ee se proizvesti do 500 etiketa, a ukupni tro\u0161ak proizvodnje 1 komada iznosi samo 3 PLN! Jednostavno kori\u0161tenje i rad bez problema Upravljanje aluminijskim pisa\u010dima je intuitivno, tako da \u0107e nakon osnovne obuke svaki zaposlenik mo\u0107i pripremiti gotov proizvod najvi\u0161e kvalitete. Poluautomatski sustav \u010di\u0161\u0107enja pove\u0107ava vijek trajanja glave pisa\u010da, a sustav boce bez kapanja jam\u010di brz i udoban rad.<\/p>","protected":false},"excerpt":{"rendered":"<p>FALCO Aluminium ure\u0111aj omogu\u0107uje izradu neuni\u0161tivih skladi\u0161nih etiketa direktno na mjestu upotrebe.<\/p>","protected":false},"featured_media":9895,"comment_status":"open","ping_status":"closed","template":"","meta":[],"product_brand":[],"product_cat":[83,38,79],"product_tag":[],"class_list":{"0":"post-9896","1":"product","2":"type-product","3":"status-publish","4":"has-post-thumbnail","6":"product_cat-devices","7":"product_cat-imago-food-printers","8":"product_cat-printers-for-aluminum","10":"first","11":"instock","12":"shipping-taxable","13":"purchasable","14":"product-type-simple"},"_links":{"self":[{"href":"https:\/\/dersuessestopp.com\/hr\/wp-json\/wp\/v2\/product\/9896","targetHints":{"allow":["GET"]}}],"collection":[{"href":"https:\/\/dersuessestopp.com\/hr\/wp-json\/wp\/v2\/product"}],"about":[{"href":"https:\/\/dersuessestopp.com\/hr\/wp-json\/wp\/v2\/types\/product"}],"replies":[{"embeddable":true,"href":"https:\/\/dersuessestopp.com\/hr\/wp-json\/wp\/v2\/comments?post=9896"}],"version-history":[{"count":1,"href":"https:\/\/dersuessestopp.com\/hr\/wp-json\/wp\/v2\/product\/9896\/revisions"}],"predecessor-version":[{"id":9983,"href":"https:\/\/dersuessestopp.com\/hr\/wp-json\/wp\/v2\/product\/9896\/revisions\/9983"}],"wp:featuredmedia":[{"embeddable":true,"href":"https:\/\/dersuessestopp.com\/hr\/wp-json\/wp\/v2\/media\/9895"}],"wp:attachment":[{"href":"https:\/\/dersuessestopp.com\/hr\/wp-json\/wp\/v2\/media?parent=9896"}],"wp:term":[{"taxonomy":"product_brand","embeddable":true,"href":"https:\/\/dersuessestopp.com\/hr\/wp-json\/wp\/v2\/product_brand?post=9896"},{"taxonomy":"product_cat","embeddable":true,"href":"https:\/\/dersuessestopp.com\/hr\/wp-json\/wp\/v2\/product_cat?post=9896"},{"taxonomy":"product_tag","embeddable":true,"href":"https:\/\/dersuessestopp.com\/hr\/wp-json\/wp\/v2\/product_tag?post=9896"}],"curies":[{"name":"wp","href":"https:\/\/api.w.org\/{rel}","templated":true}]}}