{"id":9893,"date":"2025-09-28T03:48:32","date_gmt":"2025-09-28T03:48:32","guid":{"rendered":"https:\/\/dersuessestopp.com\/product\/protective-cover-for-vulpes-aquila\/"},"modified":"2025-09-28T04:09:55","modified_gmt":"2025-09-28T04:09:55","slug":"zastitni-pokrov-za-vulpes-aquila","status":"publish","type":"product","link":"https:\/\/dersuessestopp.com\/hr\/product\/protective-cover-for-vulpes-aquila\/","title":{"rendered":"Za\u0161titna navlaka za VULPES\/AQUILA"},"content":{"rendered":"","protected":false},"excerpt":{"rendered":"<p>Za\u0161titna navlaka prilago\u0111ena VULPES i AQUILA pisa\u010dima (Aquila Aluminum, Aquila UV LED, Aquila Nanosolvent).<\/p>","protected":false},"featured_media":9892,"comment_status":"open","ping_status":"closed","template":"","meta":[],"product_brand":[],"product_cat":[93,38],"product_tag":[],"class_list":{"0":"post-9893","1":"product","2":"type-product","3":"status-publish","4":"has-post-thumbnail","6":"product_cat-covers","7":"product_cat-imago-food-printers","9":"first","10":"instock","11":"shipping-taxable","12":"purchasable","13":"product-type-simple"},"_links":{"self":[{"href":"https:\/\/dersuessestopp.com\/hr\/wp-json\/wp\/v2\/product\/9893","targetHints":{"allow":["GET"]}}],"collection":[{"href":"https:\/\/dersuessestopp.com\/hr\/wp-json\/wp\/v2\/product"}],"about":[{"href":"https:\/\/dersuessestopp.com\/hr\/wp-json\/wp\/v2\/types\/product"}],"replies":[{"embeddable":true,"href":"https:\/\/dersuessestopp.com\/hr\/wp-json\/wp\/v2\/comments?post=9893"}],"version-history":[{"count":1,"href":"https:\/\/dersuessestopp.com\/hr\/wp-json\/wp\/v2\/product\/9893\/revisions"}],"predecessor-version":[{"id":9984,"href":"https:\/\/dersuessestopp.com\/hr\/wp-json\/wp\/v2\/product\/9893\/revisions\/9984"}],"wp:featuredmedia":[{"embeddable":true,"href":"https:\/\/dersuessestopp.com\/hr\/wp-json\/wp\/v2\/media\/9892"}],"wp:attachment":[{"href":"https:\/\/dersuessestopp.com\/hr\/wp-json\/wp\/v2\/media?parent=9893"}],"wp:term":[{"taxonomy":"product_brand","embeddable":true,"href":"https:\/\/dersuessestopp.com\/hr\/wp-json\/wp\/v2\/product_brand?post=9893"},{"taxonomy":"product_cat","embeddable":true,"href":"https:\/\/dersuessestopp.com\/hr\/wp-json\/wp\/v2\/product_cat?post=9893"},{"taxonomy":"product_tag","embeddable":true,"href":"https:\/\/dersuessestopp.com\/hr\/wp-json\/wp\/v2\/product_tag?post=9893"}],"curies":[{"name":"wp","href":"https:\/\/api.w.org\/{rel}","templated":true}]}}