{"id":9889,"date":"2025-09-28T03:48:24","date_gmt":"2025-09-28T03:48:24","guid":{"rendered":"https:\/\/dersuessestopp.com\/product\/upper-matrix-personalized-part-of-the-matrix\/"},"modified":"2025-09-28T04:09:55","modified_gmt":"2025-09-28T04:09:55","slug":"gornji-dio-matrice-personalizirani-dio-matrice","status":"publish","type":"product","link":"https:\/\/dersuessestopp.com\/hr\/product\/upper-matrix-personalized-part-of-the-matrix\/","title":{"rendered":"GORNJA matrica \u2013 personalizirani dio matrice"},"content":{"rendered":"<p>Konstrukcija IMAGO matrice Na\u0161i alati izra\u0111eni su u skladu s japanskim Poka-Yoke sustavom upravljanja proizvodnjom. Alat se sastoji od dva elementa: baze i odvojivog gornjeg dijela. Proizvodi se postavljaju na gornji dio, koji je prilago\u0111en odre\u0111enom obliku. Gornji dio alata mo\u017ee se postaviti samo u jednom smjeru, \u0161to izbjegava skupe pogre\u0161ke i gubitak vremena na korekcije proizvoda. Alati prilago\u0111eni va\u0161em proizvodu Izra\u0111ujemo alate prema pojedina\u010dnim narud\u017ebama kupaca tako da su prilago\u0111eni odabranom proizvodu. Alati su prilago\u0111eni radnim stolovima IMAGO digitalnih pisa\u010da. To \u010dini njihovu ugradnju brzom i jednostavnom. Za svaki alat se tako\u0111er izra\u0111uje grafi\u010dka datoteka koja reproducira njegov oblik. To olak\u0161ava nano\u0161enje grafike na seriju proizvoda na ra\u010dunalu. Fotografska kvaliteta slike, pa\u017enja prema detaljima, preciznost i ponovljivost ispisa olak\u0161at \u0107e i ubrzati rad u va\u0161oj tvrtki. Ubrzavanje masovne proizvodnje na UV LED pisa\u010du Matrice pojednostavljuju rad i zna\u010dajno smanjuju vrijeme isporuke za serije proizvoda. Olak\u0161avaju pozicioniranje promotivnih predmeta, olovaka ili malih proizvoda specifi\u010dnih oblika. Kalupi i pisa\u010di za hranu Kao i kod UV LED pisa\u010da, izra\u0111ujemo i prilago\u0111ene kalupe za plotere za hranu. Oni olak\u0161avaju rad i ubrzavaju proces ukra\u0161avanja. Ovaj alat najbolje funkcionira pri ispisu velikog broja malih proizvoda. Na primjer, do 900 makrona mo\u017ee se ukrasiti u jednom satu. Sve \u0161to vam treba je jedna baza i varijabilni gornji dio u obliku va\u0161eg proizvoda.<\/p>","protected":false},"excerpt":{"rendered":"<p>Ozna\u010davate li puno malih proizvoda? Je li va\u0161a proizvodnja repetitivna? Alati za rezanje su savr\u0161eno rje\u0161enje za vas. Olak\u0161avaju pozicioniranje malih proizvoda, uklanjaju rizik od pogre\u0161ke i ubrzavaju serijsku proizvodnju.<\/p>","protected":false},"featured_media":9888,"comment_status":"open","ping_status":"closed","template":"","meta":[],"product_brand":[],"product_cat":[92,38],"product_tag":[],"class_list":{"0":"post-9889","1":"product","2":"type-product","3":"status-publish","4":"has-post-thumbnail","6":"product_cat-dies","7":"product_cat-imago-food-printers","9":"first","10":"instock","11":"shipping-taxable","12":"purchasable","13":"product-type-simple"},"_links":{"self":[{"href":"https:\/\/dersuessestopp.com\/hr\/wp-json\/wp\/v2\/product\/9889","targetHints":{"allow":["GET"]}}],"collection":[{"href":"https:\/\/dersuessestopp.com\/hr\/wp-json\/wp\/v2\/product"}],"about":[{"href":"https:\/\/dersuessestopp.com\/hr\/wp-json\/wp\/v2\/types\/product"}],"replies":[{"embeddable":true,"href":"https:\/\/dersuessestopp.com\/hr\/wp-json\/wp\/v2\/comments?post=9889"}],"version-history":[{"count":1,"href":"https:\/\/dersuessestopp.com\/hr\/wp-json\/wp\/v2\/product\/9889\/revisions"}],"predecessor-version":[{"id":9987,"href":"https:\/\/dersuessestopp.com\/hr\/wp-json\/wp\/v2\/product\/9889\/revisions\/9987"}],"wp:featuredmedia":[{"embeddable":true,"href":"https:\/\/dersuessestopp.com\/hr\/wp-json\/wp\/v2\/media\/9888"}],"wp:attachment":[{"href":"https:\/\/dersuessestopp.com\/hr\/wp-json\/wp\/v2\/media?parent=9889"}],"wp:term":[{"taxonomy":"product_brand","embeddable":true,"href":"https:\/\/dersuessestopp.com\/hr\/wp-json\/wp\/v2\/product_brand?post=9889"},{"taxonomy":"product_cat","embeddable":true,"href":"https:\/\/dersuessestopp.com\/hr\/wp-json\/wp\/v2\/product_cat?post=9889"},{"taxonomy":"product_tag","embeddable":true,"href":"https:\/\/dersuessestopp.com\/hr\/wp-json\/wp\/v2\/product_tag?post=9889"}],"curies":[{"name":"wp","href":"https:\/\/api.w.org\/{rel}","templated":true}]}}