{"id":9886,"date":"2025-09-28T03:48:21","date_gmt":"2025-09-28T03:48:21","guid":{"rendered":"https:\/\/dersuessestopp.com\/product\/processing-tank-for-falco-aluminium\/"},"modified":"2025-09-28T04:09:55","modified_gmt":"2025-09-28T04:09:55","slug":"spremnik-za-obradu-aluminija-falco","status":"publish","type":"product","link":"https:\/\/dersuessestopp.com\/hr\/product\/processing-tank-for-falco-aluminium\/","title":{"rendered":"Spremnik za obradu FALCO aluminija"},"content":{"rendered":"<p>Tisak na eloksiranom aluminiju \u2013 prednosti za va\u0161e poslovanje Kompletan tehnolo\u0161ki paket za tisak na eloksiranom aluminiju jednostavan je za kori\u0161tenje i jeftin za rukovanje. Tisak na aluminiju karakterizira vrlo visoka izdr\u017eljivost i otpornost na vanjske \u010dimbenike. Gotova plo\u010da dimenzija 10 x 15 cm mo\u017ee se ispisati za 2 minute, a ukupni tro\u0161ak iznosi samo 3 PLN. Za najbolju kvalitetu ispisa preporu\u010dujemo kori\u0161tenje posebne soli koja dodatno \u010duva vanjski sloj aluminija.<\/p>","protected":false},"excerpt":{"rendered":"<p>Tisak na eloksiranom aluminiju koristi se za stvaranje gotovo neuni\u0161tivih dizajna za skladi\u0161ne etikete, informativne plo\u010dice, kontrolne plo\u010de, diplome i certifikate.<\/p>","protected":false},"featured_media":9885,"comment_status":"open","ping_status":"closed","template":"","meta":[],"product_brand":[],"product_cat":[83,38,82],"product_tag":[],"class_list":{"0":"post-9886","1":"product","2":"type-product","3":"status-publish","4":"has-post-thumbnail","6":"product_cat-devices","7":"product_cat-imago-food-printers","8":"product_cat-peripheral-devices","10":"first","11":"instock","12":"shipping-taxable","13":"purchasable","14":"product-type-simple"},"_links":{"self":[{"href":"https:\/\/dersuessestopp.com\/hr\/wp-json\/wp\/v2\/product\/9886","targetHints":{"allow":["GET"]}}],"collection":[{"href":"https:\/\/dersuessestopp.com\/hr\/wp-json\/wp\/v2\/product"}],"about":[{"href":"https:\/\/dersuessestopp.com\/hr\/wp-json\/wp\/v2\/types\/product"}],"replies":[{"embeddable":true,"href":"https:\/\/dersuessestopp.com\/hr\/wp-json\/wp\/v2\/comments?post=9886"}],"version-history":[{"count":1,"href":"https:\/\/dersuessestopp.com\/hr\/wp-json\/wp\/v2\/product\/9886\/revisions"}],"predecessor-version":[{"id":9988,"href":"https:\/\/dersuessestopp.com\/hr\/wp-json\/wp\/v2\/product\/9886\/revisions\/9988"}],"wp:featuredmedia":[{"embeddable":true,"href":"https:\/\/dersuessestopp.com\/hr\/wp-json\/wp\/v2\/media\/9885"}],"wp:attachment":[{"href":"https:\/\/dersuessestopp.com\/hr\/wp-json\/wp\/v2\/media?parent=9886"}],"wp:term":[{"taxonomy":"product_brand","embeddable":true,"href":"https:\/\/dersuessestopp.com\/hr\/wp-json\/wp\/v2\/product_brand?post=9886"},{"taxonomy":"product_cat","embeddable":true,"href":"https:\/\/dersuessestopp.com\/hr\/wp-json\/wp\/v2\/product_cat?post=9886"},{"taxonomy":"product_tag","embeddable":true,"href":"https:\/\/dersuessestopp.com\/hr\/wp-json\/wp\/v2\/product_tag?post=9886"}],"curies":[{"name":"wp","href":"https:\/\/api.w.org\/{rel}","templated":true}]}}