{"id":9882,"date":"2025-09-28T03:48:01","date_gmt":"2025-09-28T03:48:01","guid":{"rendered":"https:\/\/dersuessestopp.com\/product\/cleaner-solvent-cleaning-fluid-for-aquila-devices\/"},"modified":"2025-09-28T04:09:56","modified_gmt":"2025-09-28T04:09:56","slug":"tekucina-za-ciscenje-i-ciscenje-otapala-za-aquila-uredaje","status":"publish","type":"product","link":"https:\/\/dersuessestopp.com\/hr\/product\/cleaner-solvent-cleaning-fluid-for-aquila-devices\/","title":{"rendered":"Otapalo za \u010di\u0161\u0107enje \u2013 teku\u0107ina za \u010di\u0161\u0107enje Aquila ure\u0111aja"},"content":{"rendered":"","protected":false},"excerpt":{"rendered":"<p>Otapalo za \u010di\u0161\u0107enje je teku\u0107ina za \u010di\u0161\u0107enje namijenjena za Aquila Nanosolvent, Aquila Aluminum i Aquila UV LED pisa\u010de. To je nezamjenjiva tvar koja odr\u017eava ure\u0111aj u savr\u0161enom stanju, osiguravaju\u0107i pouzdanost i izvrsnu kvalitetu ispisa. Koristi se za \u010di\u0161\u0107enje glava za ispis i stanica za \u010di\u0161\u0107enje u pisa\u010dima koji koriste UV LED i Nanosolvent tinte.<\/p>","protected":false},"featured_media":9881,"comment_status":"open","ping_status":"closed","template":"","meta":[],"product_brand":[],"product_cat":[86,38],"product_tag":[],"class_list":{"0":"post-9882","1":"product","2":"type-product","3":"status-publish","4":"has-post-thumbnail","6":"product_cat-primers-and-cleaning-fluids","7":"product_cat-imago-food-printers","9":"first","10":"outofstock","11":"shipping-taxable","12":"product-type-variable"},"_links":{"self":[{"href":"https:\/\/dersuessestopp.com\/hr\/wp-json\/wp\/v2\/product\/9882","targetHints":{"allow":["GET"]}}],"collection":[{"href":"https:\/\/dersuessestopp.com\/hr\/wp-json\/wp\/v2\/product"}],"about":[{"href":"https:\/\/dersuessestopp.com\/hr\/wp-json\/wp\/v2\/types\/product"}],"replies":[{"embeddable":true,"href":"https:\/\/dersuessestopp.com\/hr\/wp-json\/wp\/v2\/comments?post=9882"}],"version-history":[{"count":1,"href":"https:\/\/dersuessestopp.com\/hr\/wp-json\/wp\/v2\/product\/9882\/revisions"}],"predecessor-version":[{"id":9991,"href":"https:\/\/dersuessestopp.com\/hr\/wp-json\/wp\/v2\/product\/9882\/revisions\/9991"}],"wp:featuredmedia":[{"embeddable":true,"href":"https:\/\/dersuessestopp.com\/hr\/wp-json\/wp\/v2\/media\/9881"}],"wp:attachment":[{"href":"https:\/\/dersuessestopp.com\/hr\/wp-json\/wp\/v2\/media?parent=9882"}],"wp:term":[{"taxonomy":"product_brand","embeddable":true,"href":"https:\/\/dersuessestopp.com\/hr\/wp-json\/wp\/v2\/product_brand?post=9882"},{"taxonomy":"product_cat","embeddable":true,"href":"https:\/\/dersuessestopp.com\/hr\/wp-json\/wp\/v2\/product_cat?post=9882"},{"taxonomy":"product_tag","embeddable":true,"href":"https:\/\/dersuessestopp.com\/hr\/wp-json\/wp\/v2\/product_tag?post=9882"}],"curies":[{"name":"wp","href":"https:\/\/api.w.org\/{rel}","templated":true}]}}