{"id":9878,"date":"2025-09-28T03:47:48","date_gmt":"2025-09-28T03:47:48","guid":{"rendered":"https:\/\/dersuessestopp.com\/product\/set-of-cartridges-for-cleaning-fluids-for-the-falco-confectionery-plotter-4-pcs\/"},"modified":"2025-09-28T04:09:56","modified_gmt":"2025-09-28T04:09:56","slug":"set-ulozaka-za-tekucine-za-ciscenje-za-falco-ploter-za-slastice-4-komada","status":"publish","type":"product","link":"https:\/\/dersuessestopp.com\/hr\/product\/set-of-cartridges-for-cleaning-fluids-for-the-falco-confectionery-plotter-4-pcs\/","title":{"rendered":"Set ulo\u017eaka za teku\u0107ine za \u010di\u0161\u0107enje za Falco ploter za slastice \u2013 4 kom."},"content":{"rendered":"<p>Nudimo set od 4 prazna ulo\u0161ka za Falco ploter za slastice. Prilago\u0111eni su prehrambenoj industriji i dizajnirani su za punjenje IMAGO sredstvom za \u010di\u0161\u0107enje na bazi vode. Ulo\u0161ci s teku\u0107inom za \u010di\u0161\u0107enje poma\u017eu u odr\u017eavanju va\u0161eg pisa\u010da za slastice u dobrom stanju tijekom zastoja. Ulo\u0161ci ne sadr\u017ee sredstvo za \u010di\u0161\u0107enje.<\/p>","protected":false},"excerpt":{"rendered":"<p>Set praznih ulo\u017eaka za teku\u0107ine za \u010di\u0161\u0107enje za Falco ploter za slastice tvrtke IMAGO \u2013 4 kom.<\/p>","protected":false},"featured_media":9877,"comment_status":"open","ping_status":"closed","template":"","meta":[],"product_brand":[],"product_cat":[81,76,38,86],"product_tag":[],"class_list":{"0":"post-9878","1":"product","2":"type-product","3":"status-publish","4":"has-post-thumbnail","6":"product_cat-equipment-operation","7":"product_cat-food-printers","8":"product_cat-imago-food-printers","9":"product_cat-primers-and-cleaning-fluids","11":"first","12":"instock","13":"shipping-taxable","14":"purchasable","15":"product-type-simple"},"_links":{"self":[{"href":"https:\/\/dersuessestopp.com\/hr\/wp-json\/wp\/v2\/product\/9878","targetHints":{"allow":["GET"]}}],"collection":[{"href":"https:\/\/dersuessestopp.com\/hr\/wp-json\/wp\/v2\/product"}],"about":[{"href":"https:\/\/dersuessestopp.com\/hr\/wp-json\/wp\/v2\/types\/product"}],"replies":[{"embeddable":true,"href":"https:\/\/dersuessestopp.com\/hr\/wp-json\/wp\/v2\/comments?post=9878"}],"version-history":[{"count":1,"href":"https:\/\/dersuessestopp.com\/hr\/wp-json\/wp\/v2\/product\/9878\/revisions"}],"predecessor-version":[{"id":9993,"href":"https:\/\/dersuessestopp.com\/hr\/wp-json\/wp\/v2\/product\/9878\/revisions\/9993"}],"wp:featuredmedia":[{"embeddable":true,"href":"https:\/\/dersuessestopp.com\/hr\/wp-json\/wp\/v2\/media\/9877"}],"wp:attachment":[{"href":"https:\/\/dersuessestopp.com\/hr\/wp-json\/wp\/v2\/media?parent=9878"}],"wp:term":[{"taxonomy":"product_brand","embeddable":true,"href":"https:\/\/dersuessestopp.com\/hr\/wp-json\/wp\/v2\/product_brand?post=9878"},{"taxonomy":"product_cat","embeddable":true,"href":"https:\/\/dersuessestopp.com\/hr\/wp-json\/wp\/v2\/product_cat?post=9878"},{"taxonomy":"product_tag","embeddable":true,"href":"https:\/\/dersuessestopp.com\/hr\/wp-json\/wp\/v2\/product_tag?post=9878"}],"curies":[{"name":"wp","href":"https:\/\/api.w.org\/{rel}","templated":true}]}}