{"id":9876,"date":"2025-09-28T03:47:45","date_gmt":"2025-09-28T03:47:45","guid":{"rendered":"https:\/\/dersuessestopp.com\/product\/set-of-cartridges-for-cleaning-fluids-for-the-vulpes-confectionery-plotter-6-pcs\/"},"modified":"2025-09-28T04:10:18","modified_gmt":"2025-09-28T04:10:18","slug":"set-ulozaka-za-tekucine-za-ciscenje-za-vulpes-slasticarski-ploter-6-komada","status":"publish","type":"product","link":"https:\/\/dersuessestopp.com\/hr\/product\/set-of-cartridges-for-cleaning-fluids-for-the-vulpes-confectionery-plotter-6-pcs\/","title":{"rendered":"Set ulo\u017eaka za teku\u0107ine za \u010di\u0161\u0107enje za Vulpes ploter za slastice \u2013 6 kom."},"content":{"rendered":"<p>Nudimo set od 6 praznih ulo\u017eaka za Vulpes slasti\u010darski ploter u verziji s ulo\u0161kom. Prilago\u0111eni su prehrambenoj industriji i dizajnirani za punjenje IMAGO sredstvom za \u010di\u0161\u0107enje vodom. Ulo\u0161ci s teku\u0107inom za \u010di\u0161\u0107enje omogu\u0107uju vam odr\u017eavanje va\u0161eg slasti\u010darskog pisa\u010da u dobrom stanju tijekom zastoja. Ulo\u0161ci ne sadr\u017ee sredstvo za \u010di\u0161\u0107enje.<\/p>","protected":false},"excerpt":{"rendered":"<p>Set ulo\u017eaka teku\u0107ine za \u010di\u0161\u0107enje za IMAGO ploter, 6 kom., dizajniranih posebno za IMAGO plotere. Ulo\u0161ci jam\u010de optimalne performanse va\u0161eg plotera. Teku\u0107ina je dizajnirana za nje\u017eno tretiranje mehanizama slasti\u010darskog plotera, uklanjaju\u0107i sve ne\u010disto\u0107e bez rizika od o\u0161te\u0107enja.<\/p>","protected":false},"featured_media":9875,"comment_status":"open","ping_status":"closed","template":"","meta":[],"product_brand":[],"product_cat":[81,76,38,86],"product_tag":[],"class_list":{"0":"post-9876","1":"product","2":"type-product","3":"status-publish","4":"has-post-thumbnail","6":"product_cat-equipment-operation","7":"product_cat-food-printers","8":"product_cat-imago-food-printers","9":"product_cat-primers-and-cleaning-fluids","11":"first","12":"instock","13":"shipping-taxable","14":"purchasable","15":"product-type-simple"},"_links":{"self":[{"href":"https:\/\/dersuessestopp.com\/hr\/wp-json\/wp\/v2\/product\/9876","targetHints":{"allow":["GET"]}}],"collection":[{"href":"https:\/\/dersuessestopp.com\/hr\/wp-json\/wp\/v2\/product"}],"about":[{"href":"https:\/\/dersuessestopp.com\/hr\/wp-json\/wp\/v2\/types\/product"}],"replies":[{"embeddable":true,"href":"https:\/\/dersuessestopp.com\/hr\/wp-json\/wp\/v2\/comments?post=9876"}],"version-history":[{"count":1,"href":"https:\/\/dersuessestopp.com\/hr\/wp-json\/wp\/v2\/product\/9876\/revisions"}],"predecessor-version":[{"id":9994,"href":"https:\/\/dersuessestopp.com\/hr\/wp-json\/wp\/v2\/product\/9876\/revisions\/9994"}],"wp:featuredmedia":[{"embeddable":true,"href":"https:\/\/dersuessestopp.com\/hr\/wp-json\/wp\/v2\/media\/9875"}],"wp:attachment":[{"href":"https:\/\/dersuessestopp.com\/hr\/wp-json\/wp\/v2\/media?parent=9876"}],"wp:term":[{"taxonomy":"product_brand","embeddable":true,"href":"https:\/\/dersuessestopp.com\/hr\/wp-json\/wp\/v2\/product_brand?post=9876"},{"taxonomy":"product_cat","embeddable":true,"href":"https:\/\/dersuessestopp.com\/hr\/wp-json\/wp\/v2\/product_cat?post=9876"},{"taxonomy":"product_tag","embeddable":true,"href":"https:\/\/dersuessestopp.com\/hr\/wp-json\/wp\/v2\/product_tag?post=9876"}],"curies":[{"name":"wp","href":"https:\/\/api.w.org\/{rel}","templated":true}]}}