{"id":9872,"date":"2025-09-28T03:47:31","date_gmt":"2025-09-28T03:47:31","guid":{"rendered":"https:\/\/dersuessestopp.com\/product\/rotor-device-for-printing-on-cylindrical-objects\/"},"modified":"2025-09-28T04:10:18","modified_gmt":"2025-09-28T04:10:18","slug":"rotorski-uredaj-za-ispis-na-cilindricne-predmete","status":"publish","type":"product","link":"https:\/\/dersuessestopp.com\/hr\/product\/rotor-device-for-printing-on-cylindrical-objects\/","title":{"rendered":"ROTOR \u2013 ure\u0111aj za ispis na cilindri\u010dne predmete"},"content":{"rendered":"<p>Mehani\u010dki modul Rotor za kru\u017eni ispis odlikuje se izdr\u017eljivim mehani\u010dkim dizajnom i intuitivnim pode\u0161avanjem postavki. Modul se instalira na Aquila UV LED ili Nanosolvent pomo\u0107u magnetskog sustava, zahvaljuju\u0107i kojem je ure\u0111aj u potpunosti kompatibilan s IMAGO pisa\u010dima i ne zahtijeva mre\u017enu vezu. Pro\u0161irivanje mogu\u0107nosti ispisa ravnih digitalnih pisa\u010da Rotor vam omogu\u0107uje zna\u010dajno pro\u0161irenje mogu\u0107nosti ispisa ravnih pisa\u010da uz odr\u017eavanje najvi\u0161e kvalitete i preciznosti. Pode\u0161avanje razmaka valjaka omogu\u0107uje precizno pode\u0161avanje modula promjeru svije\u0107e, boce ili vaze. Osim toga, funkcija pode\u0161avanja razine detalja omogu\u0107uje ispis na konusnim proizvodima, poput \u0161alica i boca za vodu.<\/p>","protected":false},"excerpt":{"rendered":"<p>ROTOR je moderno periferno rje\u0161enje za ispis na cilindri\u010dne, konusne i sferne objekte na AQUILA UV LED i AQUILA Nanosolvent pisa\u010dima. S njim mo\u017eete jednostavno ispisivati na svije\u0107e, boce, staklenke, pa \u010dak i bo\u017ei\u0107ne kuglice!<\/p>","protected":false},"featured_media":9871,"comment_status":"open","ping_status":"closed","template":"","meta":[],"product_brand":[],"product_cat":[82,38],"product_tag":[],"class_list":{"0":"post-9872","1":"product","2":"type-product","3":"status-publish","4":"has-post-thumbnail","6":"product_cat-peripheral-devices","7":"product_cat-imago-food-printers","9":"first","10":"instock","11":"shipping-taxable","12":"purchasable","13":"product-type-simple"},"_links":{"self":[{"href":"https:\/\/dersuessestopp.com\/hr\/wp-json\/wp\/v2\/product\/9872","targetHints":{"allow":["GET"]}}],"collection":[{"href":"https:\/\/dersuessestopp.com\/hr\/wp-json\/wp\/v2\/product"}],"about":[{"href":"https:\/\/dersuessestopp.com\/hr\/wp-json\/wp\/v2\/types\/product"}],"replies":[{"embeddable":true,"href":"https:\/\/dersuessestopp.com\/hr\/wp-json\/wp\/v2\/comments?post=9872"}],"version-history":[{"count":1,"href":"https:\/\/dersuessestopp.com\/hr\/wp-json\/wp\/v2\/product\/9872\/revisions"}],"predecessor-version":[{"id":9996,"href":"https:\/\/dersuessestopp.com\/hr\/wp-json\/wp\/v2\/product\/9872\/revisions\/9996"}],"wp:featuredmedia":[{"embeddable":true,"href":"https:\/\/dersuessestopp.com\/hr\/wp-json\/wp\/v2\/media\/9871"}],"wp:attachment":[{"href":"https:\/\/dersuessestopp.com\/hr\/wp-json\/wp\/v2\/media?parent=9872"}],"wp:term":[{"taxonomy":"product_brand","embeddable":true,"href":"https:\/\/dersuessestopp.com\/hr\/wp-json\/wp\/v2\/product_brand?post=9872"},{"taxonomy":"product_cat","embeddable":true,"href":"https:\/\/dersuessestopp.com\/hr\/wp-json\/wp\/v2\/product_cat?post=9872"},{"taxonomy":"product_tag","embeddable":true,"href":"https:\/\/dersuessestopp.com\/hr\/wp-json\/wp\/v2\/product_tag?post=9872"}],"curies":[{"name":"wp","href":"https:\/\/api.w.org\/{rel}","templated":true}]}}