{"id":9870,"date":"2025-09-28T03:47:27","date_gmt":"2025-09-28T03:47:27","guid":{"rendered":"https:\/\/dersuessestopp.com\/product\/vsg-module-suction-and-heating-attachment\/"},"modified":"2025-09-28T04:10:18","modified_gmt":"2025-09-28T04:10:18","slug":"vsg-modul-za-usisavanje-i-grijanje","status":"publish","type":"product","link":"https:\/\/dersuessestopp.com\/hr\/product\/vsg-module-suction-and-heating-attachment\/","title":{"rendered":"VSG modul \u2013 priklju\u010dak za usisavanje i grijanje"},"content":{"rendered":"<p>Jednostavno rje\u0161enje koje podr\u017eava IMAGO digitalne pisa\u010de. Dizajn ure\u0111aja je estetski i jednostavan za kori\u0161tenje, a njegov rad i odr\u017eavanje izuzetno ekonomi\u010dni. Kada se ne koristi, VSG se automatski isklju\u010duje, \u0161to doprinosi ni\u017eim operativnim tro\u0161kovima. Pojedina\u010dne funkcije kontroliraju se s samo tri gumba, \u0161to ure\u0111aj \u010dini jednostavnim za kori\u0161tenje. Vakuumski stol za UV LED i Nanosolventne pisa\u010de VSG modul automatski zagla\u0111uje podlogu tijekom ispisa i omogu\u0107uje podupiranje tankih materijala, pove\u0107avaju\u0107i preciznost i ponovljivost UV LED ispisa na papiru, foliji, metalnim limovima, \u0161perplo\u010di i tkaninama. Istovremeno sprje\u010dava deformaciju detalja pod utjecajem topline UV LED lampe, \u010dime olak\u0161ava ispis na akrilu, PVC-u i drugim plastikama. Visokoprecizni ispis na eloksiranom aluminiju Funkcija temperature pri ispisu na listovima eloksiranog aluminija pove\u0107ava ostvarivu zasi\u0107enost boja i rezoluciju ispisa isparavanjem vi\u0161ka tinte. Istovremeno, vakuumski stol pove\u0107ava preciznost ispisa stabiliziraju\u0107i lim na radnom stolu. Mogu\u0107nosti ispisa na kovanoj \u010dokoladi U slu\u010daju VSG pisa\u010da za hranu, pove\u0107ava kvalitetu ispisa na \u010dokoladi i omogu\u0107uje njegovo kovano oblikovanje nakon ispisa. Vakuumsko usisavanje, s druge strane, omogu\u0107uje tisak na \u0161e\u0107ernom papiru i transfernoj foliji.<\/p>","protected":false},"excerpt":{"rendered":"<p>VSG modul \u2013 Ispisujte s najve\u0107om precizno\u0161\u0107u na tankim materijalima. VSG modul je univerzalni alat opremljen vakuumskim stolom i funkcijom kontrole temperature. Modul omogu\u0107uje ispis na materijalima na kojima je te\u0161ko ispisivati, kao \u0161to su tanke podloge, materijali koji se lako deformiraju i materijali na kojima kvaliteta ispisa ovisi o temperaturi.<\/p>","protected":false},"featured_media":9869,"comment_status":"open","ping_status":"closed","template":"","meta":[],"product_brand":[],"product_cat":[83,82,38],"product_tag":[],"class_list":{"0":"post-9870","1":"product","2":"type-product","3":"status-publish","4":"has-post-thumbnail","6":"product_cat-devices","7":"product_cat-peripheral-devices","8":"product_cat-imago-food-printers","10":"first","11":"instock","12":"shipping-taxable","13":"purchasable","14":"product-type-simple"},"_links":{"self":[{"href":"https:\/\/dersuessestopp.com\/hr\/wp-json\/wp\/v2\/product\/9870","targetHints":{"allow":["GET"]}}],"collection":[{"href":"https:\/\/dersuessestopp.com\/hr\/wp-json\/wp\/v2\/product"}],"about":[{"href":"https:\/\/dersuessestopp.com\/hr\/wp-json\/wp\/v2\/types\/product"}],"replies":[{"embeddable":true,"href":"https:\/\/dersuessestopp.com\/hr\/wp-json\/wp\/v2\/comments?post=9870"}],"version-history":[{"count":1,"href":"https:\/\/dersuessestopp.com\/hr\/wp-json\/wp\/v2\/product\/9870\/revisions"}],"predecessor-version":[{"id":9997,"href":"https:\/\/dersuessestopp.com\/hr\/wp-json\/wp\/v2\/product\/9870\/revisions\/9997"}],"wp:featuredmedia":[{"embeddable":true,"href":"https:\/\/dersuessestopp.com\/hr\/wp-json\/wp\/v2\/media\/9869"}],"wp:attachment":[{"href":"https:\/\/dersuessestopp.com\/hr\/wp-json\/wp\/v2\/media?parent=9870"}],"wp:term":[{"taxonomy":"product_brand","embeddable":true,"href":"https:\/\/dersuessestopp.com\/hr\/wp-json\/wp\/v2\/product_brand?post=9870"},{"taxonomy":"product_cat","embeddable":true,"href":"https:\/\/dersuessestopp.com\/hr\/wp-json\/wp\/v2\/product_cat?post=9870"},{"taxonomy":"product_tag","embeddable":true,"href":"https:\/\/dersuessestopp.com\/hr\/wp-json\/wp\/v2\/product_tag?post=9870"}],"curies":[{"name":"wp","href":"https:\/\/api.w.org\/{rel}","templated":true}]}}