{"id":9868,"date":"2025-09-28T03:47:24","date_gmt":"2025-09-28T03:47:24","guid":{"rendered":"https:\/\/dersuessestopp.com\/product\/dust-collector-filters-20-pieces\/"},"modified":"2025-09-28T04:10:18","modified_gmt":"2025-09-28T04:10:18","slug":"filteri-za-prasinu-20-komada","status":"publish","type":"product","link":"https:\/\/dersuessestopp.com\/hr\/product\/dust-collector-filters-20-pieces\/","title":{"rendered":"Filteri za pra\u0161inu, 20 komada"},"content":{"rendered":"<p>Posebno dizajnirani filteri uklanjaju fine \u010destice pra\u0161ine i prljav\u0161tine, \u0161tite\u0107i osjetljive komponente stroja. Redovita zamjena filtera poma\u017ee u odr\u017eavanju optimalnih performansi stroja, \u0161to se prevodi u dulji vijek trajanja i ni\u017ee tro\u0161kove odr\u017eavanja. Sustav za uklanjanje pra\u0161ine koji se koristi u na\u0161em pisa\u010du omogu\u0107uje vam ispis na neravnim povr\u0161inama i pra\u0161njavim materijalima bez brige o stanju sustava ispisa. Filteri su kompatibilni s Aquila UV LED pisa\u010dima i VULPES ploterima za slastice. Preporu\u010duje se zamjena filtera u ure\u0111aju jednom tjedno. Set filtera za sakuplja\u010d pra\u0161ine ne uklju\u010duje pincetu.<\/p>","protected":false},"excerpt":{"rendered":"<p>Filteri za pra\u0161inu, 20 kom \u2013 klju\u010dni element za odr\u017eavanje \u010disto\u0107e unutar ure\u0111aja i odr\u017eavanje glave za ispis u dobrom stanju.<\/p>","protected":false},"featured_media":9867,"comment_status":"open","ping_status":"closed","template":"","meta":[],"product_brand":[],"product_cat":[91,76,38,77],"product_tag":[],"class_list":{"0":"post-9868","1":"product","2":"type-product","3":"status-publish","4":"has-post-thumbnail","6":"product_cat-device-operation","7":"product_cat-food-printers","8":"product_cat-imago-food-printers","9":"product_cat-uv-led-printers","11":"first","12":"instock","13":"shipping-taxable","14":"purchasable","15":"product-type-simple"},"_links":{"self":[{"href":"https:\/\/dersuessestopp.com\/hr\/wp-json\/wp\/v2\/product\/9868","targetHints":{"allow":["GET"]}}],"collection":[{"href":"https:\/\/dersuessestopp.com\/hr\/wp-json\/wp\/v2\/product"}],"about":[{"href":"https:\/\/dersuessestopp.com\/hr\/wp-json\/wp\/v2\/types\/product"}],"replies":[{"embeddable":true,"href":"https:\/\/dersuessestopp.com\/hr\/wp-json\/wp\/v2\/comments?post=9868"}],"version-history":[{"count":1,"href":"https:\/\/dersuessestopp.com\/hr\/wp-json\/wp\/v2\/product\/9868\/revisions"}],"predecessor-version":[{"id":9998,"href":"https:\/\/dersuessestopp.com\/hr\/wp-json\/wp\/v2\/product\/9868\/revisions\/9998"}],"wp:featuredmedia":[{"embeddable":true,"href":"https:\/\/dersuessestopp.com\/hr\/wp-json\/wp\/v2\/media\/9867"}],"wp:attachment":[{"href":"https:\/\/dersuessestopp.com\/hr\/wp-json\/wp\/v2\/media?parent=9868"}],"wp:term":[{"taxonomy":"product_brand","embeddable":true,"href":"https:\/\/dersuessestopp.com\/hr\/wp-json\/wp\/v2\/product_brand?post=9868"},{"taxonomy":"product_cat","embeddable":true,"href":"https:\/\/dersuessestopp.com\/hr\/wp-json\/wp\/v2\/product_cat?post=9868"},{"taxonomy":"product_tag","embeddable":true,"href":"https:\/\/dersuessestopp.com\/hr\/wp-json\/wp\/v2\/product_tag?post=9868"}],"curies":[{"name":"wp","href":"https:\/\/api.w.org\/{rel}","templated":true}]}}